{"id":74013,"date":"2022-09-01T12:08:54","date_gmt":"2022-09-01T10:08:54","guid":{"rendered":"https:\/\/skrivanek.pl\/idosell-shop-co-to-jest-i-jak-zlokalizowac-ten-sklep-internetowy\/"},"modified":"2026-03-23T14:49:55","modified_gmt":"2026-03-23T13:49:55","slug":"idosell-how-can-you-translate-this-e-shop","status":"publish","type":"page","link":"https:\/\/skrivanek.pl\/en\/idosell-how-can-you-translate-this-e-shop\/","title":{"rendered":"IdoSell \u2013 how can you translate this e-shop to increase your online sales?"},"content":{"rendered":"<div class=\"wpb-content-wrapper\"><p>[vc_row][vc_column]<div class=\"clearboth\"><\/div><style>#thegem-divider-69ebbe69d6d10 {margin-top: 150px !important;}<\/style><div id=\"thegem-divider-69ebbe69d6d10\" class=\"gem-divider  \" style=\"\" ><\/div>[vc_column_text css=&#8221;&#8221;]<\/p>\n<h1><span style=\"color: #ff643b;\">IdoSell \u2013 how can you translate this e-shop to increase your online sales?<\/span><\/h1>\n<p>[\/vc_column_text]<div class=\"clearboth\"><\/div><style>#thegem-divider-69ebbe69d6d5e {margin-top: 100px !important;}<\/style><div id=\"thegem-divider-69ebbe69d6d5e\" class=\"gem-divider  \" style=\"\" ><\/div>[\/vc_column][\/vc_row][vc_row][vc_column width=&#8221;1\/2&#8243;][vc_column_text]If you are seeking to expand your business into foreign markets, then building an international online store should be your #1 priority.<\/p>\n<p>Unlike traditional brick-and-mortar stores, IdoSell is built with the sole purpose of attracting foreign sales by handling search engine expectations and bringing more revenue to the table. IdoSell merchants and partners can choose and integrate a variety of payment systems, including Google Pay, PayPal, PayU, Przelewy24 and others. The features you can find on the IdoSell website includes advanced filtering, saas model, training materials and technology. In this article we are going to focus on helping you to <a href=\"https:\/\/skrivanek.pl\/en\/e-commerce-shop-translation\/\">localize your shop<\/a>.<\/p>\n<p>One of the most common challenges in building an IdoSell store is <a href=\"https:\/\/skrivanek.pl\/en\/localisation\/\">translating<\/a> it into a language your audience understands. The more <a href=\"https:\/\/skrivanek.pl\/en\/languages\/\">languages<\/a> your store can offer, the better it will be for your multinational customers, aiding them in simply navigating the entire store and making purchases easily.<\/p>\n<p>If you&#8217;re also looking to expand your business across various foreign territories with the help of an IdoSell store, this guide is the perfect place for you to start.[\/vc_column_text][\/vc_column][vc_column width=&#8221;1\/2&#8243;][vc_column_text css=&#8221;&#8221; css_animation=&#8221;left-to-right&#8221;]<\/p>\n<h6><span style=\"color: #2c2c2c;\">Do you want to translate your shop to Idosell? Contact us to discuss your needs and learn more about the services we provide and the software we use.<br \/>\n<\/span><\/h6>\n<div style=\"width: 63px; height: 2px; background: #FF643B; text-indent: 9999px;\">1<\/div>\n<p>[\/vc_column_text]<style id=\"wpforms-css-vars-114751\">\n\t\t\t\t#wpforms-114751 {\n\t\t\t\t\n\t\t\t}\n\t\t\t<\/style><div class=\"wpforms-container wpforms-container-full wpforms-form-abandonment wpforms-render-modern\" id=\"wpforms-114751\"><form id=\"wpforms-form-114751\" class=\"wpforms-validate wpforms-form\" data-formid=\"114751\" method=\"post\" enctype=\"multipart\/form-data\" action=\"\/en\/wp-json\/wp\/v2\/pages\/74013\" data-token=\"b2b98ead4908d957807f9cb7951b08c3\" data-token-time=\"1777057385\"><noscript class=\"wpforms-error-noscript\">Please enable JavaScript in your browser to complete this form.<\/noscript><div id=\"wpforms-error-noscript\" style=\"display: none;\">Please enable JavaScript in your browser to complete this form.<\/div><div class=\"wpforms-field-container\"><div id=\"wpforms-114751-field_7-container\" class=\"wpforms-field wpforms-field-layout\" data-field-id=\"7\"><div class=\"wpforms-field-layout-columns wpforms-field-layout-preset-50-50\"><div class=\"wpforms-layout-column wpforms-layout-column-50\" ><div id=\"wpforms-114751-field_8-container\" class=\"wpforms-field wpforms-field-text\" data-field-id=\"8\"><label class=\"wpforms-field-label\" for=\"wpforms-114751-field_8\">Company \/ Name<\/label><input type=\"text\" id=\"wpforms-114751-field_8\" class=\"wpforms-field-medium\" name=\"wpforms[fields][8]\" aria-errormessage=\"wpforms-114751-field_8-error\" ><\/div><\/div><div class=\"wpforms-layout-column wpforms-layout-column-50\" ><div id=\"wpforms-114751-field_9-container\" class=\"wpforms-field wpforms-field-phone\" data-field-id=\"9\"><label class=\"wpforms-field-label\" for=\"wpforms-114751-field_9\">Phone number<\/label><input type=\"tel\" id=\"wpforms-114751-field_9\" class=\"wpforms-field-medium\" data-rule-int-phone-field=\"true\" name=\"wpforms[fields][9]\" aria-label=\"Phone number\" aria-errormessage=\"wpforms-114751-field_9-error\" ><\/div><\/div><\/div><\/div><div id=\"wpforms-114751-field_10-container\" class=\"wpforms-field wpforms-field-email\" data-field-id=\"10\"><label class=\"wpforms-field-label\" for=\"wpforms-114751-field_10\">E-mail <span class=\"wpforms-required-label\" aria-hidden=\"true\">*<\/span><\/label><input type=\"email\" id=\"wpforms-114751-field_10\" class=\"wpforms-field-large wpforms-field-required\" name=\"wpforms[fields][10]\" spellcheck=\"false\" aria-errormessage=\"wpforms-114751-field_10-error\" required><\/div><div id=\"wpforms-114751-field_11-container\" class=\"wpforms-field wpforms-field-url\" data-field-id=\"11\"><label class=\"wpforms-field-label\" for=\"wpforms-114751-field_11\">Website URL<\/label><input type=\"url\" id=\"wpforms-114751-field_11\" class=\"wpforms-field-large\" name=\"wpforms[fields][11]\" aria-errormessage=\"wpforms-114751-field_11-error\" ><\/div><div id=\"wpforms-114751-field_5-container\" class=\"wpforms-field wpforms-field-textarea\" data-field-id=\"5\"><label class=\"wpforms-field-label\" for=\"wpforms-114751-field_5\">How can we help you?<\/label><textarea id=\"wpforms-114751-field_5\" class=\"wpforms-field-medium\" name=\"wpforms[fields][5]\" placeholder=\"How can we help you? If you&#039;re ordering a translation quote, remember to provide the language combination.\" aria-errormessage=\"wpforms-114751-field_5-error\" ><\/textarea><\/div><div id=\"wpforms-114751-field_13-container\" class=\"wpforms-field wpforms-field-content\" data-field-id=\"13\"><div id=\"wpforms-114751-field_13\" class=\"wpforms-field-large wpforms-field-row\" aria-errormessage=\"wpforms-114751-field_13-error\"><p><span style=\"font-size:x-small\">By clicking \"Send\" you accept the <a href=\"https:\/\/skrivanek.pl\/en\/about-us\/standards\/privacy-policy\/\">privacy policy<\/a> of Skrivanek<\/span><\/p>\n<div class=\"wpforms-field-content-display-frontend-clear\"><\/div><\/div><\/div><div id=\"wpforms-114751-field_19-container\" class=\"wpforms-field wpforms-field-hidden\" data-field-id=\"19\"><input type=\"hidden\" id=\"wpforms-114751-field_19\" name=\"wpforms[fields][19]\" value=\"[channel]\"><\/div><div id=\"wpforms-114751-field_18-container\" class=\"wpforms-field wpforms-field-hidden\" data-field-id=\"18\"><input type=\"hidden\" id=\"wpforms-114751-field_18\" name=\"wpforms[fields][18]\" value=\"[channeldrilldown1]\"><\/div><div id=\"wpforms-114751-field_17-container\" class=\"wpforms-field wpforms-field-hidden\" data-field-id=\"17\"><input type=\"hidden\" id=\"wpforms-114751-field_17\" name=\"wpforms[fields][17]\" value=\"[channeldrilldown2]\"><\/div><div id=\"wpforms-114751-field_16-container\" class=\"wpforms-field wpforms-field-hidden\" data-field-id=\"16\"><input type=\"hidden\" id=\"wpforms-114751-field_16\" name=\"wpforms[fields][16]\" value=\"[channeldrilldown3]\"><\/div><div id=\"wpforms-114751-field_15-container\" class=\"wpforms-field wpforms-field-hidden\" data-field-id=\"15\"><input type=\"hidden\" id=\"wpforms-114751-field_15\" name=\"wpforms[fields][15]\" value=\"[landingpage]\"><\/div><div id=\"wpforms-114751-field_14-container\" class=\"wpforms-field wpforms-field-hidden\" data-field-id=\"14\"><input type=\"hidden\" id=\"wpforms-114751-field_14\" name=\"wpforms[fields][14]\" value=\"[landingpagegroup]\"><\/div><div id=\"wpforms-114751-field_20-container\" class=\"wpforms-field wpforms-field-hidden\" data-field-id=\"20\"><input type=\"hidden\" id=\"wpforms-114751-field_20\" name=\"wpforms[fields][20]\" value=\"[gclid]\"><\/div><\/div><!-- .wpforms-field-container --><div class=\"wpforms-recaptcha-container wpforms-is-recaptcha wpforms-is-recaptcha-type-v3\" ><input type=\"hidden\" name=\"wpforms[recaptcha]\" value=\"\"><\/div><div class=\"wpforms-submit-container\" ><input type=\"hidden\" name=\"wpforms[id]\" value=\"114751\"><input type=\"hidden\" name=\"page_title\" value=\"\"><input type=\"hidden\" name=\"page_url\" value=\"https:\/\/skrivanek.pl\/en\/wp-json\/wp\/v2\/pages\/74013\"><input type=\"hidden\" name=\"url_referer\" value=\"\"><button type=\"submit\" name=\"wpforms[submit]\" id=\"wpforms-submit-114751\" class=\"wpforms-submit\" data-alt-text=\"Sending\" data-submit-text=\"Send\" aria-live=\"assertive\" value=\"wpforms-submit\">Send<\/button><\/div><\/form><\/div>  <!-- .wpforms-container -->[\/vc_column][\/vc_row][vc_row][vc_column][vc_column_text]<\/p>\n<h6>LOOKING FOR A PROVIDER WHO WILL TRANSLATE AN ONLINE SHOP BASED ON ANOTHER PLATFORM? THE SKRIVANKA TEAM IS AT YOUR DISPOSAL.<\/h6>\n<p>[\/vc_column_text][vc_row_inner][vc_column_inner width=&#8221;1\/2&#8243;][vc_column_text]<\/p>\n<p style=\"text-align: center;\"><span class=\"light\">How to translate a store based on <a href=\"https:\/\/skrivanek.pl\/en\/what-is-presta-shop-and-how-can-you-translate-your-online-store-content\/\">Prestashop<\/a>?<\/span><\/p>\n<p>[\/vc_column_text][vc_single_image image=&#8221;73471&#8243; img_size=&#8221;medium&#8221; alignment=&#8221;center&#8221; onclick=&#8221;custom_link&#8221; link=&#8221;https:\/\/skrivanek.pl\/en\/what-is-presta-shop-and-how-can-you-translate-your-online-store-content\/&#8221;][\/vc_column_inner][vc_column_inner width=&#8221;1\/2&#8243;][vc_column_text]<\/p>\n<p style=\"text-align: center;\"><span class=\"light\">How to translate a store based on <a href=\"https:\/\/skrivanek.pl\/en\/magento-ecommerce-website-platform\/\">Magento<\/a>?<\/span><\/p>\n<p>[\/vc_column_text][vc_single_image image=&#8221;73833&#8243; img_size=&#8221;medium&#8221; alignment=&#8221;center&#8221; onclick=&#8221;custom_link&#8221; link=&#8221;https:\/\/skrivanek.pl\/en\/magento-ecommerce-website-platform\/&#8221;][\/vc_column_inner][\/vc_row_inner][\/vc_column][\/vc_row][vc_row][vc_column][vc_column_text css=&#8221;&#8221;]<\/p>\n<h5 style=\"text-align: left;\"><span class=\"light\">How to Translate an IdoSell Online Store \u2013 a solution for professional internet sellers<\/span><\/h5>\n<div style=\"width: 55px; height: 3px; background: #FF643B; text-indent: 9999px;\">1<\/div>\n<p>[\/vc_column_text][vc_column_text]The good news is that this system offers IdoSell customers complete and easy translation of any store on an ecommerce platform in four simple steps. Even better, the process becomes utterly simple with the help of easy-to-download template files.<\/p>\n<p>So let us guide you through this process, step-by-step, on how to translate the IdoSell store in a safe and convenient way, all with the support of Skrivanek.<\/p>\n<h5><strong>Step 1: Choose what language you need to translate in IdoSell shop<\/strong><\/h5>\n<p>1.    Simply go to the &#8220;Administrator Panel&#8221; and select &#8220;Language Configuration,&#8221; where you can add the language you need.<\/p>\n<h5><strong>Step 2: Download the file(s) to start the translation<\/strong><\/h5>\n<p><strong> <\/strong>IdoSell provides three potential sources from where text can be exported:<\/p>\n<p><strong>a. Template file<\/strong><\/p>\n<p><strong>b. Offer and related modules texts<\/strong><\/p>\n<p><strong>c. Other elements, including e-mails, blogs, news, delivery information, SMSs sent to customers, etc.<\/strong><\/p>\n<p>They each contain different types of information, downloadable using the administrative panel via the option \u201cDownload Template File\u201d or \u201cDownload XLIFF File\u201d (in the case of offer and related module texts). Before downloading the file, first make sure that source and target languages are correct as exporting can take several minutes.<\/p>\n<p>Generally, while the Exported Template should contain only one file, for an Offer there could be many xliff files.<\/p>\n<h5><strong>Step 3: Send the exported data to your chosen vendor, and then wait for delivery<\/strong><\/h5>\n<p>In our industry, we take client expectations and needs seriously. This means we can provide not just a translation but also keyword research and SEO translations. Why? Because we understand how crucial it is to analyse search trends to achieve better positions on Google or other search engines, hence driving more website traffic and selling more.<\/p>\n<p>We are data and knowledgeable driven people, using different CAT tools to save time and money, while also maintaining terminological consistency. We can provide a free account for the software we use for translations in editor mode, allowing you to assess and accept the outcome before it is even deployed. We are also open to using neural machine translation engines and providing post-editing services for whole websites or selected parts.<\/p>\n<h5><strong>Step 4: Import finished translations via the IdoSell online store<\/strong><\/h5>\n<p>Importing translations into IdoSell is a user friendly experience. After selecting the file on the local drive, just wait for the upload to finish and check the summary. Make sure the summary includes a line stating that 100% of the translation is ready.<\/p>\n<p><strong>A checklist to ensure that the IdoSell translation is a success<\/strong><\/p>\n<p><strong>a. Check that you have set IdoSell to the appropriate language.<\/strong><\/p>\n<p><strong>b. Check all the products, descriptions, menus, categories, manufacturers, sizes, and warranties with the size charts.<\/strong><\/p>\n<p><strong>c. Before you start the translation, make sure you have set the source and target language correctly.<\/strong><\/p>\n<h5>Conclusions about IdoSell, and how we can support your business<\/h5>\n<p>Skrivanek Poland is a company that offers comprehensive service in the many types of apps, websites, CMS systems and e-commerce stores used by a variety of industries and companies, in both the public and private sectors. We localize many online stores and provide comprehensive services for many clients who are seeking ways how to sell more and improve their market share. We also offer support when exporting text\/elements from your website is difficult, the interface seems too complex or when you simply have no time for such matters.<\/p>\n<p>Contact us to discuss your needs, to learn more about the services we provide and the software we use. We are always pleased to help and boost your website traffic and sales!<\/p>\n<p>You can discover, access, and create a beautiful ecommerce platform with with help of the IdoSell team, and we are always glad to help you to de-code your new customers hearts by providing good quality translation services.[\/vc_column_text][\/vc_column][\/vc_row]<\/p>\n<\/div>","protected":false},"excerpt":{"rendered":"<p>[vc_row][vc_column][vc_column_text css=&#8221;&#8221;] IdoSell \u2013 how can you translate this e-shop to increase your online sales? [\/vc_column_text][\/vc_column][\/vc_row][vc_row][vc_column width=&#8221;1\/2&#8243;][vc_column_text]If you are seeking&#8230;<\/p>\n","protected":false},"author":1,"featured_media":0,"parent":0,"menu_order":0,"comment_status":"closed","ping_status":"closed","template":"","meta":{"footnotes":"","_wp_rev_ctl_limit":""},"class_list":["post-74013","page","type-page","status-publish"],"yoast_head":"<!-- This site is optimized with the Yoast SEO plugin v27.2 - https:\/\/yoast.com\/product\/yoast-seo-wordpress\/ -->\n<title>IdoSell \u2013 how to translate? - Skrivanek - agencja t\u0142umacze\u0144<\/title>\n<meta name=\"description\" content=\"If you&#039;re looking to expand your business across foreign territories with the help of an IdoSell store, this guide is the perfect for you.\" \/>\n<meta name=\"robots\" content=\"index, follow, max-snippet:-1, max-image-preview:large, max-video-preview:-1\" \/>\n<link rel=\"canonical\" href=\"https:\/\/skrivanek.pl\/en\/idosell-how-can-you-translate-this-e-shop\/\" \/>\n<meta property=\"og:locale\" content=\"en_US\" \/>\n<meta property=\"og:type\" content=\"article\" \/>\n<meta property=\"og:title\" content=\"IdoSell \u2013 how to translate? - Skrivanek - agencja t\u0142umacze\u0144\" \/>\n<meta property=\"og:description\" content=\"If you&#039;re looking to expand your business across foreign territories with the help of an IdoSell store, this guide is the perfect for you.\" \/>\n<meta property=\"og:url\" content=\"https:\/\/skrivanek.pl\/en\/idosell-how-can-you-translate-this-e-shop\/\" \/>\n<meta property=\"og:site_name\" content=\"Skrivanek - agencja t\u0142umacze\u0144\" \/>\n<meta property=\"article:publisher\" content=\"https:\/\/www.facebook.com\/SkrivanekPolska\" \/>\n<meta property=\"article:modified_time\" content=\"2026-03-23T13:49:55+00:00\" \/>\n<meta property=\"og:image\" content=\"https:\/\/skrivanek.pl\/wp-content\/uploads\/2019\/11\/google-plus-2.jpg\" \/>\n\t<meta property=\"og:image:width\" content=\"426\" \/>\n\t<meta property=\"og:image:height\" content=\"240\" \/>\n\t<meta property=\"og:image:type\" content=\"image\/jpeg\" \/>\n<meta name=\"twitter:card\" content=\"summary_large_image\" \/>\n<meta name=\"twitter:label1\" content=\"Est. reading time\" \/>\n\t<meta name=\"twitter:data1\" content=\"7 minutes\" \/>\n<script type=\"application\/ld+json\" class=\"yoast-schema-graph\">{\"@context\":\"https:\/\/schema.org\",\"@graph\":[{\"@type\":\"WebPage\",\"@id\":\"https:\/\/skrivanek.pl\/en\/idosell-how-can-you-translate-this-e-shop\/\",\"url\":\"https:\/\/skrivanek.pl\/en\/idosell-how-can-you-translate-this-e-shop\/\",\"name\":\"IdoSell \u2013 how to translate? - Skrivanek - agencja t\u0142umacze\u0144\",\"isPartOf\":{\"@id\":\"https:\/\/skrivanek.pl\/#website\"},\"datePublished\":\"2022-09-01T10:08:54+00:00\",\"dateModified\":\"2026-03-23T13:49:55+00:00\",\"description\":\"If you're looking to expand your business across foreign territories with the help of an IdoSell store, this guide is the perfect for you.\",\"breadcrumb\":{\"@id\":\"https:\/\/skrivanek.pl\/en\/idosell-how-can-you-translate-this-e-shop\/#breadcrumb\"},\"inLanguage\":\"en-US\",\"potentialAction\":[{\"@type\":\"ReadAction\",\"target\":[\"https:\/\/skrivanek.pl\/en\/idosell-how-can-you-translate-this-e-shop\/\"]}]},{\"@type\":\"BreadcrumbList\",\"@id\":\"https:\/\/skrivanek.pl\/en\/idosell-how-can-you-translate-this-e-shop\/#breadcrumb\",\"itemListElement\":[{\"@type\":\"ListItem\",\"position\":1,\"name\":\"Strona g\u0142\u00f3wna\",\"item\":\"https:\/\/skrivanek.pl\/en\/\"},{\"@type\":\"ListItem\",\"position\":2,\"name\":\"IdoSell \u2013 how can you translate this e-shop to increase your online sales?\"}]},{\"@type\":\"WebSite\",\"@id\":\"https:\/\/skrivanek.pl\/#website\",\"url\":\"https:\/\/skrivanek.pl\/\",\"name\":\"Skrivanek - agencja t\u0142umacze\u0144\",\"description\":\"Skrivanek - t\u0142umaczenia\",\"publisher\":{\"@id\":\"https:\/\/skrivanek.pl\/#organization\"},\"potentialAction\":[{\"@type\":\"SearchAction\",\"target\":{\"@type\":\"EntryPoint\",\"urlTemplate\":\"https:\/\/skrivanek.pl\/?s={search_term_string}\"},\"query-input\":{\"@type\":\"PropertyValueSpecification\",\"valueRequired\":true,\"valueName\":\"search_term_string\"}}],\"inLanguage\":\"en-US\"},{\"@type\":\"Organization\",\"@id\":\"https:\/\/skrivanek.pl\/#organization\",\"name\":\"Skrivanek agencja t\u0142umacze\u0144 i szko\u0142a j\u0119zykowa\",\"url\":\"https:\/\/skrivanek.pl\/\",\"logo\":{\"@type\":\"ImageObject\",\"inLanguage\":\"en-US\",\"@id\":\"https:\/\/skrivanek.pl\/#\/schema\/logo\/image\/\",\"url\":\"https:\/\/skrivanek.pl\/wp-content\/uploads\/2020\/12\/logo-skrivanek-black.png\",\"contentUrl\":\"https:\/\/skrivanek.pl\/wp-content\/uploads\/2020\/12\/logo-skrivanek-black.png\",\"width\":441,\"height\":116,\"caption\":\"Skrivanek agencja t\u0142umacze\u0144 i szko\u0142a j\u0119zykowa\"},\"image\":{\"@id\":\"https:\/\/skrivanek.pl\/#\/schema\/logo\/image\/\"},\"sameAs\":[\"https:\/\/www.facebook.com\/SkrivanekPolska\",\"https:\/\/www.instagram.com\/skrivanek_official\/\",\"https:\/\/www.linkedin.com\/company\/skrivanek-poland\/\",\"https:\/\/www.youtube.com\/c\/SkrivanekPl\/\"]}]}<\/script>\n<!-- \/ Yoast SEO plugin. -->","yoast_head_json":{"title":"IdoSell \u2013 how to translate? - Skrivanek - agencja t\u0142umacze\u0144","description":"If you're looking to expand your business across foreign territories with the help of an IdoSell store, this guide is the perfect for you.","robots":{"index":"index","follow":"follow","max-snippet":"max-snippet:-1","max-image-preview":"max-image-preview:large","max-video-preview":"max-video-preview:-1"},"canonical":"https:\/\/skrivanek.pl\/en\/idosell-how-can-you-translate-this-e-shop\/","og_locale":"en_US","og_type":"article","og_title":"IdoSell \u2013 how to translate? - Skrivanek - agencja t\u0142umacze\u0144","og_description":"If you're looking to expand your business across foreign territories with the help of an IdoSell store, this guide is the perfect for you.","og_url":"https:\/\/skrivanek.pl\/en\/idosell-how-can-you-translate-this-e-shop\/","og_site_name":"Skrivanek - agencja t\u0142umacze\u0144","article_publisher":"https:\/\/www.facebook.com\/SkrivanekPolska","article_modified_time":"2026-03-23T13:49:55+00:00","og_image":[{"width":426,"height":240,"url":"https:\/\/skrivanek.pl\/wp-content\/uploads\/2019\/11\/google-plus-2.jpg","type":"image\/jpeg"}],"twitter_card":"summary_large_image","twitter_misc":{"Est. reading time":"7 minutes"},"schema":{"@context":"https:\/\/schema.org","@graph":[{"@type":"WebPage","@id":"https:\/\/skrivanek.pl\/en\/idosell-how-can-you-translate-this-e-shop\/","url":"https:\/\/skrivanek.pl\/en\/idosell-how-can-you-translate-this-e-shop\/","name":"IdoSell \u2013 how to translate? - Skrivanek - agencja t\u0142umacze\u0144","isPartOf":{"@id":"https:\/\/skrivanek.pl\/#website"},"datePublished":"2022-09-01T10:08:54+00:00","dateModified":"2026-03-23T13:49:55+00:00","description":"If you're looking to expand your business across foreign territories with the help of an IdoSell store, this guide is the perfect for you.","breadcrumb":{"@id":"https:\/\/skrivanek.pl\/en\/idosell-how-can-you-translate-this-e-shop\/#breadcrumb"},"inLanguage":"en-US","potentialAction":[{"@type":"ReadAction","target":["https:\/\/skrivanek.pl\/en\/idosell-how-can-you-translate-this-e-shop\/"]}]},{"@type":"BreadcrumbList","@id":"https:\/\/skrivanek.pl\/en\/idosell-how-can-you-translate-this-e-shop\/#breadcrumb","itemListElement":[{"@type":"ListItem","position":1,"name":"Strona g\u0142\u00f3wna","item":"https:\/\/skrivanek.pl\/en\/"},{"@type":"ListItem","position":2,"name":"IdoSell \u2013 how can you translate this e-shop to increase your online sales?"}]},{"@type":"WebSite","@id":"https:\/\/skrivanek.pl\/#website","url":"https:\/\/skrivanek.pl\/","name":"Skrivanek - agencja t\u0142umacze\u0144","description":"Skrivanek - t\u0142umaczenia","publisher":{"@id":"https:\/\/skrivanek.pl\/#organization"},"potentialAction":[{"@type":"SearchAction","target":{"@type":"EntryPoint","urlTemplate":"https:\/\/skrivanek.pl\/?s={search_term_string}"},"query-input":{"@type":"PropertyValueSpecification","valueRequired":true,"valueName":"search_term_string"}}],"inLanguage":"en-US"},{"@type":"Organization","@id":"https:\/\/skrivanek.pl\/#organization","name":"Skrivanek agencja t\u0142umacze\u0144 i szko\u0142a j\u0119zykowa","url":"https:\/\/skrivanek.pl\/","logo":{"@type":"ImageObject","inLanguage":"en-US","@id":"https:\/\/skrivanek.pl\/#\/schema\/logo\/image\/","url":"https:\/\/skrivanek.pl\/wp-content\/uploads\/2020\/12\/logo-skrivanek-black.png","contentUrl":"https:\/\/skrivanek.pl\/wp-content\/uploads\/2020\/12\/logo-skrivanek-black.png","width":441,"height":116,"caption":"Skrivanek agencja t\u0142umacze\u0144 i szko\u0142a j\u0119zykowa"},"image":{"@id":"https:\/\/skrivanek.pl\/#\/schema\/logo\/image\/"},"sameAs":["https:\/\/www.facebook.com\/SkrivanekPolska","https:\/\/www.instagram.com\/skrivanek_official\/","https:\/\/www.linkedin.com\/company\/skrivanek-poland\/","https:\/\/www.youtube.com\/c\/SkrivanekPl\/"]}]}},"_links":{"self":[{"href":"https:\/\/skrivanek.pl\/en\/wp-json\/wp\/v2\/pages\/74013","targetHints":{"allow":["GET"]}}],"collection":[{"href":"https:\/\/skrivanek.pl\/en\/wp-json\/wp\/v2\/pages"}],"about":[{"href":"https:\/\/skrivanek.pl\/en\/wp-json\/wp\/v2\/types\/page"}],"author":[{"embeddable":true,"href":"https:\/\/skrivanek.pl\/en\/wp-json\/wp\/v2\/users\/1"}],"replies":[{"embeddable":true,"href":"https:\/\/skrivanek.pl\/en\/wp-json\/wp\/v2\/comments?post=74013"}],"version-history":[{"count":3,"href":"https:\/\/skrivanek.pl\/en\/wp-json\/wp\/v2\/pages\/74013\/revisions"}],"predecessor-version":[{"id":152834,"href":"https:\/\/skrivanek.pl\/en\/wp-json\/wp\/v2\/pages\/74013\/revisions\/152834"}],"wp:attachment":[{"href":"https:\/\/skrivanek.pl\/en\/wp-json\/wp\/v2\/media?parent=74013"}],"curies":[{"name":"wp","href":"https:\/\/api.w.org\/{rel}","templated":true}]}}