{"id":68658,"date":"2022-07-15T10:56:03","date_gmt":"2022-07-15T08:56:03","guid":{"rendered":"https:\/\/skrivanek.pl\/?page_id=68658"},"modified":"2026-03-23T14:47:42","modified_gmt":"2026-03-23T13:47:42","slug":"how-to-translate-your-joomla","status":"publish","type":"page","link":"https:\/\/skrivanek.pl\/en\/how-to-translate-your-joomla\/","title":{"rendered":"How to Translate your Joomla website with Skrivanek?"},"content":{"rendered":"<div class=\"wpb-content-wrapper\"><p>[vc_row][vc_column]<div class=\"clearboth\"><\/div><style>#thegem-divider-69d384e378643 {margin-top: 150px !important;}<\/style><div id=\"thegem-divider-69d384e378643\" class=\"gem-divider  \" style=\"\" ><\/div>[vc_column_text css=&#8221;&#8221;]<\/p>\n<h1><span style=\"color: #ff643b;\">How to Translate your Joomla website with Skrivanek?<\/span><\/h1>\n<p>[\/vc_column_text]<div class=\"clearboth\"><\/div><style>#thegem-divider-69d384e37868f {margin-top: 100px !important;}<\/style><div id=\"thegem-divider-69d384e37868f\" class=\"gem-divider  \" style=\"\" ><\/div>[\/vc_column][\/vc_row][vc_row full_width=&#8221;true&#8221; padding_top=&#8221;0&#8243; padding_bottom=&#8221;0&#8243;][vc_column width=&#8221;1\/2&#8243; margin_b=&#8221;false&#8221; pr=&#8221;50&#8243; css=&#8221;.vc_custom_1773928384299{border-right-width: 2px !important;border-right-style: solid !important;border-color: #FF643B !important;}&#8221;][vc_column_text css=&#8221;&#8221; css_animation=&#8221;none&#8221;]<\/p>\n<h6><span style=\"color: #2c2c2c;\">Joomla Website Localization<\/span><\/h6>\n<div style=\"width: 63px; height: 2px; background: #FF643B; text-indent: 9999px;\">1<\/div>\n<p>[\/vc_column_text][vc_column_text css=&#8221;.vc_custom_1657875688437{padding-top: 10px !important;}&#8221; css_animation=&#8221;none&#8221;]With an active community of nearly 700,000 users, Joomla is one of the best free content management systems, used in over 9% of the most used business websites.<\/p>\n<p>In contrast to other CMSs that require the installation of additional plugins to establish the language converter, Joomla includes a language switcher module by default. To localize a Joomla! we assign all the information to the languages we wish to utilize and add a new languages switcher component to the webpage.<\/p>\n<p>We believe that Joomla! is a very localizable CMS (Content Management System). Because Joomla has been translated into numerous languages worldwide, some of the material on the web page will magically switch if we allocate it to a different language.<\/p>\n<p>Check also:[\/vc_column_text][vc_row_inner][vc_column_inner width=&#8221;1\/2&#8243;][vc_single_image image=&#8221;68769&#8243; img_size=&#8221;medium&#8221; alignment=&#8221;center&#8221; onclick=&#8221;custom_link&#8221; link=&#8221;https:\/\/skrivanek.pl\/en\/website-translation-via-wpml\/&#8221;][vc_column_text]<\/p>\n<p style=\"text-align: center;\"><a href=\"https:\/\/skrivanek.pl\/en\/website-translation-via-wpml\/\">How to translate WordPress<br \/>\nbased website?<\/a><\/p>\n<p>[\/vc_column_text][\/vc_column_inner][vc_column_inner width=&#8221;1\/2&#8243;][vc_single_image image=&#8221;68679&#8243; img_size=&#8221;medium&#8221; alignment=&#8221;center&#8221; onclick=&#8221;custom_link&#8221; link=&#8221;https:\/\/skrivanek.pl\/en\/translation-drupal-website\/&#8221;][vc_column_text]<\/p>\n<p style=\"text-align: center;\"><a href=\"https:\/\/skrivanek.pl\/en\/translation-drupal-website\/\">How to translate Drupal<br \/>\nbased website?<\/a><\/p>\n<p>[\/vc_column_text][\/vc_column_inner][\/vc_row_inner][\/vc_column][vc_column width=&#8221;1\/2&#8243;][vc_empty_space][vc_column_text css=&#8221;&#8221; css_animation=&#8221;left-to-right&#8221;]<\/p>\n<h6><span style=\"color: #2c2c2c;\">Do you want to translate Joomla based website? Get in touch!<br \/>\n<\/span><\/h6>\n<div style=\"width: 63px; height: 2px; background: #FF643B; text-indent: 9999px;\">1<\/div>\n<p>[\/vc_column_text]<style id=\"wpforms-css-vars-114751\">\n\t\t\t\t#wpforms-114751 {\n\t\t\t\t\n\t\t\t}\n\t\t\t<\/style><div class=\"wpforms-container wpforms-container-full wpforms-form-abandonment wpforms-render-modern\" id=\"wpforms-114751\"><form id=\"wpforms-form-114751\" class=\"wpforms-validate wpforms-form\" data-formid=\"114751\" method=\"post\" enctype=\"multipart\/form-data\" action=\"\/en\/wp-json\/wp\/v2\/pages\/68658\" data-token=\"36f753ca1220d0623e70bd00d75c0fe0\" data-token-time=\"1775469795\"><noscript class=\"wpforms-error-noscript\">Please enable JavaScript in your browser to complete this form.<\/noscript><div id=\"wpforms-error-noscript\" style=\"display: none;\">Please enable JavaScript in your browser to complete this form.<\/div><div class=\"wpforms-field-container\"><div id=\"wpforms-114751-field_7-container\" class=\"wpforms-field wpforms-field-layout\" data-field-id=\"7\"><div class=\"wpforms-field-layout-columns wpforms-field-layout-preset-50-50\"><div class=\"wpforms-layout-column wpforms-layout-column-50\" ><div id=\"wpforms-114751-field_8-container\" class=\"wpforms-field wpforms-field-text\" data-field-id=\"8\"><label class=\"wpforms-field-label\" for=\"wpforms-114751-field_8\">Company \/ Name<\/label><input type=\"text\" id=\"wpforms-114751-field_8\" class=\"wpforms-field-medium\" name=\"wpforms[fields][8]\" aria-errormessage=\"wpforms-114751-field_8-error\" ><\/div><\/div><div class=\"wpforms-layout-column wpforms-layout-column-50\" ><div id=\"wpforms-114751-field_9-container\" class=\"wpforms-field wpforms-field-phone\" data-field-id=\"9\"><label class=\"wpforms-field-label\" for=\"wpforms-114751-field_9\">Phone number<\/label><input type=\"tel\" id=\"wpforms-114751-field_9\" class=\"wpforms-field-medium\" data-rule-int-phone-field=\"true\" name=\"wpforms[fields][9]\" aria-label=\"Phone number\" aria-errormessage=\"wpforms-114751-field_9-error\" ><\/div><\/div><\/div><\/div><div id=\"wpforms-114751-field_10-container\" class=\"wpforms-field wpforms-field-email\" data-field-id=\"10\"><label class=\"wpforms-field-label\" for=\"wpforms-114751-field_10\">E-mail <span class=\"wpforms-required-label\" aria-hidden=\"true\">*<\/span><\/label><input type=\"email\" id=\"wpforms-114751-field_10\" class=\"wpforms-field-large wpforms-field-required\" name=\"wpforms[fields][10]\" spellcheck=\"false\" aria-errormessage=\"wpforms-114751-field_10-error\" required><\/div><div id=\"wpforms-114751-field_11-container\" class=\"wpforms-field wpforms-field-url\" data-field-id=\"11\"><label class=\"wpforms-field-label\" for=\"wpforms-114751-field_11\">Website URL<\/label><input type=\"url\" id=\"wpforms-114751-field_11\" class=\"wpforms-field-large\" name=\"wpforms[fields][11]\" aria-errormessage=\"wpforms-114751-field_11-error\" ><\/div><div id=\"wpforms-114751-field_5-container\" class=\"wpforms-field wpforms-field-textarea\" data-field-id=\"5\"><label class=\"wpforms-field-label\" for=\"wpforms-114751-field_5\">How can we help you?<\/label><textarea id=\"wpforms-114751-field_5\" class=\"wpforms-field-medium\" name=\"wpforms[fields][5]\" placeholder=\"How can we help you? If you&#039;re ordering a translation quote, remember to provide the language combination.\" aria-errormessage=\"wpforms-114751-field_5-error\" ><\/textarea><\/div><div id=\"wpforms-114751-field_13-container\" class=\"wpforms-field wpforms-field-content\" data-field-id=\"13\"><div id=\"wpforms-114751-field_13\" class=\"wpforms-field-large wpforms-field-row\" aria-errormessage=\"wpforms-114751-field_13-error\"><p><span style=\"font-size:x-small\">By clicking \"Send\" you accept the <a href=\"https:\/\/skrivanek.pl\/en\/about-us\/standards\/privacy-policy\/\">privacy policy<\/a> of Skrivanek<\/span><\/p>\n<div class=\"wpforms-field-content-display-frontend-clear\"><\/div><\/div><\/div><div id=\"wpforms-114751-field_19-container\" class=\"wpforms-field wpforms-field-hidden\" data-field-id=\"19\"><input type=\"hidden\" id=\"wpforms-114751-field_19\" name=\"wpforms[fields][19]\" value=\"[channel]\"><\/div><div id=\"wpforms-114751-field_18-container\" class=\"wpforms-field wpforms-field-hidden\" data-field-id=\"18\"><input type=\"hidden\" id=\"wpforms-114751-field_18\" name=\"wpforms[fields][18]\" value=\"[channeldrilldown1]\"><\/div><div id=\"wpforms-114751-field_17-container\" class=\"wpforms-field wpforms-field-hidden\" data-field-id=\"17\"><input type=\"hidden\" id=\"wpforms-114751-field_17\" name=\"wpforms[fields][17]\" value=\"[channeldrilldown2]\"><\/div><div id=\"wpforms-114751-field_16-container\" class=\"wpforms-field wpforms-field-hidden\" data-field-id=\"16\"><input type=\"hidden\" id=\"wpforms-114751-field_16\" name=\"wpforms[fields][16]\" value=\"[channeldrilldown3]\"><\/div><div id=\"wpforms-114751-field_15-container\" class=\"wpforms-field wpforms-field-hidden\" data-field-id=\"15\"><input type=\"hidden\" id=\"wpforms-114751-field_15\" name=\"wpforms[fields][15]\" value=\"[landingpage]\"><\/div><div id=\"wpforms-114751-field_14-container\" class=\"wpforms-field wpforms-field-hidden\" data-field-id=\"14\"><input type=\"hidden\" id=\"wpforms-114751-field_14\" name=\"wpforms[fields][14]\" value=\"[landingpagegroup]\"><\/div><div id=\"wpforms-114751-field_20-container\" class=\"wpforms-field wpforms-field-hidden\" data-field-id=\"20\"><input type=\"hidden\" id=\"wpforms-114751-field_20\" name=\"wpforms[fields][20]\" value=\"[gclid]\"><\/div><\/div><!-- .wpforms-field-container --><div class=\"wpforms-recaptcha-container wpforms-is-recaptcha wpforms-is-recaptcha-type-v3\" ><input type=\"hidden\" name=\"wpforms[recaptcha]\" value=\"\"><\/div><div class=\"wpforms-submit-container\" ><input type=\"hidden\" name=\"wpforms[id]\" value=\"114751\"><input type=\"hidden\" name=\"page_title\" value=\"\"><input type=\"hidden\" name=\"page_url\" value=\"https:\/\/skrivanek.pl\/en\/wp-json\/wp\/v2\/pages\/68658\"><input type=\"hidden\" name=\"url_referer\" value=\"\"><button type=\"submit\" name=\"wpforms[submit]\" id=\"wpforms-submit-114751\" class=\"wpforms-submit\" data-alt-text=\"Sending\" data-submit-text=\"Send\" aria-live=\"assertive\" value=\"wpforms-submit\">Send<\/button><\/div><\/form><\/div>  <!-- .wpforms-container -->[\/vc_column][\/vc_row][vc_row][vc_column][vc_empty_space][\/vc_column][\/vc_row][vc_row full_width=&#8221;stretch_row&#8221; gap=&#8221;15&#8243; equal_height=&#8221;yes&#8221; css=&#8221;.vc_custom_1649411894515{margin-bottom: 0px !important;}&#8221;][vc_column css_animation=&#8221;none&#8221; css=&#8221;.vc_custom_1657195542363{padding-right: 0px !important;padding-left: 0px !important;}&#8221; el_class=&#8221;custom-bottom-border&#8221;][vc_column_text css=&#8221;.vc_custom_1773928514526{margin-top: 30px !important;}&#8221; css_animation=&#8221;right-to-left&#8221;]<\/p>\n<h6 style=\"text-align: left;\"><span class=\"light\">How to Translate your Joomla website with Skrivanek?<\/span><\/h6>\n<div style=\"width: 55px; height: 3px; background: #FF643B; text-indent: 9999px;\">1<\/div>\n<p>[\/vc_column_text][vc_column_text]With Skrivanek&#8217;s website translating and customization services, you may reach out to business relationships worldwide and advertise your products internationally.<\/p>\n<p>Skrivanek provides website translations in over 100 languages in varying configurations, and their personalized approach to each customer makes each offering distinctive and adapted to specific requirements.<\/p>\n<p>Skrivanek can manage and execute even the most difficult support material. They can translate any material on the website, from pages and category pages to widget material, project details, and text references. When you engage Skrivanek with the translations of your Joomla site, you may expect a seamless working relationship.[\/vc_column_text][vc_column_text css=&#8221;.vc_custom_1773928524803{margin-top: 30px !important;}&#8221; css_animation=&#8221;right-to-left&#8221;]<\/p>\n<h6 style=\"text-align: left;\"><span class=\"light\">Starting with Skrivanek and JOOMLA<\/span><\/h6>\n<div style=\"width: 55px; height: 3px; background: #FF643B; text-indent: 9999px;\">1<\/div>\n<p>[\/vc_column_text][vc_column_text]There are few options if you want to translate with Joomla and Skrivanek:[\/vc_column_text][vc_row_inner][vc_column_inner width=&#8221;1\/2&#8243;][vc_column_text]1) FaLang plugin which can be <a href=\"https:\/\/www.faboba.com\/composants\/falang\/documentation\/77-export-import.html\">installed<\/a> from official Joomla directory. It allows to import\/export content from your website and it\u2019s free.[\/vc_column_text][vc_single_image image=&#8221;68659&#8243; img_size=&#8221;large&#8221; onclick=&#8221;link_image&#8221;][\/vc_column_inner][vc_column_inner width=&#8221;1\/2&#8243;][vc_column_text]2. <a href=\"https:\/\/www.conveythis.com\/integrations\/joomla-plugin\/\">ConveyThis<\/a> \u2013 our translators can be assigned after buying <a href=\"https:\/\/www.conveythis.com\/pricing\/\">subscription<\/a>[\/vc_column_text][vc_single_image image=&#8221;68665&#8243; img_size=&#8221;large&#8221; onclick=&#8221;link_image&#8221;][\/vc_column_inner][\/vc_row_inner][\/vc_column][\/vc_row][vc_row][vc_column][vc_empty_space][\/vc_column][\/vc_row][vc_row][vc_column][vc_column_text css=&#8221;&#8221; css_animation=&#8221;left-to-right&#8221;]<\/p>\n<h6><span class=\"light\" style=\"color: #2c2c2c;\">Conclusion <\/span><\/h6>\n<div style=\"width: 63px; height: 2px; background: #FF643B; text-indent: 9999px;\">1<\/div>\n<p>[\/vc_column_text][vc_column_text]This is our complete Joomla website translation guide using Skrivanek, which shouldn&#8217;t take much of your time if you follow the steps carefully. If you have a multilingual website that works with visitors from all around the world, it&#8217;s high time to translate your website with Skrivanek to avoid future circumstances.<\/p>\n<p>Don&#8217;t take our word for the mouth but check how <u><a href=\"https:\/\/skrivanek.com\/\">Skrivanek <\/a><\/u>completed over 43000 translations in 80+ languages alone in 2022.[\/vc_column_text][\/vc_column][\/vc_row]<\/p>\n<\/div>","protected":false},"excerpt":{"rendered":"<p>[vc_row][vc_column][vc_column_text css=&#8221;&#8221;] How to Translate your Joomla website with Skrivanek? [\/vc_column_text][\/vc_column][\/vc_row][vc_row full_width=&#8221;true&#8221; padding_top=&#8221;0&#8243; padding_bottom=&#8221;0&#8243;][vc_column width=&#8221;1\/2&#8243; margin_b=&#8221;false&#8221; pr=&#8221;50&#8243; css=&#8221;.vc_custom_1773928384299{border-right-width: 2px !important;border-right-style:&#8230;<\/p>\n","protected":false},"author":1,"featured_media":0,"parent":0,"menu_order":0,"comment_status":"closed","ping_status":"closed","template":"","meta":{"footnotes":"","_wp_rev_ctl_limit":""},"class_list":["post-68658","page","type-page","status-publish"],"yoast_head":"<!-- This site is optimized with the Yoast SEO plugin v27.2 - https:\/\/yoast.com\/product\/yoast-seo-wordpress\/ -->\n<title>How to Translate your Joomla website with Skrivanek? - Skrivanek<\/title>\n<meta name=\"description\" content=\"With Skrivanek&#039;s website translating services, you may reach out to business relationships worldwide and advertise your products internationally.\" \/>\n<meta name=\"robots\" content=\"index, follow, max-snippet:-1, max-image-preview:large, max-video-preview:-1\" \/>\n<link rel=\"canonical\" href=\"https:\/\/skrivanek.pl\/en\/how-to-translate-your-joomla\/\" \/>\n<meta property=\"og:locale\" content=\"en_US\" \/>\n<meta property=\"og:type\" content=\"article\" \/>\n<meta property=\"og:title\" content=\"How to Translate your Joomla website with Skrivanek? - Skrivanek\" \/>\n<meta property=\"og:description\" content=\"With Skrivanek&#039;s website translating services, you may reach out to business relationships worldwide and advertise your products internationally.\" \/>\n<meta property=\"og:url\" content=\"https:\/\/skrivanek.pl\/en\/how-to-translate-your-joomla\/\" \/>\n<meta property=\"og:site_name\" content=\"Skrivanek - agencja t\u0142umacze\u0144\" \/>\n<meta property=\"article:publisher\" content=\"https:\/\/www.facebook.com\/SkrivanekPolska\" \/>\n<meta property=\"article:modified_time\" content=\"2026-03-23T13:47:42+00:00\" \/>\n<meta property=\"og:image\" content=\"https:\/\/skrivanek.pl\/wp-content\/uploads\/2019\/11\/google-plus-2.jpg\" \/>\n\t<meta property=\"og:image:width\" content=\"426\" \/>\n\t<meta property=\"og:image:height\" content=\"240\" \/>\n\t<meta property=\"og:image:type\" content=\"image\/jpeg\" \/>\n<meta name=\"twitter:card\" content=\"summary_large_image\" \/>\n<meta name=\"twitter:label1\" content=\"Est. reading time\" \/>\n\t<meta name=\"twitter:data1\" content=\"5 minutes\" \/>\n<script type=\"application\/ld+json\" class=\"yoast-schema-graph\">{\"@context\":\"https:\/\/schema.org\",\"@graph\":[{\"@type\":\"WebPage\",\"@id\":\"https:\/\/skrivanek.pl\/en\/how-to-translate-your-joomla\/\",\"url\":\"https:\/\/skrivanek.pl\/en\/how-to-translate-your-joomla\/\",\"name\":\"How to Translate your Joomla website with Skrivanek? - Skrivanek\",\"isPartOf\":{\"@id\":\"https:\/\/skrivanek.pl\/#website\"},\"datePublished\":\"2022-07-15T08:56:03+00:00\",\"dateModified\":\"2026-03-23T13:47:42+00:00\",\"description\":\"With Skrivanek's website translating services, you may reach out to business relationships worldwide and advertise your products internationally.\",\"breadcrumb\":{\"@id\":\"https:\/\/skrivanek.pl\/en\/how-to-translate-your-joomla\/#breadcrumb\"},\"inLanguage\":\"en-US\",\"potentialAction\":[{\"@type\":\"ReadAction\",\"target\":[\"https:\/\/skrivanek.pl\/en\/how-to-translate-your-joomla\/\"]}]},{\"@type\":\"BreadcrumbList\",\"@id\":\"https:\/\/skrivanek.pl\/en\/how-to-translate-your-joomla\/#breadcrumb\",\"itemListElement\":[{\"@type\":\"ListItem\",\"position\":1,\"name\":\"Strona g\u0142\u00f3wna\",\"item\":\"https:\/\/skrivanek.pl\/en\/\"},{\"@type\":\"ListItem\",\"position\":2,\"name\":\"How to Translate your Joomla website with Skrivanek?\"}]},{\"@type\":\"WebSite\",\"@id\":\"https:\/\/skrivanek.pl\/#website\",\"url\":\"https:\/\/skrivanek.pl\/\",\"name\":\"Skrivanek - agencja t\u0142umacze\u0144\",\"description\":\"Skrivanek - t\u0142umaczenia\",\"publisher\":{\"@id\":\"https:\/\/skrivanek.pl\/#organization\"},\"potentialAction\":[{\"@type\":\"SearchAction\",\"target\":{\"@type\":\"EntryPoint\",\"urlTemplate\":\"https:\/\/skrivanek.pl\/?s={search_term_string}\"},\"query-input\":{\"@type\":\"PropertyValueSpecification\",\"valueRequired\":true,\"valueName\":\"search_term_string\"}}],\"inLanguage\":\"en-US\"},{\"@type\":\"Organization\",\"@id\":\"https:\/\/skrivanek.pl\/#organization\",\"name\":\"Skrivanek agencja t\u0142umacze\u0144 i szko\u0142a j\u0119zykowa\",\"url\":\"https:\/\/skrivanek.pl\/\",\"logo\":{\"@type\":\"ImageObject\",\"inLanguage\":\"en-US\",\"@id\":\"https:\/\/skrivanek.pl\/#\/schema\/logo\/image\/\",\"url\":\"https:\/\/skrivanek.pl\/wp-content\/uploads\/2020\/12\/logo-skrivanek-black.png\",\"contentUrl\":\"https:\/\/skrivanek.pl\/wp-content\/uploads\/2020\/12\/logo-skrivanek-black.png\",\"width\":441,\"height\":116,\"caption\":\"Skrivanek agencja t\u0142umacze\u0144 i szko\u0142a j\u0119zykowa\"},\"image\":{\"@id\":\"https:\/\/skrivanek.pl\/#\/schema\/logo\/image\/\"},\"sameAs\":[\"https:\/\/www.facebook.com\/SkrivanekPolska\",\"https:\/\/www.instagram.com\/skrivanek_official\/\",\"https:\/\/www.linkedin.com\/company\/skrivanek-poland\/\",\"https:\/\/www.youtube.com\/c\/SkrivanekPl\/\"]}]}<\/script>\n<!-- \/ Yoast SEO plugin. -->","yoast_head_json":{"title":"How to Translate your Joomla website with Skrivanek? - Skrivanek","description":"With Skrivanek's website translating services, you may reach out to business relationships worldwide and advertise your products internationally.","robots":{"index":"index","follow":"follow","max-snippet":"max-snippet:-1","max-image-preview":"max-image-preview:large","max-video-preview":"max-video-preview:-1"},"canonical":"https:\/\/skrivanek.pl\/en\/how-to-translate-your-joomla\/","og_locale":"en_US","og_type":"article","og_title":"How to Translate your Joomla website with Skrivanek? - Skrivanek","og_description":"With Skrivanek's website translating services, you may reach out to business relationships worldwide and advertise your products internationally.","og_url":"https:\/\/skrivanek.pl\/en\/how-to-translate-your-joomla\/","og_site_name":"Skrivanek - agencja t\u0142umacze\u0144","article_publisher":"https:\/\/www.facebook.com\/SkrivanekPolska","article_modified_time":"2026-03-23T13:47:42+00:00","og_image":[{"width":426,"height":240,"url":"https:\/\/skrivanek.pl\/wp-content\/uploads\/2019\/11\/google-plus-2.jpg","type":"image\/jpeg"}],"twitter_card":"summary_large_image","twitter_misc":{"Est. reading time":"5 minutes"},"schema":{"@context":"https:\/\/schema.org","@graph":[{"@type":"WebPage","@id":"https:\/\/skrivanek.pl\/en\/how-to-translate-your-joomla\/","url":"https:\/\/skrivanek.pl\/en\/how-to-translate-your-joomla\/","name":"How to Translate your Joomla website with Skrivanek? - Skrivanek","isPartOf":{"@id":"https:\/\/skrivanek.pl\/#website"},"datePublished":"2022-07-15T08:56:03+00:00","dateModified":"2026-03-23T13:47:42+00:00","description":"With Skrivanek's website translating services, you may reach out to business relationships worldwide and advertise your products internationally.","breadcrumb":{"@id":"https:\/\/skrivanek.pl\/en\/how-to-translate-your-joomla\/#breadcrumb"},"inLanguage":"en-US","potentialAction":[{"@type":"ReadAction","target":["https:\/\/skrivanek.pl\/en\/how-to-translate-your-joomla\/"]}]},{"@type":"BreadcrumbList","@id":"https:\/\/skrivanek.pl\/en\/how-to-translate-your-joomla\/#breadcrumb","itemListElement":[{"@type":"ListItem","position":1,"name":"Strona g\u0142\u00f3wna","item":"https:\/\/skrivanek.pl\/en\/"},{"@type":"ListItem","position":2,"name":"How to Translate your Joomla website with Skrivanek?"}]},{"@type":"WebSite","@id":"https:\/\/skrivanek.pl\/#website","url":"https:\/\/skrivanek.pl\/","name":"Skrivanek - agencja t\u0142umacze\u0144","description":"Skrivanek - t\u0142umaczenia","publisher":{"@id":"https:\/\/skrivanek.pl\/#organization"},"potentialAction":[{"@type":"SearchAction","target":{"@type":"EntryPoint","urlTemplate":"https:\/\/skrivanek.pl\/?s={search_term_string}"},"query-input":{"@type":"PropertyValueSpecification","valueRequired":true,"valueName":"search_term_string"}}],"inLanguage":"en-US"},{"@type":"Organization","@id":"https:\/\/skrivanek.pl\/#organization","name":"Skrivanek agencja t\u0142umacze\u0144 i szko\u0142a j\u0119zykowa","url":"https:\/\/skrivanek.pl\/","logo":{"@type":"ImageObject","inLanguage":"en-US","@id":"https:\/\/skrivanek.pl\/#\/schema\/logo\/image\/","url":"https:\/\/skrivanek.pl\/wp-content\/uploads\/2020\/12\/logo-skrivanek-black.png","contentUrl":"https:\/\/skrivanek.pl\/wp-content\/uploads\/2020\/12\/logo-skrivanek-black.png","width":441,"height":116,"caption":"Skrivanek agencja t\u0142umacze\u0144 i szko\u0142a j\u0119zykowa"},"image":{"@id":"https:\/\/skrivanek.pl\/#\/schema\/logo\/image\/"},"sameAs":["https:\/\/www.facebook.com\/SkrivanekPolska","https:\/\/www.instagram.com\/skrivanek_official\/","https:\/\/www.linkedin.com\/company\/skrivanek-poland\/","https:\/\/www.youtube.com\/c\/SkrivanekPl\/"]}]}},"_links":{"self":[{"href":"https:\/\/skrivanek.pl\/en\/wp-json\/wp\/v2\/pages\/68658","targetHints":{"allow":["GET"]}}],"collection":[{"href":"https:\/\/skrivanek.pl\/en\/wp-json\/wp\/v2\/pages"}],"about":[{"href":"https:\/\/skrivanek.pl\/en\/wp-json\/wp\/v2\/types\/page"}],"author":[{"embeddable":true,"href":"https:\/\/skrivanek.pl\/en\/wp-json\/wp\/v2\/users\/1"}],"replies":[{"embeddable":true,"href":"https:\/\/skrivanek.pl\/en\/wp-json\/wp\/v2\/comments?post=68658"}],"version-history":[{"count":3,"href":"https:\/\/skrivanek.pl\/en\/wp-json\/wp\/v2\/pages\/68658\/revisions"}],"predecessor-version":[{"id":152831,"href":"https:\/\/skrivanek.pl\/en\/wp-json\/wp\/v2\/pages\/68658\/revisions\/152831"}],"wp:attachment":[{"href":"https:\/\/skrivanek.pl\/en\/wp-json\/wp\/v2\/media?parent=68658"}],"curies":[{"name":"wp","href":"https:\/\/api.w.org\/{rel}","templated":true}]}}