{"id":139723,"date":"2024-12-27T20:23:43","date_gmt":"2024-12-27T19:23:43","guid":{"rendered":"https:\/\/skrivanek.pl\/ai-video-script-generator-en\/"},"modified":"2026-02-04T15:51:28","modified_gmt":"2026-02-04T14:51:28","slug":"ai-video-script-generator-en","status":"publish","type":"page","link":"https:\/\/skrivanek.pl\/en\/ai-video-script-generator-en\/","title":{"rendered":"AI Video Script Generator"},"content":{"rendered":"<div class=\"wpb-content-wrapper\"><p>[vc_row full_width=&#8221;stretch_row_content&#8221; gap=&#8221;15&#8243; css=&#8221;.vc_custom_1770216478701{margin-bottom: 0px !important;padding-bottom: 0px !important;padding-left: 35px !important;background-image: url(https:\/\/skrivanek.pl\/wp-content\/uploads\/2025\/12\/Website-Background-scaled.jpg?id=147839) !important;background-position: center !important;background-repeat: no-repeat !important;background-size: cover !important;}&#8221;][vc_column css=&#8221;.vc_custom_1764149026182{background-color: #FFFFFF00 !important;}&#8221;]<div class=\"clearboth\"><\/div><style>#thegem-divider-69d36dd67f78e {margin-top: 80px !important;}<\/style><div id=\"thegem-divider-69d36dd67f78e\" class=\"gem-divider  \" style=\"\" ><\/div>[vc_row_inner][vc_column_inner width=&#8221;1\/2&#8243;]<div class=\"thegem-te-heading thegem-custom-69d36dd67f93f651\" ><h1 id=\"thegem-heading-69d36dd67f904\" class=\"thegem-heading thegem-custom-heading-69d36dd67f9007317\" style=\"text-align: left;\" ><span class=\"colored\" style=\"color: #FFFFFF;\">AI Video Script Generator<\/span><\/h1><style type=\"text\/css\">#thegem-heading-69d36dd67f904 {margin: 0;}#thegem-heading-69d36dd67f904 {font-size: 80px;}#thegem-heading-69d36dd67f904 {line-height: 90px;}#thegem-heading-69d36dd67f904, #thegem-heading-69d36dd67f904 .light {text-transform: none;}@media screen and (max-width: 1023px) and (min-width: 768px) {#thegem-heading-69d36dd67f904 {font-size: 40px;}}@media screen and (max-width: 1023px) and (min-width: 768px) {#thegem-heading-69d36dd67f904 {line-height: 50px;}}@media screen and (max-width: 767px) {#thegem-heading-69d36dd67f904 {font-size: 40px;}}@media screen and (max-width: 767px) {#thegem-heading-69d36dd67f904 {line-height: 50px;}}#thegem-heading-69d36dd67f904 a:hover, #thegem-heading-69d36dd67f904 a:hover span.colored {color: var(--thegem-to-menu-level1-color-hover, #00BCD4) !important;}<\/style><\/div><style>@media screen and (max-width: 1023px) {.thegem-heading.thegem-custom-heading-69d36dd67f9007317{display: block!important;}}@media screen and (max-width: 767px) {.thegem-heading.thegem-custom-heading-69d36dd67f9007317{display: block!important;}}@media screen and (max-width: 1023px) {.thegem-heading.thegem-custom-heading-69d36dd67f9007317{position: relative !important;}}@media screen and (max-width: 767px) {.thegem-heading.thegem-custom-heading-69d36dd67f9007317{position: relative !important;}}<\/style><div class=\"clearboth\"><\/div><style>#thegem-divider-69d36dd67f99a {margin-top: 50px !important;}<\/style><div id=\"thegem-divider-69d36dd67f99a\" class=\"gem-divider  \" style=\"\" ><\/div><div class=\"clearboth\"><\/div><style>#thegem-divider-69d36dd67f9cf {margin-top: 100px !important;}<\/style><div id=\"thegem-divider-69d36dd67f9cf\" class=\"gem-divider  \" style=\"\" ><\/div><style type=\"text\/css\">.thegem-button-69d36dd67fa724937 .gem-button {font-size: 25px;padding-left: 45px;padding-right: 45px;}.thegem-button-69d36dd67fa724937 .gem-button-text {font-size: 25px;padding-left: 45px;padding-right: 45px;}@media (max-width: 767px) {.thegem-button-69d36dd67fa724937 .gem-button {padding-left: 25px;padding-right: 25px;}}.thegem-button-69d36dd67fa724937 .gem-button svg {fill: #4E172E;}.thegem-button-69d36dd67fa724937 .gem-button:hover svg {fill: #FF643B;}<\/style><div class=\"gem-button-container gem-button-position-left thegem-button-69d36dd67fa724937    \"  ><a title=\"Contact\" class=\"gem-button gem-button-size-large gem-button-style-flat gem-button-text-weight-normal gem-button-icon-position-right gem-button-no-uppercase  gem-button-tablet-size-medium gem-button-mobile-size-medium\" data-ll-effect=\"drop-right-without-wrap\" style=\"border-radius: 100px;background-color: #FF643B;color: #4E172E;\" onmouseleave=\"this.style.backgroundColor='#FF643B';this.style.color='#4E172E';\" onmouseenter=\"this.style.backgroundColor='#FAF6F1';this.style.color='#FF643B';\" href=\"https:\/\/skrivanek.pl\/en\/contact\/\" target=\"_self\">Contact<i class=\"gem-print-icon gem-icon-pack-elegant \">&#xe03e;<\/i><\/a><\/div> <div class=\"clearboth\"><\/div><style>#thegem-divider-69d36dd67facb {margin-top: 50px !important;}<\/style><div id=\"thegem-divider-69d36dd67facb\" class=\"gem-divider  \" style=\"\" ><\/div>[\/vc_column_inner][vc_column_inner width=&#8221;1\/2&#8243;][vc_single_image image=&#8221;139118&#8243; img_size=&#8221;medium&#8221; alignment=&#8221;center&#8221; style=&#8221;vc_box_rounded&#8221; css=&#8221;&#8221;][\/vc_column_inner][\/vc_row_inner][\/vc_column][\/vc_row][vc_row][vc_column][vc_empty_space][vc_column_text css=&#8221;&#8221;]The AI Video Script Generator helps you craft engaging YouTube video scripts in seconds. Whether you\u2019re a beginner or an experienced creator, this tool is designed to overcome creative blocks and optimize your content for audience engagement. Generate tailored scripts for videos up to 3 minutes and build a solid foundation to express your unique style. For specialized or detailed projects, try our advanced Video Script Creation service.[\/vc_column_text][\/vc_column][\/vc_row][vc_row][vc_column][vc_column_text css=&#8221;&#8221;]<\/p>\n<h5><strong>Key Features<\/strong><\/h5>\n<ul>\n<li><strong>Instant Scripts<\/strong>: Generate ready-to-use scripts optimized for up to 3-minute videos, designed to captivate viewers.<\/li>\n<li><strong>Overcome Writer\u2019s Block<\/strong>: Get fresh script ideas instantly, making content creation effortless.<\/li>\n<li><strong>SEO Optimization<\/strong>: Boost visibility and increase video views with scripts designed to rank higher in search results.<\/li>\n<\/ul>\n<h5><strong>Who Is It For?<\/strong><\/h5>\n<ul>\n<li><strong>YouTube Creators<\/strong>: Perfect for beginners and professionals seeking polished, ready-to-use scripts.<\/li>\n<li><strong>Small Businesses<\/strong>: Develop promotional scripts to showcase products, services, or enhance brand awareness.<\/li>\n<li><strong>Educators &amp; Coaches<\/strong>: Share knowledge effectively with concise and engaging scripts.<\/li>\n<\/ul>\n<h5><strong>How It Works<\/strong><\/h5>\n<ol>\n<li><strong>Enter Your Topic<\/strong>: Provide a brief description in English.<\/li>\n<li><strong>Receive Your Script<\/strong>: The tool generates a customized script tailored to your needs.<\/li>\n<li><strong>Check Your Inbox<\/strong>: Within moments, your script is ready for use!<\/li>\n<\/ol>\n<h5><strong>Why Choose AI Script Generator?<\/strong><\/h5>\n<ul>\n<li><strong>Save Time<\/strong>: Skip the hassle of manual scriptwriting and receive drafts in seconds.<\/li>\n<li><strong>Boost Creativity<\/strong>: Get fresh ideas to jumpstart your video projects.<\/li>\n<li><strong>Consistent Quality<\/strong>: Maintain a unified tone and style across all your videos.<\/li>\n<li><strong>Cost-Effective<\/strong>: Save money on hiring writers or agencies.<\/li>\n<li><strong>Adaptable Outputs<\/strong>: Create scripts for marketing, education, or internal communication.<\/li>\n<\/ul>\n<h5><strong>The Power of Video Content<\/strong><\/h5>\n<p>In today\u2019s digital age, video is essential for effective communication. It captures attention quickly, simplifies complex ideas, and enhances engagement across platforms. Whether for marketing, education, or internal communication, video content strengthens connections with audiences and ensures your message resonates.[\/vc_column_text][\/vc_column][\/vc_row][vc_row][vc_column width=&#8221;1\/2&#8243;][vc_column_text css=&#8221;&#8221;]<\/p>\n<h5><strong>Tips for Writing Compelling Scripts<\/strong><\/h5>\n<ul>\n<li><strong>Know Your Audience<\/strong>: Focus on their needs and interests for better engagement.<\/li>\n<li><strong>Start with a Hook<\/strong>: Use an intriguing question or fact to grab attention immediately.<\/li>\n<li><strong>Keep It Concise<\/strong>: Avoid unnecessary details for a sharper message.<\/li>\n<li><strong>Be Relatable<\/strong>: Use conversational language to connect with viewers.<\/li>\n<li><strong>Add a CTA<\/strong>: Clearly guide your audience on their next steps, like subscribing or visiting a website.<\/li>\n<\/ul>\n<p>[\/vc_column_text][\/vc_column][vc_column width=&#8221;1\/2&#8243;][vc_column_text css=&#8221;&#8221;]<\/p>\n<h5><strong>Avoid These Common Mistakes<\/strong><\/h5>\n<ul>\n<li>Ignoring audience needs.<\/li>\n<li>Overloading scripts with information.<\/li>\n<li>Poor structure or flow.<\/li>\n<li>Using excessive jargon.<\/li>\n<li>Skipping editing and proofreading.<\/li>\n<\/ul>\n<p>[\/vc_column_text][\/vc_column][\/vc_row][vc_row][vc_column][vc_column_text css=&#8221;&#8221;]<\/p>\n<h5><strong>Try It for Free!<\/strong><\/h5>\n<p>Enter your email, topic details, and video length to start creating professional scripts today.[\/vc_column_text]<style id=\"wpforms-css-vars-139714\">\n\t\t\t\t#wpforms-139714 {\n\t\t\t\t\n\t\t\t}\n\t\t\t<\/style><div class=\"wpforms-container wpforms-container-full wpforms-render-modern\" id=\"wpforms-139714\"><form id=\"wpforms-form-139714\" class=\"wpforms-validate wpforms-form wpforms-ajax-form\" data-formid=\"139714\" method=\"post\" enctype=\"multipart\/form-data\" action=\"\/en\/wp-json\/wp\/v2\/pages\/139723\" data-token=\"48051b4ddf291a73ff771b615cf2bd94\" data-token-time=\"1775463894\"><noscript class=\"wpforms-error-noscript\">Please enable JavaScript in your browser to complete this form.<\/noscript><div id=\"wpforms-error-noscript\" style=\"display: none;\">Please enable JavaScript in your browser to complete this form.<\/div><div class=\"wpforms-field-container\"><div id=\"wpforms-139714-field_1-container\" class=\"wpforms-field wpforms-field-text\" data-field-id=\"1\"><label class=\"wpforms-field-label\" for=\"wpforms-139714-field_1\">Provide details about the topic of the YouTube video: <span class=\"wpforms-required-label\" aria-hidden=\"true\">*<\/span><\/label><input type=\"text\" id=\"wpforms-139714-field_1\" class=\"wpforms-field-large wpforms-field-required wpforms-limit-words-enabled\" data-form-id=\"139714\" data-field-id=\"1\" data-text-limit=\"400\" name=\"wpforms[fields][1]\" aria-errormessage=\"wpforms-139714-field_1-error\" required><\/div><div id=\"wpforms-139714-field_4-container\" class=\"wpforms-field wpforms-field-number-slider\" data-field-id=\"4\"><label class=\"wpforms-field-label\" for=\"wpforms-139714-field_4\">Video length (minutes)<\/label>\n<input\n\ttype=\"range\"\n\tid=\"wpforms-139714-field_4\" class=\"wpforms-field-large\" name=\"wpforms[fields][4]\" value=\"0.5\" aria-errormessage=\"wpforms-139714-field_4-error\"\t\tmin=\"0.5\"\n\tmax=\"3\"\n\tstep=\"0.5\">\n\n<div class=\"wpforms-field-number-slider-hint\"\n\tdata-hint=\"Wybrana warto\u015b\u0107: {value}\">\n\tWybrana warto\u015b\u0107: <b>0.5<\/b><\/div>\n<\/div><div id=\"wpforms-139714-field_2-container\" class=\"wpforms-field wpforms-field-text\" data-field-id=\"2\"><label class=\"wpforms-field-label\" for=\"wpforms-139714-field_2\">Enter the target language: <span class=\"wpforms-required-label\" aria-hidden=\"true\">*<\/span><\/label><input type=\"text\" id=\"wpforms-139714-field_2\" class=\"wpforms-field-large wpforms-field-required wpforms-limit-words-enabled\" data-form-id=\"139714\" data-field-id=\"2\" data-text-limit=\"3\" name=\"wpforms[fields][2]\" aria-errormessage=\"wpforms-139714-field_2-error\" required><\/div><div id=\"wpforms-139714-field_3-container\" class=\"wpforms-field wpforms-field-email\" data-field-id=\"3\"><label class=\"wpforms-field-label\" for=\"wpforms-139714-field_3\">Email address <span class=\"wpforms-required-label\" aria-hidden=\"true\">*<\/span><\/label><input type=\"email\" id=\"wpforms-139714-field_3\" class=\"wpforms-field-large wpforms-field-required\" name=\"wpforms[fields][3]\" spellcheck=\"false\" aria-errormessage=\"wpforms-139714-field_3-error\" required><\/div>\t\t<div id=\"wpforms-139714-field_6-container\"\n\t\t\tclass=\"wpforms-field wpforms-field-text\"\n\t\t\tdata-field-type=\"text\"\n\t\t\tdata-field-id=\"6\"\n\t\t\t>\n\t\t\t<label class=\"wpforms-field-label\" for=\"wpforms-139714-field_6\" >Video length the<\/label>\n\t\t\t<input type=\"text\" id=\"wpforms-139714-field_6\" class=\"wpforms-field-medium\" name=\"wpforms[fields][6]\" >\n\t\t<\/div>\n\t\t<div id=\"wpforms-139714-field_5-container\" class=\"wpforms-field wpforms-field-content\" data-field-id=\"5\"><div id=\"wpforms-139714-field_5\" class=\"wpforms-field-medium wpforms-field-row\" aria-errormessage=\"wpforms-139714-field_5-error\"><p><span style=\"font-size: x-small\">By clicking \"Send\" you accept the <a href=\"https:\/\/skrivanek.pl\/en\/about-us\/standards\/privacy-policy\/\">privacy policy<\/a> of Skrivanek<\/span><\/p>\n<div class=\"wpforms-field-content-display-frontend-clear\"><\/div><\/div><\/div><script>\n\t\t\t\t( function() {\n\t\t\t\t\tconst style = document.createElement( 'style' );\n\t\t\t\t\tstyle.appendChild( document.createTextNode( '#wpforms-139714-field_6-container { position: absolute !important; overflow: hidden !important; display: inline !important; height: 1px !important; width: 1px !important; z-index: -1000 !important; padding: 0 !important; } #wpforms-139714-field_6-container input { visibility: hidden; } #wpforms-conversational-form-page #wpforms-139714-field_6-container label { counter-increment: none; }' ) );\n\t\t\t\t\tdocument.head.appendChild( style );\n\t\t\t\t\tdocument.currentScript?.remove();\n\t\t\t\t} )();\n\t\t\t<\/script><\/div><!-- .wpforms-field-container --><div class=\"wpforms-recaptcha-container wpforms-is-recaptcha wpforms-is-recaptcha-type-v3\" ><input type=\"hidden\" name=\"wpforms[recaptcha]\" value=\"\"><\/div><div class=\"wpforms-submit-container\" ><input type=\"hidden\" name=\"wpforms[id]\" value=\"139714\"><input type=\"hidden\" name=\"page_title\" value=\"\"><input type=\"hidden\" name=\"page_url\" value=\"https:\/\/skrivanek.pl\/en\/wp-json\/wp\/v2\/pages\/139723\"><input type=\"hidden\" name=\"url_referer\" value=\"\"><button type=\"submit\" name=\"wpforms[submit]\" id=\"wpforms-submit-139714\" class=\"wpforms-submit\" data-alt-text=\"Sending\" data-submit-text=\"Send\" aria-live=\"assertive\" value=\"wpforms-submit\">Send<\/button><img src=\"https:\/\/skrivanek.pl\/wp-content\/plugins\/wpforms\/assets\/images\/submit-spin.svg\" class=\"wpforms-submit-spinner\" style=\"display: none;\" width=\"26\" height=\"26\" alt=\"Loading\"><\/div><\/form><\/div>  <!-- .wpforms-container -->[\/vc_column][\/vc_row]<\/p>\n<\/div>","protected":false},"excerpt":{"rendered":"<p>[vc_row full_width=&#8221;stretch_row_content&#8221; gap=&#8221;15&#8243; css=&#8221;.vc_custom_1770216478701{margin-bottom: 0px !important;padding-bottom: 0px !important;padding-left: 35px !important;background-image: url(https:\/\/skrivanek.pl\/wp-content\/uploads\/2025\/12\/Website-Background-scaled.jpg?id=147839) !important;background-position: center !important;background-repeat: no-repeat !important;background-size: cover !important;}&#8221;][vc_column css=&#8221;.vc_custom_1764149026182{background-color: #FFFFFF00&#8230;<\/p>\n","protected":false},"author":17,"featured_media":0,"parent":0,"menu_order":0,"comment_status":"closed","ping_status":"closed","template":"","meta":{"footnotes":"","_wp_rev_ctl_limit":""},"class_list":["post-139723","page","type-page","status-publish"],"yoast_head":"<!-- This site is optimized with the Yoast SEO plugin v27.2 - https:\/\/yoast.com\/product\/yoast-seo-wordpress\/ -->\n<title>AI Video Script Generator - Skrivanek - agencja t\u0142umacze\u0144<\/title>\n<meta name=\"robots\" content=\"index, follow, max-snippet:-1, max-image-preview:large, max-video-preview:-1\" \/>\n<link rel=\"canonical\" href=\"https:\/\/skrivanek.pl\/en\/ai-video-script-generator-en\/\" \/>\n<meta property=\"og:locale\" content=\"en_US\" \/>\n<meta property=\"og:type\" content=\"article\" \/>\n<meta property=\"og:title\" content=\"AI Video Script Generator - Skrivanek - agencja t\u0142umacze\u0144\" \/>\n<meta property=\"og:description\" content=\"[vc_row full_width=&#8221;stretch_row_content&#8221; gap=&#8221;15&#8243; css=&#8221;.vc_custom_1770216478701{margin-bottom: 0px !important;padding-bottom: 0px !important;padding-left: 35px !important;background-image: url(https:\/\/skrivanek.pl\/wp-content\/uploads\/2025\/12\/Website-Background-scaled.jpg?id=147839) !important;background-position: center !important;background-repeat: no-repeat !important;background-size: cover !important;}&#8221;][vc_column css=&#8221;.vc_custom_1764149026182{background-color: #FFFFFF00...\" \/>\n<meta property=\"og:url\" content=\"https:\/\/skrivanek.pl\/en\/ai-video-script-generator-en\/\" \/>\n<meta property=\"og:site_name\" content=\"Skrivanek - agencja t\u0142umacze\u0144\" \/>\n<meta property=\"article:publisher\" content=\"https:\/\/www.facebook.com\/SkrivanekPolska\" \/>\n<meta property=\"article:modified_time\" content=\"2026-02-04T14:51:28+00:00\" \/>\n<meta property=\"og:image\" content=\"https:\/\/skrivanek.pl\/wp-content\/uploads\/2019\/11\/google-plus-2.jpg\" \/>\n\t<meta property=\"og:image:width\" content=\"426\" \/>\n\t<meta property=\"og:image:height\" content=\"240\" \/>\n\t<meta property=\"og:image:type\" content=\"image\/jpeg\" \/>\n<meta name=\"twitter:card\" content=\"summary_large_image\" \/>\n<meta name=\"twitter:label1\" content=\"Est. reading time\" \/>\n\t<meta name=\"twitter:data1\" content=\"4 minutes\" \/>\n<script type=\"application\/ld+json\" class=\"yoast-schema-graph\">{\"@context\":\"https:\/\/schema.org\",\"@graph\":[{\"@type\":\"WebPage\",\"@id\":\"https:\/\/skrivanek.pl\/en\/ai-video-script-generator-en\/\",\"url\":\"https:\/\/skrivanek.pl\/en\/ai-video-script-generator-en\/\",\"name\":\"AI Video Script Generator - Skrivanek - agencja t\u0142umacze\u0144\",\"isPartOf\":{\"@id\":\"https:\/\/skrivanek.pl\/#website\"},\"datePublished\":\"2024-12-27T19:23:43+00:00\",\"dateModified\":\"2026-02-04T14:51:28+00:00\",\"breadcrumb\":{\"@id\":\"https:\/\/skrivanek.pl\/en\/ai-video-script-generator-en\/#breadcrumb\"},\"inLanguage\":\"en-US\",\"potentialAction\":[{\"@type\":\"ReadAction\",\"target\":[\"https:\/\/skrivanek.pl\/en\/ai-video-script-generator-en\/\"]}]},{\"@type\":\"BreadcrumbList\",\"@id\":\"https:\/\/skrivanek.pl\/en\/ai-video-script-generator-en\/#breadcrumb\",\"itemListElement\":[{\"@type\":\"ListItem\",\"position\":1,\"name\":\"Strona g\u0142\u00f3wna\",\"item\":\"https:\/\/skrivanek.pl\/en\/\"},{\"@type\":\"ListItem\",\"position\":2,\"name\":\"AI Video Script Generator\"}]},{\"@type\":\"WebSite\",\"@id\":\"https:\/\/skrivanek.pl\/#website\",\"url\":\"https:\/\/skrivanek.pl\/\",\"name\":\"Skrivanek - agencja t\u0142umacze\u0144\",\"description\":\"Skrivanek - t\u0142umaczenia\",\"publisher\":{\"@id\":\"https:\/\/skrivanek.pl\/#organization\"},\"potentialAction\":[{\"@type\":\"SearchAction\",\"target\":{\"@type\":\"EntryPoint\",\"urlTemplate\":\"https:\/\/skrivanek.pl\/?s={search_term_string}\"},\"query-input\":{\"@type\":\"PropertyValueSpecification\",\"valueRequired\":true,\"valueName\":\"search_term_string\"}}],\"inLanguage\":\"en-US\"},{\"@type\":\"Organization\",\"@id\":\"https:\/\/skrivanek.pl\/#organization\",\"name\":\"Skrivanek agencja t\u0142umacze\u0144 i szko\u0142a j\u0119zykowa\",\"url\":\"https:\/\/skrivanek.pl\/\",\"logo\":{\"@type\":\"ImageObject\",\"inLanguage\":\"en-US\",\"@id\":\"https:\/\/skrivanek.pl\/#\/schema\/logo\/image\/\",\"url\":\"https:\/\/skrivanek.pl\/wp-content\/uploads\/2020\/12\/logo-skrivanek-black.png\",\"contentUrl\":\"https:\/\/skrivanek.pl\/wp-content\/uploads\/2020\/12\/logo-skrivanek-black.png\",\"width\":441,\"height\":116,\"caption\":\"Skrivanek agencja t\u0142umacze\u0144 i szko\u0142a j\u0119zykowa\"},\"image\":{\"@id\":\"https:\/\/skrivanek.pl\/#\/schema\/logo\/image\/\"},\"sameAs\":[\"https:\/\/www.facebook.com\/SkrivanekPolska\",\"https:\/\/www.instagram.com\/skrivanek_official\/\",\"https:\/\/www.linkedin.com\/company\/skrivanek-poland\/\",\"https:\/\/www.youtube.com\/c\/SkrivanekPl\/\"]}]}<\/script>\n<!-- \/ Yoast SEO plugin. -->","yoast_head_json":{"title":"AI Video Script Generator - Skrivanek - agencja t\u0142umacze\u0144","robots":{"index":"index","follow":"follow","max-snippet":"max-snippet:-1","max-image-preview":"max-image-preview:large","max-video-preview":"max-video-preview:-1"},"canonical":"https:\/\/skrivanek.pl\/en\/ai-video-script-generator-en\/","og_locale":"en_US","og_type":"article","og_title":"AI Video Script Generator - Skrivanek - agencja t\u0142umacze\u0144","og_description":"[vc_row full_width=&#8221;stretch_row_content&#8221; gap=&#8221;15&#8243; css=&#8221;.vc_custom_1770216478701{margin-bottom: 0px !important;padding-bottom: 0px !important;padding-left: 35px !important;background-image: url(https:\/\/skrivanek.pl\/wp-content\/uploads\/2025\/12\/Website-Background-scaled.jpg?id=147839) !important;background-position: center !important;background-repeat: no-repeat !important;background-size: cover !important;}&#8221;][vc_column css=&#8221;.vc_custom_1764149026182{background-color: #FFFFFF00...","og_url":"https:\/\/skrivanek.pl\/en\/ai-video-script-generator-en\/","og_site_name":"Skrivanek - agencja t\u0142umacze\u0144","article_publisher":"https:\/\/www.facebook.com\/SkrivanekPolska","article_modified_time":"2026-02-04T14:51:28+00:00","og_image":[{"width":426,"height":240,"url":"https:\/\/skrivanek.pl\/wp-content\/uploads\/2019\/11\/google-plus-2.jpg","type":"image\/jpeg"}],"twitter_card":"summary_large_image","twitter_misc":{"Est. reading time":"4 minutes"},"schema":{"@context":"https:\/\/schema.org","@graph":[{"@type":"WebPage","@id":"https:\/\/skrivanek.pl\/en\/ai-video-script-generator-en\/","url":"https:\/\/skrivanek.pl\/en\/ai-video-script-generator-en\/","name":"AI Video Script Generator - Skrivanek - agencja t\u0142umacze\u0144","isPartOf":{"@id":"https:\/\/skrivanek.pl\/#website"},"datePublished":"2024-12-27T19:23:43+00:00","dateModified":"2026-02-04T14:51:28+00:00","breadcrumb":{"@id":"https:\/\/skrivanek.pl\/en\/ai-video-script-generator-en\/#breadcrumb"},"inLanguage":"en-US","potentialAction":[{"@type":"ReadAction","target":["https:\/\/skrivanek.pl\/en\/ai-video-script-generator-en\/"]}]},{"@type":"BreadcrumbList","@id":"https:\/\/skrivanek.pl\/en\/ai-video-script-generator-en\/#breadcrumb","itemListElement":[{"@type":"ListItem","position":1,"name":"Strona g\u0142\u00f3wna","item":"https:\/\/skrivanek.pl\/en\/"},{"@type":"ListItem","position":2,"name":"AI Video Script Generator"}]},{"@type":"WebSite","@id":"https:\/\/skrivanek.pl\/#website","url":"https:\/\/skrivanek.pl\/","name":"Skrivanek - agencja t\u0142umacze\u0144","description":"Skrivanek - t\u0142umaczenia","publisher":{"@id":"https:\/\/skrivanek.pl\/#organization"},"potentialAction":[{"@type":"SearchAction","target":{"@type":"EntryPoint","urlTemplate":"https:\/\/skrivanek.pl\/?s={search_term_string}"},"query-input":{"@type":"PropertyValueSpecification","valueRequired":true,"valueName":"search_term_string"}}],"inLanguage":"en-US"},{"@type":"Organization","@id":"https:\/\/skrivanek.pl\/#organization","name":"Skrivanek agencja t\u0142umacze\u0144 i szko\u0142a j\u0119zykowa","url":"https:\/\/skrivanek.pl\/","logo":{"@type":"ImageObject","inLanguage":"en-US","@id":"https:\/\/skrivanek.pl\/#\/schema\/logo\/image\/","url":"https:\/\/skrivanek.pl\/wp-content\/uploads\/2020\/12\/logo-skrivanek-black.png","contentUrl":"https:\/\/skrivanek.pl\/wp-content\/uploads\/2020\/12\/logo-skrivanek-black.png","width":441,"height":116,"caption":"Skrivanek agencja t\u0142umacze\u0144 i szko\u0142a j\u0119zykowa"},"image":{"@id":"https:\/\/skrivanek.pl\/#\/schema\/logo\/image\/"},"sameAs":["https:\/\/www.facebook.com\/SkrivanekPolska","https:\/\/www.instagram.com\/skrivanek_official\/","https:\/\/www.linkedin.com\/company\/skrivanek-poland\/","https:\/\/www.youtube.com\/c\/SkrivanekPl\/"]}]}},"_links":{"self":[{"href":"https:\/\/skrivanek.pl\/en\/wp-json\/wp\/v2\/pages\/139723","targetHints":{"allow":["GET"]}}],"collection":[{"href":"https:\/\/skrivanek.pl\/en\/wp-json\/wp\/v2\/pages"}],"about":[{"href":"https:\/\/skrivanek.pl\/en\/wp-json\/wp\/v2\/types\/page"}],"author":[{"embeddable":true,"href":"https:\/\/skrivanek.pl\/en\/wp-json\/wp\/v2\/users\/17"}],"replies":[{"embeddable":true,"href":"https:\/\/skrivanek.pl\/en\/wp-json\/wp\/v2\/comments?post=139723"}],"version-history":[{"count":3,"href":"https:\/\/skrivanek.pl\/en\/wp-json\/wp\/v2\/pages\/139723\/revisions"}],"predecessor-version":[{"id":150092,"href":"https:\/\/skrivanek.pl\/en\/wp-json\/wp\/v2\/pages\/139723\/revisions\/150092"}],"wp:attachment":[{"href":"https:\/\/skrivanek.pl\/en\/wp-json\/wp\/v2\/media?parent=139723"}],"curies":[{"name":"wp","href":"https:\/\/api.w.org\/{rel}","templated":true}]}}