{"id":139550,"date":"2024-12-17T16:38:21","date_gmt":"2024-12-17T15:38:21","guid":{"rendered":"https:\/\/skrivanek.pl\/ai-keyword-finder-en\/"},"modified":"2026-02-04T15:48:04","modified_gmt":"2026-02-04T14:48:04","slug":"ai-keyword-finder-en","status":"publish","type":"page","link":"https:\/\/skrivanek.pl\/en\/ai-keyword-finder-en\/","title":{"rendered":"AI Keyword Finder"},"content":{"rendered":"<div class=\"wpb-content-wrapper\"><p>[vc_row full_width=&#8221;stretch_row_content&#8221; gap=&#8221;15&#8243; css=&#8221;.vc_custom_1770216478701{margin-bottom: 0px !important;padding-bottom: 0px !important;padding-left: 35px !important;background-image: url(https:\/\/skrivanek.pl\/wp-content\/uploads\/2025\/12\/Website-Background-scaled.jpg?id=147839) !important;background-position: center !important;background-repeat: no-repeat !important;background-size: cover !important;}&#8221;][vc_column css=&#8221;.vc_custom_1764149026182{background-color: #FFFFFF00 !important;}&#8221;]<div class=\"clearboth\"><\/div><style>#thegem-divider-69f0d2454ae6b {margin-top: 80px !important;}<\/style><div id=\"thegem-divider-69f0d2454ae6b\" class=\"gem-divider  \" style=\"\" ><\/div>[vc_row_inner][vc_column_inner width=&#8221;1\/2&#8243;]<div class=\"thegem-te-heading thegem-custom-69f0d2454b00f5546\" ><h1 id=\"thegem-heading-69f0d2454afd2\" class=\"thegem-heading thegem-custom-heading-69f0d2454afce7478\" style=\"text-align: left;\" ><span class=\"colored\" style=\"color: #FFFFFF;\">AI Keyword Finder<\/span><\/h1><style type=\"text\/css\">#thegem-heading-69f0d2454afd2 {margin: 0;}#thegem-heading-69f0d2454afd2 {font-size: 80px;}#thegem-heading-69f0d2454afd2 {line-height: 100px;}#thegem-heading-69f0d2454afd2, #thegem-heading-69f0d2454afd2 .light {text-transform: none;}@media screen and (max-width: 1023px) and (min-width: 768px) {#thegem-heading-69f0d2454afd2 {font-size: 40px;}}@media screen and (max-width: 1023px) and (min-width: 768px) {#thegem-heading-69f0d2454afd2 {line-height: 50px;}}@media screen and (max-width: 767px) {#thegem-heading-69f0d2454afd2 {font-size: 40px;}}@media screen and (max-width: 767px) {#thegem-heading-69f0d2454afd2 {line-height: 50px;}}#thegem-heading-69f0d2454afd2 a:hover, #thegem-heading-69f0d2454afd2 a:hover span.colored {color: var(--thegem-to-menu-level1-color-hover, #00BCD4) !important;}<\/style><\/div><style>@media screen and (max-width: 1023px) {.thegem-heading.thegem-custom-heading-69f0d2454afce7478{display: block!important;}}@media screen and (max-width: 767px) {.thegem-heading.thegem-custom-heading-69f0d2454afce7478{display: block!important;}}@media screen and (max-width: 1023px) {.thegem-heading.thegem-custom-heading-69f0d2454afce7478{position: relative !important;}}@media screen and (max-width: 767px) {.thegem-heading.thegem-custom-heading-69f0d2454afce7478{position: relative !important;}}<\/style><div class=\"clearboth\"><\/div><style>#thegem-divider-69f0d2454b068 {margin-top: 50px !important;}<\/style><div id=\"thegem-divider-69f0d2454b068\" class=\"gem-divider  \" style=\"\" ><\/div>[vc_column_text css=&#8221;&#8221;]<\/p>\n<div class=\"styled-subtitle\"><span style=\"color: #ffffff;\">Stand out in the digital market with precision keywords!<\/span><\/div>\n<p>[\/vc_column_text]<div class=\"clearboth\"><\/div><style>#thegem-divider-69f0d2454b09f {margin-top: 100px !important;}<\/style><div id=\"thegem-divider-69f0d2454b09f\" class=\"gem-divider  \" style=\"\" ><\/div><style type=\"text\/css\">.thegem-button-69f0d2454b1475511 .gem-button {font-size: 25px;padding-left: 45px;padding-right: 45px;}.thegem-button-69f0d2454b1475511 .gem-button-text {font-size: 25px;padding-left: 45px;padding-right: 45px;}@media (max-width: 767px) {.thegem-button-69f0d2454b1475511 .gem-button {padding-left: 25px;padding-right: 25px;}}.thegem-button-69f0d2454b1475511 .gem-button svg {fill: #4E172E;}.thegem-button-69f0d2454b1475511 .gem-button:hover svg {fill: #FF643B;}<\/style><div class=\"gem-button-container gem-button-position-left thegem-button-69f0d2454b1475511    \"  ><a title=\"Contact\" class=\"gem-button gem-button-size-large gem-button-style-flat gem-button-text-weight-normal gem-button-icon-position-right gem-button-no-uppercase  gem-button-tablet-size-medium gem-button-mobile-size-medium\" data-ll-effect=\"drop-right-without-wrap\" style=\"border-radius: 100px;background-color: #FF643B;color: #4E172E;\" onmouseleave=\"this.style.backgroundColor='#FF643B';this.style.color='#4E172E';\" onmouseenter=\"this.style.backgroundColor='#FAF6F1';this.style.color='#FF643B';\" href=\"https:\/\/skrivanek.pl\/en\/contact\/\" target=\"_self\">Contact<i class=\"gem-print-icon gem-icon-pack-elegant \">&#xe03e;<\/i><\/a><\/div> <div class=\"clearboth\"><\/div><style>#thegem-divider-69f0d2454b1a6 {margin-top: 50px !important;}<\/style><div id=\"thegem-divider-69f0d2454b1a6\" class=\"gem-divider  \" style=\"\" ><\/div>[\/vc_column_inner][vc_column_inner width=&#8221;1\/2&#8243;][vc_single_image image=&#8221;139118&#8243; img_size=&#8221;medium&#8221; alignment=&#8221;center&#8221; style=&#8221;vc_box_rounded&#8221; css=&#8221;&#8221;][\/vc_column_inner][\/vc_row_inner][\/vc_column][\/vc_row][vc_row][vc_column]<div class=\"clearboth\"><\/div><style>#thegem-divider-69f0d2454b1dd {margin-top: 30px !important;}<\/style><div id=\"thegem-divider-69f0d2454b1dd\" class=\"gem-divider  \" style=\"\" ><\/div>[\/vc_column][\/vc_row][vc_row][vc_column][vc_column_text css=&#8221;&#8221;]Take your business to the next level with a tool that delivers a customized list of keywords tailored to your industry in minutes. <strong>AI Keyword Finder<\/strong> is a cutting-edge solution designed to boost your online visibility and attract the right customers.[\/vc_column_text][\/vc_column][\/vc_row][vc_row][vc_column][vc_column_text css=&#8221;&#8221;]<\/p>\n<h3><strong>How does it work?<\/strong><\/h3>\n<ol>\n<li><strong>Describe your business<\/strong> \u2013 Provide key details about your company.<\/li>\n<li><strong>Select your language<\/strong> \u2013 Choose the language for optimizing your content.<\/li>\n<li><strong>Receive your keyword list<\/strong> \u2013 Get a curated list of keywords delivered straight to your inbox.<\/li>\n<\/ol>\n<h3><strong>Why choose us?<\/strong><\/h3>\n<ul>\n<li><strong>Fast and convenient<\/strong>: Receive 20 unique keywords in just a few minutes.<\/li>\n<li><strong>Relevance<\/strong>: Keywords tailored to your industry and market.<\/li>\n<li><strong>Simplicity<\/strong>: No need for advanced SEO knowledge or complex tools.<\/li>\n<li><strong>Effectiveness<\/strong>: Increase organic traffic and reach niche audiences.<\/li>\n<\/ul>\n<h3><strong>Who will benefit?<\/strong><\/h3>\n<ul>\n<li><strong>Small businesses<\/strong>: An easy and affordable tool for entrepreneurs.<\/li>\n<li><strong>SEO professionals<\/strong>: Quick access to low-competition long-tail keywords.<\/li>\n<li><strong>Content creators and marketers<\/strong>: Discover niche phrases to boost content visibility.<\/li>\n<\/ul>\n<h3><strong>What\u2019s in it for you?<\/strong><\/h3>\n<ul>\n<li><strong>More customers<\/strong>: Reach people actively searching for what you offer.<\/li>\n<li><strong>Time savings<\/strong>: Focus on growing your business while we handle the keyword research.<\/li>\n<li><strong>International support<\/strong>: Optimize for multiple languages and markets.<\/li>\n<\/ul>\n<h4><strong>Try it now!<\/strong><\/h4>\n<p>Don\u2019t wait \u2013 experience the power of AI Keyword Finder and make your business more visible online today.<\/p>\n<p><style id=\"wpforms-css-vars-139538\">\n\t\t\t\t#wpforms-139538 {\n\t\t\t\t\n\t\t\t}\n\t\t\t<\/style><div class=\"wpforms-container wpforms-container-full wpforms-render-modern\" id=\"wpforms-139538\"><form id=\"wpforms-form-139538\" class=\"wpforms-validate wpforms-form wpforms-ajax-form\" data-formid=\"139538\" method=\"post\" enctype=\"multipart\/form-data\" action=\"\/en\/wp-json\/wp\/v2\/pages\/139550\" data-token=\"83dd3d4354321ea4eda23e0541e2cc1a\" data-token-time=\"1777390149\"><noscript class=\"wpforms-error-noscript\">Please enable JavaScript in your browser to complete this form.<\/noscript><div id=\"wpforms-error-noscript\" style=\"display: none;\">Please enable JavaScript in your browser to complete this form.<\/div><div class=\"wpforms-field-container\"><div id=\"wpforms-139538-field_1-container\" class=\"wpforms-field wpforms-field-text\" data-field-id=\"1\"><label class=\"wpforms-field-label\" for=\"wpforms-139538-field_1\">What does your business do? <span class=\"wpforms-required-label\" aria-hidden=\"true\">*<\/span><\/label><input type=\"text\" id=\"wpforms-139538-field_1\" class=\"wpforms-field-large wpforms-field-required wpforms-limit-words-enabled\" data-form-id=\"139538\" data-field-id=\"1\" data-text-limit=\"400\" name=\"wpforms[fields][1]\" aria-errormessage=\"wpforms-139538-field_1-error\" required><\/div>\t\t<div id=\"wpforms-139538-field_5-container\"\n\t\t\tclass=\"wpforms-field wpforms-field-text\"\n\t\t\tdata-field-type=\"text\"\n\t\t\tdata-field-id=\"5\"\n\t\t\t>\n\t\t\t<label class=\"wpforms-field-label\" for=\"wpforms-139538-field_5\" >Email What do?<\/label>\n\t\t\t<input type=\"text\" id=\"wpforms-139538-field_5\" class=\"wpforms-field-medium\" name=\"wpforms[fields][5]\" >\n\t\t<\/div>\n\t\t<div id=\"wpforms-139538-field_2-container\" class=\"wpforms-field wpforms-field-text\" data-field-id=\"2\"><label class=\"wpforms-field-label\" for=\"wpforms-139538-field_2\">Target market language (keywords) <span class=\"wpforms-required-label\" aria-hidden=\"true\">*<\/span><\/label><input type=\"text\" id=\"wpforms-139538-field_2\" class=\"wpforms-field-large wpforms-field-required wpforms-limit-words-enabled\" data-form-id=\"139538\" data-field-id=\"2\" data-text-limit=\"3\" name=\"wpforms[fields][2]\" aria-errormessage=\"wpforms-139538-field_2-error\" required><\/div><div id=\"wpforms-139538-field_3-container\" class=\"wpforms-field wpforms-field-email\" data-field-id=\"3\"><label class=\"wpforms-field-label\" for=\"wpforms-139538-field_3\">Email address <span class=\"wpforms-required-label\" aria-hidden=\"true\">*<\/span><\/label><input type=\"email\" id=\"wpforms-139538-field_3\" class=\"wpforms-field-large wpforms-field-required\" name=\"wpforms[fields][3]\" spellcheck=\"false\" aria-errormessage=\"wpforms-139538-field_3-error\" required><\/div><div id=\"wpforms-139538-field_4-container\" class=\"wpforms-field wpforms-field-content\" data-field-id=\"4\"><div id=\"wpforms-139538-field_4\" class=\"wpforms-field-medium wpforms-field-row\" aria-errormessage=\"wpforms-139538-field_4-error\"><p><span style=\"font-size: x-small\">By clicking \"Send\" you accept the <a href=\"https:\/\/skrivanek.pl\/en\/about-us\/standards\/privacy-policy\/\">privacy policy<\/a> of Skrivanek<\/span><\/p>\n<div class=\"wpforms-field-content-display-frontend-clear\"><\/div><\/div><\/div><script>\n\t\t\t\t( function() {\n\t\t\t\t\tconst style = document.createElement( 'style' );\n\t\t\t\t\tstyle.appendChild( document.createTextNode( '#wpforms-139538-field_5-container { position: absolute !important; overflow: hidden !important; display: inline !important; height: 1px !important; width: 1px !important; z-index: -1000 !important; padding: 0 !important; } #wpforms-139538-field_5-container input { visibility: hidden; } #wpforms-conversational-form-page #wpforms-139538-field_5-container label { counter-increment: none; }' ) );\n\t\t\t\t\tdocument.head.appendChild( style );\n\t\t\t\t\tdocument.currentScript?.remove();\n\t\t\t\t} )();\n\t\t\t<\/script><\/div><!-- .wpforms-field-container --><div class=\"wpforms-recaptcha-container wpforms-is-recaptcha wpforms-is-recaptcha-type-v3\" ><input type=\"hidden\" name=\"wpforms[recaptcha]\" value=\"\"><\/div><div class=\"wpforms-submit-container\" ><input type=\"hidden\" name=\"wpforms[id]\" value=\"139538\"><input type=\"hidden\" name=\"page_title\" value=\"\"><input type=\"hidden\" name=\"page_url\" value=\"https:\/\/skrivanek.pl\/en\/wp-json\/wp\/v2\/pages\/139550\"><input type=\"hidden\" name=\"url_referer\" value=\"\"><button type=\"submit\" name=\"wpforms[submit]\" id=\"wpforms-submit-139538\" class=\"wpforms-submit\" data-alt-text=\"Sending\" data-submit-text=\"Send\" aria-live=\"assertive\" value=\"wpforms-submit\">Send<\/button><img src=\"https:\/\/skrivanek.pl\/wp-content\/plugins\/wpforms\/assets\/images\/submit-spin.svg\" class=\"wpforms-submit-spinner\" style=\"display: none;\" width=\"26\" height=\"26\" alt=\"Loading\"><\/div><\/form><\/div>  <!-- .wpforms-container -->[\/vc_column_text][\/vc_column][\/vc_row]<\/p>\n<\/div>","protected":false},"excerpt":{"rendered":"<p>[vc_row full_width=&#8221;stretch_row_content&#8221; gap=&#8221;15&#8243; css=&#8221;.vc_custom_1770216478701{margin-bottom: 0px !important;padding-bottom: 0px !important;padding-left: 35px !important;background-image: url(https:\/\/skrivanek.pl\/wp-content\/uploads\/2025\/12\/Website-Background-scaled.jpg?id=147839) !important;background-position: center !important;background-repeat: no-repeat !important;background-size: cover !important;}&#8221;][vc_column css=&#8221;.vc_custom_1764149026182{background-color: #FFFFFF00&#8230;<\/p>\n","protected":false},"author":17,"featured_media":0,"parent":0,"menu_order":0,"comment_status":"closed","ping_status":"closed","template":"","meta":{"footnotes":"","_wp_rev_ctl_limit":""},"class_list":["post-139550","page","type-page","status-publish"],"yoast_head":"<!-- This site is optimized with the Yoast SEO plugin v27.2 - https:\/\/yoast.com\/product\/yoast-seo-wordpress\/ -->\n<title>AI Keyword Finder - Skrivanek - agencja t\u0142umacze\u0144<\/title>\n<meta name=\"robots\" content=\"index, follow, max-snippet:-1, max-image-preview:large, max-video-preview:-1\" \/>\n<link rel=\"canonical\" href=\"https:\/\/skrivanek.pl\/en\/ai-keyword-finder-en\/\" \/>\n<meta property=\"og:locale\" content=\"en_US\" \/>\n<meta property=\"og:type\" content=\"article\" \/>\n<meta property=\"og:title\" content=\"AI Keyword Finder - Skrivanek - agencja t\u0142umacze\u0144\" \/>\n<meta property=\"og:description\" content=\"[vc_row full_width=&#8221;stretch_row_content&#8221; gap=&#8221;15&#8243; css=&#8221;.vc_custom_1770216478701{margin-bottom: 0px !important;padding-bottom: 0px !important;padding-left: 35px !important;background-image: url(https:\/\/skrivanek.pl\/wp-content\/uploads\/2025\/12\/Website-Background-scaled.jpg?id=147839) !important;background-position: center !important;background-repeat: no-repeat !important;background-size: cover !important;}&#8221;][vc_column css=&#8221;.vc_custom_1764149026182{background-color: #FFFFFF00...\" \/>\n<meta property=\"og:url\" content=\"https:\/\/skrivanek.pl\/en\/ai-keyword-finder-en\/\" \/>\n<meta property=\"og:site_name\" content=\"Skrivanek - agencja t\u0142umacze\u0144\" \/>\n<meta property=\"article:publisher\" content=\"https:\/\/www.facebook.com\/SkrivanekPolska\" \/>\n<meta property=\"article:modified_time\" content=\"2026-02-04T14:48:04+00:00\" \/>\n<meta property=\"og:image\" content=\"https:\/\/skrivanek.pl\/wp-content\/uploads\/2019\/11\/google-plus-2.jpg\" \/>\n\t<meta property=\"og:image:width\" content=\"426\" \/>\n\t<meta property=\"og:image:height\" content=\"240\" \/>\n\t<meta property=\"og:image:type\" content=\"image\/jpeg\" \/>\n<meta name=\"twitter:card\" content=\"summary_large_image\" \/>\n<meta name=\"twitter:label1\" content=\"Est. reading time\" \/>\n\t<meta name=\"twitter:data1\" content=\"2 minutes\" \/>\n<script type=\"application\/ld+json\" class=\"yoast-schema-graph\">{\"@context\":\"https:\/\/schema.org\",\"@graph\":[{\"@type\":\"WebPage\",\"@id\":\"https:\/\/skrivanek.pl\/en\/ai-keyword-finder-en\/\",\"url\":\"https:\/\/skrivanek.pl\/en\/ai-keyword-finder-en\/\",\"name\":\"AI Keyword Finder - Skrivanek - agencja t\u0142umacze\u0144\",\"isPartOf\":{\"@id\":\"https:\/\/skrivanek.pl\/#website\"},\"datePublished\":\"2024-12-17T15:38:21+00:00\",\"dateModified\":\"2026-02-04T14:48:04+00:00\",\"breadcrumb\":{\"@id\":\"https:\/\/skrivanek.pl\/en\/ai-keyword-finder-en\/#breadcrumb\"},\"inLanguage\":\"en-US\",\"potentialAction\":[{\"@type\":\"ReadAction\",\"target\":[\"https:\/\/skrivanek.pl\/en\/ai-keyword-finder-en\/\"]}]},{\"@type\":\"BreadcrumbList\",\"@id\":\"https:\/\/skrivanek.pl\/en\/ai-keyword-finder-en\/#breadcrumb\",\"itemListElement\":[{\"@type\":\"ListItem\",\"position\":1,\"name\":\"Strona g\u0142\u00f3wna\",\"item\":\"https:\/\/skrivanek.pl\/en\/\"},{\"@type\":\"ListItem\",\"position\":2,\"name\":\"AI Keyword Finder\"}]},{\"@type\":\"WebSite\",\"@id\":\"https:\/\/skrivanek.pl\/#website\",\"url\":\"https:\/\/skrivanek.pl\/\",\"name\":\"Skrivanek - agencja t\u0142umacze\u0144\",\"description\":\"Skrivanek - t\u0142umaczenia\",\"publisher\":{\"@id\":\"https:\/\/skrivanek.pl\/#organization\"},\"potentialAction\":[{\"@type\":\"SearchAction\",\"target\":{\"@type\":\"EntryPoint\",\"urlTemplate\":\"https:\/\/skrivanek.pl\/?s={search_term_string}\"},\"query-input\":{\"@type\":\"PropertyValueSpecification\",\"valueRequired\":true,\"valueName\":\"search_term_string\"}}],\"inLanguage\":\"en-US\"},{\"@type\":\"Organization\",\"@id\":\"https:\/\/skrivanek.pl\/#organization\",\"name\":\"Skrivanek agencja t\u0142umacze\u0144 i szko\u0142a j\u0119zykowa\",\"url\":\"https:\/\/skrivanek.pl\/\",\"logo\":{\"@type\":\"ImageObject\",\"inLanguage\":\"en-US\",\"@id\":\"https:\/\/skrivanek.pl\/#\/schema\/logo\/image\/\",\"url\":\"https:\/\/skrivanek.pl\/wp-content\/uploads\/2020\/12\/logo-skrivanek-black.png\",\"contentUrl\":\"https:\/\/skrivanek.pl\/wp-content\/uploads\/2020\/12\/logo-skrivanek-black.png\",\"width\":441,\"height\":116,\"caption\":\"Skrivanek agencja t\u0142umacze\u0144 i szko\u0142a j\u0119zykowa\"},\"image\":{\"@id\":\"https:\/\/skrivanek.pl\/#\/schema\/logo\/image\/\"},\"sameAs\":[\"https:\/\/www.facebook.com\/SkrivanekPolska\",\"https:\/\/www.instagram.com\/skrivanek_official\/\",\"https:\/\/www.linkedin.com\/company\/skrivanek-poland\/\",\"https:\/\/www.youtube.com\/c\/SkrivanekPl\/\"]}]}<\/script>\n<!-- \/ Yoast SEO plugin. -->","yoast_head_json":{"title":"AI Keyword Finder - Skrivanek - agencja t\u0142umacze\u0144","robots":{"index":"index","follow":"follow","max-snippet":"max-snippet:-1","max-image-preview":"max-image-preview:large","max-video-preview":"max-video-preview:-1"},"canonical":"https:\/\/skrivanek.pl\/en\/ai-keyword-finder-en\/","og_locale":"en_US","og_type":"article","og_title":"AI Keyword Finder - Skrivanek - agencja t\u0142umacze\u0144","og_description":"[vc_row full_width=&#8221;stretch_row_content&#8221; gap=&#8221;15&#8243; css=&#8221;.vc_custom_1770216478701{margin-bottom: 0px !important;padding-bottom: 0px !important;padding-left: 35px !important;background-image: url(https:\/\/skrivanek.pl\/wp-content\/uploads\/2025\/12\/Website-Background-scaled.jpg?id=147839) !important;background-position: center !important;background-repeat: no-repeat !important;background-size: cover !important;}&#8221;][vc_column css=&#8221;.vc_custom_1764149026182{background-color: #FFFFFF00...","og_url":"https:\/\/skrivanek.pl\/en\/ai-keyword-finder-en\/","og_site_name":"Skrivanek - agencja t\u0142umacze\u0144","article_publisher":"https:\/\/www.facebook.com\/SkrivanekPolska","article_modified_time":"2026-02-04T14:48:04+00:00","og_image":[{"width":426,"height":240,"url":"https:\/\/skrivanek.pl\/wp-content\/uploads\/2019\/11\/google-plus-2.jpg","type":"image\/jpeg"}],"twitter_card":"summary_large_image","twitter_misc":{"Est. reading time":"2 minutes"},"schema":{"@context":"https:\/\/schema.org","@graph":[{"@type":"WebPage","@id":"https:\/\/skrivanek.pl\/en\/ai-keyword-finder-en\/","url":"https:\/\/skrivanek.pl\/en\/ai-keyword-finder-en\/","name":"AI Keyword Finder - Skrivanek - agencja t\u0142umacze\u0144","isPartOf":{"@id":"https:\/\/skrivanek.pl\/#website"},"datePublished":"2024-12-17T15:38:21+00:00","dateModified":"2026-02-04T14:48:04+00:00","breadcrumb":{"@id":"https:\/\/skrivanek.pl\/en\/ai-keyword-finder-en\/#breadcrumb"},"inLanguage":"en-US","potentialAction":[{"@type":"ReadAction","target":["https:\/\/skrivanek.pl\/en\/ai-keyword-finder-en\/"]}]},{"@type":"BreadcrumbList","@id":"https:\/\/skrivanek.pl\/en\/ai-keyword-finder-en\/#breadcrumb","itemListElement":[{"@type":"ListItem","position":1,"name":"Strona g\u0142\u00f3wna","item":"https:\/\/skrivanek.pl\/en\/"},{"@type":"ListItem","position":2,"name":"AI Keyword Finder"}]},{"@type":"WebSite","@id":"https:\/\/skrivanek.pl\/#website","url":"https:\/\/skrivanek.pl\/","name":"Skrivanek - agencja t\u0142umacze\u0144","description":"Skrivanek - t\u0142umaczenia","publisher":{"@id":"https:\/\/skrivanek.pl\/#organization"},"potentialAction":[{"@type":"SearchAction","target":{"@type":"EntryPoint","urlTemplate":"https:\/\/skrivanek.pl\/?s={search_term_string}"},"query-input":{"@type":"PropertyValueSpecification","valueRequired":true,"valueName":"search_term_string"}}],"inLanguage":"en-US"},{"@type":"Organization","@id":"https:\/\/skrivanek.pl\/#organization","name":"Skrivanek agencja t\u0142umacze\u0144 i szko\u0142a j\u0119zykowa","url":"https:\/\/skrivanek.pl\/","logo":{"@type":"ImageObject","inLanguage":"en-US","@id":"https:\/\/skrivanek.pl\/#\/schema\/logo\/image\/","url":"https:\/\/skrivanek.pl\/wp-content\/uploads\/2020\/12\/logo-skrivanek-black.png","contentUrl":"https:\/\/skrivanek.pl\/wp-content\/uploads\/2020\/12\/logo-skrivanek-black.png","width":441,"height":116,"caption":"Skrivanek agencja t\u0142umacze\u0144 i szko\u0142a j\u0119zykowa"},"image":{"@id":"https:\/\/skrivanek.pl\/#\/schema\/logo\/image\/"},"sameAs":["https:\/\/www.facebook.com\/SkrivanekPolska","https:\/\/www.instagram.com\/skrivanek_official\/","https:\/\/www.linkedin.com\/company\/skrivanek-poland\/","https:\/\/www.youtube.com\/c\/SkrivanekPl\/"]}]}},"_links":{"self":[{"href":"https:\/\/skrivanek.pl\/en\/wp-json\/wp\/v2\/pages\/139550","targetHints":{"allow":["GET"]}}],"collection":[{"href":"https:\/\/skrivanek.pl\/en\/wp-json\/wp\/v2\/pages"}],"about":[{"href":"https:\/\/skrivanek.pl\/en\/wp-json\/wp\/v2\/types\/page"}],"author":[{"embeddable":true,"href":"https:\/\/skrivanek.pl\/en\/wp-json\/wp\/v2\/users\/17"}],"replies":[{"embeddable":true,"href":"https:\/\/skrivanek.pl\/en\/wp-json\/wp\/v2\/comments?post=139550"}],"version-history":[{"count":3,"href":"https:\/\/skrivanek.pl\/en\/wp-json\/wp\/v2\/pages\/139550\/revisions"}],"predecessor-version":[{"id":150087,"href":"https:\/\/skrivanek.pl\/en\/wp-json\/wp\/v2\/pages\/139550\/revisions\/150087"}],"wp:attachment":[{"href":"https:\/\/skrivanek.pl\/en\/wp-json\/wp\/v2\/media?parent=139550"}],"curies":[{"name":"wp","href":"https:\/\/api.w.org\/{rel}","templated":true}]}}