{"id":133227,"date":"2024-05-14T14:24:02","date_gmt":"2024-05-14T12:24:02","guid":{"rendered":"https:\/\/skrivanek.pl\/linguistcraft\/"},"modified":"2026-02-05T13:09:46","modified_gmt":"2026-02-05T12:09:46","slug":"linguistcraft","status":"publish","type":"page","link":"https:\/\/skrivanek.pl\/en\/linguistcraft\/","title":{"rendered":"LinguistCraft"},"content":{"rendered":"<div class=\"wpb-content-wrapper\"><p>[vc_row full_width=&#8221;stretch_row_content&#8221; gap=&#8221;15&#8243; css=&#8221;.vc_custom_1765283118706{margin-bottom: 0px !important;padding-bottom: 0px !important;padding-left: 35px !important;background-image: url(https:\/\/skrivanek.pl\/wp-content\/uploads\/2025\/12\/Website-Background-scaled.jpg?id=147839) !important;background-position: center !important;background-repeat: no-repeat !important;background-size: cover !important;}&#8221;][vc_column css=&#8221;.vc_custom_1764149026182{background-color: #FFFFFF00 !important;}&#8221;]<div class=\"clearboth\"><\/div><style>#thegem-divider-69dc767bab889 {margin-top: 80px !important;}<\/style><div id=\"thegem-divider-69dc767bab889\" class=\"gem-divider  \" style=\"\" ><\/div>[vc_row_inner][vc_column_inner]<div class=\"thegem-te-heading thegem-custom-69dc767bab9f69601\" ><h1 id=\"thegem-heading-69dc767bab9c3\" class=\"thegem-heading thegem-custom-heading-69dc767bab9bf4438\" style=\"text-align: left;\" ><span class=\"colored\" style=\"color: #FFFFFF;\">LinguistCraft system<\/span><\/h1><style type=\"text\/css\">#thegem-heading-69dc767bab9c3 {margin: 0;}#thegem-heading-69dc767bab9c3 {font-size: 70px;}#thegem-heading-69dc767bab9c3 {line-height: 80px;}#thegem-heading-69dc767bab9c3, #thegem-heading-69dc767bab9c3 .light {text-transform: none;}@media screen and (max-width: 1023px) and (min-width: 768px) {#thegem-heading-69dc767bab9c3 {font-size: 40px;}}@media screen and (max-width: 1023px) and (min-width: 768px) {#thegem-heading-69dc767bab9c3 {line-height: 50px;}}@media screen and (max-width: 767px) {#thegem-heading-69dc767bab9c3 {font-size: 40px;}}@media screen and (max-width: 767px) {#thegem-heading-69dc767bab9c3 {line-height: 50px;}}#thegem-heading-69dc767bab9c3 a:hover, #thegem-heading-69dc767bab9c3 a:hover span.colored {color: var(--thegem-to-menu-level1-color-hover, #00BCD4) !important;}<\/style><\/div><style>@media screen and (max-width: 1023px) {.thegem-heading.thegem-custom-heading-69dc767bab9bf4438{display: block!important;}}@media screen and (max-width: 767px) {.thegem-heading.thegem-custom-heading-69dc767bab9bf4438{display: block!important;}}@media screen and (max-width: 1023px) {.thegem-heading.thegem-custom-heading-69dc767bab9bf4438{position: relative !important;}}@media screen and (max-width: 767px) {.thegem-heading.thegem-custom-heading-69dc767bab9bf4438{position: relative !important;}}<\/style><div class=\"clearboth\"><\/div><style>#thegem-divider-69dc767baba46 {margin-top: 50px !important;}<\/style><div id=\"thegem-divider-69dc767baba46\" class=\"gem-divider  \" style=\"\" ><\/div>[vc_column_text css=&#8221;&#8221;]<\/p>\n<div class=\"styled-subtitle\"><span style=\"color: #ffffff;\">We are always thrilled to offer you the best possible match between linguist and project, all through our innovative LinguistCraft system!<\/span><\/div>\n<p>[\/vc_column_text]<div class=\"clearboth\"><\/div><style>#thegem-divider-69dc767baba73 {margin-top: 100px !important;}<\/style><div id=\"thegem-divider-69dc767baba73\" class=\"gem-divider  \" style=\"\" ><\/div>[vc_single_image image=&#8221;149664&#8243; img_size=&#8221;full&#8221; css=&#8221;&#8221;]<div class=\"clearboth\"><\/div><style>#thegem-divider-69dc767baba99 {margin-top: 50px !important;}<\/style><div id=\"thegem-divider-69dc767baba99\" class=\"gem-divider  \" style=\"\" ><\/div>[\/vc_column_inner][\/vc_row_inner][\/vc_column][\/vc_row][vc_row][vc_column]<div class=\"clearboth\"><\/div><style>#thegem-divider-69dc767bababd {margin-top: 30px !important;}<\/style><div id=\"thegem-divider-69dc767bababd\" class=\"gem-divider  \" style=\"\" ><\/div>[\/vc_column][\/vc_row][vc_row full_width=&#8221;true&#8221;][vc_column width=&#8221;2\/3&#8243; margin_b=&#8221;false&#8221;][vc_column_text]Here at Skrivanek, we are passionate about ensuring your satisfaction, which is why we take great care to handle each of your projects professionally, from start to finish. Our vendor matching process is designed with your needs in mind, so you can rest assured that your projects remain in the hands of expert linguists, all carefully selected through our advanced matching algorithms.<\/p>\n<p>We consider numerous factors when assigning your task, including quality, expertise, timely delivery, availability, responsiveness, productivity and flexibility. This means that the final product you receive not only meets but exceeds your expectations &#8211; every time.<\/p>\n<p>Our thorough feedback system, integrating the evaluations from our proofreaders, reviewers, project managers, quality controllers and language consultants, motivates all of us to continue to ensure we can offer increasingly higher service quality.<\/p>\n<p>We want you to feel confident knowing that the best people are managing your projects, which is why we classify our linguists as &#8220;preferred&#8221; or &#8220;excluded&#8221;. This guarantees that we only choose those who truly meet your project requirements, saving time, ensuring smooth results and all without any disruptions.[\/vc_column_text][\/vc_column][vc_column width=&#8221;1\/3&#8243;][vc_single_image image=&#8221;133210&#8243; img_size=&#8221;full&#8221;][\/vc_column][\/vc_row][vc_row][vc_column]<div class=\"clearboth\"><\/div><style>#thegem-divider-69dc767babadf {margin-top: 20px !important;}#thegem-divider-69dc767babadf {margin-bottom: 20px !important;}<\/style><div id=\"thegem-divider-69dc767babadf\" class=\"gem-divider  \" style=\"\" ><\/div>[\/vc_column][\/vc_row][vc_row][vc_column width=&#8221;1\/2&#8243;][vc_column_text]<strong>What does this mean for you?<\/strong><\/p>\n<p><strong>\u00a0<\/strong>[\/vc_column_text]<div class=\"gem-list gem-list-type-plus gem-list-color-10\" ><ul>\n<li>Our provider matching is tailored to your guidelines, deadlines, specifications, file formats and more.<\/li>\n<li>Our team remains constant, even if there are any shifts in our personnel or project manager positions.<\/li>\n<li>You can be sure that your projects are always handled by providers who meet your requirements.<\/li>\n<\/ul>\n<\/div>[\/vc_column][vc_column width=&#8221;1\/2&#8243;][vc_column_text]<strong>What does this mean for our language specialists?<\/strong><\/p>\n<p><strong>\u00a0<\/strong>[\/vc_column_text]<div class=\"gem-list gem-list-type-plus gem-list-color-10\" ><ul>\n<li>They become preferred choices &#8211; they gain priority in working for regular clients.<\/li>\n<li>They are prioritised for projects related to new clients.<\/li>\n<li>They guarantee long-term satisfying partnerships.<\/li>\n<\/ul>\n<\/div>[\/vc_column][\/vc_row][vc_row][vc_column]<div class=\"clearboth\"><\/div><style>#thegem-divider-69dc767babbb9 {margin-top: 20px !important;}#thegem-divider-69dc767babbb9 {margin-bottom: 20px !important;}<\/style><div id=\"thegem-divider-69dc767babbb9\" class=\"gem-divider  \" style=\"\" ><\/div>[\/vc_column][\/vc_row][vc_row][vc_column][vc_column_text]Take advantage of our LinguistCraft system and our experienced team, for the best quality work on your projects. Contact us today![\/vc_column_text][\/vc_column][\/vc_row]<\/p>\n<\/div>","protected":false},"excerpt":{"rendered":"<p>[vc_row full_width=&#8221;stretch_row_content&#8221; gap=&#8221;15&#8243; css=&#8221;.vc_custom_1765283118706{margin-bottom: 0px !important;padding-bottom: 0px !important;padding-left: 35px !important;background-image: url(https:\/\/skrivanek.pl\/wp-content\/uploads\/2025\/12\/Website-Background-scaled.jpg?id=147839) !important;background-position: center !important;background-repeat: no-repeat !important;background-size: cover !important;}&#8221;][vc_column css=&#8221;.vc_custom_1764149026182{background-color: #FFFFFF00&#8230;<\/p>\n","protected":false},"author":1,"featured_media":0,"parent":0,"menu_order":0,"comment_status":"closed","ping_status":"closed","template":"","meta":{"footnotes":"","_wp_rev_ctl_limit":""},"class_list":["post-133227","page","type-page","status-publish"],"yoast_head":"<!-- This site is optimized with the Yoast SEO plugin v27.2 - https:\/\/yoast.com\/product\/yoast-seo-wordpress\/ -->\n<title>Linguistcraft \u2013 Cutting-Edge Language Solutions | Skrivanek Translation Agency<\/title>\n<meta name=\"description\" content=\"LinguistCraft is an advanced system for matching linguists to projects, guaranteeing the highest translation quality and perfect alignment with your needs.\" \/>\n<meta name=\"robots\" content=\"index, follow, max-snippet:-1, max-image-preview:large, max-video-preview:-1\" \/>\n<link rel=\"canonical\" href=\"https:\/\/skrivanek.pl\/en\/linguistcraft\/\" \/>\n<meta property=\"og:locale\" content=\"en_US\" \/>\n<meta property=\"og:type\" content=\"article\" \/>\n<meta property=\"og:title\" content=\"Linguistcraft \u2013 Cutting-Edge Language Solutions | Skrivanek Translation Agency\" \/>\n<meta property=\"og:description\" content=\"LinguistCraft is an advanced system for matching linguists to projects, guaranteeing the highest translation quality and perfect alignment with your needs.\" \/>\n<meta property=\"og:url\" content=\"https:\/\/skrivanek.pl\/en\/linguistcraft\/\" \/>\n<meta property=\"og:site_name\" content=\"Skrivanek - agencja t\u0142umacze\u0144\" \/>\n<meta property=\"article:publisher\" content=\"https:\/\/www.facebook.com\/SkrivanekPolska\" \/>\n<meta property=\"article:modified_time\" content=\"2026-02-05T12:09:46+00:00\" \/>\n<meta property=\"og:image\" content=\"https:\/\/skrivanek.pl\/wp-content\/uploads\/2019\/11\/google-plus-2.jpg\" \/>\n\t<meta property=\"og:image:width\" content=\"426\" \/>\n\t<meta property=\"og:image:height\" content=\"240\" \/>\n\t<meta property=\"og:image:type\" content=\"image\/jpeg\" \/>\n<meta name=\"twitter:card\" content=\"summary_large_image\" \/>\n<meta name=\"twitter:label1\" content=\"Est. reading time\" \/>\n\t<meta name=\"twitter:data1\" content=\"4 minutes\" \/>\n<script type=\"application\/ld+json\" class=\"yoast-schema-graph\">{\"@context\":\"https:\/\/schema.org\",\"@graph\":[{\"@type\":\"WebPage\",\"@id\":\"https:\/\/skrivanek.pl\/en\/linguistcraft\/\",\"url\":\"https:\/\/skrivanek.pl\/en\/linguistcraft\/\",\"name\":\"Linguistcraft \u2013 Cutting-Edge Language Solutions | Skrivanek Translation Agency\",\"isPartOf\":{\"@id\":\"https:\/\/skrivanek.pl\/#website\"},\"datePublished\":\"2024-05-14T12:24:02+00:00\",\"dateModified\":\"2026-02-05T12:09:46+00:00\",\"description\":\"LinguistCraft is an advanced system for matching linguists to projects, guaranteeing the highest translation quality and perfect alignment with your needs.\",\"breadcrumb\":{\"@id\":\"https:\/\/skrivanek.pl\/en\/linguistcraft\/#breadcrumb\"},\"inLanguage\":\"en-US\",\"potentialAction\":[{\"@type\":\"ReadAction\",\"target\":[\"https:\/\/skrivanek.pl\/en\/linguistcraft\/\"]}]},{\"@type\":\"BreadcrumbList\",\"@id\":\"https:\/\/skrivanek.pl\/en\/linguistcraft\/#breadcrumb\",\"itemListElement\":[{\"@type\":\"ListItem\",\"position\":1,\"name\":\"Strona g\u0142\u00f3wna\",\"item\":\"https:\/\/skrivanek.pl\/en\/\"},{\"@type\":\"ListItem\",\"position\":2,\"name\":\"LinguistCraft\"}]},{\"@type\":\"WebSite\",\"@id\":\"https:\/\/skrivanek.pl\/#website\",\"url\":\"https:\/\/skrivanek.pl\/\",\"name\":\"Skrivanek - agencja t\u0142umacze\u0144\",\"description\":\"Skrivanek - t\u0142umaczenia\",\"publisher\":{\"@id\":\"https:\/\/skrivanek.pl\/#organization\"},\"potentialAction\":[{\"@type\":\"SearchAction\",\"target\":{\"@type\":\"EntryPoint\",\"urlTemplate\":\"https:\/\/skrivanek.pl\/?s={search_term_string}\"},\"query-input\":{\"@type\":\"PropertyValueSpecification\",\"valueRequired\":true,\"valueName\":\"search_term_string\"}}],\"inLanguage\":\"en-US\"},{\"@type\":\"Organization\",\"@id\":\"https:\/\/skrivanek.pl\/#organization\",\"name\":\"Skrivanek agencja t\u0142umacze\u0144 i szko\u0142a j\u0119zykowa\",\"url\":\"https:\/\/skrivanek.pl\/\",\"logo\":{\"@type\":\"ImageObject\",\"inLanguage\":\"en-US\",\"@id\":\"https:\/\/skrivanek.pl\/#\/schema\/logo\/image\/\",\"url\":\"https:\/\/skrivanek.pl\/wp-content\/uploads\/2020\/12\/logo-skrivanek-black.png\",\"contentUrl\":\"https:\/\/skrivanek.pl\/wp-content\/uploads\/2020\/12\/logo-skrivanek-black.png\",\"width\":441,\"height\":116,\"caption\":\"Skrivanek agencja t\u0142umacze\u0144 i szko\u0142a j\u0119zykowa\"},\"image\":{\"@id\":\"https:\/\/skrivanek.pl\/#\/schema\/logo\/image\/\"},\"sameAs\":[\"https:\/\/www.facebook.com\/SkrivanekPolska\",\"https:\/\/www.instagram.com\/skrivanek_official\/\",\"https:\/\/www.linkedin.com\/company\/skrivanek-poland\/\",\"https:\/\/www.youtube.com\/c\/SkrivanekPl\/\"]}]}<\/script>\n<!-- \/ Yoast SEO plugin. -->","yoast_head_json":{"title":"Linguistcraft \u2013 Cutting-Edge Language Solutions | Skrivanek Translation Agency","description":"LinguistCraft is an advanced system for matching linguists to projects, guaranteeing the highest translation quality and perfect alignment with your needs.","robots":{"index":"index","follow":"follow","max-snippet":"max-snippet:-1","max-image-preview":"max-image-preview:large","max-video-preview":"max-video-preview:-1"},"canonical":"https:\/\/skrivanek.pl\/en\/linguistcraft\/","og_locale":"en_US","og_type":"article","og_title":"Linguistcraft \u2013 Cutting-Edge Language Solutions | Skrivanek Translation Agency","og_description":"LinguistCraft is an advanced system for matching linguists to projects, guaranteeing the highest translation quality and perfect alignment with your needs.","og_url":"https:\/\/skrivanek.pl\/en\/linguistcraft\/","og_site_name":"Skrivanek - agencja t\u0142umacze\u0144","article_publisher":"https:\/\/www.facebook.com\/SkrivanekPolska","article_modified_time":"2026-02-05T12:09:46+00:00","og_image":[{"width":426,"height":240,"url":"https:\/\/skrivanek.pl\/wp-content\/uploads\/2019\/11\/google-plus-2.jpg","type":"image\/jpeg"}],"twitter_card":"summary_large_image","twitter_misc":{"Est. reading time":"4 minutes"},"schema":{"@context":"https:\/\/schema.org","@graph":[{"@type":"WebPage","@id":"https:\/\/skrivanek.pl\/en\/linguistcraft\/","url":"https:\/\/skrivanek.pl\/en\/linguistcraft\/","name":"Linguistcraft \u2013 Cutting-Edge Language Solutions | Skrivanek Translation Agency","isPartOf":{"@id":"https:\/\/skrivanek.pl\/#website"},"datePublished":"2024-05-14T12:24:02+00:00","dateModified":"2026-02-05T12:09:46+00:00","description":"LinguistCraft is an advanced system for matching linguists to projects, guaranteeing the highest translation quality and perfect alignment with your needs.","breadcrumb":{"@id":"https:\/\/skrivanek.pl\/en\/linguistcraft\/#breadcrumb"},"inLanguage":"en-US","potentialAction":[{"@type":"ReadAction","target":["https:\/\/skrivanek.pl\/en\/linguistcraft\/"]}]},{"@type":"BreadcrumbList","@id":"https:\/\/skrivanek.pl\/en\/linguistcraft\/#breadcrumb","itemListElement":[{"@type":"ListItem","position":1,"name":"Strona g\u0142\u00f3wna","item":"https:\/\/skrivanek.pl\/en\/"},{"@type":"ListItem","position":2,"name":"LinguistCraft"}]},{"@type":"WebSite","@id":"https:\/\/skrivanek.pl\/#website","url":"https:\/\/skrivanek.pl\/","name":"Skrivanek - agencja t\u0142umacze\u0144","description":"Skrivanek - t\u0142umaczenia","publisher":{"@id":"https:\/\/skrivanek.pl\/#organization"},"potentialAction":[{"@type":"SearchAction","target":{"@type":"EntryPoint","urlTemplate":"https:\/\/skrivanek.pl\/?s={search_term_string}"},"query-input":{"@type":"PropertyValueSpecification","valueRequired":true,"valueName":"search_term_string"}}],"inLanguage":"en-US"},{"@type":"Organization","@id":"https:\/\/skrivanek.pl\/#organization","name":"Skrivanek agencja t\u0142umacze\u0144 i szko\u0142a j\u0119zykowa","url":"https:\/\/skrivanek.pl\/","logo":{"@type":"ImageObject","inLanguage":"en-US","@id":"https:\/\/skrivanek.pl\/#\/schema\/logo\/image\/","url":"https:\/\/skrivanek.pl\/wp-content\/uploads\/2020\/12\/logo-skrivanek-black.png","contentUrl":"https:\/\/skrivanek.pl\/wp-content\/uploads\/2020\/12\/logo-skrivanek-black.png","width":441,"height":116,"caption":"Skrivanek agencja t\u0142umacze\u0144 i szko\u0142a j\u0119zykowa"},"image":{"@id":"https:\/\/skrivanek.pl\/#\/schema\/logo\/image\/"},"sameAs":["https:\/\/www.facebook.com\/SkrivanekPolska","https:\/\/www.instagram.com\/skrivanek_official\/","https:\/\/www.linkedin.com\/company\/skrivanek-poland\/","https:\/\/www.youtube.com\/c\/SkrivanekPl\/"]}]}},"_links":{"self":[{"href":"https:\/\/skrivanek.pl\/en\/wp-json\/wp\/v2\/pages\/133227","targetHints":{"allow":["GET"]}}],"collection":[{"href":"https:\/\/skrivanek.pl\/en\/wp-json\/wp\/v2\/pages"}],"about":[{"href":"https:\/\/skrivanek.pl\/en\/wp-json\/wp\/v2\/types\/page"}],"author":[{"embeddable":true,"href":"https:\/\/skrivanek.pl\/en\/wp-json\/wp\/v2\/users\/1"}],"replies":[{"embeddable":true,"href":"https:\/\/skrivanek.pl\/en\/wp-json\/wp\/v2\/comments?post=133227"}],"version-history":[{"count":3,"href":"https:\/\/skrivanek.pl\/en\/wp-json\/wp\/v2\/pages\/133227\/revisions"}],"predecessor-version":[{"id":150270,"href":"https:\/\/skrivanek.pl\/en\/wp-json\/wp\/v2\/pages\/133227\/revisions\/150270"}],"wp:attachment":[{"href":"https:\/\/skrivanek.pl\/en\/wp-json\/wp\/v2\/media?parent=133227"}],"curies":[{"name":"wp","href":"https:\/\/api.w.org\/{rel}","templated":true}]}}