{"id":1203,"date":"2017-06-08T15:11:16","date_gmt":"2017-06-08T13:11:16","guid":{"rendered":"http:\/\/new.skrivanek.pl\/?page_id=1203&#038;lang=en"},"modified":"2026-02-05T12:35:07","modified_gmt":"2026-02-05T11:35:07","slug":"iso-9001","status":"publish","type":"page","link":"https:\/\/skrivanek.pl\/en\/about-us\/standards\/iso-9001\/","title":{"rendered":"ISO 9001:2015"},"content":{"rendered":"<div class=\"wpb-content-wrapper\"><p>[vc_row css=&#8221;.vc_custom_1602755674326{margin-top: 50px !important;}&#8221;][vc_column]<div class=\"clearboth\"><\/div><style>#thegem-divider-69e0fcc68d8ff {margin-top: 100px !important;}<\/style><div id=\"thegem-divider-69e0fcc68d8ff\" class=\"gem-divider  \" style=\"\" ><\/div>[vc_column_text css=&#8221;&#8221;]<\/p>\n<h1><span style=\"color: #ff6440;\"><strong>ISO 9001:2015<\/strong><\/span><\/h1>\n<p>[\/vc_column_text][\/vc_column][\/vc_row][vc_row full_width=&#8221;true&#8221;][vc_column][vc_row_inner equal_height=&#8221;yes&#8221;][vc_column_inner width=&#8221;2\/3&#8243;][vc_column_text css=&#8221;&#8221;]<\/p>\n<div class=\"nz-column-text nz-clearfix\">\n<p>We make every effort to ensure that the <a href=\"https:\/\/skrivanek.pl\/en\/translation\/\">translation<\/a> and <a href=\"https:\/\/skrivanek.pl\/en\/language-school\/\">teaching services<\/a> provided by our company, as well as all its operations, comply with the applicable quality standards and EU directives. Within our mission to \u201cprovide our business partners with dedicated, innovative and comprehensive language services meeting the highest quality standards<em>\u201d<\/em>, it was necessary to implement the <strong>ISO 9001:2008<\/strong> quality management standard. What is the role of this standard?<\/p>\n<p>Standards in the <strong>ISO 9000<\/strong> group cover various aspects of quality management. Under the standards, companies and organisations willing to ensure that their products and services meet the high demands of the clients and constantly improve in quality are provided with detailed guidelines and useful tools to help them implement these principles.<\/p>\n<\/div>\n<div class=\"nz-column-text nz-clearfix\">\n<h2>Quality management principles<\/h2>\n<p>The standard builds on many quality management principles, such as customer focus, the process approach, the encouragement and engagement of top management and the policy of continuous improvement. We recommend that you read the \u201cQuality Management Principles\u201d document, explaining these principles in more detail. Using an ISO 9001:2008 compliant quality management system ensures that clients always receive high-quality products and services, which should in turn translate into tangible business benefits for both providers and clients.<\/p>\n<\/div>\n<p>[\/vc_column_text][\/vc_column_inner][vc_column_inner width=&#8221;1\/3&#8243;][vc_single_image image=&#8221;138666&#8243; img_size=&#8221;large&#8221; alignment=&#8221;center&#8221; onclick=&#8221;link_image&#8221; css=&#8221;&#8221;][\/vc_column_inner][\/vc_row_inner][vc_column_text css=&#8221;&#8221;]<\/p>\n<h2>Auditing<\/h2>\n<div class=\"nz-column-text nz-clearfix\">\n<p>The constant monitoring of the proper functioning of the system is an integral part of <strong>ISO 9001:2008<\/strong>. Organisations must periodically conduct internal audits in order to check whether their quality management system is working as intended. They can also choose to hire an independent certification organisation to assess their compliance with the norm, although this is not a requirement. Importantly, the certified organisation can, and sometimes even should, ask its clients whether the quality management system implemented in the company fully meets their demands.<script type=\"application\/ld+json\">\r\n{\r\n  \"@context\": \"https:\/\/schema.org\/\",\r\n  \"@type\": \"Product\",\r\n  \"name\": \"ISO 9001:2015\",\r\n  \"description\": \"Standards in the ISO 9000 group cover various aspects of quality management. Under the standards, companies and organisations willing to ensure that their products and services meet the high demands of the clients and constantly improve in quality are provided with detailed guidelines and useful tools to help them implement these principles.\",\r\n  \"aggregateRating\": {\r\n    \"@type\": \"AggregateRating\",\r\n    \"ratingValue\": \"4.9\",\r\n    \"ratingCount\": \"422\"\r\n  }\r\n}\r\n<\/script><\/p>\n<\/div>\n<p>[\/vc_column_text][\/vc_column][\/vc_row]<\/p>\n<\/div>","protected":false},"excerpt":{"rendered":"<p>[vc_row css=&#8221;.vc_custom_1602755674326{margin-top: 50px !important;}&#8221;][vc_column][vc_column_text css=&#8221;&#8221;] ISO 9001:2015 [\/vc_column_text][\/vc_column][\/vc_row][vc_row full_width=&#8221;true&#8221;][vc_column][vc_row_inner equal_height=&#8221;yes&#8221;][vc_column_inner width=&#8221;2\/3&#8243;][vc_column_text css=&#8221;&#8221;] We make every effort to ensure that the&#8230;<\/p>\n","protected":false},"author":1,"featured_media":0,"parent":1221,"menu_order":0,"comment_status":"closed","ping_status":"closed","template":"","meta":{"footnotes":"","_wp_rev_ctl_limit":""},"class_list":["post-1203","page","type-page","status-publish"],"yoast_head":"<!-- This site is optimized with the Yoast SEO plugin v27.2 - https:\/\/yoast.com\/product\/yoast-seo-wordpress\/ -->\n<title>ISO 9001. Certified translation quality by Skrivanek.<\/title>\n<meta name=\"description\" content=\"As we believe in the highest quality of translations and teaching, we implement the most stringent quality management system under ISO 9001.\" \/>\n<meta name=\"robots\" content=\"index, follow, max-snippet:-1, max-image-preview:large, max-video-preview:-1\" \/>\n<link rel=\"canonical\" href=\"https:\/\/skrivanek.pl\/en\/about-us\/standards\/iso-9001\/\" \/>\n<meta property=\"og:locale\" content=\"en_US\" \/>\n<meta property=\"og:type\" content=\"article\" \/>\n<meta property=\"og:title\" content=\"ISO 9001. Certified translation quality by Skrivanek.\" \/>\n<meta property=\"og:description\" content=\"As we believe in the highest quality of translations and teaching, we implement the most stringent quality management system under ISO 9001.\" \/>\n<meta property=\"og:url\" content=\"https:\/\/skrivanek.pl\/en\/about-us\/standards\/iso-9001\/\" \/>\n<meta property=\"og:site_name\" content=\"Skrivanek - agencja t\u0142umacze\u0144\" \/>\n<meta property=\"article:publisher\" content=\"https:\/\/www.facebook.com\/SkrivanekPolska\" \/>\n<meta property=\"article:modified_time\" content=\"2026-02-05T11:35:07+00:00\" \/>\n<meta property=\"og:image\" content=\"https:\/\/skrivanek.pl\/wp-content\/uploads\/2019\/11\/google-plus-2.jpg\" \/>\n\t<meta property=\"og:image:width\" content=\"426\" \/>\n\t<meta property=\"og:image:height\" content=\"240\" \/>\n\t<meta property=\"og:image:type\" content=\"image\/jpeg\" \/>\n<meta name=\"twitter:card\" content=\"summary_large_image\" \/>\n<meta name=\"twitter:label1\" content=\"Est. reading time\" \/>\n\t<meta name=\"twitter:data1\" content=\"3 minutes\" \/>\n<script type=\"application\/ld+json\" class=\"yoast-schema-graph\">{\"@context\":\"https:\/\/schema.org\",\"@graph\":[{\"@type\":\"WebPage\",\"@id\":\"https:\/\/skrivanek.pl\/en\/about-us\/standards\/iso-9001\/\",\"url\":\"https:\/\/skrivanek.pl\/en\/about-us\/standards\/iso-9001\/\",\"name\":\"ISO 9001. Certified translation quality by Skrivanek.\",\"isPartOf\":{\"@id\":\"https:\/\/skrivanek.pl\/#website\"},\"datePublished\":\"2017-06-08T13:11:16+00:00\",\"dateModified\":\"2026-02-05T11:35:07+00:00\",\"description\":\"As we believe in the highest quality of translations and teaching, we implement the most stringent quality management system under ISO 9001.\",\"breadcrumb\":{\"@id\":\"https:\/\/skrivanek.pl\/en\/about-us\/standards\/iso-9001\/#breadcrumb\"},\"inLanguage\":\"en-US\",\"potentialAction\":[{\"@type\":\"ReadAction\",\"target\":[\"https:\/\/skrivanek.pl\/en\/about-us\/standards\/iso-9001\/\"]}]},{\"@type\":\"BreadcrumbList\",\"@id\":\"https:\/\/skrivanek.pl\/en\/about-us\/standards\/iso-9001\/#breadcrumb\",\"itemListElement\":[{\"@type\":\"ListItem\",\"position\":1,\"name\":\"Strona g\u0142\u00f3wna\",\"item\":\"https:\/\/skrivanek.pl\/en\/\"},{\"@type\":\"ListItem\",\"position\":2,\"name\":\"ABOUT US\",\"item\":\"https:\/\/skrivanek.pl\/en\/about-us\/\"},{\"@type\":\"ListItem\",\"position\":3,\"name\":\"STANDARDS\",\"item\":\"https:\/\/skrivanek.pl\/en\/about-us\/standards\/\"},{\"@type\":\"ListItem\",\"position\":4,\"name\":\"ISO 9001:2015\"}]},{\"@type\":\"WebSite\",\"@id\":\"https:\/\/skrivanek.pl\/#website\",\"url\":\"https:\/\/skrivanek.pl\/\",\"name\":\"Skrivanek - agencja t\u0142umacze\u0144\",\"description\":\"Skrivanek - t\u0142umaczenia\",\"publisher\":{\"@id\":\"https:\/\/skrivanek.pl\/#organization\"},\"potentialAction\":[{\"@type\":\"SearchAction\",\"target\":{\"@type\":\"EntryPoint\",\"urlTemplate\":\"https:\/\/skrivanek.pl\/?s={search_term_string}\"},\"query-input\":{\"@type\":\"PropertyValueSpecification\",\"valueRequired\":true,\"valueName\":\"search_term_string\"}}],\"inLanguage\":\"en-US\"},{\"@type\":\"Organization\",\"@id\":\"https:\/\/skrivanek.pl\/#organization\",\"name\":\"Skrivanek agencja t\u0142umacze\u0144 i szko\u0142a j\u0119zykowa\",\"url\":\"https:\/\/skrivanek.pl\/\",\"logo\":{\"@type\":\"ImageObject\",\"inLanguage\":\"en-US\",\"@id\":\"https:\/\/skrivanek.pl\/#\/schema\/logo\/image\/\",\"url\":\"https:\/\/skrivanek.pl\/wp-content\/uploads\/2020\/12\/logo-skrivanek-black.png\",\"contentUrl\":\"https:\/\/skrivanek.pl\/wp-content\/uploads\/2020\/12\/logo-skrivanek-black.png\",\"width\":441,\"height\":116,\"caption\":\"Skrivanek agencja t\u0142umacze\u0144 i szko\u0142a j\u0119zykowa\"},\"image\":{\"@id\":\"https:\/\/skrivanek.pl\/#\/schema\/logo\/image\/\"},\"sameAs\":[\"https:\/\/www.facebook.com\/SkrivanekPolska\",\"https:\/\/www.instagram.com\/skrivanek_official\/\",\"https:\/\/www.linkedin.com\/company\/skrivanek-poland\/\",\"https:\/\/www.youtube.com\/c\/SkrivanekPl\/\"]}]}<\/script>\n<!-- \/ Yoast SEO plugin. -->","yoast_head_json":{"title":"ISO 9001. Certified translation quality by Skrivanek.","description":"As we believe in the highest quality of translations and teaching, we implement the most stringent quality management system under ISO 9001.","robots":{"index":"index","follow":"follow","max-snippet":"max-snippet:-1","max-image-preview":"max-image-preview:large","max-video-preview":"max-video-preview:-1"},"canonical":"https:\/\/skrivanek.pl\/en\/about-us\/standards\/iso-9001\/","og_locale":"en_US","og_type":"article","og_title":"ISO 9001. Certified translation quality by Skrivanek.","og_description":"As we believe in the highest quality of translations and teaching, we implement the most stringent quality management system under ISO 9001.","og_url":"https:\/\/skrivanek.pl\/en\/about-us\/standards\/iso-9001\/","og_site_name":"Skrivanek - agencja t\u0142umacze\u0144","article_publisher":"https:\/\/www.facebook.com\/SkrivanekPolska","article_modified_time":"2026-02-05T11:35:07+00:00","og_image":[{"width":426,"height":240,"url":"https:\/\/skrivanek.pl\/wp-content\/uploads\/2019\/11\/google-plus-2.jpg","type":"image\/jpeg"}],"twitter_card":"summary_large_image","twitter_misc":{"Est. reading time":"3 minutes"},"schema":{"@context":"https:\/\/schema.org","@graph":[{"@type":"WebPage","@id":"https:\/\/skrivanek.pl\/en\/about-us\/standards\/iso-9001\/","url":"https:\/\/skrivanek.pl\/en\/about-us\/standards\/iso-9001\/","name":"ISO 9001. Certified translation quality by Skrivanek.","isPartOf":{"@id":"https:\/\/skrivanek.pl\/#website"},"datePublished":"2017-06-08T13:11:16+00:00","dateModified":"2026-02-05T11:35:07+00:00","description":"As we believe in the highest quality of translations and teaching, we implement the most stringent quality management system under ISO 9001.","breadcrumb":{"@id":"https:\/\/skrivanek.pl\/en\/about-us\/standards\/iso-9001\/#breadcrumb"},"inLanguage":"en-US","potentialAction":[{"@type":"ReadAction","target":["https:\/\/skrivanek.pl\/en\/about-us\/standards\/iso-9001\/"]}]},{"@type":"BreadcrumbList","@id":"https:\/\/skrivanek.pl\/en\/about-us\/standards\/iso-9001\/#breadcrumb","itemListElement":[{"@type":"ListItem","position":1,"name":"Strona g\u0142\u00f3wna","item":"https:\/\/skrivanek.pl\/en\/"},{"@type":"ListItem","position":2,"name":"ABOUT US","item":"https:\/\/skrivanek.pl\/en\/about-us\/"},{"@type":"ListItem","position":3,"name":"STANDARDS","item":"https:\/\/skrivanek.pl\/en\/about-us\/standards\/"},{"@type":"ListItem","position":4,"name":"ISO 9001:2015"}]},{"@type":"WebSite","@id":"https:\/\/skrivanek.pl\/#website","url":"https:\/\/skrivanek.pl\/","name":"Skrivanek - agencja t\u0142umacze\u0144","description":"Skrivanek - t\u0142umaczenia","publisher":{"@id":"https:\/\/skrivanek.pl\/#organization"},"potentialAction":[{"@type":"SearchAction","target":{"@type":"EntryPoint","urlTemplate":"https:\/\/skrivanek.pl\/?s={search_term_string}"},"query-input":{"@type":"PropertyValueSpecification","valueRequired":true,"valueName":"search_term_string"}}],"inLanguage":"en-US"},{"@type":"Organization","@id":"https:\/\/skrivanek.pl\/#organization","name":"Skrivanek agencja t\u0142umacze\u0144 i szko\u0142a j\u0119zykowa","url":"https:\/\/skrivanek.pl\/","logo":{"@type":"ImageObject","inLanguage":"en-US","@id":"https:\/\/skrivanek.pl\/#\/schema\/logo\/image\/","url":"https:\/\/skrivanek.pl\/wp-content\/uploads\/2020\/12\/logo-skrivanek-black.png","contentUrl":"https:\/\/skrivanek.pl\/wp-content\/uploads\/2020\/12\/logo-skrivanek-black.png","width":441,"height":116,"caption":"Skrivanek agencja t\u0142umacze\u0144 i szko\u0142a j\u0119zykowa"},"image":{"@id":"https:\/\/skrivanek.pl\/#\/schema\/logo\/image\/"},"sameAs":["https:\/\/www.facebook.com\/SkrivanekPolska","https:\/\/www.instagram.com\/skrivanek_official\/","https:\/\/www.linkedin.com\/company\/skrivanek-poland\/","https:\/\/www.youtube.com\/c\/SkrivanekPl\/"]}]}},"_links":{"self":[{"href":"https:\/\/skrivanek.pl\/en\/wp-json\/wp\/v2\/pages\/1203","targetHints":{"allow":["GET"]}}],"collection":[{"href":"https:\/\/skrivanek.pl\/en\/wp-json\/wp\/v2\/pages"}],"about":[{"href":"https:\/\/skrivanek.pl\/en\/wp-json\/wp\/v2\/types\/page"}],"author":[{"embeddable":true,"href":"https:\/\/skrivanek.pl\/en\/wp-json\/wp\/v2\/users\/1"}],"replies":[{"embeddable":true,"href":"https:\/\/skrivanek.pl\/en\/wp-json\/wp\/v2\/comments?post=1203"}],"version-history":[{"count":3,"href":"https:\/\/skrivanek.pl\/en\/wp-json\/wp\/v2\/pages\/1203\/revisions"}],"predecessor-version":[{"id":150244,"href":"https:\/\/skrivanek.pl\/en\/wp-json\/wp\/v2\/pages\/1203\/revisions\/150244"}],"up":[{"embeddable":true,"href":"https:\/\/skrivanek.pl\/en\/wp-json\/wp\/v2\/pages\/1221"}],"wp:attachment":[{"href":"https:\/\/skrivanek.pl\/en\/wp-json\/wp\/v2\/media?parent=1203"}],"curies":[{"name":"wp","href":"https:\/\/api.w.org\/{rel}","templated":true}]}}