{"id":1202,"date":"2017-06-08T15:09:48","date_gmt":"2017-06-08T13:09:48","guid":{"rendered":"http:\/\/new.skrivanek.pl\/?page_id=1202&#038;lang=en"},"modified":"2026-02-05T12:38:38","modified_gmt":"2026-02-05T11:38:38","slug":"iso-270012013","status":"publish","type":"page","link":"https:\/\/skrivanek.pl\/en\/about-us\/standards\/iso-270012013\/","title":{"rendered":"ISO 27001:2022"},"content":{"rendered":"<div class=\"wpb-content-wrapper\"><p>[vc_row css=&#8221;.vc_custom_1602755674326{margin-top: 50px !important;}&#8221;][vc_column]<div class=\"clearboth\"><\/div><style>#thegem-divider-69e45d191f952 {margin-top: 100px !important;}<\/style><div id=\"thegem-divider-69e45d191f952\" class=\"gem-divider  \" style=\"\" ><\/div>[vc_column_text css=&#8221;&#8221;]<\/p>\n<h1><span style=\"color: #ff6440;\"><strong>ISO 27001:2022<\/strong><\/span><\/h1>\n<p>[\/vc_column_text][\/vc_column][\/vc_row][vc_row full_width=&#8221;true&#8221;][vc_column][vc_row_inner equal_height=&#8221;yes&#8221;][vc_column_inner width=&#8221;2\/3&#8243;][vc_column_text css=&#8221;&#8221;]We are pleased to announce that in October 2012 Skrivanek was awarded a certificate of compliance with the <strong>ISO 27001<\/strong> standard, attesting to the proper management of information security in our company. We work with various documents and information on a daily basis, much of which is <a href=\"https:\/\/skrivanek.pl\/en\/translation\/certified-translation\/\">confidential<\/a>. It is important to us that all employees are aware of our great responsibility, particularly when working on documents belonging to our clients. The new standard will allow us to take even better care of your security and to implement increasingly stringent procedures and norms.<\/p>\n<p>The <strong>ISO 27001<\/strong> standard, which was introduced in Poland in 2007, constitutes a specification for information security management systems. The relevant certification is awarded upon auditing the compliance with the specification in the company.<script type=\"application\/ld+json\">\r\n{\r\n  \"@context\": \"https:\/\/schema.org\/\",\r\n  \"@type\": \"Product\",\r\n  \"name\": \"ISO 27001:2013\",\r\n  \"description\": \"We are pleased to announce that in October 2012 Skrivanek was awarded a certificate of compliance with the ISO 27001 standard, attesting to the proper management of information security in our company. We work with various documents and information on a daily basis, much of which is confidential. It is important to us that all employees are aware of our great responsibility, particularly when working on documents belonging to our clients. The new standard will allow us to take even better care of your security and to implement increasingly stringent procedures and norms.\",\r\n  \"aggregateRating\": {\r\n    \"@type\": \"AggregateRating\",\r\n    \"ratingValue\": \"4.9\",\r\n    \"ratingCount\": \"422\"\r\n  }\r\n}\r\n<\/script><\/p>\n<p><strong>ISO 27001<\/strong> defines as many as eleven areas that should be properly monitored, among others:[\/vc_column_text]<div class=\"gem-list gem-list-type-double-arrow gem-list-color-5\" ><ul>\n<li>security policies,<\/li>\n<li>human resource security,<\/li>\n<li>access control,<\/li>\n<li>system and network management,<\/li>\n<li>incident management,<\/li>\n<li>development and maintenance of IT systems.<\/li>\n<\/ul>\n<\/div>[vc_column_text]<\/p>\n<div class=\"catName cat101474\">\n<p>The standard covers company policy planning, operating models, implementation, monitoring and improvement.In short, any <strong>ISO 27001<\/strong> certified company must have proved that it takes proper care of the security of information and confidential client data, and is thus a trustworthy business partner.<\/p>\n<p>We pride ourselves on being able to assure our clients that we have been certified to this standard.<\/p>\n<\/div>\n<p>[\/vc_column_text][\/vc_column_inner][vc_column_inner width=&#8221;1\/3&#8243;][vc_single_image image=&#8221;138682&#8243; img_size=&#8221;large&#8221; alignment=&#8221;center&#8221; css=&#8221;&#8221;][\/vc_column_inner][\/vc_row_inner][\/vc_column][\/vc_row]<\/p>\n<\/div>","protected":false},"excerpt":{"rendered":"<p>[vc_row css=&#8221;.vc_custom_1602755674326{margin-top: 50px !important;}&#8221;][vc_column][vc_column_text css=&#8221;&#8221;] ISO 27001:2022 [\/vc_column_text][\/vc_column][\/vc_row][vc_row full_width=&#8221;true&#8221;][vc_column][vc_row_inner equal_height=&#8221;yes&#8221;][vc_column_inner width=&#8221;2\/3&#8243;][vc_column_text css=&#8221;&#8221;]We are pleased to announce that in October 2012&#8230;<\/p>\n","protected":false},"author":1,"featured_media":0,"parent":1221,"menu_order":0,"comment_status":"closed","ping_status":"closed","template":"","meta":{"footnotes":"","_wp_rev_ctl_limit":""},"class_list":["post-1202","page","type-page","status-publish"],"yoast_head":"<!-- This site is optimized with the Yoast SEO plugin v27.2 - https:\/\/yoast.com\/product\/yoast-seo-wordpress\/ -->\n<title>Highest standards of data protection from Skrivanek<\/title>\n<meta name=\"description\" content=\"Data protection is crucial in translations, which is why we adopted the Information Security Management System in line with ISO 27001.\" \/>\n<meta name=\"robots\" content=\"index, follow, max-snippet:-1, max-image-preview:large, max-video-preview:-1\" \/>\n<link rel=\"canonical\" href=\"https:\/\/skrivanek.pl\/en\/about-us\/standards\/iso-270012013\/\" \/>\n<meta property=\"og:locale\" content=\"en_US\" \/>\n<meta property=\"og:type\" content=\"article\" \/>\n<meta property=\"og:title\" content=\"Highest standards of data protection from Skrivanek\" \/>\n<meta property=\"og:description\" content=\"Data protection is crucial in translations, which is why we adopted the Information Security Management System in line with ISO 27001.\" \/>\n<meta property=\"og:url\" content=\"https:\/\/skrivanek.pl\/en\/about-us\/standards\/iso-270012013\/\" \/>\n<meta property=\"og:site_name\" content=\"Skrivanek - agencja t\u0142umacze\u0144\" \/>\n<meta property=\"article:publisher\" content=\"https:\/\/www.facebook.com\/SkrivanekPolska\" \/>\n<meta property=\"article:modified_time\" content=\"2026-02-05T11:38:38+00:00\" \/>\n<meta property=\"og:image\" content=\"https:\/\/skrivanek.pl\/wp-content\/uploads\/2019\/11\/google-plus-2.jpg\" \/>\n\t<meta property=\"og:image:width\" content=\"426\" \/>\n\t<meta property=\"og:image:height\" content=\"240\" \/>\n\t<meta property=\"og:image:type\" content=\"image\/jpeg\" \/>\n<meta name=\"twitter:card\" content=\"summary_large_image\" \/>\n<meta name=\"twitter:label1\" content=\"Est. reading time\" \/>\n\t<meta name=\"twitter:data1\" content=\"2 minutes\" \/>\n<script type=\"application\/ld+json\" class=\"yoast-schema-graph\">{\"@context\":\"https:\/\/schema.org\",\"@graph\":[{\"@type\":\"WebPage\",\"@id\":\"https:\/\/skrivanek.pl\/en\/about-us\/standards\/iso-270012013\/\",\"url\":\"https:\/\/skrivanek.pl\/en\/about-us\/standards\/iso-270012013\/\",\"name\":\"Highest standards of data protection from Skrivanek\",\"isPartOf\":{\"@id\":\"https:\/\/skrivanek.pl\/#website\"},\"datePublished\":\"2017-06-08T13:09:48+00:00\",\"dateModified\":\"2026-02-05T11:38:38+00:00\",\"description\":\"Data protection is crucial in translations, which is why we adopted the Information Security Management System in line with ISO 27001.\",\"breadcrumb\":{\"@id\":\"https:\/\/skrivanek.pl\/en\/about-us\/standards\/iso-270012013\/#breadcrumb\"},\"inLanguage\":\"en-US\",\"potentialAction\":[{\"@type\":\"ReadAction\",\"target\":[\"https:\/\/skrivanek.pl\/en\/about-us\/standards\/iso-270012013\/\"]}]},{\"@type\":\"BreadcrumbList\",\"@id\":\"https:\/\/skrivanek.pl\/en\/about-us\/standards\/iso-270012013\/#breadcrumb\",\"itemListElement\":[{\"@type\":\"ListItem\",\"position\":1,\"name\":\"Strona g\u0142\u00f3wna\",\"item\":\"https:\/\/skrivanek.pl\/en\/\"},{\"@type\":\"ListItem\",\"position\":2,\"name\":\"ABOUT US\",\"item\":\"https:\/\/skrivanek.pl\/en\/about-us\/\"},{\"@type\":\"ListItem\",\"position\":3,\"name\":\"STANDARDS\",\"item\":\"https:\/\/skrivanek.pl\/en\/about-us\/standards\/\"},{\"@type\":\"ListItem\",\"position\":4,\"name\":\"ISO 27001:2022\"}]},{\"@type\":\"WebSite\",\"@id\":\"https:\/\/skrivanek.pl\/#website\",\"url\":\"https:\/\/skrivanek.pl\/\",\"name\":\"Skrivanek - agencja t\u0142umacze\u0144\",\"description\":\"Skrivanek - t\u0142umaczenia\",\"publisher\":{\"@id\":\"https:\/\/skrivanek.pl\/#organization\"},\"potentialAction\":[{\"@type\":\"SearchAction\",\"target\":{\"@type\":\"EntryPoint\",\"urlTemplate\":\"https:\/\/skrivanek.pl\/?s={search_term_string}\"},\"query-input\":{\"@type\":\"PropertyValueSpecification\",\"valueRequired\":true,\"valueName\":\"search_term_string\"}}],\"inLanguage\":\"en-US\"},{\"@type\":\"Organization\",\"@id\":\"https:\/\/skrivanek.pl\/#organization\",\"name\":\"Skrivanek agencja t\u0142umacze\u0144 i szko\u0142a j\u0119zykowa\",\"url\":\"https:\/\/skrivanek.pl\/\",\"logo\":{\"@type\":\"ImageObject\",\"inLanguage\":\"en-US\",\"@id\":\"https:\/\/skrivanek.pl\/#\/schema\/logo\/image\/\",\"url\":\"https:\/\/skrivanek.pl\/wp-content\/uploads\/2020\/12\/logo-skrivanek-black.png\",\"contentUrl\":\"https:\/\/skrivanek.pl\/wp-content\/uploads\/2020\/12\/logo-skrivanek-black.png\",\"width\":441,\"height\":116,\"caption\":\"Skrivanek agencja t\u0142umacze\u0144 i szko\u0142a j\u0119zykowa\"},\"image\":{\"@id\":\"https:\/\/skrivanek.pl\/#\/schema\/logo\/image\/\"},\"sameAs\":[\"https:\/\/www.facebook.com\/SkrivanekPolska\",\"https:\/\/www.instagram.com\/skrivanek_official\/\",\"https:\/\/www.linkedin.com\/company\/skrivanek-poland\/\",\"https:\/\/www.youtube.com\/c\/SkrivanekPl\/\"]}]}<\/script>\n<!-- \/ Yoast SEO plugin. -->","yoast_head_json":{"title":"Highest standards of data protection from Skrivanek","description":"Data protection is crucial in translations, which is why we adopted the Information Security Management System in line with ISO 27001.","robots":{"index":"index","follow":"follow","max-snippet":"max-snippet:-1","max-image-preview":"max-image-preview:large","max-video-preview":"max-video-preview:-1"},"canonical":"https:\/\/skrivanek.pl\/en\/about-us\/standards\/iso-270012013\/","og_locale":"en_US","og_type":"article","og_title":"Highest standards of data protection from Skrivanek","og_description":"Data protection is crucial in translations, which is why we adopted the Information Security Management System in line with ISO 27001.","og_url":"https:\/\/skrivanek.pl\/en\/about-us\/standards\/iso-270012013\/","og_site_name":"Skrivanek - agencja t\u0142umacze\u0144","article_publisher":"https:\/\/www.facebook.com\/SkrivanekPolska","article_modified_time":"2026-02-05T11:38:38+00:00","og_image":[{"width":426,"height":240,"url":"https:\/\/skrivanek.pl\/wp-content\/uploads\/2019\/11\/google-plus-2.jpg","type":"image\/jpeg"}],"twitter_card":"summary_large_image","twitter_misc":{"Est. reading time":"2 minutes"},"schema":{"@context":"https:\/\/schema.org","@graph":[{"@type":"WebPage","@id":"https:\/\/skrivanek.pl\/en\/about-us\/standards\/iso-270012013\/","url":"https:\/\/skrivanek.pl\/en\/about-us\/standards\/iso-270012013\/","name":"Highest standards of data protection from Skrivanek","isPartOf":{"@id":"https:\/\/skrivanek.pl\/#website"},"datePublished":"2017-06-08T13:09:48+00:00","dateModified":"2026-02-05T11:38:38+00:00","description":"Data protection is crucial in translations, which is why we adopted the Information Security Management System in line with ISO 27001.","breadcrumb":{"@id":"https:\/\/skrivanek.pl\/en\/about-us\/standards\/iso-270012013\/#breadcrumb"},"inLanguage":"en-US","potentialAction":[{"@type":"ReadAction","target":["https:\/\/skrivanek.pl\/en\/about-us\/standards\/iso-270012013\/"]}]},{"@type":"BreadcrumbList","@id":"https:\/\/skrivanek.pl\/en\/about-us\/standards\/iso-270012013\/#breadcrumb","itemListElement":[{"@type":"ListItem","position":1,"name":"Strona g\u0142\u00f3wna","item":"https:\/\/skrivanek.pl\/en\/"},{"@type":"ListItem","position":2,"name":"ABOUT US","item":"https:\/\/skrivanek.pl\/en\/about-us\/"},{"@type":"ListItem","position":3,"name":"STANDARDS","item":"https:\/\/skrivanek.pl\/en\/about-us\/standards\/"},{"@type":"ListItem","position":4,"name":"ISO 27001:2022"}]},{"@type":"WebSite","@id":"https:\/\/skrivanek.pl\/#website","url":"https:\/\/skrivanek.pl\/","name":"Skrivanek - agencja t\u0142umacze\u0144","description":"Skrivanek - t\u0142umaczenia","publisher":{"@id":"https:\/\/skrivanek.pl\/#organization"},"potentialAction":[{"@type":"SearchAction","target":{"@type":"EntryPoint","urlTemplate":"https:\/\/skrivanek.pl\/?s={search_term_string}"},"query-input":{"@type":"PropertyValueSpecification","valueRequired":true,"valueName":"search_term_string"}}],"inLanguage":"en-US"},{"@type":"Organization","@id":"https:\/\/skrivanek.pl\/#organization","name":"Skrivanek agencja t\u0142umacze\u0144 i szko\u0142a j\u0119zykowa","url":"https:\/\/skrivanek.pl\/","logo":{"@type":"ImageObject","inLanguage":"en-US","@id":"https:\/\/skrivanek.pl\/#\/schema\/logo\/image\/","url":"https:\/\/skrivanek.pl\/wp-content\/uploads\/2020\/12\/logo-skrivanek-black.png","contentUrl":"https:\/\/skrivanek.pl\/wp-content\/uploads\/2020\/12\/logo-skrivanek-black.png","width":441,"height":116,"caption":"Skrivanek agencja t\u0142umacze\u0144 i szko\u0142a j\u0119zykowa"},"image":{"@id":"https:\/\/skrivanek.pl\/#\/schema\/logo\/image\/"},"sameAs":["https:\/\/www.facebook.com\/SkrivanekPolska","https:\/\/www.instagram.com\/skrivanek_official\/","https:\/\/www.linkedin.com\/company\/skrivanek-poland\/","https:\/\/www.youtube.com\/c\/SkrivanekPl\/"]}]}},"_links":{"self":[{"href":"https:\/\/skrivanek.pl\/en\/wp-json\/wp\/v2\/pages\/1202","targetHints":{"allow":["GET"]}}],"collection":[{"href":"https:\/\/skrivanek.pl\/en\/wp-json\/wp\/v2\/pages"}],"about":[{"href":"https:\/\/skrivanek.pl\/en\/wp-json\/wp\/v2\/types\/page"}],"author":[{"embeddable":true,"href":"https:\/\/skrivanek.pl\/en\/wp-json\/wp\/v2\/users\/1"}],"replies":[{"embeddable":true,"href":"https:\/\/skrivanek.pl\/en\/wp-json\/wp\/v2\/comments?post=1202"}],"version-history":[{"count":3,"href":"https:\/\/skrivanek.pl\/en\/wp-json\/wp\/v2\/pages\/1202\/revisions"}],"predecessor-version":[{"id":150249,"href":"https:\/\/skrivanek.pl\/en\/wp-json\/wp\/v2\/pages\/1202\/revisions\/150249"}],"up":[{"embeddable":true,"href":"https:\/\/skrivanek.pl\/en\/wp-json\/wp\/v2\/pages\/1221"}],"wp:attachment":[{"href":"https:\/\/skrivanek.pl\/en\/wp-json\/wp\/v2\/media?parent=1202"}],"curies":[{"name":"wp","href":"https:\/\/api.w.org\/{rel}","templated":true}]}}