{"id":1201,"date":"2017-06-08T15:09:01","date_gmt":"2017-06-08T13:09:01","guid":{"rendered":"http:\/\/new.skrivanek.pl\/?page_id=1201&#038;lang=en"},"modified":"2026-02-05T12:35:38","modified_gmt":"2026-02-05T11:35:38","slug":"iso-140012004","status":"publish","type":"page","link":"https:\/\/skrivanek.pl\/en\/about-us\/standards\/iso-140012004\/","title":{"rendered":"ISO 14001:2015"},"content":{"rendered":"<div class=\"wpb-content-wrapper\"><p>[vc_row css=&#8221;.vc_custom_1602755674326{margin-top: 50px !important;}&#8221;][vc_column]<div class=\"clearboth\"><\/div><style>#thegem-divider-69e02b4f126a8 {margin-top: 100px !important;}<\/style><div id=\"thegem-divider-69e02b4f126a8\" class=\"gem-divider  \" style=\"\" ><\/div>[vc_column_text css=&#8221;&#8221;]<\/p>\n<h1><span style=\"color: #ff6440;\"><strong>ISO 14001:2015<\/strong><\/span><\/h1>\n<p>[\/vc_column_text][\/vc_column][\/vc_row][vc_row full_width=&#8221;true&#8221;][vc_column][vc_row_inner equal_height=&#8221;yes&#8221;][vc_column_inner width=&#8221;2\/3&#8243;][vc_column_text]In November 2011 we were awarded a certificate confirming that our company complies with the <strong>ISO 14001:2015<\/strong> standard. Although the standard does not strictly relate to our principal activity, that is <a href=\"https:\/\/skrivanek.pl\/en\/translation\/\">translation<\/a>, <a href=\"https:\/\/skrivanek.pl\/en\/interpreting\/\">interpreting<\/a> and <a href=\"https:\/\/skrivanek.pl\/en\/language-school\/\">language courses<\/a>, we chose to implement it anyway, driven by our concern for the environment, as well as the standard\u2019s tremendous impact on improving the document flow and communication processes in the company. What is the role of this standard?<script type=\"application\/ld+json\">\r\n{\r\n  \"@context\": \"https:\/\/schema.org\/\",\r\n  \"@type\": \"Product\",\r\n  \"name\": \"ISO 14001:2015\",\r\n  \"description\": \"Standards in the ISO 14000 group cover various aspects of environmental management. Under the standards, companies and organisations interested in reducing their environmental impact are provided with useful tools to help them improve their environmental performance, thus reducing their pollutant emissions. The norms ISO 14001:2004 and ISO 14004:2015 focus on environmental management systems, while the remaining norms in the group cover environmental aspects such as life cycle analysis, communication and auditing.\",\r\n  \"aggregateRating\": {\r\n    \"@type\": \"AggregateRating\",\r\n    \"ratingValue\": \"4.9\",\r\n    \"ratingCount\": \"422\"\r\n  }\r\n}\r\n<\/script><\/p>\n<p>Standards in the <strong>ISO 14000<\/strong> group cover various aspects of environmental management. Under the standards, companies and organisations interested in reducing their environmental impact are provided with useful tools to help them improve their environmental performance, thus reducing their pollutant emissions. The norms <strong>ISO 14001:2004<\/strong> and <strong>ISO 14004:2015<\/strong> focus on environmental management systems, while the remaining norms in the group cover environmental aspects such as life cycle analysis, communication and auditing.<\/p>\n<p><strong>ISO 14001:2015<\/strong> sets out the criteria for environmental management systems, with organisations satisfying these criteria awarded a relevant certificate. The guidelines for environmental performance established within the norm are not expressed as strict criteria, and instead constitute a basic framework for organisational conduct which should be used to implement an effective environmental management system. The standard can be adopted by any organisation, regardless of its industry. Compliance with <strong>ISO 14001:2015<\/strong> assures the management board, employees and external stakeholders that the environmental impact of the organisation is actively measured and minimised.<\/p>\n<h2>Advantages<\/h2>\n<p><strong>The unquestionable advantages of this standard include:<br \/>\n<\/strong>[\/vc_column_text]<div class=\"gem-list gem-list-type-double-arrow gem-list-color-5\" ><ul>\n<li>Reducing waste management costs<\/li>\n<li>Savings in energy and material consumption<\/li>\n<li>Lower distribution costs<\/li>\n<li>Improving the image of the organisation with local authorities, clients and the public at large.<\/li>\n<\/ul>\n<\/div>[\/vc_column_inner][vc_column_inner width=&#8221;1\/3&#8243;][vc_single_image image=&#8221;138674&#8243; img_size=&#8221;large&#8221; alignment=&#8221;center&#8221; css=&#8221;&#8221;][\/vc_column_inner][\/vc_row_inner][\/vc_column][\/vc_row]<\/p>\n<\/div>","protected":false},"excerpt":{"rendered":"<p>[vc_row css=&#8221;.vc_custom_1602755674326{margin-top: 50px !important;}&#8221;][vc_column][vc_column_text css=&#8221;&#8221;] ISO 14001:2015 [\/vc_column_text][\/vc_column][\/vc_row][vc_row full_width=&#8221;true&#8221;][vc_column][vc_row_inner equal_height=&#8221;yes&#8221;][vc_column_inner width=&#8221;2\/3&#8243;][vc_column_text]In November 2011 we were awarded a certificate confirming that&#8230;<\/p>\n","protected":false},"author":1,"featured_media":0,"parent":1221,"menu_order":0,"comment_status":"closed","ping_status":"closed","template":"","meta":{"footnotes":"","_wp_rev_ctl_limit":""},"class_list":["post-1201","page","type-page","status-publish"],"yoast_head":"<!-- This site is optimized with the Yoast SEO plugin v27.2 - https:\/\/yoast.com\/product\/yoast-seo-wordpress\/ -->\n<title>Environment-friendly language solutions by Skrivanek<\/title>\n<meta name=\"description\" content=\"As a large language solution provider and a socially responsible company, we work to provide a clean environment, so we adopted ISO 14001.\" \/>\n<meta name=\"robots\" content=\"index, follow, max-snippet:-1, max-image-preview:large, max-video-preview:-1\" \/>\n<link rel=\"canonical\" href=\"https:\/\/skrivanek.pl\/en\/about-us\/standards\/iso-140012004\/\" \/>\n<meta property=\"og:locale\" content=\"en_US\" \/>\n<meta property=\"og:type\" content=\"article\" \/>\n<meta property=\"og:title\" content=\"Environment-friendly language solutions by Skrivanek\" \/>\n<meta property=\"og:description\" content=\"As a large language solution provider and a socially responsible company, we work to provide a clean environment, so we adopted ISO 14001.\" \/>\n<meta property=\"og:url\" content=\"https:\/\/skrivanek.pl\/en\/about-us\/standards\/iso-140012004\/\" \/>\n<meta property=\"og:site_name\" content=\"Skrivanek - agencja t\u0142umacze\u0144\" \/>\n<meta property=\"article:publisher\" content=\"https:\/\/www.facebook.com\/SkrivanekPolska\" \/>\n<meta property=\"article:modified_time\" content=\"2026-02-05T11:35:38+00:00\" \/>\n<meta property=\"og:image\" content=\"https:\/\/skrivanek.pl\/wp-content\/uploads\/2019\/11\/google-plus-2.jpg\" \/>\n\t<meta property=\"og:image:width\" content=\"426\" \/>\n\t<meta property=\"og:image:height\" content=\"240\" \/>\n\t<meta property=\"og:image:type\" content=\"image\/jpeg\" \/>\n<meta name=\"twitter:card\" content=\"summary_large_image\" \/>\n<meta name=\"twitter:label1\" content=\"Est. reading time\" \/>\n\t<meta name=\"twitter:data1\" content=\"2 minutes\" \/>\n<script type=\"application\/ld+json\" class=\"yoast-schema-graph\">{\"@context\":\"https:\/\/schema.org\",\"@graph\":[{\"@type\":\"WebPage\",\"@id\":\"https:\/\/skrivanek.pl\/en\/about-us\/standards\/iso-140012004\/\",\"url\":\"https:\/\/skrivanek.pl\/en\/about-us\/standards\/iso-140012004\/\",\"name\":\"Environment-friendly language solutions by Skrivanek\",\"isPartOf\":{\"@id\":\"https:\/\/skrivanek.pl\/#website\"},\"datePublished\":\"2017-06-08T13:09:01+00:00\",\"dateModified\":\"2026-02-05T11:35:38+00:00\",\"description\":\"As a large language solution provider and a socially responsible company, we work to provide a clean environment, so we adopted ISO 14001.\",\"breadcrumb\":{\"@id\":\"https:\/\/skrivanek.pl\/en\/about-us\/standards\/iso-140012004\/#breadcrumb\"},\"inLanguage\":\"en-US\",\"potentialAction\":[{\"@type\":\"ReadAction\",\"target\":[\"https:\/\/skrivanek.pl\/en\/about-us\/standards\/iso-140012004\/\"]}]},{\"@type\":\"BreadcrumbList\",\"@id\":\"https:\/\/skrivanek.pl\/en\/about-us\/standards\/iso-140012004\/#breadcrumb\",\"itemListElement\":[{\"@type\":\"ListItem\",\"position\":1,\"name\":\"Strona g\u0142\u00f3wna\",\"item\":\"https:\/\/skrivanek.pl\/en\/\"},{\"@type\":\"ListItem\",\"position\":2,\"name\":\"ABOUT US\",\"item\":\"https:\/\/skrivanek.pl\/en\/about-us\/\"},{\"@type\":\"ListItem\",\"position\":3,\"name\":\"STANDARDS\",\"item\":\"https:\/\/skrivanek.pl\/en\/about-us\/standards\/\"},{\"@type\":\"ListItem\",\"position\":4,\"name\":\"ISO 14001:2015\"}]},{\"@type\":\"WebSite\",\"@id\":\"https:\/\/skrivanek.pl\/#website\",\"url\":\"https:\/\/skrivanek.pl\/\",\"name\":\"Skrivanek - agencja t\u0142umacze\u0144\",\"description\":\"Skrivanek - t\u0142umaczenia\",\"publisher\":{\"@id\":\"https:\/\/skrivanek.pl\/#organization\"},\"potentialAction\":[{\"@type\":\"SearchAction\",\"target\":{\"@type\":\"EntryPoint\",\"urlTemplate\":\"https:\/\/skrivanek.pl\/?s={search_term_string}\"},\"query-input\":{\"@type\":\"PropertyValueSpecification\",\"valueRequired\":true,\"valueName\":\"search_term_string\"}}],\"inLanguage\":\"en-US\"},{\"@type\":\"Organization\",\"@id\":\"https:\/\/skrivanek.pl\/#organization\",\"name\":\"Skrivanek agencja t\u0142umacze\u0144 i szko\u0142a j\u0119zykowa\",\"url\":\"https:\/\/skrivanek.pl\/\",\"logo\":{\"@type\":\"ImageObject\",\"inLanguage\":\"en-US\",\"@id\":\"https:\/\/skrivanek.pl\/#\/schema\/logo\/image\/\",\"url\":\"https:\/\/skrivanek.pl\/wp-content\/uploads\/2020\/12\/logo-skrivanek-black.png\",\"contentUrl\":\"https:\/\/skrivanek.pl\/wp-content\/uploads\/2020\/12\/logo-skrivanek-black.png\",\"width\":441,\"height\":116,\"caption\":\"Skrivanek agencja t\u0142umacze\u0144 i szko\u0142a j\u0119zykowa\"},\"image\":{\"@id\":\"https:\/\/skrivanek.pl\/#\/schema\/logo\/image\/\"},\"sameAs\":[\"https:\/\/www.facebook.com\/SkrivanekPolska\",\"https:\/\/www.instagram.com\/skrivanek_official\/\",\"https:\/\/www.linkedin.com\/company\/skrivanek-poland\/\",\"https:\/\/www.youtube.com\/c\/SkrivanekPl\/\"]}]}<\/script>\n<!-- \/ Yoast SEO plugin. -->","yoast_head_json":{"title":"Environment-friendly language solutions by Skrivanek","description":"As a large language solution provider and a socially responsible company, we work to provide a clean environment, so we adopted ISO 14001.","robots":{"index":"index","follow":"follow","max-snippet":"max-snippet:-1","max-image-preview":"max-image-preview:large","max-video-preview":"max-video-preview:-1"},"canonical":"https:\/\/skrivanek.pl\/en\/about-us\/standards\/iso-140012004\/","og_locale":"en_US","og_type":"article","og_title":"Environment-friendly language solutions by Skrivanek","og_description":"As a large language solution provider and a socially responsible company, we work to provide a clean environment, so we adopted ISO 14001.","og_url":"https:\/\/skrivanek.pl\/en\/about-us\/standards\/iso-140012004\/","og_site_name":"Skrivanek - agencja t\u0142umacze\u0144","article_publisher":"https:\/\/www.facebook.com\/SkrivanekPolska","article_modified_time":"2026-02-05T11:35:38+00:00","og_image":[{"width":426,"height":240,"url":"https:\/\/skrivanek.pl\/wp-content\/uploads\/2019\/11\/google-plus-2.jpg","type":"image\/jpeg"}],"twitter_card":"summary_large_image","twitter_misc":{"Est. reading time":"2 minutes"},"schema":{"@context":"https:\/\/schema.org","@graph":[{"@type":"WebPage","@id":"https:\/\/skrivanek.pl\/en\/about-us\/standards\/iso-140012004\/","url":"https:\/\/skrivanek.pl\/en\/about-us\/standards\/iso-140012004\/","name":"Environment-friendly language solutions by Skrivanek","isPartOf":{"@id":"https:\/\/skrivanek.pl\/#website"},"datePublished":"2017-06-08T13:09:01+00:00","dateModified":"2026-02-05T11:35:38+00:00","description":"As a large language solution provider and a socially responsible company, we work to provide a clean environment, so we adopted ISO 14001.","breadcrumb":{"@id":"https:\/\/skrivanek.pl\/en\/about-us\/standards\/iso-140012004\/#breadcrumb"},"inLanguage":"en-US","potentialAction":[{"@type":"ReadAction","target":["https:\/\/skrivanek.pl\/en\/about-us\/standards\/iso-140012004\/"]}]},{"@type":"BreadcrumbList","@id":"https:\/\/skrivanek.pl\/en\/about-us\/standards\/iso-140012004\/#breadcrumb","itemListElement":[{"@type":"ListItem","position":1,"name":"Strona g\u0142\u00f3wna","item":"https:\/\/skrivanek.pl\/en\/"},{"@type":"ListItem","position":2,"name":"ABOUT US","item":"https:\/\/skrivanek.pl\/en\/about-us\/"},{"@type":"ListItem","position":3,"name":"STANDARDS","item":"https:\/\/skrivanek.pl\/en\/about-us\/standards\/"},{"@type":"ListItem","position":4,"name":"ISO 14001:2015"}]},{"@type":"WebSite","@id":"https:\/\/skrivanek.pl\/#website","url":"https:\/\/skrivanek.pl\/","name":"Skrivanek - agencja t\u0142umacze\u0144","description":"Skrivanek - t\u0142umaczenia","publisher":{"@id":"https:\/\/skrivanek.pl\/#organization"},"potentialAction":[{"@type":"SearchAction","target":{"@type":"EntryPoint","urlTemplate":"https:\/\/skrivanek.pl\/?s={search_term_string}"},"query-input":{"@type":"PropertyValueSpecification","valueRequired":true,"valueName":"search_term_string"}}],"inLanguage":"en-US"},{"@type":"Organization","@id":"https:\/\/skrivanek.pl\/#organization","name":"Skrivanek agencja t\u0142umacze\u0144 i szko\u0142a j\u0119zykowa","url":"https:\/\/skrivanek.pl\/","logo":{"@type":"ImageObject","inLanguage":"en-US","@id":"https:\/\/skrivanek.pl\/#\/schema\/logo\/image\/","url":"https:\/\/skrivanek.pl\/wp-content\/uploads\/2020\/12\/logo-skrivanek-black.png","contentUrl":"https:\/\/skrivanek.pl\/wp-content\/uploads\/2020\/12\/logo-skrivanek-black.png","width":441,"height":116,"caption":"Skrivanek agencja t\u0142umacze\u0144 i szko\u0142a j\u0119zykowa"},"image":{"@id":"https:\/\/skrivanek.pl\/#\/schema\/logo\/image\/"},"sameAs":["https:\/\/www.facebook.com\/SkrivanekPolska","https:\/\/www.instagram.com\/skrivanek_official\/","https:\/\/www.linkedin.com\/company\/skrivanek-poland\/","https:\/\/www.youtube.com\/c\/SkrivanekPl\/"]}]}},"_links":{"self":[{"href":"https:\/\/skrivanek.pl\/en\/wp-json\/wp\/v2\/pages\/1201","targetHints":{"allow":["GET"]}}],"collection":[{"href":"https:\/\/skrivanek.pl\/en\/wp-json\/wp\/v2\/pages"}],"about":[{"href":"https:\/\/skrivanek.pl\/en\/wp-json\/wp\/v2\/types\/page"}],"author":[{"embeddable":true,"href":"https:\/\/skrivanek.pl\/en\/wp-json\/wp\/v2\/users\/1"}],"replies":[{"embeddable":true,"href":"https:\/\/skrivanek.pl\/en\/wp-json\/wp\/v2\/comments?post=1201"}],"version-history":[{"count":3,"href":"https:\/\/skrivanek.pl\/en\/wp-json\/wp\/v2\/pages\/1201\/revisions"}],"predecessor-version":[{"id":150246,"href":"https:\/\/skrivanek.pl\/en\/wp-json\/wp\/v2\/pages\/1201\/revisions\/150246"}],"up":[{"embeddable":true,"href":"https:\/\/skrivanek.pl\/en\/wp-json\/wp\/v2\/pages\/1221"}],"wp:attachment":[{"href":"https:\/\/skrivanek.pl\/en\/wp-json\/wp\/v2\/media?parent=1201"}],"curies":[{"name":"wp","href":"https:\/\/api.w.org\/{rel}","templated":true}]}}