{"id":1199,"date":"2017-06-08T15:06:42","date_gmt":"2017-06-08T13:06:42","guid":{"rendered":"http:\/\/new.skrivanek.pl\/?page_id=1199&#038;lang=en"},"modified":"2026-02-05T12:30:36","modified_gmt":"2026-02-05T11:30:36","slug":"en-171002015","status":"publish","type":"page","link":"https:\/\/skrivanek.pl\/en\/about-us\/standards\/en-171002015\/","title":{"rendered":"EN 17100:2015"},"content":{"rendered":"<div class=\"wpb-content-wrapper\"><p>[vc_row css=&#8221;.vc_custom_1602755674326{margin-top: 50px !important;}&#8221;][vc_column]<div class=\"clearboth\"><\/div><style>#thegem-divider-69de329a60bc6 {margin-top: 100px !important;}<\/style><div id=\"thegem-divider-69de329a60bc6\" class=\"gem-divider  \" style=\"\" ><\/div>[vc_column_text css=&#8221;&#8221;]<\/p>\n<h1><span style=\"color: #ff6440;\"><strong>EN 17100:2015<\/strong><\/span><\/h1>\n<p>[\/vc_column_text][\/vc_column][\/vc_row][vc_row full_width=&#8221;true&#8221;][vc_column][vc_row_inner equal_height=&#8221;yes&#8221;][vc_column_inner width=&#8221;2\/3&#8243;][vc_column_text]We are pleased to announce that in November 2016 Skrivanek was awarded a certificate of compliance with the EN 17100 \u201c<a href=\"https:\/\/skrivanek.pl\/en\/translation\/standard-translation\/\">Translation services<\/a>. Requirements for translation services\u201d standard.<script type=\"application\/ld+json\">\r\n{\r\n  \"@context\": \"https:\/\/schema.org\/\",\r\n  \"@type\": \"Product\",\r\n  \"name\": \"EN 17100:2015\",\r\n  \"description\": \"We are pleased to announce that in November 2016 Skrivanek was awarded a certificate of compliance with the EN 17100 \u201cTranslation services. Requirements for translation services\u201d standard. The standard has been prepared by the European Committee for Standardisation. Its purpose is to help all kinds of companies and institutions in choosing a trustworthy partner in the area of translation services. The standard consists of three parts.\",\r\n  \"aggregateRating\": {\r\n    \"@type\": \"AggregateRating\",\r\n    \"ratingValue\": \"4.9\",\r\n    \"ratingCount\": \"422\"\r\n  }\r\n}\r\n<\/script><\/p>\n<p>The standard has been prepared by the European Committee for Standardisation. Its purpose is to help all kinds of companies and institutions in choosing a trustworthy partner in the area of <a href=\"https:\/\/skrivanek.pl\/en\/translation\/\">translation services<\/a>. The standard consists of three parts:[\/vc_column_text]<div class=\"gem-list gem-list-type-double-arrow gem-list-color-5\" ><ul>\n<li>basic requirements,<\/li>\n<li>the relationship between the translation agency and the client,<\/li>\n<li>processes in providing translation services.<\/li>\n<\/ul>\n<\/div>[vc_column_text]<\/p>\n<h2>Requirements<\/h2>\n<div id=\"main-col\">The requirements to be met by a certified agency concern:<\/div>\n<p>[\/vc_column_text]<div class=\"gem-list gem-list-type-double-arrow gem-list-color-5\" ><ul>\n<li>translator competence,<\/li>\n<li>using secure state-of-the-art technical solutions ensuring the confidentiality of information,<\/li>\n<li>a proper quality management system,<\/li>\n<li>good practices in the management of translation projects,<\/li>\n<li>the procedures in working with clients,<\/li>\n<li>monitoring and supervision of the work of translators, proofreaders and editors.<\/li>\n<\/ul>\n<\/div>[vc_column_text]<\/p>\n<div id=\"main-col\">\n<p><strong>An EN 17100 certified agency is a trustworthy, ethical and professional partner in translation projects.<\/strong> We are proud to have been awarded this certificate.<\/p>\n<\/div>\n<p>[\/vc_column_text][\/vc_column_inner][vc_column_inner width=&#8221;1\/3&#8243;][vc_single_image image=&#8221;138690&#8243; img_size=&#8221;large&#8221; alignment=&#8221;center&#8221; css=&#8221;&#8221;][\/vc_column_inner][\/vc_row_inner][\/vc_column][\/vc_row]<\/p>\n<\/div>","protected":false},"excerpt":{"rendered":"<p>[vc_row css=&#8221;.vc_custom_1602755674326{margin-top: 50px !important;}&#8221;][vc_column][vc_column_text css=&#8221;&#8221;] EN 17100:2015 [\/vc_column_text][\/vc_column][\/vc_row][vc_row full_width=&#8221;true&#8221;][vc_column][vc_row_inner equal_height=&#8221;yes&#8221;][vc_column_inner width=&#8221;2\/3&#8243;][vc_column_text]We are pleased to announce that in November 2016 Skrivanek&#8230;<\/p>\n","protected":false},"author":1,"featured_media":0,"parent":1221,"menu_order":0,"comment_status":"closed","ping_status":"closed","template":"","meta":{"footnotes":"","_wp_rev_ctl_limit":""},"class_list":["post-1199","page","type-page","status-publish"],"yoast_head":"<!-- This site is optimized with the Yoast SEO plugin v27.2 - https:\/\/yoast.com\/product\/yoast-seo-wordpress\/ -->\n<title>EN 17100 Translation Standard from Skrivanek Translation Agency<\/title>\n<meta name=\"description\" content=\"Our EN 17100 certification increases customer confidence and provides reassurance that Skrivanek is a reliable business partner.\" \/>\n<meta name=\"robots\" content=\"index, follow, max-snippet:-1, max-image-preview:large, max-video-preview:-1\" \/>\n<link rel=\"canonical\" href=\"https:\/\/skrivanek.pl\/en\/about-us\/standards\/en-171002015\/\" \/>\n<meta property=\"og:locale\" content=\"en_US\" \/>\n<meta property=\"og:type\" content=\"article\" \/>\n<meta property=\"og:title\" content=\"EN 17100 Translation Standard from Skrivanek Translation Agency\" \/>\n<meta property=\"og:description\" content=\"Our EN 17100 certification increases customer confidence and provides reassurance that Skrivanek is a reliable business partner.\" \/>\n<meta property=\"og:url\" content=\"https:\/\/skrivanek.pl\/en\/about-us\/standards\/en-171002015\/\" \/>\n<meta property=\"og:site_name\" content=\"Skrivanek - agencja t\u0142umacze\u0144\" \/>\n<meta property=\"article:publisher\" content=\"https:\/\/www.facebook.com\/SkrivanekPolska\" \/>\n<meta property=\"article:modified_time\" content=\"2026-02-05T11:30:36+00:00\" \/>\n<meta property=\"og:image\" content=\"https:\/\/skrivanek.pl\/wp-content\/uploads\/2019\/11\/google-plus-2.jpg\" \/>\n\t<meta property=\"og:image:width\" content=\"426\" \/>\n\t<meta property=\"og:image:height\" content=\"240\" \/>\n\t<meta property=\"og:image:type\" content=\"image\/jpeg\" \/>\n<meta name=\"twitter:card\" content=\"summary_large_image\" \/>\n<meta name=\"twitter:label1\" content=\"Est. reading time\" \/>\n\t<meta name=\"twitter:data1\" content=\"2 minutes\" \/>\n<script type=\"application\/ld+json\" class=\"yoast-schema-graph\">{\"@context\":\"https:\/\/schema.org\",\"@graph\":[{\"@type\":\"WebPage\",\"@id\":\"https:\/\/skrivanek.pl\/en\/about-us\/standards\/en-171002015\/\",\"url\":\"https:\/\/skrivanek.pl\/en\/about-us\/standards\/en-171002015\/\",\"name\":\"EN 17100 Translation Standard from Skrivanek Translation Agency\",\"isPartOf\":{\"@id\":\"https:\/\/skrivanek.pl\/#website\"},\"datePublished\":\"2017-06-08T13:06:42+00:00\",\"dateModified\":\"2026-02-05T11:30:36+00:00\",\"description\":\"Our EN 17100 certification increases customer confidence and provides reassurance that Skrivanek is a reliable business partner.\",\"breadcrumb\":{\"@id\":\"https:\/\/skrivanek.pl\/en\/about-us\/standards\/en-171002015\/#breadcrumb\"},\"inLanguage\":\"en-US\",\"potentialAction\":[{\"@type\":\"ReadAction\",\"target\":[\"https:\/\/skrivanek.pl\/en\/about-us\/standards\/en-171002015\/\"]}]},{\"@type\":\"BreadcrumbList\",\"@id\":\"https:\/\/skrivanek.pl\/en\/about-us\/standards\/en-171002015\/#breadcrumb\",\"itemListElement\":[{\"@type\":\"ListItem\",\"position\":1,\"name\":\"Strona g\u0142\u00f3wna\",\"item\":\"https:\/\/skrivanek.pl\/en\/\"},{\"@type\":\"ListItem\",\"position\":2,\"name\":\"ABOUT US\",\"item\":\"https:\/\/skrivanek.pl\/en\/about-us\/\"},{\"@type\":\"ListItem\",\"position\":3,\"name\":\"STANDARDS\",\"item\":\"https:\/\/skrivanek.pl\/en\/about-us\/standards\/\"},{\"@type\":\"ListItem\",\"position\":4,\"name\":\"EN 17100:2015\"}]},{\"@type\":\"WebSite\",\"@id\":\"https:\/\/skrivanek.pl\/#website\",\"url\":\"https:\/\/skrivanek.pl\/\",\"name\":\"Skrivanek - agencja t\u0142umacze\u0144\",\"description\":\"Skrivanek - t\u0142umaczenia\",\"publisher\":{\"@id\":\"https:\/\/skrivanek.pl\/#organization\"},\"potentialAction\":[{\"@type\":\"SearchAction\",\"target\":{\"@type\":\"EntryPoint\",\"urlTemplate\":\"https:\/\/skrivanek.pl\/?s={search_term_string}\"},\"query-input\":{\"@type\":\"PropertyValueSpecification\",\"valueRequired\":true,\"valueName\":\"search_term_string\"}}],\"inLanguage\":\"en-US\"},{\"@type\":\"Organization\",\"@id\":\"https:\/\/skrivanek.pl\/#organization\",\"name\":\"Skrivanek agencja t\u0142umacze\u0144 i szko\u0142a j\u0119zykowa\",\"url\":\"https:\/\/skrivanek.pl\/\",\"logo\":{\"@type\":\"ImageObject\",\"inLanguage\":\"en-US\",\"@id\":\"https:\/\/skrivanek.pl\/#\/schema\/logo\/image\/\",\"url\":\"https:\/\/skrivanek.pl\/wp-content\/uploads\/2020\/12\/logo-skrivanek-black.png\",\"contentUrl\":\"https:\/\/skrivanek.pl\/wp-content\/uploads\/2020\/12\/logo-skrivanek-black.png\",\"width\":441,\"height\":116,\"caption\":\"Skrivanek agencja t\u0142umacze\u0144 i szko\u0142a j\u0119zykowa\"},\"image\":{\"@id\":\"https:\/\/skrivanek.pl\/#\/schema\/logo\/image\/\"},\"sameAs\":[\"https:\/\/www.facebook.com\/SkrivanekPolska\",\"https:\/\/www.instagram.com\/skrivanek_official\/\",\"https:\/\/www.linkedin.com\/company\/skrivanek-poland\/\",\"https:\/\/www.youtube.com\/c\/SkrivanekPl\/\"]}]}<\/script>\n<!-- \/ Yoast SEO plugin. -->","yoast_head_json":{"title":"EN 17100 Translation Standard from Skrivanek Translation Agency","description":"Our EN 17100 certification increases customer confidence and provides reassurance that Skrivanek is a reliable business partner.","robots":{"index":"index","follow":"follow","max-snippet":"max-snippet:-1","max-image-preview":"max-image-preview:large","max-video-preview":"max-video-preview:-1"},"canonical":"https:\/\/skrivanek.pl\/en\/about-us\/standards\/en-171002015\/","og_locale":"en_US","og_type":"article","og_title":"EN 17100 Translation Standard from Skrivanek Translation Agency","og_description":"Our EN 17100 certification increases customer confidence and provides reassurance that Skrivanek is a reliable business partner.","og_url":"https:\/\/skrivanek.pl\/en\/about-us\/standards\/en-171002015\/","og_site_name":"Skrivanek - agencja t\u0142umacze\u0144","article_publisher":"https:\/\/www.facebook.com\/SkrivanekPolska","article_modified_time":"2026-02-05T11:30:36+00:00","og_image":[{"width":426,"height":240,"url":"https:\/\/skrivanek.pl\/wp-content\/uploads\/2019\/11\/google-plus-2.jpg","type":"image\/jpeg"}],"twitter_card":"summary_large_image","twitter_misc":{"Est. reading time":"2 minutes"},"schema":{"@context":"https:\/\/schema.org","@graph":[{"@type":"WebPage","@id":"https:\/\/skrivanek.pl\/en\/about-us\/standards\/en-171002015\/","url":"https:\/\/skrivanek.pl\/en\/about-us\/standards\/en-171002015\/","name":"EN 17100 Translation Standard from Skrivanek Translation Agency","isPartOf":{"@id":"https:\/\/skrivanek.pl\/#website"},"datePublished":"2017-06-08T13:06:42+00:00","dateModified":"2026-02-05T11:30:36+00:00","description":"Our EN 17100 certification increases customer confidence and provides reassurance that Skrivanek is a reliable business partner.","breadcrumb":{"@id":"https:\/\/skrivanek.pl\/en\/about-us\/standards\/en-171002015\/#breadcrumb"},"inLanguage":"en-US","potentialAction":[{"@type":"ReadAction","target":["https:\/\/skrivanek.pl\/en\/about-us\/standards\/en-171002015\/"]}]},{"@type":"BreadcrumbList","@id":"https:\/\/skrivanek.pl\/en\/about-us\/standards\/en-171002015\/#breadcrumb","itemListElement":[{"@type":"ListItem","position":1,"name":"Strona g\u0142\u00f3wna","item":"https:\/\/skrivanek.pl\/en\/"},{"@type":"ListItem","position":2,"name":"ABOUT US","item":"https:\/\/skrivanek.pl\/en\/about-us\/"},{"@type":"ListItem","position":3,"name":"STANDARDS","item":"https:\/\/skrivanek.pl\/en\/about-us\/standards\/"},{"@type":"ListItem","position":4,"name":"EN 17100:2015"}]},{"@type":"WebSite","@id":"https:\/\/skrivanek.pl\/#website","url":"https:\/\/skrivanek.pl\/","name":"Skrivanek - agencja t\u0142umacze\u0144","description":"Skrivanek - t\u0142umaczenia","publisher":{"@id":"https:\/\/skrivanek.pl\/#organization"},"potentialAction":[{"@type":"SearchAction","target":{"@type":"EntryPoint","urlTemplate":"https:\/\/skrivanek.pl\/?s={search_term_string}"},"query-input":{"@type":"PropertyValueSpecification","valueRequired":true,"valueName":"search_term_string"}}],"inLanguage":"en-US"},{"@type":"Organization","@id":"https:\/\/skrivanek.pl\/#organization","name":"Skrivanek agencja t\u0142umacze\u0144 i szko\u0142a j\u0119zykowa","url":"https:\/\/skrivanek.pl\/","logo":{"@type":"ImageObject","inLanguage":"en-US","@id":"https:\/\/skrivanek.pl\/#\/schema\/logo\/image\/","url":"https:\/\/skrivanek.pl\/wp-content\/uploads\/2020\/12\/logo-skrivanek-black.png","contentUrl":"https:\/\/skrivanek.pl\/wp-content\/uploads\/2020\/12\/logo-skrivanek-black.png","width":441,"height":116,"caption":"Skrivanek agencja t\u0142umacze\u0144 i szko\u0142a j\u0119zykowa"},"image":{"@id":"https:\/\/skrivanek.pl\/#\/schema\/logo\/image\/"},"sameAs":["https:\/\/www.facebook.com\/SkrivanekPolska","https:\/\/www.instagram.com\/skrivanek_official\/","https:\/\/www.linkedin.com\/company\/skrivanek-poland\/","https:\/\/www.youtube.com\/c\/SkrivanekPl\/"]}]}},"_links":{"self":[{"href":"https:\/\/skrivanek.pl\/en\/wp-json\/wp\/v2\/pages\/1199","targetHints":{"allow":["GET"]}}],"collection":[{"href":"https:\/\/skrivanek.pl\/en\/wp-json\/wp\/v2\/pages"}],"about":[{"href":"https:\/\/skrivanek.pl\/en\/wp-json\/wp\/v2\/types\/page"}],"author":[{"embeddable":true,"href":"https:\/\/skrivanek.pl\/en\/wp-json\/wp\/v2\/users\/1"}],"replies":[{"embeddable":true,"href":"https:\/\/skrivanek.pl\/en\/wp-json\/wp\/v2\/comments?post=1199"}],"version-history":[{"count":3,"href":"https:\/\/skrivanek.pl\/en\/wp-json\/wp\/v2\/pages\/1199\/revisions"}],"predecessor-version":[{"id":150241,"href":"https:\/\/skrivanek.pl\/en\/wp-json\/wp\/v2\/pages\/1199\/revisions\/150241"}],"up":[{"embeddable":true,"href":"https:\/\/skrivanek.pl\/en\/wp-json\/wp\/v2\/pages\/1221"}],"wp:attachment":[{"href":"https:\/\/skrivanek.pl\/en\/wp-json\/wp\/v2\/media?parent=1199"}],"curies":[{"name":"wp","href":"https:\/\/api.w.org\/{rel}","templated":true}]}}