{"id":1174,"date":"2017-05-26T16:57:36","date_gmt":"2017-05-26T14:57:36","guid":{"rendered":"http:\/\/new.skrivanek.pl\/?page_id=1174&#038;lang=en"},"modified":"2026-02-13T13:51:48","modified_gmt":"2026-02-13T12:51:48","slug":"conference-equipment","status":"publish","type":"page","link":"https:\/\/skrivanek.pl\/en\/interpreting\/conference-equipment\/","title":{"rendered":"Conference equipment"},"content":{"rendered":"<div class=\"wpb-content-wrapper\"><p>[vc_row full_width=&#8221;stretch_row_content&#8221; gap=&#8221;15&#8243; css=&#8221;.vc_custom_1765283118706{margin-bottom: 0px !important;padding-bottom: 0px !important;padding-left: 35px !important;background-image: url(https:\/\/skrivanek.pl\/wp-content\/uploads\/2025\/12\/Website-Background-scaled.jpg?id=147839) !important;background-position: center !important;background-repeat: no-repeat !important;background-size: cover !important;}&#8221;][vc_column css=&#8221;.vc_custom_1764149026182{background-color: #FFFFFF00 !important;}&#8221;]<div class=\"clearboth\"><\/div><style>#thegem-divider-69dcfbf65c0c3 {margin-top: 80px !important;}<\/style><div id=\"thegem-divider-69dcfbf65c0c3\" class=\"gem-divider  \" style=\"\" ><\/div>[vc_row_inner][vc_column_inner width=&#8221;1\/2&#8243;]<div class=\"thegem-te-heading thegem-custom-69dcfbf65c1de5661\" ><h1 id=\"thegem-heading-69dcfbf65c1b1\" class=\"thegem-heading thegem-custom-heading-69dcfbf65c1a88904\" style=\"text-align: left;\" ><span class=\"colored\" style=\"color: #FFFFFF;\">Conference equipment<\/span><\/h1><style type=\"text\/css\">#thegem-heading-69dcfbf65c1b1 {margin: 0;}#thegem-heading-69dcfbf65c1b1 {font-size: 80px;}#thegem-heading-69dcfbf65c1b1 {line-height: 100px;}#thegem-heading-69dcfbf65c1b1, #thegem-heading-69dcfbf65c1b1 .light {text-transform: none;}@media screen and (max-width: 1023px) and (min-width: 768px) {#thegem-heading-69dcfbf65c1b1 {font-size: 40px;}}@media screen and (max-width: 1023px) and (min-width: 768px) {#thegem-heading-69dcfbf65c1b1 {line-height: 50px;}}@media screen and (max-width: 767px) {#thegem-heading-69dcfbf65c1b1 {font-size: 40px;}}@media screen and (max-width: 767px) {#thegem-heading-69dcfbf65c1b1 {line-height: 50px;}}#thegem-heading-69dcfbf65c1b1 a:hover, #thegem-heading-69dcfbf65c1b1 a:hover span.colored {color: var(--thegem-to-menu-level1-color-hover, #00BCD4) !important;}<\/style><\/div><style>@media screen and (max-width: 1023px) {.thegem-heading.thegem-custom-heading-69dcfbf65c1a88904{display: block!important;}}@media screen and (max-width: 767px) {.thegem-heading.thegem-custom-heading-69dcfbf65c1a88904{display: block!important;}}@media screen and (max-width: 1023px) {.thegem-heading.thegem-custom-heading-69dcfbf65c1a88904{position: relative !important;}}@media screen and (max-width: 767px) {.thegem-heading.thegem-custom-heading-69dcfbf65c1a88904{position: relative !important;}}<\/style><div class=\"clearboth\"><\/div><style>#thegem-divider-69dcfbf65c23b {margin-top: 50px !important;}<\/style><div id=\"thegem-divider-69dcfbf65c23b\" class=\"gem-divider  \" style=\"\" ><\/div>[vc_column_text css=&#8221;&#8221;]<\/p>\n<div class=\"styled-subtitle\"><span style=\"color: #ffffff;\">We constantly make sure that our equipment is fully operational.<\/span><\/div>\n<p>[\/vc_column_text]<div class=\"clearboth\"><\/div><style>#thegem-divider-69dcfbf65c26e {margin-top: 100px !important;}<\/style><div id=\"thegem-divider-69dcfbf65c26e\" class=\"gem-divider  \" style=\"\" ><\/div><style type=\"text\/css\">.thegem-button-69dcfbf65c30e9948 .gem-button {font-size: 25px;padding-left: 45px;padding-right: 45px;}.thegem-button-69dcfbf65c30e9948 .gem-button-text {font-size: 25px;padding-left: 45px;padding-right: 45px;}@media (max-width: 767px) {.thegem-button-69dcfbf65c30e9948 .gem-button {padding-left: 25px;padding-right: 25px;}}.thegem-button-69dcfbf65c30e9948 .gem-button svg {fill: #4E172E;}.thegem-button-69dcfbf65c30e9948 .gem-button:hover svg {fill: #FF643B;}<\/style><div class=\"gem-button-container gem-button-position-left thegem-button-69dcfbf65c30e9948    \"  ><a title=\"Contact\" class=\"gem-button gem-button-size-large gem-button-style-flat gem-button-text-weight-normal gem-button-icon-position-right gem-button-no-uppercase  gem-button-tablet-size-medium gem-button-mobile-size-medium\" data-ll-effect=\"drop-right-without-wrap\" style=\"border-radius: 100px;background-color: #FF643B;color: #4E172E;\" onmouseleave=\"this.style.backgroundColor='#FF643B';this.style.color='#4E172E';\" onmouseenter=\"this.style.backgroundColor='#FAF6F1';this.style.color='#FF643B';\" href=\"https:\/\/skrivanek.pl\/en\/contact\/\" target=\"_self\">Contact<i class=\"gem-print-icon gem-icon-pack-elegant \">&#xe03e;<\/i><\/a><\/div> [vc_single_image image=&#8221;149664&#8243; img_size=&#8221;full&#8221; css=&#8221;&#8221;]<div class=\"clearboth\"><\/div><style>#thegem-divider-69dcfbf65c358 {margin-top: 50px !important;}<\/style><div id=\"thegem-divider-69dcfbf65c358\" class=\"gem-divider  \" style=\"\" ><\/div>[\/vc_column_inner][vc_column_inner width=&#8221;1\/2&#8243;][vc_single_image image=&#8221;148249&#8243; img_size=&#8221;full&#8221; alignment=&#8221;center&#8221; style=&#8221;vc_box_rounded&#8221; css=&#8221;&#8221;][\/vc_column_inner][\/vc_row_inner][\/vc_column][\/vc_row][vc_row][vc_column]<div class=\"clearboth\"><\/div><style>#thegem-divider-69dcfbf65c37a {margin-top: 30px !important;}<\/style><div id=\"thegem-divider-69dcfbf65c37a\" class=\"gem-divider  \" style=\"\" ><\/div>[\/vc_column][\/vc_row][vc_row][vc_column width=&#8221;1\/2&#8243;][vc_column_text css=&#8221;&#8221; css_animation=&#8221;left-to-right&#8221;]<\/p>\n<h6 class=\"title-h4\"><span style=\"color: #2c2c2c;\">Excellent transmission quality and reliability<\/span><\/h6>\n<p>[\/vc_column_text][vc_column_text]When supporting conferences, we provide high-quality <a href=\"https:\/\/skrivanek.pl\/en\/interpreting\/simultaneous-interpreting\/\">simultaneous<\/a> interpreting equipment and experienced technicians whose task is to ensure that the service is performed with exceptional care. We constantly monitor the work of our <a href=\"https:\/\/skrivanek.pl\/en\/interpreting\/\">interpreters<\/a> and regularly make sure that our equipment is fully operational, which is confirmed by the quality certificate <a href=\"https:\/\/skrivanek.pl\/en\/about-us\/standards\/iso-9001\/\">EN ISO 9001:2008<\/a> awarded to our company. We have never taken for granted the confidence placed in us by both our long-term and new clients, who entrust us with the comprehensive support of conferences, conventions, seminars and training events.<script type=\"application\/ld+json\">\r\n{\r\n  \"@context\": \"https:\/\/schema.org\/\",\r\n  \"@type\": \"Product\",\r\n  \"name\": \"Conference equipment\",\r\n  \"description\": \"When supporting conferences, we provide high-quality simultaneous interpreting equipment and experienced technicians whose task is to ensure that the service is performed with exceptional care. We constantly monitor the work of our interpreters and regularly make sure that our equipment is fully operational, which is confirmed by the quality certificate EN ISO 9001:2008 awarded to our company.\",\r\n  \"aggregateRating\": {\r\n    \"@type\": \"AggregateRating\",\r\n    \"ratingValue\": \"4.9\",\r\n    \"ratingCount\": \"422\"\r\n  }\r\n}\r\n<\/script><\/p>\n<p>&nbsp;<\/p>\n<p><strong>The distinguishing features of the equipment are:<\/strong>[\/vc_column_text]<div class=\"gem-list gem-list-type-checkbox gem-list-color-5\" ><ul class=\"nz-i-list \">\n<li>resistance to any interference generated by mobile phones or other devices using Wi-Fi, Bluetooth or microwaves<\/li>\n<li>excellent transmission quality and reliability \u2013 with its digital feedback suppressor and modern speakers, our system performs perfectly in any room<\/li>\n<li>exceptional flexibility and functionality \u2013 the system can be configured to meet the demands of all types of meetings, from a basic installation without an operator to a complex system for supporting international conferences<\/li>\n<\/ul>\n<\/div>[\/vc_column][vc_column width=&#8221;1\/2&#8243;][vc_column_text]An example set of interpreting equipment:[\/vc_column_text]<div class=\"gem-list gem-list-type-checkbox gem-list-color-5\" ><ul>\n<li>Two-person interpreting booth (ISO 4043 compliant)<\/li>\n<li>Central control unit (DCN-CCU)<\/li>\n<li>Interpreter desk (DCN-IDESK-D)<\/li>\n<li>Pocket receivers (LBB4540\/08)<\/li>\n<li>Stereo headphones (LBB3443\/00)<\/li>\n<li>Charging case (LBB4560\/00)<\/li>\n<li>Infrared radiator (LBB4511\/00)<\/li>\n<li>Mixer amplifier (PLE-2MA240-EU)<\/li>\n<li>Audio expander (LBB4402\/00)<\/li>\n<li>Wireless handheld microphones (MW1-HTX-Fx)<\/li>\n<li>Wireless head-worn microphones (MW1-HMC)<\/li>\n<li>Wireless microphone receivers (MW1-RX-Fx)<\/li>\n<li>Wireless belt-pack transmitters with Lavelier microphones (MW1-LTX-Fx)<\/li>\n<li>Discussion system (CCS 900 Ultro System)<\/li>\n<li>Line array loudspeakers (LBC 3201\/00)<\/li>\n<\/ul>\n<\/div>[\/vc_column][\/vc_row]<\/p>\n<\/div>","protected":false},"excerpt":{"rendered":"<p>[vc_row full_width=&#8221;stretch_row_content&#8221; gap=&#8221;15&#8243; css=&#8221;.vc_custom_1765283118706{margin-bottom: 0px !important;padding-bottom: 0px !important;padding-left: 35px !important;background-image: url(https:\/\/skrivanek.pl\/wp-content\/uploads\/2025\/12\/Website-Background-scaled.jpg?id=147839) !important;background-position: center !important;background-repeat: no-repeat !important;background-size: cover !important;}&#8221;][vc_column css=&#8221;.vc_custom_1764149026182{background-color: #FFFFFF00&#8230;<\/p>\n","protected":false},"author":1,"featured_media":112018,"parent":1164,"menu_order":0,"comment_status":"closed","ping_status":"closed","template":"","meta":{"footnotes":"","_wp_rev_ctl_limit":""},"class_list":["post-1174","page","type-page","status-publish","has-post-thumbnail"],"yoast_head":"<!-- This site is optimized with the Yoast SEO plugin v27.2 - https:\/\/yoast.com\/product\/yoast-seo-wordpress\/ -->\n<title>Conference equipment - by Skrivanek Translation Agency<\/title>\n<meta name=\"description\" content=\"Skrivanek provides cutting-edge conference equipment, along with on-site expert technicians to support your complex, high-profile events.\" \/>\n<meta name=\"robots\" content=\"index, follow, max-snippet:-1, max-image-preview:large, max-video-preview:-1\" \/>\n<link rel=\"canonical\" href=\"https:\/\/skrivanek.pl\/en\/interpreting\/conference-equipment\/\" \/>\n<meta property=\"og:locale\" content=\"en_US\" \/>\n<meta property=\"og:type\" content=\"article\" \/>\n<meta property=\"og:title\" content=\"Conference equipment - by Skrivanek Translation Agency\" \/>\n<meta property=\"og:description\" content=\"Skrivanek provides cutting-edge conference equipment, along with on-site expert technicians to support your complex, high-profile events.\" \/>\n<meta property=\"og:url\" content=\"https:\/\/skrivanek.pl\/en\/interpreting\/conference-equipment\/\" \/>\n<meta property=\"og:site_name\" content=\"Skrivanek - agencja t\u0142umacze\u0144\" \/>\n<meta property=\"article:publisher\" content=\"https:\/\/www.facebook.com\/SkrivanekPolska\" \/>\n<meta property=\"article:modified_time\" content=\"2026-02-13T12:51:48+00:00\" \/>\n<meta property=\"og:image\" content=\"https:\/\/skrivanek.pl\/wp-content\/uploads\/2023\/09\/obsluga-techniczna-konferencji-1.jpg\" \/>\n\t<meta property=\"og:image:width\" content=\"500\" \/>\n\t<meta property=\"og:image:height\" content=\"333\" \/>\n\t<meta property=\"og:image:type\" content=\"image\/jpeg\" \/>\n<meta name=\"twitter:card\" content=\"summary_large_image\" \/>\n<meta name=\"twitter:label1\" content=\"Est. reading time\" \/>\n\t<meta name=\"twitter:data1\" content=\"3 minutes\" \/>\n<script type=\"application\/ld+json\" class=\"yoast-schema-graph\">{\"@context\":\"https:\/\/schema.org\",\"@graph\":[{\"@type\":\"WebPage\",\"@id\":\"https:\/\/skrivanek.pl\/en\/interpreting\/conference-equipment\/\",\"url\":\"https:\/\/skrivanek.pl\/en\/interpreting\/conference-equipment\/\",\"name\":\"Conference equipment - by Skrivanek Translation Agency\",\"isPartOf\":{\"@id\":\"https:\/\/skrivanek.pl\/#website\"},\"primaryImageOfPage\":{\"@id\":\"https:\/\/skrivanek.pl\/en\/interpreting\/conference-equipment\/#primaryimage\"},\"image\":{\"@id\":\"https:\/\/skrivanek.pl\/en\/interpreting\/conference-equipment\/#primaryimage\"},\"thumbnailUrl\":\"https:\/\/skrivanek.pl\/wp-content\/uploads\/2023\/09\/obsluga-techniczna-konferencji-1.jpg\",\"datePublished\":\"2017-05-26T14:57:36+00:00\",\"dateModified\":\"2026-02-13T12:51:48+00:00\",\"description\":\"Skrivanek provides cutting-edge conference equipment, along with on-site expert technicians to support your complex, high-profile events.\",\"breadcrumb\":{\"@id\":\"https:\/\/skrivanek.pl\/en\/interpreting\/conference-equipment\/#breadcrumb\"},\"inLanguage\":\"en-US\",\"potentialAction\":[{\"@type\":\"ReadAction\",\"target\":[\"https:\/\/skrivanek.pl\/en\/interpreting\/conference-equipment\/\"]}]},{\"@type\":\"ImageObject\",\"inLanguage\":\"en-US\",\"@id\":\"https:\/\/skrivanek.pl\/en\/interpreting\/conference-equipment\/#primaryimage\",\"url\":\"https:\/\/skrivanek.pl\/wp-content\/uploads\/2023\/09\/obsluga-techniczna-konferencji-1.jpg\",\"contentUrl\":\"https:\/\/skrivanek.pl\/wp-content\/uploads\/2023\/09\/obsluga-techniczna-konferencji-1.jpg\",\"width\":500,\"height\":333,\"caption\":\"Conference equipment\"},{\"@type\":\"BreadcrumbList\",\"@id\":\"https:\/\/skrivanek.pl\/en\/interpreting\/conference-equipment\/#breadcrumb\",\"itemListElement\":[{\"@type\":\"ListItem\",\"position\":1,\"name\":\"Strona g\u0142\u00f3wna\",\"item\":\"https:\/\/skrivanek.pl\/en\/\"},{\"@type\":\"ListItem\",\"position\":2,\"name\":\"Interpreting\",\"item\":\"https:\/\/skrivanek.pl\/en\/interpreting\/\"},{\"@type\":\"ListItem\",\"position\":3,\"name\":\"Conference equipment\"}]},{\"@type\":\"WebSite\",\"@id\":\"https:\/\/skrivanek.pl\/#website\",\"url\":\"https:\/\/skrivanek.pl\/\",\"name\":\"Skrivanek - agencja t\u0142umacze\u0144\",\"description\":\"Skrivanek - t\u0142umaczenia\",\"publisher\":{\"@id\":\"https:\/\/skrivanek.pl\/#organization\"},\"potentialAction\":[{\"@type\":\"SearchAction\",\"target\":{\"@type\":\"EntryPoint\",\"urlTemplate\":\"https:\/\/skrivanek.pl\/?s={search_term_string}\"},\"query-input\":{\"@type\":\"PropertyValueSpecification\",\"valueRequired\":true,\"valueName\":\"search_term_string\"}}],\"inLanguage\":\"en-US\"},{\"@type\":\"Organization\",\"@id\":\"https:\/\/skrivanek.pl\/#organization\",\"name\":\"Skrivanek agencja t\u0142umacze\u0144 i szko\u0142a j\u0119zykowa\",\"url\":\"https:\/\/skrivanek.pl\/\",\"logo\":{\"@type\":\"ImageObject\",\"inLanguage\":\"en-US\",\"@id\":\"https:\/\/skrivanek.pl\/#\/schema\/logo\/image\/\",\"url\":\"https:\/\/skrivanek.pl\/wp-content\/uploads\/2020\/12\/logo-skrivanek-black.png\",\"contentUrl\":\"https:\/\/skrivanek.pl\/wp-content\/uploads\/2020\/12\/logo-skrivanek-black.png\",\"width\":441,\"height\":116,\"caption\":\"Skrivanek agencja t\u0142umacze\u0144 i szko\u0142a j\u0119zykowa\"},\"image\":{\"@id\":\"https:\/\/skrivanek.pl\/#\/schema\/logo\/image\/\"},\"sameAs\":[\"https:\/\/www.facebook.com\/SkrivanekPolska\",\"https:\/\/www.instagram.com\/skrivanek_official\/\",\"https:\/\/www.linkedin.com\/company\/skrivanek-poland\/\",\"https:\/\/www.youtube.com\/c\/SkrivanekPl\/\"]}]}<\/script>\n<!-- \/ Yoast SEO plugin. -->","yoast_head_json":{"title":"Conference equipment - by Skrivanek Translation Agency","description":"Skrivanek provides cutting-edge conference equipment, along with on-site expert technicians to support your complex, high-profile events.","robots":{"index":"index","follow":"follow","max-snippet":"max-snippet:-1","max-image-preview":"max-image-preview:large","max-video-preview":"max-video-preview:-1"},"canonical":"https:\/\/skrivanek.pl\/en\/interpreting\/conference-equipment\/","og_locale":"en_US","og_type":"article","og_title":"Conference equipment - by Skrivanek Translation Agency","og_description":"Skrivanek provides cutting-edge conference equipment, along with on-site expert technicians to support your complex, high-profile events.","og_url":"https:\/\/skrivanek.pl\/en\/interpreting\/conference-equipment\/","og_site_name":"Skrivanek - agencja t\u0142umacze\u0144","article_publisher":"https:\/\/www.facebook.com\/SkrivanekPolska","article_modified_time":"2026-02-13T12:51:48+00:00","og_image":[{"width":500,"height":333,"url":"https:\/\/skrivanek.pl\/wp-content\/uploads\/2023\/09\/obsluga-techniczna-konferencji-1.jpg","type":"image\/jpeg"}],"twitter_card":"summary_large_image","twitter_misc":{"Est. reading time":"3 minutes"},"schema":{"@context":"https:\/\/schema.org","@graph":[{"@type":"WebPage","@id":"https:\/\/skrivanek.pl\/en\/interpreting\/conference-equipment\/","url":"https:\/\/skrivanek.pl\/en\/interpreting\/conference-equipment\/","name":"Conference equipment - by Skrivanek Translation Agency","isPartOf":{"@id":"https:\/\/skrivanek.pl\/#website"},"primaryImageOfPage":{"@id":"https:\/\/skrivanek.pl\/en\/interpreting\/conference-equipment\/#primaryimage"},"image":{"@id":"https:\/\/skrivanek.pl\/en\/interpreting\/conference-equipment\/#primaryimage"},"thumbnailUrl":"https:\/\/skrivanek.pl\/wp-content\/uploads\/2023\/09\/obsluga-techniczna-konferencji-1.jpg","datePublished":"2017-05-26T14:57:36+00:00","dateModified":"2026-02-13T12:51:48+00:00","description":"Skrivanek provides cutting-edge conference equipment, along with on-site expert technicians to support your complex, high-profile events.","breadcrumb":{"@id":"https:\/\/skrivanek.pl\/en\/interpreting\/conference-equipment\/#breadcrumb"},"inLanguage":"en-US","potentialAction":[{"@type":"ReadAction","target":["https:\/\/skrivanek.pl\/en\/interpreting\/conference-equipment\/"]}]},{"@type":"ImageObject","inLanguage":"en-US","@id":"https:\/\/skrivanek.pl\/en\/interpreting\/conference-equipment\/#primaryimage","url":"https:\/\/skrivanek.pl\/wp-content\/uploads\/2023\/09\/obsluga-techniczna-konferencji-1.jpg","contentUrl":"https:\/\/skrivanek.pl\/wp-content\/uploads\/2023\/09\/obsluga-techniczna-konferencji-1.jpg","width":500,"height":333,"caption":"Conference equipment"},{"@type":"BreadcrumbList","@id":"https:\/\/skrivanek.pl\/en\/interpreting\/conference-equipment\/#breadcrumb","itemListElement":[{"@type":"ListItem","position":1,"name":"Strona g\u0142\u00f3wna","item":"https:\/\/skrivanek.pl\/en\/"},{"@type":"ListItem","position":2,"name":"Interpreting","item":"https:\/\/skrivanek.pl\/en\/interpreting\/"},{"@type":"ListItem","position":3,"name":"Conference equipment"}]},{"@type":"WebSite","@id":"https:\/\/skrivanek.pl\/#website","url":"https:\/\/skrivanek.pl\/","name":"Skrivanek - agencja t\u0142umacze\u0144","description":"Skrivanek - t\u0142umaczenia","publisher":{"@id":"https:\/\/skrivanek.pl\/#organization"},"potentialAction":[{"@type":"SearchAction","target":{"@type":"EntryPoint","urlTemplate":"https:\/\/skrivanek.pl\/?s={search_term_string}"},"query-input":{"@type":"PropertyValueSpecification","valueRequired":true,"valueName":"search_term_string"}}],"inLanguage":"en-US"},{"@type":"Organization","@id":"https:\/\/skrivanek.pl\/#organization","name":"Skrivanek agencja t\u0142umacze\u0144 i szko\u0142a j\u0119zykowa","url":"https:\/\/skrivanek.pl\/","logo":{"@type":"ImageObject","inLanguage":"en-US","@id":"https:\/\/skrivanek.pl\/#\/schema\/logo\/image\/","url":"https:\/\/skrivanek.pl\/wp-content\/uploads\/2020\/12\/logo-skrivanek-black.png","contentUrl":"https:\/\/skrivanek.pl\/wp-content\/uploads\/2020\/12\/logo-skrivanek-black.png","width":441,"height":116,"caption":"Skrivanek agencja t\u0142umacze\u0144 i szko\u0142a j\u0119zykowa"},"image":{"@id":"https:\/\/skrivanek.pl\/#\/schema\/logo\/image\/"},"sameAs":["https:\/\/www.facebook.com\/SkrivanekPolska","https:\/\/www.instagram.com\/skrivanek_official\/","https:\/\/www.linkedin.com\/company\/skrivanek-poland\/","https:\/\/www.youtube.com\/c\/SkrivanekPl\/"]}]}},"_links":{"self":[{"href":"https:\/\/skrivanek.pl\/en\/wp-json\/wp\/v2\/pages\/1174","targetHints":{"allow":["GET"]}}],"collection":[{"href":"https:\/\/skrivanek.pl\/en\/wp-json\/wp\/v2\/pages"}],"about":[{"href":"https:\/\/skrivanek.pl\/en\/wp-json\/wp\/v2\/types\/page"}],"author":[{"embeddable":true,"href":"https:\/\/skrivanek.pl\/en\/wp-json\/wp\/v2\/users\/1"}],"replies":[{"embeddable":true,"href":"https:\/\/skrivanek.pl\/en\/wp-json\/wp\/v2\/comments?post=1174"}],"version-history":[{"count":3,"href":"https:\/\/skrivanek.pl\/en\/wp-json\/wp\/v2\/pages\/1174\/revisions"}],"predecessor-version":[{"id":150648,"href":"https:\/\/skrivanek.pl\/en\/wp-json\/wp\/v2\/pages\/1174\/revisions\/150648"}],"up":[{"embeddable":true,"href":"https:\/\/skrivanek.pl\/en\/wp-json\/wp\/v2\/pages\/1164"}],"wp:featuredmedia":[{"embeddable":true,"href":"https:\/\/skrivanek.pl\/en\/wp-json\/wp\/v2\/media\/112018"}],"wp:attachment":[{"href":"https:\/\/skrivanek.pl\/en\/wp-json\/wp\/v2\/media?parent=1174"}],"curies":[{"name":"wp","href":"https:\/\/api.w.org\/{rel}","templated":true}]}}