{"id":108827,"date":"2023-08-31T17:57:39","date_gmt":"2023-08-31T15:57:39","guid":{"rendered":"https:\/\/skrivanek.pl\/?page_id=108827"},"modified":"2026-02-05T13:07:46","modified_gmt":"2026-02-05T12:07:46","slug":"corporate-social-responsibility","status":"publish","type":"page","link":"https:\/\/skrivanek.pl\/en\/corporate-social-responsibility\/","title":{"rendered":"Corporate Social Responsibility"},"content":{"rendered":"<div class=\"wpb-content-wrapper\"><p>[vc_row full_width=&#8221;stretch_row_content&#8221; gap=&#8221;15&#8243; css=&#8221;.vc_custom_1765283118706{margin-bottom: 0px !important;padding-bottom: 0px !important;padding-left: 35px !important;background-image: url(https:\/\/skrivanek.pl\/wp-content\/uploads\/2025\/12\/Website-Background-scaled.jpg?id=147839) !important;background-position: center !important;background-repeat: no-repeat !important;background-size: cover !important;}&#8221;][vc_column css=&#8221;.vc_custom_1764149026182{background-color: #FFFFFF00 !important;}&#8221;]<div class=\"clearboth\"><\/div><style>#thegem-divider-69de36a9ce9cc {margin-top: 80px !important;}<\/style><div id=\"thegem-divider-69de36a9ce9cc\" class=\"gem-divider  \" style=\"\" ><\/div>[vc_row_inner][vc_column_inner]<div class=\"thegem-te-heading thegem-custom-69de36a9ceaf43964\" ><h1 id=\"thegem-heading-69de36a9ceabb\" class=\"thegem-heading thegem-custom-heading-69de36a9ceab71166\" style=\"text-align: left;\" ><span class=\"colored\" style=\"color: #FFFFFF;\">Each of us can be socially responsible<\/span><\/h1><style type=\"text\/css\">#thegem-heading-69de36a9ceabb {margin: 0;}#thegem-heading-69de36a9ceabb {font-size: 60px;}#thegem-heading-69de36a9ceabb {line-height: 80px;}#thegem-heading-69de36a9ceabb, #thegem-heading-69de36a9ceabb .light {text-transform: none;}@media screen and (max-width: 1023px) and (min-width: 768px) {#thegem-heading-69de36a9ceabb {font-size: 40px;}}@media screen and (max-width: 1023px) and (min-width: 768px) {#thegem-heading-69de36a9ceabb {line-height: 50px;}}@media screen and (max-width: 767px) {#thegem-heading-69de36a9ceabb {font-size: 40px;}}@media screen and (max-width: 767px) {#thegem-heading-69de36a9ceabb {line-height: 50px;}}#thegem-heading-69de36a9ceabb a:hover, #thegem-heading-69de36a9ceabb a:hover span.colored {color: var(--thegem-to-menu-level1-color-hover, #00BCD4) !important;}<\/style><\/div><style>@media screen and (max-width: 1023px) {.thegem-heading.thegem-custom-heading-69de36a9ceab71166{display: block!important;}}@media screen and (max-width: 767px) {.thegem-heading.thegem-custom-heading-69de36a9ceab71166{display: block!important;}}@media screen and (max-width: 1023px) {.thegem-heading.thegem-custom-heading-69de36a9ceab71166{position: relative !important;}}@media screen and (max-width: 767px) {.thegem-heading.thegem-custom-heading-69de36a9ceab71166{position: relative !important;}}<\/style><div class=\"clearboth\"><\/div><style>#thegem-divider-69de36a9ceb53 {margin-top: 50px !important;}<\/style><div id=\"thegem-divider-69de36a9ceb53\" class=\"gem-divider  \" style=\"\" ><\/div>[vc_column_text css=&#8221;&#8221;]<\/p>\n<div class=\"styled-subtitle\"><span style=\"color: #ffffff;\">Who do we support and what are the rules for providing support?<\/span><\/div>\n<p>[\/vc_column_text]<div class=\"clearboth\"><\/div><style>#thegem-divider-69de36a9ceb78 {margin-top: 100px !important;}<\/style><div id=\"thegem-divider-69de36a9ceb78\" class=\"gem-divider  \" style=\"\" ><\/div>[vc_single_image image=&#8221;149664&#8243; img_size=&#8221;full&#8221; css=&#8221;&#8221;]<div class=\"clearboth\"><\/div><style>#thegem-divider-69de36a9ceb99 {margin-top: 50px !important;}<\/style><div id=\"thegem-divider-69de36a9ceb99\" class=\"gem-divider  \" style=\"\" ><\/div>[\/vc_column_inner][\/vc_row_inner][\/vc_column][\/vc_row][vc_row][vc_column]<div class=\"clearboth\"><\/div><style>#thegem-divider-69de36a9cebb5 {margin-top: 30px !important;}<\/style><div id=\"thegem-divider-69de36a9cebb5\" class=\"gem-divider  \" style=\"\" ><\/div>[\/vc_column][\/vc_row][vc_row padding_top=&#8221;0&#8243; padding_bottom=&#8221;0&#8243; css=&#8221;.vc_custom_1603206625276{margin-top: 50px !important;}&#8221;][vc_column width=&#8221;1\/2&#8243;][vc_column_text css=&#8221;.vc_custom_1693496360099{margin-top: -7px !important;}&#8221; css_animation=&#8221;right-to-left&#8221;]<\/p>\n<div class=\"title-h5\" style=\"text-align: left;\"><span class=\"light\">CORPORATE SOCIAL RESPONSIBILITY<\/span><\/div>\n<p>[\/vc_column_text][vc_separator color=&#8221;custom&#8221; align=&#8221;align_left&#8221; el_width=&#8221;40&#8243; css=&#8221;&#8221; accent_color=&#8221;#FF643B&#8221;][vc_column_text]Corporate Social Responsibility (CSR) is a system of values that a person or company voluntarily chooses and develops to help themselves, other people, and the environment, as well as to improve their own and others&#8217; competences and knowledge.<\/p>\n<p>The concept of social responsibility includes the voluntary integration of social and environmental issues into the company&#8217;s daily processes and their interactions.[\/vc_column_text][vc_column_text css=&#8221;.vc_custom_1693496393974{margin-top: -7px !important;}&#8221; css_animation=&#8221;right-to-left&#8221;]<\/p>\n<div class=\"title-h5\" style=\"text-align: left;\"><span class=\"light\">PUBLIC SUPPORT POLICY<\/span><\/div>\n<p>[\/vc_column_text][vc_separator color=&#8221;custom&#8221; align=&#8221;align_left&#8221; el_width=&#8221;40&#8243; css=&#8221;&#8221; accent_color=&#8221;#FF643B&#8221;][vc_column_text]Skrivanek is a socially responsible provider of language services in Poland and implements community support and charity projects. The development of the company gives the opportunity to allocate resources (both our services and volunteer work and financial resources) to purposefully support various social activities that are consistent with our company&#8217;s values: responsibility, understanding, challenge.[\/vc_column_text][vc_toggle title=&#8221;We support:&#8221;]<\/p>\n<ul>\n<li>initiatives aimed at educating and developing society, promoting the well-being of children and young people, as well as stimulating intercultural links and cross-border cooperation;<\/li>\n<li>projects requiring our expertise and language support;<\/li>\n<\/ul>\n<p>[\/vc_toggle][vc_empty_space height=&#8221;5px&#8221;][vc_toggle title=&#8221;We do not support:&#8221;]<\/p>\n<ul>\n<li>activities that may cause intolerance and are contrary to generally accepted moral values;<\/li>\n<li>initiatives supporting political events or organisations;<\/li>\n<li>projects that promote gambling, alcohol, and tobacco use.<\/li>\n<\/ul>\n<p>[\/vc_toggle][vc_empty_space height=&#8221;5px&#8221;][vc_toggle title=&#8221;Evaluation of support projects&#8221;]<\/p>\n<ul>\n<li>send a description of the support project in any form to: marketing@skrivanek.pl. Specify exactly what form and amount of support you need and provide your contact information;<\/li>\n<li>Priority will be given to projects that are clearly related to Skrivanek Polska&#8217;s values and correspond to our support priorities;<\/li>\n<li>it is important that the proposed initiative is able to produce tangible results with the possibility of developing long-term cooperation;<\/li>\n<li>submitted ideas will be considered and an employee of Skrivanek will send a response in electronic form within 20 days.<\/li>\n<\/ul>\n<p>[\/vc_toggle][vc_empty_space height=&#8221;5px&#8221;][\/vc_column][vc_column width=&#8221;1\/2&#8243;][vc_column_text css=&#8221;.vc_custom_1693496540224{margin-top: -7px !important;}&#8221; css_animation=&#8221;right-to-left&#8221;]<\/p>\n<div class=\"title-h5\" style=\"text-align: left;\"><span class=\"light\">HOW CAN ALL OF US BE SOCIALLY RESPONSIBLE?<\/span><\/div>\n<p>[\/vc_column_text][vc_separator color=&#8221;custom&#8221; align=&#8221;align_left&#8221; el_width=&#8221;40&#8243; css=&#8221;&#8221; accent_color=&#8221;#FF643B&#8221;][vc_column_text]<\/p>\n<ol>\n<li>By going to work by public transport (for example, one bus can accommodate 40 to 50 people) or even better \u2013 by bike!<\/li>\n<li>By saving electricity.<\/li>\n<li>By saving paper, i.e. by printing on both sides of the page and not printing what can be read on the computer.<\/li>\n<li>By sorting waste without polluting nature.<\/li>\n<li>By making a donation online \u2013 this is a really easy way to help someone in a difficult time. You can also participate in other charity projects or create your own!<\/li>\n<li>By using less hot water and saving cold water.<\/li>\n<li>By planting trees or even an entire forest!<\/li>\n<li>By treating others with respect.<\/li>\n<li>By sing paper or fabric bags in stores.<\/li>\n<li>By remembering that we did not inherit the globe, but borrowed it from our children.<\/li>\n<\/ol>\n<p>[\/vc_column_text][\/vc_column][\/vc_row][vc_row css=&#8221;.vc_custom_1614168491107{margin-top: 10px !important;margin-bottom: 20px !important;}&#8221;][vc_column][vc_column_text css=&#8221;&#8221; css_animation=&#8221;none&#8221;]<\/p>\n<div class=\"title-h5\" style=\"text-align: left;\"><span class=\"light\">Who do we support?<\/span><\/div>\n<p>[\/vc_column_text][vc_separator color=&#8221;custom&#8221; align=&#8221;align_left&#8221; el_width=&#8221;40&#8243; css=&#8221;&#8221; accent_color=&#8221;#FF643B&#8221;][vc_column_text]We cooperate e.g. with:<\/p>\n<ul>\n<li>Anna Dymna&#8217;s Foundation &#8220;Mimo wszystko&#8221;<\/li>\n<li>\u015awi\u0105teczna Paczka<\/li>\n<li>Lublin Hospice for Children named after Little Prince<\/li>\n<li>Museum of Hunting and Horsemanship in Warsaw<\/li>\n<li>District Museum in Rzesz\u00f3w<\/li>\n<li>National Museum in Kielce<\/li>\n<\/ul>\n<p>Since the beginning of the war in Ukraine, we have offered free sworn translations of personal documents from Ukrainian into Polish for private individuals.<\/p>\n<p>Our partner universities are:<\/p>\n<ul>\n<li>Academy of Finance and Business VISTULA in Warsaw<\/li>\n<li>Wroclaw Business University of Applied Sciences<\/li>\n<li>The John Paul II Catholic University of Lublin<\/li>\n<li>University of Rzesz\u00f3w<\/li>\n<li>Higher School of Tourism and Foreign Languages in Warsaw<\/li>\n<li>University of Adam Mickiewicz in Pozna\u0144<\/li>\n<li>Nicolaus Copernicus University in Toru\u0144<\/li>\n<li>Silesian University of Technology in Gliwice<\/li>\n<li>Maria Curie-Sk\u0142odowska University in Lublin<\/li>\n<li>WSB University in Pozna\u0144. Branch in Szczecin<\/li>\n<li>University of Economics and Human Sciences in Warsaw<\/li>\n<li>Kuyavian-Pomeranian University in Bydgoszcz<\/li>\n<li>University of Humanities and Economics in \u0141\u00f3d\u017a<\/li>\n<li>University of Occupational Safety Management in Katowice<\/li>\n<li>State University of Applied Sciences in Racib\u00f3rz<\/li>\n<li>University of Wroc\u0142aw<\/li>\n<li>University of Information Technology and Management in Rzesz\u00f3w<\/li>\n<li>Pedagogical University in Krakow<\/li>\n<li>University of Bialystok<\/li>\n<li>SWPS University<\/li>\n<\/ul>\n<p>[\/vc_column_text][\/vc_column][\/vc_row]<\/p>\n<\/div>","protected":false},"excerpt":{"rendered":"<p>[vc_row full_width=&#8221;stretch_row_content&#8221; gap=&#8221;15&#8243; css=&#8221;.vc_custom_1765283118706{margin-bottom: 0px !important;padding-bottom: 0px !important;padding-left: 35px !important;background-image: url(https:\/\/skrivanek.pl\/wp-content\/uploads\/2025\/12\/Website-Background-scaled.jpg?id=147839) !important;background-position: center !important;background-repeat: no-repeat !important;background-size: cover !important;}&#8221;][vc_column css=&#8221;.vc_custom_1764149026182{background-color: #FFFFFF00&#8230;<\/p>\n","protected":false},"author":8,"featured_media":0,"parent":0,"menu_order":0,"comment_status":"closed","ping_status":"closed","template":"","meta":{"footnotes":"","_wp_rev_ctl_limit":""},"class_list":["post-108827","page","type-page","status-publish"],"yoast_head":"<!-- This site is optimized with the Yoast SEO plugin v27.2 - https:\/\/yoast.com\/product\/yoast-seo-wordpress\/ -->\n<title>Corporate Social Responsibility (CSR) Initiatives | Skrivanek Translation Agency<\/title>\n<meta name=\"description\" content=\"Corporate Social Responsibility (CSR) is a system of values that a person or company voluntarily chooses and develops to help themselves\u2026\" \/>\n<meta name=\"robots\" content=\"index, follow, max-snippet:-1, max-image-preview:large, max-video-preview:-1\" \/>\n<link rel=\"canonical\" href=\"https:\/\/skrivanek.pl\/en\/corporate-social-responsibility\/\" \/>\n<meta property=\"og:locale\" content=\"en_US\" \/>\n<meta property=\"og:type\" content=\"article\" \/>\n<meta property=\"og:title\" content=\"Corporate Social Responsibility (CSR) Initiatives | Skrivanek Translation Agency\" \/>\n<meta property=\"og:description\" content=\"Corporate Social Responsibility (CSR) is a system of values that a person or company voluntarily chooses and develops to help themselves\u2026\" \/>\n<meta property=\"og:url\" content=\"https:\/\/skrivanek.pl\/en\/corporate-social-responsibility\/\" \/>\n<meta property=\"og:site_name\" content=\"Skrivanek - agencja t\u0142umacze\u0144\" \/>\n<meta property=\"article:publisher\" content=\"https:\/\/www.facebook.com\/SkrivanekPolska\" \/>\n<meta property=\"article:modified_time\" content=\"2026-02-05T12:07:46+00:00\" \/>\n<meta property=\"og:image\" content=\"https:\/\/skrivanek.pl\/wp-content\/uploads\/2019\/11\/google-plus-2.jpg\" \/>\n\t<meta property=\"og:image:width\" content=\"426\" \/>\n\t<meta property=\"og:image:height\" content=\"240\" \/>\n\t<meta property=\"og:image:type\" content=\"image\/jpeg\" \/>\n<meta name=\"twitter:card\" content=\"summary_large_image\" \/>\n<meta name=\"twitter:label1\" content=\"Est. reading time\" \/>\n\t<meta name=\"twitter:data1\" content=\"5 minutes\" \/>\n<script type=\"application\/ld+json\" class=\"yoast-schema-graph\">{\"@context\":\"https:\/\/schema.org\",\"@graph\":[{\"@type\":\"WebPage\",\"@id\":\"https:\/\/skrivanek.pl\/en\/corporate-social-responsibility\/\",\"url\":\"https:\/\/skrivanek.pl\/en\/corporate-social-responsibility\/\",\"name\":\"Corporate Social Responsibility (CSR) Initiatives | Skrivanek Translation Agency\",\"isPartOf\":{\"@id\":\"https:\/\/skrivanek.pl\/#website\"},\"datePublished\":\"2023-08-31T15:57:39+00:00\",\"dateModified\":\"2026-02-05T12:07:46+00:00\",\"description\":\"Corporate Social Responsibility (CSR) is a system of values that a person or company voluntarily chooses and develops to help themselves\u2026\",\"breadcrumb\":{\"@id\":\"https:\/\/skrivanek.pl\/en\/corporate-social-responsibility\/#breadcrumb\"},\"inLanguage\":\"en-US\",\"potentialAction\":[{\"@type\":\"ReadAction\",\"target\":[\"https:\/\/skrivanek.pl\/en\/corporate-social-responsibility\/\"]}]},{\"@type\":\"BreadcrumbList\",\"@id\":\"https:\/\/skrivanek.pl\/en\/corporate-social-responsibility\/#breadcrumb\",\"itemListElement\":[{\"@type\":\"ListItem\",\"position\":1,\"name\":\"Strona g\u0142\u00f3wna\",\"item\":\"https:\/\/skrivanek.pl\/en\/\"},{\"@type\":\"ListItem\",\"position\":2,\"name\":\"Corporate Social Responsibility\"}]},{\"@type\":\"WebSite\",\"@id\":\"https:\/\/skrivanek.pl\/#website\",\"url\":\"https:\/\/skrivanek.pl\/\",\"name\":\"Skrivanek - agencja t\u0142umacze\u0144\",\"description\":\"Skrivanek - t\u0142umaczenia\",\"publisher\":{\"@id\":\"https:\/\/skrivanek.pl\/#organization\"},\"potentialAction\":[{\"@type\":\"SearchAction\",\"target\":{\"@type\":\"EntryPoint\",\"urlTemplate\":\"https:\/\/skrivanek.pl\/?s={search_term_string}\"},\"query-input\":{\"@type\":\"PropertyValueSpecification\",\"valueRequired\":true,\"valueName\":\"search_term_string\"}}],\"inLanguage\":\"en-US\"},{\"@type\":\"Organization\",\"@id\":\"https:\/\/skrivanek.pl\/#organization\",\"name\":\"Skrivanek agencja t\u0142umacze\u0144 i szko\u0142a j\u0119zykowa\",\"url\":\"https:\/\/skrivanek.pl\/\",\"logo\":{\"@type\":\"ImageObject\",\"inLanguage\":\"en-US\",\"@id\":\"https:\/\/skrivanek.pl\/#\/schema\/logo\/image\/\",\"url\":\"https:\/\/skrivanek.pl\/wp-content\/uploads\/2020\/12\/logo-skrivanek-black.png\",\"contentUrl\":\"https:\/\/skrivanek.pl\/wp-content\/uploads\/2020\/12\/logo-skrivanek-black.png\",\"width\":441,\"height\":116,\"caption\":\"Skrivanek agencja t\u0142umacze\u0144 i szko\u0142a j\u0119zykowa\"},\"image\":{\"@id\":\"https:\/\/skrivanek.pl\/#\/schema\/logo\/image\/\"},\"sameAs\":[\"https:\/\/www.facebook.com\/SkrivanekPolska\",\"https:\/\/www.instagram.com\/skrivanek_official\/\",\"https:\/\/www.linkedin.com\/company\/skrivanek-poland\/\",\"https:\/\/www.youtube.com\/c\/SkrivanekPl\/\"]}]}<\/script>\n<!-- \/ Yoast SEO plugin. -->","yoast_head_json":{"title":"Corporate Social Responsibility (CSR) Initiatives | Skrivanek Translation Agency","description":"Corporate Social Responsibility (CSR) is a system of values that a person or company voluntarily chooses and develops to help themselves\u2026","robots":{"index":"index","follow":"follow","max-snippet":"max-snippet:-1","max-image-preview":"max-image-preview:large","max-video-preview":"max-video-preview:-1"},"canonical":"https:\/\/skrivanek.pl\/en\/corporate-social-responsibility\/","og_locale":"en_US","og_type":"article","og_title":"Corporate Social Responsibility (CSR) Initiatives | Skrivanek Translation Agency","og_description":"Corporate Social Responsibility (CSR) is a system of values that a person or company voluntarily chooses and develops to help themselves\u2026","og_url":"https:\/\/skrivanek.pl\/en\/corporate-social-responsibility\/","og_site_name":"Skrivanek - agencja t\u0142umacze\u0144","article_publisher":"https:\/\/www.facebook.com\/SkrivanekPolska","article_modified_time":"2026-02-05T12:07:46+00:00","og_image":[{"width":426,"height":240,"url":"https:\/\/skrivanek.pl\/wp-content\/uploads\/2019\/11\/google-plus-2.jpg","type":"image\/jpeg"}],"twitter_card":"summary_large_image","twitter_misc":{"Est. reading time":"5 minutes"},"schema":{"@context":"https:\/\/schema.org","@graph":[{"@type":"WebPage","@id":"https:\/\/skrivanek.pl\/en\/corporate-social-responsibility\/","url":"https:\/\/skrivanek.pl\/en\/corporate-social-responsibility\/","name":"Corporate Social Responsibility (CSR) Initiatives | Skrivanek Translation Agency","isPartOf":{"@id":"https:\/\/skrivanek.pl\/#website"},"datePublished":"2023-08-31T15:57:39+00:00","dateModified":"2026-02-05T12:07:46+00:00","description":"Corporate Social Responsibility (CSR) is a system of values that a person or company voluntarily chooses and develops to help themselves\u2026","breadcrumb":{"@id":"https:\/\/skrivanek.pl\/en\/corporate-social-responsibility\/#breadcrumb"},"inLanguage":"en-US","potentialAction":[{"@type":"ReadAction","target":["https:\/\/skrivanek.pl\/en\/corporate-social-responsibility\/"]}]},{"@type":"BreadcrumbList","@id":"https:\/\/skrivanek.pl\/en\/corporate-social-responsibility\/#breadcrumb","itemListElement":[{"@type":"ListItem","position":1,"name":"Strona g\u0142\u00f3wna","item":"https:\/\/skrivanek.pl\/en\/"},{"@type":"ListItem","position":2,"name":"Corporate Social Responsibility"}]},{"@type":"WebSite","@id":"https:\/\/skrivanek.pl\/#website","url":"https:\/\/skrivanek.pl\/","name":"Skrivanek - agencja t\u0142umacze\u0144","description":"Skrivanek - t\u0142umaczenia","publisher":{"@id":"https:\/\/skrivanek.pl\/#organization"},"potentialAction":[{"@type":"SearchAction","target":{"@type":"EntryPoint","urlTemplate":"https:\/\/skrivanek.pl\/?s={search_term_string}"},"query-input":{"@type":"PropertyValueSpecification","valueRequired":true,"valueName":"search_term_string"}}],"inLanguage":"en-US"},{"@type":"Organization","@id":"https:\/\/skrivanek.pl\/#organization","name":"Skrivanek agencja t\u0142umacze\u0144 i szko\u0142a j\u0119zykowa","url":"https:\/\/skrivanek.pl\/","logo":{"@type":"ImageObject","inLanguage":"en-US","@id":"https:\/\/skrivanek.pl\/#\/schema\/logo\/image\/","url":"https:\/\/skrivanek.pl\/wp-content\/uploads\/2020\/12\/logo-skrivanek-black.png","contentUrl":"https:\/\/skrivanek.pl\/wp-content\/uploads\/2020\/12\/logo-skrivanek-black.png","width":441,"height":116,"caption":"Skrivanek agencja t\u0142umacze\u0144 i szko\u0142a j\u0119zykowa"},"image":{"@id":"https:\/\/skrivanek.pl\/#\/schema\/logo\/image\/"},"sameAs":["https:\/\/www.facebook.com\/SkrivanekPolska","https:\/\/www.instagram.com\/skrivanek_official\/","https:\/\/www.linkedin.com\/company\/skrivanek-poland\/","https:\/\/www.youtube.com\/c\/SkrivanekPl\/"]}]}},"_links":{"self":[{"href":"https:\/\/skrivanek.pl\/en\/wp-json\/wp\/v2\/pages\/108827","targetHints":{"allow":["GET"]}}],"collection":[{"href":"https:\/\/skrivanek.pl\/en\/wp-json\/wp\/v2\/pages"}],"about":[{"href":"https:\/\/skrivanek.pl\/en\/wp-json\/wp\/v2\/types\/page"}],"author":[{"embeddable":true,"href":"https:\/\/skrivanek.pl\/en\/wp-json\/wp\/v2\/users\/8"}],"replies":[{"embeddable":true,"href":"https:\/\/skrivanek.pl\/en\/wp-json\/wp\/v2\/comments?post=108827"}],"version-history":[{"count":3,"href":"https:\/\/skrivanek.pl\/en\/wp-json\/wp\/v2\/pages\/108827\/revisions"}],"predecessor-version":[{"id":150269,"href":"https:\/\/skrivanek.pl\/en\/wp-json\/wp\/v2\/pages\/108827\/revisions\/150269"}],"wp:attachment":[{"href":"https:\/\/skrivanek.pl\/en\/wp-json\/wp\/v2\/media?parent=108827"}],"curies":[{"name":"wp","href":"https:\/\/api.w.org\/{rel}","templated":true}]}}