{"id":47032,"date":"2021-09-10T11:57:50","date_gmt":"2021-09-10T09:57:50","guid":{"rendered":"https:\/\/skrivanek.pl\/uber-uns\/normen\/iso-185872017\/"},"modified":"2026-02-13T16:15:06","modified_gmt":"2026-02-13T15:15:06","slug":"iso-185872017","status":"publish","type":"page","link":"https:\/\/skrivanek.pl\/de\/uber-uns\/normen\/iso-185872017\/","title":{"rendered":"ISO 18587:2017"},"content":{"rendered":"<div class=\"wpb-content-wrapper\"><p>[vc_row][vc_column]<div class=\"clearboth\"><\/div><style>#thegem-divider-69e46527926eb {margin-top: 100px !important;}<\/style><div id=\"thegem-divider-69e46527926eb\" class=\"gem-divider  \" style=\"\" ><\/div>[\/vc_column][\/vc_row][vc_row full_width=&#8221;true&#8221;][vc_column][vc_column_text css=&#8221;&#8221;]<\/p>\n<h1><span style=\"color: #ff6440;\"><strong>ISO 18587:2017<\/strong><\/span><\/h1>\n<p>[\/vc_column_text][vc_row_inner equal_height=&#8221;yes&#8221;][vc_column_inner width=&#8221;2\/3&#8243;][vc_column_text]<\/p>\n<h2><strong>Standardisierung des Posteditierens maschineller \u00dcbersetzung<\/strong><\/h2>\n<p>[\/vc_column_text][vc_column_text]Um der steigenden Nachfrage unserer Kunden nach hohen \u00dcbersetzungsvolumina und \u00dcbersetzungen mit einer kurzen Lieferzeit gerecht zu werden, haben wir unser Angebot um maschinelle \u00dcbersetzungen mit dem Posteditieren erweitert. Damit k\u00f6nnen unsere Kunden \u00dcbersetzungen in Auftrag geben, die bisher aus zeitlichen oder Kostengr\u00fcnden nicht m\u00f6glich waren. Die maschinelle \u00dcbersetzung wird mit unserem firmeneigenen Skrivanek NMT-Tool realisiert \u2013 einem System, das auf unserer 20-j\u00e4hrigen Erfahrung basiert und \u00e4hnlich wie das menschliche Gehirn ein neuronales Netzwerk verwendet.<\/p>\n<p>Um die h\u00f6chste \u00dcbersetzungsqualit\u00e4t zu sichern, bieten wir unseren Kunden das Posteditieren an, wodurch ein Text nicht nur verst\u00e4ndlich \u00fcbersetzt wird, sondern auch einer Human\u00fcbersetzung weitm\u00f6glichst nahekommt.<\/p>\n<p>Dank der <strong>maschinellen \u00dcbersetzung in Verbindung mit dem Posteditieren<\/strong> kann sich der Kunde auf einen professionellen Service verlassen. Dieser wird durch unsere Zertifikate bescheinigt, insbesondere die Zertifizierung nach ISO 18587. Diese Norm legt die Anforderungen f\u00fcr den Prozess des vollst\u00e4ndigen Posteditierens von maschinellen \u00dcbersetzungen und die Grundkompetenzen von Posteditoren fest.[\/vc_column_text][\/vc_column_inner][vc_column_inner width=&#8221;1\/3&#8243;][vc_single_image image=&#8221;139088&#8243; img_size=&#8221;large&#8221; alignment=&#8221;center&#8221; css=&#8221;&#8221;][\/vc_column_inner][\/vc_row_inner][\/vc_column][\/vc_row][vc_row][vc_column]<div class=\"clearboth\"><\/div><style>#thegem-divider-69e4652792738 {margin-top: 100px !important;}<\/style><div id=\"thegem-divider-69e4652792738\" class=\"gem-divider  \" style=\"\" ><\/div>[\/vc_column][\/vc_row]<\/p>\n<\/div>","protected":false},"excerpt":{"rendered":"<p>[vc_row][vc_column][\/vc_column][\/vc_row][vc_row full_width=&#8221;true&#8221;][vc_column][vc_column_text css=&#8221;&#8221;] ISO 18587:2017 [\/vc_column_text][vc_row_inner equal_height=&#8221;yes&#8221;][vc_column_inner width=&#8221;2\/3&#8243;][vc_column_text] Standardisierung des Posteditierens maschineller \u00dcbersetzung [\/vc_column_text][vc_column_text]Um der steigenden Nachfrage unserer Kunden nach&#8230;<\/p>\n","protected":false},"author":1,"featured_media":0,"parent":3122,"menu_order":0,"comment_status":"closed","ping_status":"closed","template":"","meta":{"footnotes":"","_wp_rev_ctl_limit":""},"class_list":["post-47032","page","type-page","status-publish"],"yoast_head":"<!-- This site is optimized with the Yoast SEO plugin v27.2 - https:\/\/yoast.com\/product\/yoast-seo-wordpress\/ -->\n<title>ISO 18587:2017 \u2013 Qualit\u00e4tsstandards in der \u00dcbersetzungsbranche | Skrivanek \u00dcbersetzungsb\u00fcro<\/title>\n<meta name=\"description\" content=\"Dank der maschinellen \u00dcbersetzung in Verbindung mit dem Posteditieren kann sich der Kunde auf einen professionellen Service verlassen.\" \/>\n<meta name=\"robots\" content=\"index, nofollow, max-snippet:-1, max-image-preview:large, max-video-preview:-1\" \/>\n<link rel=\"canonical\" href=\"https:\/\/skrivanek.pl\/de\/uber-uns\/normen\/iso-185872017\/\" \/>\n<meta property=\"og:locale\" content=\"de_DE\" \/>\n<meta property=\"og:type\" content=\"article\" \/>\n<meta property=\"og:title\" content=\"ISO 18587:2017 \u2013 Qualit\u00e4tsstandards in der \u00dcbersetzungsbranche | Skrivanek \u00dcbersetzungsb\u00fcro\" \/>\n<meta property=\"og:description\" content=\"Dank der maschinellen \u00dcbersetzung in Verbindung mit dem Posteditieren kann sich der Kunde auf einen professionellen Service verlassen.\" \/>\n<meta property=\"og:url\" content=\"https:\/\/skrivanek.pl\/de\/uber-uns\/normen\/iso-185872017\/\" \/>\n<meta property=\"og:site_name\" content=\"Skrivanek - agencja t\u0142umacze\u0144\" \/>\n<meta property=\"article:publisher\" content=\"https:\/\/www.facebook.com\/SkrivanekPolska\" \/>\n<meta property=\"article:modified_time\" content=\"2026-02-13T15:15:06+00:00\" \/>\n<meta property=\"og:image\" content=\"https:\/\/skrivanek.pl\/wp-content\/uploads\/2019\/11\/google-plus-2.jpg\" \/>\n\t<meta property=\"og:image:width\" content=\"426\" \/>\n\t<meta property=\"og:image:height\" content=\"240\" \/>\n\t<meta property=\"og:image:type\" content=\"image\/jpeg\" \/>\n<meta name=\"twitter:card\" content=\"summary_large_image\" \/>\n<meta name=\"twitter:label1\" content=\"Gesch\u00e4tzte Lesezeit\" \/>\n\t<meta name=\"twitter:data1\" content=\"2\u00a0Minuten\" \/>\n<script type=\"application\/ld+json\" class=\"yoast-schema-graph\">{\"@context\":\"https:\/\/schema.org\",\"@graph\":[{\"@type\":\"WebPage\",\"@id\":\"https:\/\/skrivanek.pl\/de\/uber-uns\/normen\/iso-185872017\/\",\"url\":\"https:\/\/skrivanek.pl\/de\/uber-uns\/normen\/iso-185872017\/\",\"name\":\"ISO 18587:2017 \u2013 Qualit\u00e4tsstandards in der \u00dcbersetzungsbranche | Skrivanek \u00dcbersetzungsb\u00fcro\",\"isPartOf\":{\"@id\":\"https:\/\/skrivanek.pl\/#website\"},\"datePublished\":\"2021-09-10T09:57:50+00:00\",\"dateModified\":\"2026-02-13T15:15:06+00:00\",\"description\":\"Dank der maschinellen \u00dcbersetzung in Verbindung mit dem Posteditieren kann sich der Kunde auf einen professionellen Service verlassen.\",\"breadcrumb\":{\"@id\":\"https:\/\/skrivanek.pl\/de\/uber-uns\/normen\/iso-185872017\/#breadcrumb\"},\"inLanguage\":\"de\",\"potentialAction\":[{\"@type\":\"ReadAction\",\"target\":[\"https:\/\/skrivanek.pl\/de\/uber-uns\/normen\/iso-185872017\/\"]}]},{\"@type\":\"BreadcrumbList\",\"@id\":\"https:\/\/skrivanek.pl\/de\/uber-uns\/normen\/iso-185872017\/#breadcrumb\",\"itemListElement\":[{\"@type\":\"ListItem\",\"position\":1,\"name\":\"Strona g\u0142\u00f3wna\",\"item\":\"https:\/\/skrivanek.pl\/de\/\"},{\"@type\":\"ListItem\",\"position\":2,\"name\":\"\u00dcBER UNS\",\"item\":\"https:\/\/skrivanek.pl\/de\/uber-uns\/\"},{\"@type\":\"ListItem\",\"position\":3,\"name\":\"NORMEN\",\"item\":\"https:\/\/skrivanek.pl\/de\/uber-uns\/normen\/\"},{\"@type\":\"ListItem\",\"position\":4,\"name\":\"ISO 18587:2017\"}]},{\"@type\":\"WebSite\",\"@id\":\"https:\/\/skrivanek.pl\/#website\",\"url\":\"https:\/\/skrivanek.pl\/\",\"name\":\"Skrivanek - agencja t\u0142umacze\u0144\",\"description\":\"Skrivanek - t\u0142umaczenia\",\"publisher\":{\"@id\":\"https:\/\/skrivanek.pl\/#organization\"},\"potentialAction\":[{\"@type\":\"SearchAction\",\"target\":{\"@type\":\"EntryPoint\",\"urlTemplate\":\"https:\/\/skrivanek.pl\/?s={search_term_string}\"},\"query-input\":{\"@type\":\"PropertyValueSpecification\",\"valueRequired\":true,\"valueName\":\"search_term_string\"}}],\"inLanguage\":\"de\"},{\"@type\":\"Organization\",\"@id\":\"https:\/\/skrivanek.pl\/#organization\",\"name\":\"Skrivanek agencja t\u0142umacze\u0144 i szko\u0142a j\u0119zykowa\",\"url\":\"https:\/\/skrivanek.pl\/\",\"logo\":{\"@type\":\"ImageObject\",\"inLanguage\":\"de\",\"@id\":\"https:\/\/skrivanek.pl\/#\/schema\/logo\/image\/\",\"url\":\"https:\/\/skrivanek.pl\/wp-content\/uploads\/2020\/12\/logo-skrivanek-black.png\",\"contentUrl\":\"https:\/\/skrivanek.pl\/wp-content\/uploads\/2020\/12\/logo-skrivanek-black.png\",\"width\":441,\"height\":116,\"caption\":\"Skrivanek agencja t\u0142umacze\u0144 i szko\u0142a j\u0119zykowa\"},\"image\":{\"@id\":\"https:\/\/skrivanek.pl\/#\/schema\/logo\/image\/\"},\"sameAs\":[\"https:\/\/www.facebook.com\/SkrivanekPolska\",\"https:\/\/www.instagram.com\/skrivanek_official\/\",\"https:\/\/www.linkedin.com\/company\/skrivanek-poland\/\",\"https:\/\/www.youtube.com\/c\/SkrivanekPl\/\"]}]}<\/script>\n<!-- \/ Yoast SEO plugin. -->","yoast_head_json":{"title":"ISO 18587:2017 \u2013 Qualit\u00e4tsstandards in der \u00dcbersetzungsbranche | Skrivanek \u00dcbersetzungsb\u00fcro","description":"Dank der maschinellen \u00dcbersetzung in Verbindung mit dem Posteditieren kann sich der Kunde auf einen professionellen Service verlassen.","robots":{"index":"index","follow":"nofollow","max-snippet":"max-snippet:-1","max-image-preview":"max-image-preview:large","max-video-preview":"max-video-preview:-1"},"canonical":"https:\/\/skrivanek.pl\/de\/uber-uns\/normen\/iso-185872017\/","og_locale":"de_DE","og_type":"article","og_title":"ISO 18587:2017 \u2013 Qualit\u00e4tsstandards in der \u00dcbersetzungsbranche | Skrivanek \u00dcbersetzungsb\u00fcro","og_description":"Dank der maschinellen \u00dcbersetzung in Verbindung mit dem Posteditieren kann sich der Kunde auf einen professionellen Service verlassen.","og_url":"https:\/\/skrivanek.pl\/de\/uber-uns\/normen\/iso-185872017\/","og_site_name":"Skrivanek - agencja t\u0142umacze\u0144","article_publisher":"https:\/\/www.facebook.com\/SkrivanekPolska","article_modified_time":"2026-02-13T15:15:06+00:00","og_image":[{"width":426,"height":240,"url":"https:\/\/skrivanek.pl\/wp-content\/uploads\/2019\/11\/google-plus-2.jpg","type":"image\/jpeg"}],"twitter_card":"summary_large_image","twitter_misc":{"Gesch\u00e4tzte Lesezeit":"2\u00a0Minuten"},"schema":{"@context":"https:\/\/schema.org","@graph":[{"@type":"WebPage","@id":"https:\/\/skrivanek.pl\/de\/uber-uns\/normen\/iso-185872017\/","url":"https:\/\/skrivanek.pl\/de\/uber-uns\/normen\/iso-185872017\/","name":"ISO 18587:2017 \u2013 Qualit\u00e4tsstandards in der \u00dcbersetzungsbranche | Skrivanek \u00dcbersetzungsb\u00fcro","isPartOf":{"@id":"https:\/\/skrivanek.pl\/#website"},"datePublished":"2021-09-10T09:57:50+00:00","dateModified":"2026-02-13T15:15:06+00:00","description":"Dank der maschinellen \u00dcbersetzung in Verbindung mit dem Posteditieren kann sich der Kunde auf einen professionellen Service verlassen.","breadcrumb":{"@id":"https:\/\/skrivanek.pl\/de\/uber-uns\/normen\/iso-185872017\/#breadcrumb"},"inLanguage":"de","potentialAction":[{"@type":"ReadAction","target":["https:\/\/skrivanek.pl\/de\/uber-uns\/normen\/iso-185872017\/"]}]},{"@type":"BreadcrumbList","@id":"https:\/\/skrivanek.pl\/de\/uber-uns\/normen\/iso-185872017\/#breadcrumb","itemListElement":[{"@type":"ListItem","position":1,"name":"Strona g\u0142\u00f3wna","item":"https:\/\/skrivanek.pl\/de\/"},{"@type":"ListItem","position":2,"name":"\u00dcBER UNS","item":"https:\/\/skrivanek.pl\/de\/uber-uns\/"},{"@type":"ListItem","position":3,"name":"NORMEN","item":"https:\/\/skrivanek.pl\/de\/uber-uns\/normen\/"},{"@type":"ListItem","position":4,"name":"ISO 18587:2017"}]},{"@type":"WebSite","@id":"https:\/\/skrivanek.pl\/#website","url":"https:\/\/skrivanek.pl\/","name":"Skrivanek - agencja t\u0142umacze\u0144","description":"Skrivanek - t\u0142umaczenia","publisher":{"@id":"https:\/\/skrivanek.pl\/#organization"},"potentialAction":[{"@type":"SearchAction","target":{"@type":"EntryPoint","urlTemplate":"https:\/\/skrivanek.pl\/?s={search_term_string}"},"query-input":{"@type":"PropertyValueSpecification","valueRequired":true,"valueName":"search_term_string"}}],"inLanguage":"de"},{"@type":"Organization","@id":"https:\/\/skrivanek.pl\/#organization","name":"Skrivanek agencja t\u0142umacze\u0144 i szko\u0142a j\u0119zykowa","url":"https:\/\/skrivanek.pl\/","logo":{"@type":"ImageObject","inLanguage":"de","@id":"https:\/\/skrivanek.pl\/#\/schema\/logo\/image\/","url":"https:\/\/skrivanek.pl\/wp-content\/uploads\/2020\/12\/logo-skrivanek-black.png","contentUrl":"https:\/\/skrivanek.pl\/wp-content\/uploads\/2020\/12\/logo-skrivanek-black.png","width":441,"height":116,"caption":"Skrivanek agencja t\u0142umacze\u0144 i szko\u0142a j\u0119zykowa"},"image":{"@id":"https:\/\/skrivanek.pl\/#\/schema\/logo\/image\/"},"sameAs":["https:\/\/www.facebook.com\/SkrivanekPolska","https:\/\/www.instagram.com\/skrivanek_official\/","https:\/\/www.linkedin.com\/company\/skrivanek-poland\/","https:\/\/www.youtube.com\/c\/SkrivanekPl\/"]}]}},"_links":{"self":[{"href":"https:\/\/skrivanek.pl\/de\/wp-json\/wp\/v2\/pages\/47032","targetHints":{"allow":["GET"]}}],"collection":[{"href":"https:\/\/skrivanek.pl\/de\/wp-json\/wp\/v2\/pages"}],"about":[{"href":"https:\/\/skrivanek.pl\/de\/wp-json\/wp\/v2\/types\/page"}],"author":[{"embeddable":true,"href":"https:\/\/skrivanek.pl\/de\/wp-json\/wp\/v2\/users\/1"}],"replies":[{"embeddable":true,"href":"https:\/\/skrivanek.pl\/de\/wp-json\/wp\/v2\/comments?post=47032"}],"version-history":[{"count":2,"href":"https:\/\/skrivanek.pl\/de\/wp-json\/wp\/v2\/pages\/47032\/revisions"}],"predecessor-version":[{"id":150702,"href":"https:\/\/skrivanek.pl\/de\/wp-json\/wp\/v2\/pages\/47032\/revisions\/150702"}],"up":[{"embeddable":true,"href":"https:\/\/skrivanek.pl\/de\/wp-json\/wp\/v2\/pages\/3122"}],"wp:attachment":[{"href":"https:\/\/skrivanek.pl\/de\/wp-json\/wp\/v2\/media?parent=47032"}],"curies":[{"name":"wp","href":"https:\/\/api.w.org\/{rel}","templated":true}]}}