{"id":3280,"date":"2017-09-14T16:04:01","date_gmt":"2017-09-14T14:04:01","guid":{"rendered":"https:\/\/fast.skrivanek.pl\/?page_id=3280\/"},"modified":"2026-02-13T16:22:14","modified_gmt":"2026-02-13T15:22:14","slug":"kontakt","status":"publish","type":"page","link":"https:\/\/skrivanek.pl\/de\/kontakt\/","title":{"rendered":"KONTAKT"},"content":{"rendered":"<div class=\"wpb-content-wrapper\"><p>[vc_row][vc_column]<div class=\"clearboth\"><\/div><style>#thegem-divider-69e464d86f4bb {margin-top: 100px !important;}<\/style><div id=\"thegem-divider-69e464d86f4bb\" class=\"gem-divider  \" style=\"\" ><\/div>[\/vc_column][\/vc_row][vc_row full_width=&#8221;stretch_row&#8221; equal_height=&#8221;yes&#8221; content_placement=&#8221;top&#8221; css=&#8221;.vc_custom_1604581930405{margin-bottom: 0px !important;background-position: 0 0 !important;background-repeat: no-repeat !important;}&#8221;][vc_column width=&#8221;1\/2&#8243; css_animation=&#8221;none&#8221;][vc_column_text css=&#8221;.vc_custom_1770996039598{margin-top: -7px !important;}&#8221; css_animation=&#8221;none&#8221;]<\/p>\n<h1><span style=\"color: #ff6440;\">Wir warten auf Sie!<\/span><\/h1>\n<p>[\/vc_column_text]<style id=\"wpforms-css-vars-115511\">\n\t\t\t\t#wpforms-115511 {\n\t\t\t\t\n\t\t\t}\n\t\t\t<\/style><div class=\"wpforms-container wpforms-container-full wpforms-render-modern\" id=\"wpforms-115511\"><form id=\"wpforms-form-115511\" class=\"wpforms-validate wpforms-form\" data-formid=\"115511\" method=\"post\" enctype=\"multipart\/form-data\" action=\"\/de\/wp-json\/wp\/v2\/pages\/3280?wpforms_form_id=115511\" data-token=\"e9c3e00662c8be53235a32653241451d\" data-token-time=\"1776575704\"><noscript class=\"wpforms-error-noscript\">Bitte aktiviere JavaScript in deinem Browser, um dieses Formular fertigzustellen.<\/noscript><div id=\"wpforms-error-noscript\" style=\"display: none;\">Bitte aktiviere JavaScript in deinem Browser, um dieses Formular fertigzustellen.<\/div><div class=\"wpforms-field-container\"><div id=\"wpforms-115511-field_23-container\" class=\"wpforms-field wpforms-field-select wpforms-field-select-style-classic\" data-field-id=\"23\"><label class=\"wpforms-field-label\" for=\"wpforms-115511-field_23\">Kunde <span class=\"wpforms-required-label\" aria-hidden=\"true\">*<\/span><\/label><select id=\"wpforms-115511-field_23\" class=\"wpforms-field-large wpforms-field-required\" name=\"wpforms[fields][23]\" required=\"required\"><option value=\"Unternehmen\"  class=\"choice-1 depth-1\"  >Unternehmen<\/option><option value=\"Privat\"  class=\"choice-2 depth-1\"  >Privat<\/option><\/select><\/div><div id=\"wpforms-115511-field_7-container\" class=\"wpforms-field wpforms-field-layout\" data-field-id=\"7\"><div class=\"wpforms-field-layout-columns wpforms-field-layout-preset-50-50\"><div class=\"wpforms-layout-column wpforms-layout-column-50\" ><div id=\"wpforms-115511-field_8-container\" class=\"wpforms-field wpforms-field-text\" data-field-id=\"8\"><label class=\"wpforms-field-label\" for=\"wpforms-115511-field_8\">Firma<\/label><input type=\"text\" id=\"wpforms-115511-field_8\" class=\"wpforms-field-medium\" name=\"wpforms[fields][8]\" aria-errormessage=\"wpforms-115511-field_8-error\" ><\/div><div id=\"wpforms-115511-field_10-container\" class=\"wpforms-field wpforms-field-email\" data-field-id=\"10\"><label class=\"wpforms-field-label\" for=\"wpforms-115511-field_10\">E-Mail-Adresse <span class=\"wpforms-required-label\" aria-hidden=\"true\">*<\/span><\/label><input type=\"email\" id=\"wpforms-115511-field_10\" class=\"wpforms-field-large wpforms-field-required\" name=\"wpforms[fields][10]\" spellcheck=\"false\" aria-errormessage=\"wpforms-115511-field_10-error\" required><\/div><\/div><div class=\"wpforms-layout-column wpforms-layout-column-50\" ><div id=\"wpforms-115511-field_9-container\" class=\"wpforms-field wpforms-field-phone\" data-field-id=\"9\"><label class=\"wpforms-field-label\" for=\"wpforms-115511-field_9\"> Telefonnummer<\/label><input type=\"tel\" id=\"wpforms-115511-field_9\" class=\"wpforms-field-medium\" data-rule-int-phone-field=\"true\" name=\"wpforms[fields][9]\" aria-label=\" Telefonnummer\" aria-errormessage=\"wpforms-115511-field_9-error\" ><\/div><div id=\"wpforms-115511-field_14-container\" class=\"wpforms-field wpforms-field-text\" data-field-id=\"14\"><label class=\"wpforms-field-label\" for=\"wpforms-115511-field_14\">Zielsprache<\/label><input type=\"text\" id=\"wpforms-115511-field_14\" class=\"wpforms-field-large\" name=\"wpforms[fields][14]\" aria-errormessage=\"wpforms-115511-field_14-error\" ><\/div><\/div><\/div><\/div><div id=\"wpforms-115511-field_11-container\" class=\"wpforms-field wpforms-field-textarea\" data-field-id=\"11\"><label class=\"wpforms-field-label\" for=\"wpforms-115511-field_11\">Wie k\u00f6nnen wir Ihnen helfen?<\/label><textarea id=\"wpforms-115511-field_11\" class=\"wpforms-field-medium\" name=\"wpforms[fields][11]\" aria-errormessage=\"wpforms-115511-field_11-error\" ><\/textarea><\/div><div id=\"wpforms-115511-field_13-container\" class=\"wpforms-field wpforms-field-file-upload\" data-field-id=\"13\"><label class=\"wpforms-field-label wpforms-label-hide\" for=\"wpforms-115511-field_13\" aria-hidden=\"false\">Przesy\u0142any plik<\/label><div\n\t\tclass=\"wpforms-uploader \"\n\t\tdata-field-id=\"13\"\n\t\tdata-form-id=\"115511\"\n\t\tdata-input-name=\"wpforms_115511_13\"\n\t\tdata-extensions=\"jpg,jpeg,jpe,gif,png,bmp,tiff,tif,webp,avif,ico,heic,heif,heics,heifs,asf,asx,wmv,wmx,wm,avi,divx,mov,qt,mpeg,mpg,mpe,mp4,m4v,ogv,webm,mkv,3gp,3gpp,3g2,3gp2,txt,asc,c,cc,h,srt,csv,tsv,ics,rtx,css,vtt,mp3,m4a,m4b,aac,ra,ram,wav,x-wav,ogg,oga,flac,mid,midi,wma,wax,mka,rtf,pdf,class,tar,zip,gz,gzip,rar,7z,psd,xcf,doc,pot,pps,ppt,wri,xla,xls,xlt,xlw,mpp,docx,docm,dotx,dotm,xlsx,xlsm,xlsb,xltx,xltm,xlam,pptx,pptm,ppsx,ppsm,potx,potm,ppam,sldx,sldm,onetoc,onetoc2,onepkg,oxps,xps,odt,odp,ods,odg,odc,odb,odf,wp,wpd,key,numbers,pages,ttf,ttf1,ttf2,ttf3,eot,woff,woff2,woff21,svg,json,md\"\n\t\tdata-max-size=\"10485760\"\n\t\tdata-max-file-number=\"5\"\n\t\tdata-post-max-size=\"134217728\"\n\t\tdata-max-parallel-uploads=\"4\"\n\t\tdata-parallel-uploads=\"true\"\n\t\tdata-file-chunk-size=\"2097152\">\n\t<div class=\"dz-message\">\n\t\t<svg  viewBox=\"0 0 640 640\" focusable=\"false\" data-icon=\"inbox\" width=\"50px\" height=\"50px\" fill=\"currentColor\" aria-hidden=\"true\">\n\t\t\t<path d=\"M352 173.3L352 384C352 401.7 337.7 416 320 416C302.3 416 288 401.7 288 384L288 173.3L246.6 214.7C234.1 227.2 213.8 227.2 201.3 214.7C188.8 202.2 188.8 181.9 201.3 169.4L297.3 73.4C309.8 60.9 330.1 60.9 342.6 73.4L438.6 169.4C451.1 181.9 451.1 202.2 438.6 214.7C426.1 227.2 405.8 227.2 393.3 214.7L352 173.3zM320 464C364.2 464 400 428.2 400 384L480 384C515.3 384 544 412.7 544 448L544 480C544 515.3 515.3 544 480 544L160 544C124.7 544 96 515.3 96 480L96 448C96 412.7 124.7 384 160 384L240 384C240 428.2 275.8 464 320 464zM464 488C477.3 488 488 477.3 488 464C488 450.7 477.3 440 464 440C450.7 440 440 450.7 440 464C440 477.3 450.7 488 464 488z\"\/>\n\t\t<\/svg>\n\n\t\t<span class=\"modern-title\">\n\t\t\t\t\t\t\tDrag &amp; Drop Files, \t\t\t\t<span>Choose Files to Upload<\/span>\n\t\t\t\t\t<\/span>\n\n\t\t\t\t\t<span class=\"modern-hint\">Du kannst bis zu 5 Dateien hochladen.<\/span>\n\t\t\t<\/div>\n<\/div>\n\n<input\n\t\ttype=\"text\"\n\t\tautocomplete=\"off\"\n\t\treadonly\n\t\tclass=\"dropzone-input\"\n\t\tstyle=\"position:absolute!important;clip:rect(0,0,0,0)!important;height:1px!important;width:1px!important;border:0!important;overflow:hidden!important;padding:0!important;margin:0!important;\"\n\t\tid=\"wpforms-115511-field_13\"\n\t\tname=\"wpforms_115511_13\" \t\tvalue=\"\">\n<\/div><div id=\"wpforms-115511-field_12-container\" class=\"wpforms-field wpforms-field-gdpr-checkbox\" data-field-id=\"12\"><ul id=\"wpforms-115511-field_12\" class=\"wpforms-field-required\"><li class=\"choice-1\"><input type=\"checkbox\" id=\"wpforms-115511-field_12_1\" name=\"wpforms[fields][12][]\" value=\"Personenbezogene Daten werden gem\u00e4\u00df den Datenschutzbestimmungen von Skrivanek verarbeitet\" aria-errormessage=\"wpforms-115511-field_12_1-error\" required ><label class=\"wpforms-field-label-inline\" for=\"wpforms-115511-field_12_1\">Personenbezogene Daten werden gem\u00e4\u00df den Datenschutzbestimmungen von Skrivanek verarbeitet <span class=\"wpforms-required-label\" aria-hidden=\"true\">*<\/span><\/label><\/li><\/ul><\/div><div id=\"wpforms-115511-field_15-container\" class=\"wpforms-field wpforms-field-html\" data-field-id=\"15\"><div id=\"wpforms-115511-field_15\" aria-errormessage=\"wpforms-115511-field_15-error\"> <a href=\"https:\/\/skrivanek.pl\/de\/impressum\/\">Impressum<\/a> <\/div><\/div><div id=\"wpforms-115511-field_20-container\" class=\"wpforms-field wpforms-field-hidden\" data-field-id=\"20\"><input type=\"hidden\" id=\"wpforms-115511-field_20\" name=\"wpforms[fields][20]\" value=\"[channel]\"><\/div><div id=\"wpforms-115511-field_18-container\" class=\"wpforms-field wpforms-field-hidden\" data-field-id=\"18\"><input type=\"hidden\" id=\"wpforms-115511-field_18\" name=\"wpforms[fields][18]\" value=\"[channeldrilldown1]\"><\/div><div id=\"wpforms-115511-field_19-container\" class=\"wpforms-field wpforms-field-hidden\" data-field-id=\"19\"><input type=\"hidden\" id=\"wpforms-115511-field_19\" name=\"wpforms[fields][19]\" value=\"[channeldrilldown2]\"><\/div><div id=\"wpforms-115511-field_17-container\" class=\"wpforms-field wpforms-field-hidden\" data-field-id=\"17\"><input type=\"hidden\" id=\"wpforms-115511-field_17\" name=\"wpforms[fields][17]\" value=\"[channeldrilldown3]\"><\/div><div id=\"wpforms-115511-field_16-container\" class=\"wpforms-field wpforms-field-hidden\" data-field-id=\"16\"><input type=\"hidden\" id=\"wpforms-115511-field_16\" name=\"wpforms[fields][16]\" value=\"[landingpage]\"><\/div><div id=\"wpforms-115511-field_21-container\" class=\"wpforms-field wpforms-field-hidden\" data-field-id=\"21\"><input type=\"hidden\" id=\"wpforms-115511-field_21\" name=\"wpforms[fields][21]\" value=\"[landingpagegroup]\"><\/div><div id=\"wpforms-115511-field_22-container\" class=\"wpforms-field wpforms-field-hidden\" data-field-id=\"22\"><input type=\"hidden\" id=\"wpforms-115511-field_22\" name=\"wpforms[fields][22]\" value=\"[gclid]\"><\/div><\/div><!-- .wpforms-field-container --><div class=\"wpforms-recaptcha-container wpforms-is-recaptcha wpforms-is-recaptcha-type-v3\" ><input type=\"hidden\" name=\"wpforms[recaptcha]\" value=\"\"><\/div><div class=\"wpforms-submit-container\" ><input type=\"hidden\" name=\"wpforms[id]\" value=\"115511\"><input type=\"hidden\" name=\"page_title\" value=\"\"><input type=\"hidden\" name=\"page_url\" value=\"https:\/\/skrivanek.pl\/de\/wp-json\/wp\/v2\/pages\/3280\"><input type=\"hidden\" name=\"url_referer\" value=\"\"><button type=\"submit\" name=\"wpforms[submit]\" id=\"wpforms-submit-115511\" class=\"wpforms-submit\" data-alt-text=\"Senden\" data-submit-text=\"Senden\" aria-live=\"assertive\" value=\"wpforms-submit\">Senden<\/button><\/div><\/form><\/div>  <!-- .wpforms-container -->[\/vc_column][vc_column width=&#8221;1\/2&#8243; css=&#8221;.vc_custom_1602072804013{padding-right: 0px !important;padding-left: 0px !important;}&#8221;][vc_column_text css=&#8221;&#8221;]<\/p>\n<h5><span style=\"color: #ff6440;\">Bei Fragen rufen Sie uns an oder senden <\/span><br \/>\n<span style=\"color: #ff6440;\">Sie uns eine E-Mail!<\/span><\/h5>\n<h4>skrivanek@skrivanek.pl<\/h4>\n<h5>Vorteile der Zusammenarbeit mit Skrivanek:<\/h5>\n<ul class=\"nz-i-list \">\n<li>klare und angemessene Preise<\/li>\n<li>angepasste \u00dcbersetzungsprozesse<\/li>\n<li>Liefertermine, die Ihren Erwartungen entgegenkommen<\/li>\n<li>Anwendung von den modernsten CAT-Tools<\/li>\n<li>professionelle und kundenfreundliche Project Manager<\/li>\n<li>erfahrene und hochqualifizierte \u00dcbersetzer und Dolmetscher<\/li>\n<li>mehr als 100 Sprachen im Angebot<\/li>\n<li>Alle \u00dcbersetzungen k\u00f6nnen Sie online bestellen. Sie sind aber auch immer in allen unseren 50 B\u00fcros in der ganzen Welt herzlich willkommen!<script type=\"application\/ld+json\">\r\n{\r\n  \"@context\": \"https:\/\/schema.org\/\",\r\n  \"@type\": \"Product\",\r\n  \"name\": \"Kontakt\",\r\n  \"description\": \"Wir warten auf Sie! Vorteile der Zusammenarbeit mit Skrivanek: klare und angemessene Preise, angepasste \u00dcbersetzungsprozesse, Liefertermine, die Ihren Erwartungen entgegenkommen, Anwendung von den modernsten CAT-Tools, professionelle und kundenfreundliche Project Manager, erfahrene und hochqualifizierte \u00dcbersetzer und Dolmetscher, mehr als 100 Sprachen im Angebot, Alle \u00dcbersetzungen k\u00f6nnen Sie online bestellen. Sie sind aber auch immer in allen unseren 50 B\u00fcros in der ganzen Welt herzlich willkommen!\",\r\n  \"aggregateRating\": {\r\n    \"@type\": \"AggregateRating\",\r\n    \"ratingValue\": \"4.9\",\r\n    \"ratingCount\": \"422\"\r\n  }\r\n}\r\n<\/script><\/li>\n<\/ul>\n<h6><strong>Wir erf\u00fcllen die Anforderungen von folgenden ISO-Normen:<\/strong><\/h6>\n<p>[\/vc_column_text][vc_row_inner][vc_column_inner width=&#8221;1\/6&#8243;][\/vc_column_inner][vc_column_inner width=&#8221;2\/3&#8243;][vc_single_image image=&#8221;146862&#8243; img_size=&#8221;medium&#8221; css=&#8221;&#8221;][\/vc_column_inner][vc_column_inner width=&#8221;1\/6&#8243;][\/vc_column_inner][\/vc_row_inner][vc_row_inner][vc_column_inner width=&#8221;1\/6&#8243;][\/vc_column_inner][vc_column_inner width=&#8221;2\/3&#8243;][vc_single_image image=&#8221;146853&#8243; img_size=&#8221;medium&#8221; css=&#8221;&#8221;][\/vc_column_inner][vc_column_inner width=&#8221;1\/6&#8243;][\/vc_column_inner][\/vc_row_inner][\/vc_column][\/vc_row][vc_row][vc_column]<div class=\"clearboth\"><\/div><style>#thegem-divider-69e464d8787ab {margin-top: 100px !important;}<\/style><div id=\"thegem-divider-69e464d8787ab\" class=\"gem-divider  \" style=\"\" ><\/div>[\/vc_column][\/vc_row]<\/p>\n<\/div>","protected":false},"excerpt":{"rendered":"<p>[vc_row][vc_column][\/vc_column][\/vc_row][vc_row full_width=&#8221;stretch_row&#8221; equal_height=&#8221;yes&#8221; content_placement=&#8221;top&#8221; css=&#8221;.vc_custom_1604581930405{margin-bottom: 0px !important;background-position: 0 0 !important;background-repeat: no-repeat !important;}&#8221;][vc_column width=&#8221;1\/2&#8243; css_animation=&#8221;none&#8221;][vc_column_text css=&#8221;.vc_custom_1770996039598{margin-top: -7px !important;}&#8221; css_animation=&#8221;none&#8221;] Wir warten&#8230;<\/p>\n","protected":false},"author":1,"featured_media":0,"parent":0,"menu_order":0,"comment_status":"closed","ping_status":"closed","template":"","meta":{"footnotes":"","_wp_rev_ctl_limit":""},"class_list":["post-3280","page","type-page","status-publish"],"yoast_head":"<!-- This site is optimized with the Yoast SEO plugin v27.2 - https:\/\/yoast.com\/product\/yoast-seo-wordpress\/ -->\n<title>Rufen Sie uns an oder schreiben Sie uns! | Skrivanek<\/title>\n<meta name=\"description\" content=\"Wir warten auf Sie! Rufen Sie uns an oder schreiben Sie uns! Vorteile der Zusammenarbeit mit Skrivanek: klare und angemessene Preise\u2026\" \/>\n<meta name=\"robots\" content=\"index, follow, max-snippet:-1, max-image-preview:large, max-video-preview:-1\" \/>\n<link rel=\"canonical\" href=\"https:\/\/skrivanek.pl\/de\/kontakt\/\" \/>\n<meta property=\"og:locale\" content=\"de_DE\" \/>\n<meta property=\"og:type\" content=\"article\" \/>\n<meta property=\"og:title\" content=\"Rufen Sie uns an oder schreiben Sie uns! | Skrivanek\" \/>\n<meta property=\"og:description\" content=\"Wir warten auf Sie! Rufen Sie uns an oder schreiben Sie uns! Vorteile der Zusammenarbeit mit Skrivanek: klare und angemessene Preise\u2026\" \/>\n<meta property=\"og:url\" content=\"https:\/\/skrivanek.pl\/de\/kontakt\/\" \/>\n<meta property=\"og:site_name\" content=\"Skrivanek - agencja t\u0142umacze\u0144\" \/>\n<meta property=\"article:publisher\" content=\"https:\/\/www.facebook.com\/SkrivanekPolska\" \/>\n<meta property=\"article:modified_time\" content=\"2026-02-13T15:22:14+00:00\" \/>\n<meta property=\"og:image\" content=\"https:\/\/skrivanek.pl\/wp-content\/uploads\/2019\/11\/google-plus-2.jpg\" \/>\n\t<meta property=\"og:image:width\" content=\"426\" \/>\n\t<meta property=\"og:image:height\" content=\"240\" \/>\n\t<meta property=\"og:image:type\" content=\"image\/jpeg\" \/>\n<meta name=\"twitter:card\" content=\"summary_large_image\" \/>\n<meta name=\"twitter:label1\" content=\"Gesch\u00e4tzte Lesezeit\" \/>\n\t<meta name=\"twitter:data1\" content=\"1\u00a0Minute\" \/>\n<script type=\"application\/ld+json\" class=\"yoast-schema-graph\">{\"@context\":\"https:\/\/schema.org\",\"@graph\":[{\"@type\":\"WebPage\",\"@id\":\"https:\/\/skrivanek.pl\/de\/kontakt\/\",\"url\":\"https:\/\/skrivanek.pl\/de\/kontakt\/\",\"name\":\"Rufen Sie uns an oder schreiben Sie uns! | Skrivanek\",\"isPartOf\":{\"@id\":\"https:\/\/skrivanek.pl\/#website\"},\"datePublished\":\"2017-09-14T14:04:01+00:00\",\"dateModified\":\"2026-02-13T15:22:14+00:00\",\"description\":\"Wir warten auf Sie! Rufen Sie uns an oder schreiben Sie uns! Vorteile der Zusammenarbeit mit Skrivanek: klare und angemessene Preise\u2026\",\"breadcrumb\":{\"@id\":\"https:\/\/skrivanek.pl\/de\/kontakt\/#breadcrumb\"},\"inLanguage\":\"de\",\"potentialAction\":[{\"@type\":\"ReadAction\",\"target\":[\"https:\/\/skrivanek.pl\/de\/kontakt\/\"]}]},{\"@type\":\"BreadcrumbList\",\"@id\":\"https:\/\/skrivanek.pl\/de\/kontakt\/#breadcrumb\",\"itemListElement\":[{\"@type\":\"ListItem\",\"position\":1,\"name\":\"Strona g\u0142\u00f3wna\",\"item\":\"https:\/\/skrivanek.pl\/de\/\"},{\"@type\":\"ListItem\",\"position\":2,\"name\":\"KONTAKT\"}]},{\"@type\":\"WebSite\",\"@id\":\"https:\/\/skrivanek.pl\/#website\",\"url\":\"https:\/\/skrivanek.pl\/\",\"name\":\"Skrivanek - agencja t\u0142umacze\u0144\",\"description\":\"Skrivanek - t\u0142umaczenia\",\"publisher\":{\"@id\":\"https:\/\/skrivanek.pl\/#organization\"},\"potentialAction\":[{\"@type\":\"SearchAction\",\"target\":{\"@type\":\"EntryPoint\",\"urlTemplate\":\"https:\/\/skrivanek.pl\/?s={search_term_string}\"},\"query-input\":{\"@type\":\"PropertyValueSpecification\",\"valueRequired\":true,\"valueName\":\"search_term_string\"}}],\"inLanguage\":\"de\"},{\"@type\":\"Organization\",\"@id\":\"https:\/\/skrivanek.pl\/#organization\",\"name\":\"Skrivanek agencja t\u0142umacze\u0144 i szko\u0142a j\u0119zykowa\",\"url\":\"https:\/\/skrivanek.pl\/\",\"logo\":{\"@type\":\"ImageObject\",\"inLanguage\":\"de\",\"@id\":\"https:\/\/skrivanek.pl\/#\/schema\/logo\/image\/\",\"url\":\"https:\/\/skrivanek.pl\/wp-content\/uploads\/2020\/12\/logo-skrivanek-black.png\",\"contentUrl\":\"https:\/\/skrivanek.pl\/wp-content\/uploads\/2020\/12\/logo-skrivanek-black.png\",\"width\":441,\"height\":116,\"caption\":\"Skrivanek agencja t\u0142umacze\u0144 i szko\u0142a j\u0119zykowa\"},\"image\":{\"@id\":\"https:\/\/skrivanek.pl\/#\/schema\/logo\/image\/\"},\"sameAs\":[\"https:\/\/www.facebook.com\/SkrivanekPolska\",\"https:\/\/www.instagram.com\/skrivanek_official\/\",\"https:\/\/www.linkedin.com\/company\/skrivanek-poland\/\",\"https:\/\/www.youtube.com\/c\/SkrivanekPl\/\"]}]}<\/script>\n<!-- \/ Yoast SEO plugin. -->","yoast_head_json":{"title":"Rufen Sie uns an oder schreiben Sie uns! | Skrivanek","description":"Wir warten auf Sie! Rufen Sie uns an oder schreiben Sie uns! Vorteile der Zusammenarbeit mit Skrivanek: klare und angemessene Preise\u2026","robots":{"index":"index","follow":"follow","max-snippet":"max-snippet:-1","max-image-preview":"max-image-preview:large","max-video-preview":"max-video-preview:-1"},"canonical":"https:\/\/skrivanek.pl\/de\/kontakt\/","og_locale":"de_DE","og_type":"article","og_title":"Rufen Sie uns an oder schreiben Sie uns! | Skrivanek","og_description":"Wir warten auf Sie! Rufen Sie uns an oder schreiben Sie uns! Vorteile der Zusammenarbeit mit Skrivanek: klare und angemessene Preise\u2026","og_url":"https:\/\/skrivanek.pl\/de\/kontakt\/","og_site_name":"Skrivanek - agencja t\u0142umacze\u0144","article_publisher":"https:\/\/www.facebook.com\/SkrivanekPolska","article_modified_time":"2026-02-13T15:22:14+00:00","og_image":[{"width":426,"height":240,"url":"https:\/\/skrivanek.pl\/wp-content\/uploads\/2019\/11\/google-plus-2.jpg","type":"image\/jpeg"}],"twitter_card":"summary_large_image","twitter_misc":{"Gesch\u00e4tzte Lesezeit":"1\u00a0Minute"},"schema":{"@context":"https:\/\/schema.org","@graph":[{"@type":"WebPage","@id":"https:\/\/skrivanek.pl\/de\/kontakt\/","url":"https:\/\/skrivanek.pl\/de\/kontakt\/","name":"Rufen Sie uns an oder schreiben Sie uns! | Skrivanek","isPartOf":{"@id":"https:\/\/skrivanek.pl\/#website"},"datePublished":"2017-09-14T14:04:01+00:00","dateModified":"2026-02-13T15:22:14+00:00","description":"Wir warten auf Sie! Rufen Sie uns an oder schreiben Sie uns! Vorteile der Zusammenarbeit mit Skrivanek: klare und angemessene Preise\u2026","breadcrumb":{"@id":"https:\/\/skrivanek.pl\/de\/kontakt\/#breadcrumb"},"inLanguage":"de","potentialAction":[{"@type":"ReadAction","target":["https:\/\/skrivanek.pl\/de\/kontakt\/"]}]},{"@type":"BreadcrumbList","@id":"https:\/\/skrivanek.pl\/de\/kontakt\/#breadcrumb","itemListElement":[{"@type":"ListItem","position":1,"name":"Strona g\u0142\u00f3wna","item":"https:\/\/skrivanek.pl\/de\/"},{"@type":"ListItem","position":2,"name":"KONTAKT"}]},{"@type":"WebSite","@id":"https:\/\/skrivanek.pl\/#website","url":"https:\/\/skrivanek.pl\/","name":"Skrivanek - agencja t\u0142umacze\u0144","description":"Skrivanek - t\u0142umaczenia","publisher":{"@id":"https:\/\/skrivanek.pl\/#organization"},"potentialAction":[{"@type":"SearchAction","target":{"@type":"EntryPoint","urlTemplate":"https:\/\/skrivanek.pl\/?s={search_term_string}"},"query-input":{"@type":"PropertyValueSpecification","valueRequired":true,"valueName":"search_term_string"}}],"inLanguage":"de"},{"@type":"Organization","@id":"https:\/\/skrivanek.pl\/#organization","name":"Skrivanek agencja t\u0142umacze\u0144 i szko\u0142a j\u0119zykowa","url":"https:\/\/skrivanek.pl\/","logo":{"@type":"ImageObject","inLanguage":"de","@id":"https:\/\/skrivanek.pl\/#\/schema\/logo\/image\/","url":"https:\/\/skrivanek.pl\/wp-content\/uploads\/2020\/12\/logo-skrivanek-black.png","contentUrl":"https:\/\/skrivanek.pl\/wp-content\/uploads\/2020\/12\/logo-skrivanek-black.png","width":441,"height":116,"caption":"Skrivanek agencja t\u0142umacze\u0144 i szko\u0142a j\u0119zykowa"},"image":{"@id":"https:\/\/skrivanek.pl\/#\/schema\/logo\/image\/"},"sameAs":["https:\/\/www.facebook.com\/SkrivanekPolska","https:\/\/www.instagram.com\/skrivanek_official\/","https:\/\/www.linkedin.com\/company\/skrivanek-poland\/","https:\/\/www.youtube.com\/c\/SkrivanekPl\/"]}]}},"_links":{"self":[{"href":"https:\/\/skrivanek.pl\/de\/wp-json\/wp\/v2\/pages\/3280","targetHints":{"allow":["GET"]}}],"collection":[{"href":"https:\/\/skrivanek.pl\/de\/wp-json\/wp\/v2\/pages"}],"about":[{"href":"https:\/\/skrivanek.pl\/de\/wp-json\/wp\/v2\/types\/page"}],"author":[{"embeddable":true,"href":"https:\/\/skrivanek.pl\/de\/wp-json\/wp\/v2\/users\/1"}],"replies":[{"embeddable":true,"href":"https:\/\/skrivanek.pl\/de\/wp-json\/wp\/v2\/comments?post=3280"}],"version-history":[{"count":4,"href":"https:\/\/skrivanek.pl\/de\/wp-json\/wp\/v2\/pages\/3280\/revisions"}],"predecessor-version":[{"id":150708,"href":"https:\/\/skrivanek.pl\/de\/wp-json\/wp\/v2\/pages\/3280\/revisions\/150708"}],"wp:attachment":[{"href":"https:\/\/skrivanek.pl\/de\/wp-json\/wp\/v2\/media?parent=3280"}],"curies":[{"name":"wp","href":"https:\/\/api.w.org\/{rel}","templated":true}]}}