{"id":3118,"date":"2017-09-08T14:52:23","date_gmt":"2017-09-08T12:52:23","guid":{"rendered":"https:\/\/fast.skrivanek.pl\/?page_id=3118\/"},"modified":"2026-02-13T15:57:18","modified_gmt":"2026-02-13T14:57:18","slug":"einfaches-dtp","status":"publish","type":"page","link":"https:\/\/skrivanek.pl\/de\/dtp-zentrum\/einfaches-dtp\/","title":{"rendered":"Einfaches DTP"},"content":{"rendered":"<div class=\"wpb-content-wrapper\"><p>[vc_row full_width=&#8221;stretch_row_content&#8221; gap=&#8221;15&#8243; css=&#8221;.vc_custom_1765283118706{margin-bottom: 0px !important;padding-bottom: 0px !important;padding-left: 35px !important;background-image: url(https:\/\/skrivanek.pl\/wp-content\/uploads\/2025\/12\/Website-Background-scaled.jpg?id=147839) !important;background-position: center !important;background-repeat: no-repeat !important;background-size: cover !important;}&#8221;][vc_column css=&#8221;.vc_custom_1764149026182{background-color: #FFFFFF00 !important;}&#8221;]<div class=\"clearboth\"><\/div><style>#thegem-divider-69e8754075cca {margin-top: 80px !important;}<\/style><div id=\"thegem-divider-69e8754075cca\" class=\"gem-divider  \" style=\"\" ><\/div>[vc_row_inner][vc_column_inner width=&#8221;1\/2&#8243;]<div class=\"thegem-te-heading thegem-custom-69e8754075e162260\" ><h1 id=\"thegem-heading-69e8754075de5\" class=\"thegem-heading thegem-custom-heading-69e8754075ddc8551\" style=\"text-align: left;\" ><span class=\"colored\" style=\"color: #FFFFFF;\">Einfaches DTP<\/span><\/h1><style type=\"text\/css\">#thegem-heading-69e8754075de5 {margin: 0;}#thegem-heading-69e8754075de5 {font-size: 80px;}#thegem-heading-69e8754075de5 {line-height: 100px;}#thegem-heading-69e8754075de5, #thegem-heading-69e8754075de5 .light {text-transform: none;}@media screen and (max-width: 1023px) and (min-width: 768px) {#thegem-heading-69e8754075de5 {font-size: 40px;}}@media screen and (max-width: 1023px) and (min-width: 768px) {#thegem-heading-69e8754075de5 {line-height: 50px;}}@media screen and (max-width: 767px) {#thegem-heading-69e8754075de5 {font-size: 40px;}}@media screen and (max-width: 767px) {#thegem-heading-69e8754075de5 {line-height: 50px;}}#thegem-heading-69e8754075de5 a:hover, #thegem-heading-69e8754075de5 a:hover span.colored {color: var(--thegem-to-menu-level1-color-hover, #00BCD4) !important;}<\/style><\/div><style>@media screen and (max-width: 1023px) {.thegem-heading.thegem-custom-heading-69e8754075ddc8551{display: block!important;}}@media screen and (max-width: 767px) {.thegem-heading.thegem-custom-heading-69e8754075ddc8551{display: block!important;}}@media screen and (max-width: 1023px) {.thegem-heading.thegem-custom-heading-69e8754075ddc8551{position: relative !important;}}@media screen and (max-width: 767px) {.thegem-heading.thegem-custom-heading-69e8754075ddc8551{position: relative !important;}}<\/style><div class=\"clearboth\"><\/div><style>#thegem-divider-69e8754075e6d {margin-top: 50px !important;}<\/style><div id=\"thegem-divider-69e8754075e6d\" class=\"gem-divider  \" style=\"\" ><\/div>[vc_column_text css=&#8221;&#8221;]<\/p>\n<div class=\"styled-subtitle\"><span style=\"color: #ffffff;\">Die ideale L\u00f6sung f\u00fcr nicht editierbare Dateien mit einfachem Layout <\/span><\/div>\n<p>[\/vc_column_text]<div class=\"clearboth\"><\/div><style>#thegem-divider-69e8754075ea7 {margin-top: 100px !important;}<\/style><div id=\"thegem-divider-69e8754075ea7\" class=\"gem-divider  \" style=\"\" ><\/div><style type=\"text\/css\">.thegem-button-69e8754075f569906 .gem-button {font-size: 25px;padding-left: 45px;padding-right: 45px;}.thegem-button-69e8754075f569906 .gem-button-text {font-size: 25px;padding-left: 45px;padding-right: 45px;}@media (max-width: 767px) {.thegem-button-69e8754075f569906 .gem-button {padding-left: 25px;padding-right: 25px;}}.thegem-button-69e8754075f569906 .gem-button svg {fill: #4E172E;}.thegem-button-69e8754075f569906 .gem-button:hover svg {fill: #FF643B;}<\/style><div class=\"gem-button-container gem-button-position-left thegem-button-69e8754075f569906    \"  ><a title=\"Kontakt\" class=\"gem-button gem-button-size-large gem-button-style-flat gem-button-text-weight-normal gem-button-icon-position-right gem-button-no-uppercase  gem-button-tablet-size-medium gem-button-mobile-size-medium\" data-ll-effect=\"drop-right-without-wrap\" style=\"border-radius: 100px;background-color: #FF643B;color: #4E172E;\" onmouseleave=\"this.style.backgroundColor='#FF643B';this.style.color='#4E172E';\" onmouseenter=\"this.style.backgroundColor='#FAF6F1';this.style.color='#FF643B';\" href=\"https:\/\/skrivanek.pl\/de\/kontakt\/\" target=\"_self\">Kontakt<i class=\"gem-print-icon gem-icon-pack-elegant \">&#xe03e;<\/i><\/a><\/div> [vc_single_image image=&#8221;149665&#8243; img_size=&#8221;full&#8221; css=&#8221;&#8221;]<div class=\"clearboth\"><\/div><style>#thegem-divider-69e8754075f9c {margin-top: 50px !important;}<\/style><div id=\"thegem-divider-69e8754075f9c\" class=\"gem-divider  \" style=\"\" ><\/div>[\/vc_column_inner][vc_column_inner width=&#8221;1\/2&#8243;][vc_single_image image=&#8221;149962&#8243; img_size=&#8221;full&#8221; alignment=&#8221;center&#8221; style=&#8221;vc_box_rounded&#8221; css=&#8221;&#8221;][\/vc_column_inner][\/vc_row_inner][\/vc_column][\/vc_row][vc_row][vc_column]<div class=\"clearboth\"><\/div><style>#thegem-divider-69e8754075fbf {margin-top: 30px !important;}<\/style><div id=\"thegem-divider-69e8754075fbf\" class=\"gem-divider  \" style=\"\" ><\/div>[\/vc_column][\/vc_row][vc_row][vc_column][vc_column_text css=&#8221;&#8221; css_animation=&#8221;left-to-right&#8221;]<\/p>\n<div class=\"title-h4\"><span style=\"color: #2c2c2c;\">M\u00f6chten Sie eine nicht editierbare Datei \u00fcbersetzen lassen?<\/span><\/div>\n<p>[\/vc_column_text][vc_column_text]<\/p>\n<p style=\"text-align: left;\"><span lang=\"DE\">Wenn Sie eine nicht editierbare Datei mit einem unkomplizierten grafischen Layout, d. h. ohne komplexe Tabellen, Diagramme oder Spaltenumbr\u00fcche, \u00fcbersetzen wollen, dann ist ein einfacher DTP-Service die richtige L\u00f6sung f\u00fcr Sie. Ganz \u00e4hnlich verh\u00e4lt es sich, wenn die \u00dcbereinstimmung mit der Quelldatei kein Muss ist. Schaubilder, Zeichnungen oder \u00e4hnliche Elemente werden in Form einer Legende \u00fcbersetzt und das Layout in vereinfachter Weise abgebildet, so dass Sie die entsprechenden Passagen des Textes in der \u00dcbersetzung und in der Quelldatei finden.<script type=\"application\/ld+json\">\r\n{\r\n  \"@context\": \"https:\/\/schema.org\/\",\r\n  \"@type\": \"Product\",\r\n  \"name\": \"Einfaches DTP\",\r\n  \"description\": \"Wenn Sie eine nicht editierbare Datei mit einem unkomplizierten grafischen Layout, d. h. ohne komplexe Tabellen, Diagramme oder Spaltenumbr\u00fcche, \u00fcbersetzen wollen, dann ist ein einfacher DTP-Service die richtige L\u00f6sung f\u00fcr Sie. Ganz \u00e4hnlich verh\u00e4lt es sich, wenn die \u00dcbereinstimmung mit der Quelldatei kein Muss ist. Schaubilder, Zeichnungen oder \u00e4hnliche Elemente werden in Form einer Legende \u00fcbersetzt und das Layout in vereinfachter Weise abgebildet, so dass Sie die entsprechenden Passagen des Textes in der \u00dcbersetzung und in der Quelldatei finden.\",\r\n  \"aggregateRating\": {\r\n    \"@type\": \"AggregateRating\",\r\n    \"ratingValue\": \"4.9\",\r\n    \"ratingCount\": \"422\"\r\n  }\r\n}\r\n<\/script><\/span><\/p>\n<p>[\/vc_column_text][\/vc_column][\/vc_row]<\/p>\n<\/div>","protected":false},"excerpt":{"rendered":"<p>[vc_row full_width=&#8221;stretch_row_content&#8221; gap=&#8221;15&#8243; css=&#8221;.vc_custom_1765283118706{margin-bottom: 0px !important;padding-bottom: 0px !important;padding-left: 35px !important;background-image: url(https:\/\/skrivanek.pl\/wp-content\/uploads\/2025\/12\/Website-Background-scaled.jpg?id=147839) !important;background-position: center !important;background-repeat: no-repeat !important;background-size: cover !important;}&#8221;][vc_column css=&#8221;.vc_custom_1764149026182{background-color: #FFFFFF00&#8230;<\/p>\n","protected":false},"author":1,"featured_media":70718,"parent":3111,"menu_order":0,"comment_status":"closed","ping_status":"closed","template":"","meta":{"footnotes":"","_wp_rev_ctl_limit":""},"class_list":["post-3118","page","type-page","status-publish","has-post-thumbnail"],"yoast_head":"<!-- This site is optimized with the Yoast SEO plugin v27.2 - https:\/\/yoast.com\/product\/yoast-seo-wordpress\/ -->\n<title>Einfaches DTP | Skrivanek \u00dcbersetzungsagentur<\/title>\n<meta name=\"description\" content=\"Wenn Sie ein einfaches Layout in der \u00dcbersetzung wiederspiegeln wollen, dann ist ein einfacher DTP-Service die beste Wahl.\" \/>\n<meta name=\"robots\" content=\"index, follow, max-snippet:-1, max-image-preview:large, max-video-preview:-1\" \/>\n<link rel=\"canonical\" href=\"https:\/\/skrivanek.pl\/de\/dtp-zentrum\/einfaches-dtp\/\" \/>\n<meta property=\"og:locale\" content=\"de_DE\" \/>\n<meta property=\"og:type\" content=\"article\" \/>\n<meta property=\"og:title\" content=\"Einfaches DTP | Skrivanek \u00dcbersetzungsagentur\" \/>\n<meta property=\"og:description\" content=\"Wenn Sie ein einfaches Layout in der \u00dcbersetzung wiederspiegeln wollen, dann ist ein einfacher DTP-Service die beste Wahl.\" \/>\n<meta property=\"og:url\" content=\"https:\/\/skrivanek.pl\/de\/dtp-zentrum\/einfaches-dtp\/\" \/>\n<meta property=\"og:site_name\" content=\"Skrivanek - agencja t\u0142umacze\u0144\" \/>\n<meta property=\"article:publisher\" content=\"https:\/\/www.facebook.com\/SkrivanekPolska\" \/>\n<meta property=\"article:modified_time\" content=\"2026-02-13T14:57:18+00:00\" \/>\n<meta property=\"og:image\" content=\"https:\/\/skrivanek.pl\/wp-content\/uploads\/2022\/08\/Einfaches-DTP.png\" \/>\n\t<meta property=\"og:image:width\" content=\"499\" \/>\n\t<meta property=\"og:image:height\" content=\"333\" \/>\n\t<meta property=\"og:image:type\" content=\"image\/png\" \/>\n<meta name=\"twitter:card\" content=\"summary_large_image\" \/>\n<meta name=\"twitter:label1\" content=\"Gesch\u00e4tzte Lesezeit\" \/>\n\t<meta name=\"twitter:data1\" content=\"2\u00a0Minuten\" \/>\n<script type=\"application\/ld+json\" class=\"yoast-schema-graph\">{\"@context\":\"https:\/\/schema.org\",\"@graph\":[{\"@type\":\"WebPage\",\"@id\":\"https:\/\/skrivanek.pl\/de\/dtp-zentrum\/einfaches-dtp\/\",\"url\":\"https:\/\/skrivanek.pl\/de\/dtp-zentrum\/einfaches-dtp\/\",\"name\":\"Einfaches DTP | Skrivanek \u00dcbersetzungsagentur\",\"isPartOf\":{\"@id\":\"https:\/\/skrivanek.pl\/#website\"},\"primaryImageOfPage\":{\"@id\":\"https:\/\/skrivanek.pl\/de\/dtp-zentrum\/einfaches-dtp\/#primaryimage\"},\"image\":{\"@id\":\"https:\/\/skrivanek.pl\/de\/dtp-zentrum\/einfaches-dtp\/#primaryimage\"},\"thumbnailUrl\":\"https:\/\/skrivanek.pl\/wp-content\/uploads\/2022\/08\/Einfaches-DTP.png\",\"datePublished\":\"2017-09-08T12:52:23+00:00\",\"dateModified\":\"2026-02-13T14:57:18+00:00\",\"description\":\"Wenn Sie ein einfaches Layout in der \u00dcbersetzung wiederspiegeln wollen, dann ist ein einfacher DTP-Service die beste Wahl.\",\"breadcrumb\":{\"@id\":\"https:\/\/skrivanek.pl\/de\/dtp-zentrum\/einfaches-dtp\/#breadcrumb\"},\"inLanguage\":\"de\",\"potentialAction\":[{\"@type\":\"ReadAction\",\"target\":[\"https:\/\/skrivanek.pl\/de\/dtp-zentrum\/einfaches-dtp\/\"]}]},{\"@type\":\"ImageObject\",\"inLanguage\":\"de\",\"@id\":\"https:\/\/skrivanek.pl\/de\/dtp-zentrum\/einfaches-dtp\/#primaryimage\",\"url\":\"https:\/\/skrivanek.pl\/wp-content\/uploads\/2022\/08\/Einfaches-DTP.png\",\"contentUrl\":\"https:\/\/skrivanek.pl\/wp-content\/uploads\/2022\/08\/Einfaches-DTP.png\",\"width\":499,\"height\":333,\"caption\":\"Einfaches DTP\"},{\"@type\":\"BreadcrumbList\",\"@id\":\"https:\/\/skrivanek.pl\/de\/dtp-zentrum\/einfaches-dtp\/#breadcrumb\",\"itemListElement\":[{\"@type\":\"ListItem\",\"position\":1,\"name\":\"Strona g\u0142\u00f3wna\",\"item\":\"https:\/\/skrivanek.pl\/de\/\"},{\"@type\":\"ListItem\",\"position\":2,\"name\":\"DTP-Zentrum\",\"item\":\"https:\/\/skrivanek.pl\/de\/dtp-zentrum\/\"},{\"@type\":\"ListItem\",\"position\":3,\"name\":\"Einfaches DTP\"}]},{\"@type\":\"WebSite\",\"@id\":\"https:\/\/skrivanek.pl\/#website\",\"url\":\"https:\/\/skrivanek.pl\/\",\"name\":\"Skrivanek - agencja t\u0142umacze\u0144\",\"description\":\"Skrivanek - t\u0142umaczenia\",\"publisher\":{\"@id\":\"https:\/\/skrivanek.pl\/#organization\"},\"potentialAction\":[{\"@type\":\"SearchAction\",\"target\":{\"@type\":\"EntryPoint\",\"urlTemplate\":\"https:\/\/skrivanek.pl\/?s={search_term_string}\"},\"query-input\":{\"@type\":\"PropertyValueSpecification\",\"valueRequired\":true,\"valueName\":\"search_term_string\"}}],\"inLanguage\":\"de\"},{\"@type\":\"Organization\",\"@id\":\"https:\/\/skrivanek.pl\/#organization\",\"name\":\"Skrivanek agencja t\u0142umacze\u0144 i szko\u0142a j\u0119zykowa\",\"url\":\"https:\/\/skrivanek.pl\/\",\"logo\":{\"@type\":\"ImageObject\",\"inLanguage\":\"de\",\"@id\":\"https:\/\/skrivanek.pl\/#\/schema\/logo\/image\/\",\"url\":\"https:\/\/skrivanek.pl\/wp-content\/uploads\/2020\/12\/logo-skrivanek-black.png\",\"contentUrl\":\"https:\/\/skrivanek.pl\/wp-content\/uploads\/2020\/12\/logo-skrivanek-black.png\",\"width\":441,\"height\":116,\"caption\":\"Skrivanek agencja t\u0142umacze\u0144 i szko\u0142a j\u0119zykowa\"},\"image\":{\"@id\":\"https:\/\/skrivanek.pl\/#\/schema\/logo\/image\/\"},\"sameAs\":[\"https:\/\/www.facebook.com\/SkrivanekPolska\",\"https:\/\/www.instagram.com\/skrivanek_official\/\",\"https:\/\/www.linkedin.com\/company\/skrivanek-poland\/\",\"https:\/\/www.youtube.com\/c\/SkrivanekPl\/\"]}]}<\/script>\n<!-- \/ Yoast SEO plugin. -->","yoast_head_json":{"title":"Einfaches DTP | Skrivanek \u00dcbersetzungsagentur","description":"Wenn Sie ein einfaches Layout in der \u00dcbersetzung wiederspiegeln wollen, dann ist ein einfacher DTP-Service die beste Wahl.","robots":{"index":"index","follow":"follow","max-snippet":"max-snippet:-1","max-image-preview":"max-image-preview:large","max-video-preview":"max-video-preview:-1"},"canonical":"https:\/\/skrivanek.pl\/de\/dtp-zentrum\/einfaches-dtp\/","og_locale":"de_DE","og_type":"article","og_title":"Einfaches DTP | Skrivanek \u00dcbersetzungsagentur","og_description":"Wenn Sie ein einfaches Layout in der \u00dcbersetzung wiederspiegeln wollen, dann ist ein einfacher DTP-Service die beste Wahl.","og_url":"https:\/\/skrivanek.pl\/de\/dtp-zentrum\/einfaches-dtp\/","og_site_name":"Skrivanek - agencja t\u0142umacze\u0144","article_publisher":"https:\/\/www.facebook.com\/SkrivanekPolska","article_modified_time":"2026-02-13T14:57:18+00:00","og_image":[{"width":499,"height":333,"url":"https:\/\/skrivanek.pl\/wp-content\/uploads\/2022\/08\/Einfaches-DTP.png","type":"image\/png"}],"twitter_card":"summary_large_image","twitter_misc":{"Gesch\u00e4tzte Lesezeit":"2\u00a0Minuten"},"schema":{"@context":"https:\/\/schema.org","@graph":[{"@type":"WebPage","@id":"https:\/\/skrivanek.pl\/de\/dtp-zentrum\/einfaches-dtp\/","url":"https:\/\/skrivanek.pl\/de\/dtp-zentrum\/einfaches-dtp\/","name":"Einfaches DTP | Skrivanek \u00dcbersetzungsagentur","isPartOf":{"@id":"https:\/\/skrivanek.pl\/#website"},"primaryImageOfPage":{"@id":"https:\/\/skrivanek.pl\/de\/dtp-zentrum\/einfaches-dtp\/#primaryimage"},"image":{"@id":"https:\/\/skrivanek.pl\/de\/dtp-zentrum\/einfaches-dtp\/#primaryimage"},"thumbnailUrl":"https:\/\/skrivanek.pl\/wp-content\/uploads\/2022\/08\/Einfaches-DTP.png","datePublished":"2017-09-08T12:52:23+00:00","dateModified":"2026-02-13T14:57:18+00:00","description":"Wenn Sie ein einfaches Layout in der \u00dcbersetzung wiederspiegeln wollen, dann ist ein einfacher DTP-Service die beste Wahl.","breadcrumb":{"@id":"https:\/\/skrivanek.pl\/de\/dtp-zentrum\/einfaches-dtp\/#breadcrumb"},"inLanguage":"de","potentialAction":[{"@type":"ReadAction","target":["https:\/\/skrivanek.pl\/de\/dtp-zentrum\/einfaches-dtp\/"]}]},{"@type":"ImageObject","inLanguage":"de","@id":"https:\/\/skrivanek.pl\/de\/dtp-zentrum\/einfaches-dtp\/#primaryimage","url":"https:\/\/skrivanek.pl\/wp-content\/uploads\/2022\/08\/Einfaches-DTP.png","contentUrl":"https:\/\/skrivanek.pl\/wp-content\/uploads\/2022\/08\/Einfaches-DTP.png","width":499,"height":333,"caption":"Einfaches DTP"},{"@type":"BreadcrumbList","@id":"https:\/\/skrivanek.pl\/de\/dtp-zentrum\/einfaches-dtp\/#breadcrumb","itemListElement":[{"@type":"ListItem","position":1,"name":"Strona g\u0142\u00f3wna","item":"https:\/\/skrivanek.pl\/de\/"},{"@type":"ListItem","position":2,"name":"DTP-Zentrum","item":"https:\/\/skrivanek.pl\/de\/dtp-zentrum\/"},{"@type":"ListItem","position":3,"name":"Einfaches DTP"}]},{"@type":"WebSite","@id":"https:\/\/skrivanek.pl\/#website","url":"https:\/\/skrivanek.pl\/","name":"Skrivanek - agencja t\u0142umacze\u0144","description":"Skrivanek - t\u0142umaczenia","publisher":{"@id":"https:\/\/skrivanek.pl\/#organization"},"potentialAction":[{"@type":"SearchAction","target":{"@type":"EntryPoint","urlTemplate":"https:\/\/skrivanek.pl\/?s={search_term_string}"},"query-input":{"@type":"PropertyValueSpecification","valueRequired":true,"valueName":"search_term_string"}}],"inLanguage":"de"},{"@type":"Organization","@id":"https:\/\/skrivanek.pl\/#organization","name":"Skrivanek agencja t\u0142umacze\u0144 i szko\u0142a j\u0119zykowa","url":"https:\/\/skrivanek.pl\/","logo":{"@type":"ImageObject","inLanguage":"de","@id":"https:\/\/skrivanek.pl\/#\/schema\/logo\/image\/","url":"https:\/\/skrivanek.pl\/wp-content\/uploads\/2020\/12\/logo-skrivanek-black.png","contentUrl":"https:\/\/skrivanek.pl\/wp-content\/uploads\/2020\/12\/logo-skrivanek-black.png","width":441,"height":116,"caption":"Skrivanek agencja t\u0142umacze\u0144 i szko\u0142a j\u0119zykowa"},"image":{"@id":"https:\/\/skrivanek.pl\/#\/schema\/logo\/image\/"},"sameAs":["https:\/\/www.facebook.com\/SkrivanekPolska","https:\/\/www.instagram.com\/skrivanek_official\/","https:\/\/www.linkedin.com\/company\/skrivanek-poland\/","https:\/\/www.youtube.com\/c\/SkrivanekPl\/"]}]}},"_links":{"self":[{"href":"https:\/\/skrivanek.pl\/de\/wp-json\/wp\/v2\/pages\/3118","targetHints":{"allow":["GET"]}}],"collection":[{"href":"https:\/\/skrivanek.pl\/de\/wp-json\/wp\/v2\/pages"}],"about":[{"href":"https:\/\/skrivanek.pl\/de\/wp-json\/wp\/v2\/types\/page"}],"author":[{"embeddable":true,"href":"https:\/\/skrivanek.pl\/de\/wp-json\/wp\/v2\/users\/1"}],"replies":[{"embeddable":true,"href":"https:\/\/skrivanek.pl\/de\/wp-json\/wp\/v2\/comments?post=3118"}],"version-history":[{"count":3,"href":"https:\/\/skrivanek.pl\/de\/wp-json\/wp\/v2\/pages\/3118\/revisions"}],"predecessor-version":[{"id":150686,"href":"https:\/\/skrivanek.pl\/de\/wp-json\/wp\/v2\/pages\/3118\/revisions\/150686"}],"up":[{"embeddable":true,"href":"https:\/\/skrivanek.pl\/de\/wp-json\/wp\/v2\/pages\/3111"}],"wp:featuredmedia":[{"embeddable":true,"href":"https:\/\/skrivanek.pl\/de\/wp-json\/wp\/v2\/media\/70718"}],"wp:attachment":[{"href":"https:\/\/skrivanek.pl\/de\/wp-json\/wp\/v2\/media?parent=3118"}],"curies":[{"name":"wp","href":"https:\/\/api.w.org\/{rel}","templated":true}]}}