{"id":3095,"date":"2017-09-08T12:37:11","date_gmt":"2017-09-08T10:37:11","guid":{"rendered":"https:\/\/fast.skrivanek.pl\/?page_id=3095\/"},"modified":"2026-02-13T16:04:48","modified_gmt":"2026-02-13T15:04:48","slug":"uber-uns","status":"publish","type":"page","link":"https:\/\/skrivanek.pl\/de\/uber-uns\/","title":{"rendered":"\u00dcBER UNS"},"content":{"rendered":"<div class=\"wpb-content-wrapper\"><p>[vc_row full_width=&#8221;stretch_row_content&#8221; gap=&#8221;15&#8243; css=&#8221;.vc_custom_1765283118706{margin-bottom: 0px !important;padding-bottom: 0px !important;padding-left: 35px !important;background-image: url(https:\/\/skrivanek.pl\/wp-content\/uploads\/2025\/12\/Website-Background-scaled.jpg?id=147839) !important;background-position: center !important;background-repeat: no-repeat !important;background-size: cover !important;}&#8221;][vc_column css=&#8221;.vc_custom_1764149026182{background-color: #FFFFFF00 !important;}&#8221;]<div class=\"clearboth\"><\/div><style>#thegem-divider-69e0dc225d3b2 {margin-top: 80px !important;}<\/style><div id=\"thegem-divider-69e0dc225d3b2\" class=\"gem-divider  \" style=\"\" ><\/div>[vc_row_inner][vc_column_inner width=&#8221;1\/2&#8243;]<div class=\"thegem-te-heading thegem-custom-69e0dc225d4d09494\" ><h1 id=\"thegem-heading-69e0dc225d49d\" class=\"thegem-heading thegem-custom-heading-69e0dc225d4922339\" style=\"text-align: left;\" ><span class=\"colored\" style=\"color: #FFFFFF;\">\u00dcber uns<\/span><\/h1><style type=\"text\/css\">#thegem-heading-69e0dc225d49d {margin: 0;}#thegem-heading-69e0dc225d49d {font-size: 80px;}#thegem-heading-69e0dc225d49d {line-height: 100px;}#thegem-heading-69e0dc225d49d, #thegem-heading-69e0dc225d49d .light {text-transform: none;}@media screen and (max-width: 1023px) and (min-width: 768px) {#thegem-heading-69e0dc225d49d {font-size: 40px;}}@media screen and (max-width: 1023px) and (min-width: 768px) {#thegem-heading-69e0dc225d49d {line-height: 50px;}}@media screen and (max-width: 767px) {#thegem-heading-69e0dc225d49d {font-size: 40px;}}@media screen and (max-width: 767px) {#thegem-heading-69e0dc225d49d {line-height: 50px;}}#thegem-heading-69e0dc225d49d a:hover, #thegem-heading-69e0dc225d49d a:hover span.colored {color: var(--thegem-to-menu-level1-color-hover, #00BCD4) !important;}<\/style><\/div><style>@media screen and (max-width: 1023px) {.thegem-heading.thegem-custom-heading-69e0dc225d4922339{display: block!important;}}@media screen and (max-width: 767px) {.thegem-heading.thegem-custom-heading-69e0dc225d4922339{display: block!important;}}@media screen and (max-width: 1023px) {.thegem-heading.thegem-custom-heading-69e0dc225d4922339{position: relative !important;}}@media screen and (max-width: 767px) {.thegem-heading.thegem-custom-heading-69e0dc225d4922339{position: relative !important;}}<\/style><div class=\"clearboth\"><\/div><style>#thegem-divider-69e0dc225d52d {margin-top: 50px !important;}<\/style><div id=\"thegem-divider-69e0dc225d52d\" class=\"gem-divider  \" style=\"\" ><\/div><div class=\"clearboth\"><\/div><style>#thegem-divider-69e0dc225d55b {margin-top: 100px !important;}<\/style><div id=\"thegem-divider-69e0dc225d55b\" class=\"gem-divider  \" style=\"\" ><\/div>[vc_single_image image=&#8221;149665&#8243; img_size=&#8221;full&#8221; css=&#8221;&#8221;]<div class=\"clearboth\"><\/div><style>#thegem-divider-69e0dc225d58d {margin-top: 50px !important;}<\/style><div id=\"thegem-divider-69e0dc225d58d\" class=\"gem-divider  \" style=\"\" ><\/div>[\/vc_column_inner][vc_column_inner width=&#8221;1\/2&#8243;][\/vc_column_inner][\/vc_row_inner][\/vc_column][\/vc_row][vc_row][vc_column]<div class=\"clearboth\"><\/div><style>#thegem-divider-69e0dc225d5b0 {margin-top: 30px !important;}<\/style><div id=\"thegem-divider-69e0dc225d5b0\" class=\"gem-divider  \" style=\"\" ><\/div>[\/vc_column][\/vc_row][vc_row css=&#8221;.vc_custom_1511178027038{margin-bottom: 0px !important;}&#8221;][vc_column][vc_column_text]Skrivanek ist seit 1994 in Europa pr\u00e4sent. FACH\u00dcBERSETZUNGEN und DOLMETSCHEN sind die Kernpunkte unserer T\u00e4tigkeit bis heute. Inzwischen haben wir unser Angebot um GRAFISCHE DIENSTLEISTUNGEN (DTP), KORREKTURLESEN, LOKALISIERUNG, FREMDSPRACHENUNTERRICHT und andere Sprachdienste erweitert.<\/p>\n<p>Skrivanek war eine der ersten \u00dcbersetzungsagenturen in Europa, die ein Qualit\u00e4tsmanagementsystem implementiert hat, das die Anforderungen der Norm ISO 9001 erf\u00fcllt.<br \/>\n2011 haben wir das Umweltmanagementsystem nach ISO 14001 erfolgreich implementiert.<\/p>\n<p>2012 haben wir ein Managementsystem zur Informationssicherheit gem\u00e4\u00df ISO 27001 eingef\u00fchrt. Unser Ziel war es, Informationen vor Zerst\u00f6rung, Diebstahl oder Missbrauch zu sch\u00fctzen. Wir garantieren Vertraulichkeit und einen wirksamen Datenschutz sowohl unserer eigenen Daten wie auch derjenigen unserer Gesch\u00e4ftspartner, Mitarbeiter, \u00f6ffentlicher Beh\u00f6rden und aller anderen Personen und Organisationen, und zwar gem\u00e4\u00df den gesetzlichen Anforderungen und unseren internen Sicherheitsbestimmungen. Es ist zu betonen, dass Skrivanek \u00fcber interne, lokale und globale IT-Abteilungen verf\u00fcgt. Mit st\u00e4ndiger Server\u00fcberwachung und laufendem Informationsaustausch kommen wir den h\u00f6chsten Sicherheitsstandards entgegen.<\/p>\n<p>Die Zertifizierung gem\u00e4\u00df der Norm EN 17100 bedeutet dagegen, dass wir die h\u00f6chsten Qualit\u00e4tsanforderungen an den \u00dcbersetzungsprozess erf\u00fcllen.<script type=\"application\/ld+json\">\r\n{\r\n  \"@context\": \"https:\/\/schema.org\/\",\r\n  \"@type\": \"Product\",\r\n  \"name\": \"\u00dcber uns\",\r\n  \"description\": \"Skrivanek ist seit 1994 in Europa pr\u00e4sent. FACH\u00dcBERSETZUNGEN und DOLMETSCHEN sind die Kernpunkte unserer T\u00e4tigkeit bis heute. Inzwischen haben wir unser Angebot um GRAFISCHE DIENSTLEISTUNGEN (DTP), KORREKTURLESEN, LOKALISIERUNG, FREMDSPRACHENUNTERRICHT und andere Sprachdienste erweitert. Skrivanek war eine der ersten \u00dcbersetzungsagenturen in Europa, die ein Qualit\u00e4tsmanagementsystem implementiert hat, das die Anforderungen der Norm ISO 9001 erf\u00fcllt.\r\n2011 haben wir das Umweltmanagementsystem nach ISO 14001 erfolgreich implementiert.\",\r\n  \"aggregateRating\": {\r\n    \"@type\": \"AggregateRating\",\r\n    \"ratingValue\": \"4.9\",\r\n    \"ratingCount\": \"422\"\r\n  }\r\n}\r\n<\/script>[\/vc_column_text][vc_column_text]<\/p>\n<h6 style=\"text-align: left;\"><strong>Wodurch zeichnen wir uns aus?<\/strong><\/h6>\n<p style=\"text-align: left;\">Unsere Kunden kommen oft zu uns, weil sie eine hervorragende Qualit\u00e4t erwarten und sich der Bedeutung der Dokumente bewusst sind, die sie uns zur \u00dcbersetzung anvertrauen. Unabh\u00e4ngig davon, ob wir Werbematerialien oder einen Jahresabschluss \u00fcbersetzen, wissen wir um unsere Verantwortung f\u00fcr die Richtigkeit und Aktualit\u00e4t der \u00dcbersetzungen. Deshalb arbeiten wir nur mit bew\u00e4hrten \u00dcbersetzern, Korrektoren und Pr\u00fcfern.<\/p>\n<p>Als ISO-zertifiziertes Unternehmen unterziehen wir alle unsere Angestellten und Mitarbeiter einer strengen Qualit\u00e4tskontrolle. Bei der Suche nach \u00dcbersetzern, Korrektoren und Lektoren gehen wir mit gr\u00f6\u00dfter Sorgfalt vor. Unsere \u00dcbersetzer und Pr\u00fcfer erf\u00fcllen folgende Anforderungen:[\/vc_column_text]<div class=\"gem-list gem-list-type-double-arrow gem-list-color-5\" ><ul>\n<li>sie verf\u00fcgen \u00fcber einen Hochschulabschluss im Bereich \u00dcbersetzung oder haben mindestens zwei Jahre Erfahrung in der \u00dcbersetzungsbranche,<\/li>\n<li>sie sind auf bestimmte Fachgebiete spezialisiert (z. B. Marketing, IT, Telekommunikation, Recht oder Wirtschaft),<\/li>\n<li>sie besitzen eingehende Kenntnisse der Quell- und Zielsprache (oder der Zielsprache im Falle von Sprachkorrektoren [Native Speaker]),<\/li>\n<li>sie sind in der Lage, den Inhalt und den Stil von Texten pr\u00e4zise und wortgenau wiederzugeben,<\/li>\n<li>sie k\u00f6nnen sich ihre Arbeitszeit einteilen,<\/li>\n<li>sie \u00fcbersetzen oder f\u00fchren Korrekturen mit geb\u00fchrender Sorgfalt durch, um einen pr\u00e4zisen und terminologisch koh\u00e4renten Text mit hohem Gebrauchswert zu schaffen,<\/li>\n<li>sie verwenden CAT-Software (Trados, Across, MemoQ, Wordfast, etc.).<\/li>\n<\/ul>\n<\/div>[\/vc_column][\/vc_row][vc_row css=&#8221;.vc_custom_1511178027038{margin-bottom: 0px !important;}&#8221;][vc_column width=&#8221;1\/2&#8243;][vc_column_text css=&#8221;.vc_custom_1770995064781{margin-top: -7px !important;}&#8221; css_animation=&#8221;right-to-left&#8221;]<\/p>\n<div class=\"title-h5\" style=\"text-align: left; margin-bottom: 25px;\">Die Vision unserer Firma<\/div>\n<p>[\/vc_column_text][vc_column_text]<\/p>\n<p style=\"text-align: left;\"><span lang=\"DE\">Skrivanek sieht sich als Unternehmen, das mit einem au\u00dfergew\u00f6hnlichen Level an hervorragendem Kundenservice und qualitativ hochwertigen Dienstleistungen hervorsticht, sich zugleich um die Zufriedenheit der Mitarbeiter sorgt und ein positives Image pflegt.<\/span><\/p>\n<p>[\/vc_column_text][\/vc_column][vc_column width=&#8221;1\/2&#8243;][vc_column_text css=&#8221;.vc_custom_1770995076427{margin-top: -7px !important;}&#8221; css_animation=&#8221;right-to-left&#8221;]<\/p>\n<div class=\"title-h5\" style=\"text-align: left; margin-bottom: 25px;\">Unsere Firmenphilosophie<\/div>\n<p>[\/vc_column_text][vc_column_text]<\/p>\n<p style=\"text-align: left;\"><span lang=\"DE\">Zur Firmenphilosophie von Skrivanek Polska geh\u00f6ren diese Ziele: Wir bieten den Kunden qualitativ hochwertige Sprachdienstleistungen, um auf diese Weise die Entwicklung und die effektive Kommunikation auf der ganzen Welt zu verbessern.<\/span><\/p>\n<p>[\/vc_column_text][\/vc_column][\/vc_row][vc_row css=&#8221;.vc_custom_1511178027038{margin-bottom: 0px !important;}&#8221;][vc_column]<div class=\"clearboth\"><\/div><style>#thegem-divider-69e0dc2266e10 {margin-top: 60px !important;}<\/style><div id=\"thegem-divider-69e0dc2266e10\" class=\"gem-divider  \" style=\"\" ><\/div>[\/vc_column][\/vc_row][vc_row css=&#8221;.vc_custom_1511178027038{margin-bottom: 0px !important;}&#8221;][vc_column width=&#8221;1\/4&#8243;][vc_column_text css=&#8221;.vc_custom_1706713451766{margin-top: -7px !important;}&#8221; css_animation=&#8221;right-to-left&#8221;]<\/p>\n<div class=\"title-h5\" style=\"margin-bottom: 25px; text-align: center;\"><span style=\"color: #b3110d;\">Agilit\u00e4t<\/span><\/div>\n<p>[\/vc_column_text][vc_column_text]<\/p>\n<p style=\"text-align: center;\">Wir passen uns schnell an die sich ver\u00e4ndernde technologische und linguistische Landschaft sowie an die W\u00fcnsche unserer Kunden an. Durch unsere Flexibilit\u00e4t k\u00f6nnen wir den sich st\u00e4ndig wandelnden Bed\u00fcrfnissen unserer Kunden gerecht werden. Wir ermutigen unser Team zum Experimentieren und f\u00f6rdern eine Kultur der Innovation und der kontinuierlichen Verbesserung.<\/p>\n<p>[\/vc_column_text][\/vc_column][vc_column width=&#8221;1\/4&#8243;][vc_column_text css=&#8221;.vc_custom_1706713492947{margin-top: -7px !important;}&#8221; css_animation=&#8221;right-to-left&#8221;]<\/p>\n<div class=\"title-h5\" style=\"margin-bottom: 25px; text-align: center;\"><span style=\"color: #b3110d;\">Technologien<\/span><\/div>\n<p>[\/vc_column_text][vc_column_text]<\/p>\n<p style=\"text-align: center;\">Wir setzen auf Innovation und setzen die modernsten Technologien ein, um die Effizienz und Qualit\u00e4t unserer Sprachdienste zu steigern. Der technologische Fortschritt ist f\u00fcr uns ein wesentlicher Bestandteil unseres Engagements f\u00fcr Innovation und Kundenzufriedenheit.<\/p>\n<p>[\/vc_column_text][\/vc_column][vc_column width=&#8221;1\/4&#8243;][vc_column_text css=&#8221;.vc_custom_1706713503370{margin-top: -7px !important;}&#8221; css_animation=&#8221;right-to-left&#8221;]<\/p>\n<div class=\"title-h5\" style=\"margin-bottom: 25px; text-align: center;\"><span style=\"color: #b3110d;\">Teamwork und globale Zusammenarbeit<\/span><\/div>\n<p>[\/vc_column_text][vc_column_text]<\/p>\n<p style=\"text-align: center;\">Wir glauben an die Kraft der Enthusiasten aus der ganzen Welt, die gemeinsam au\u00dfergew\u00f6hnliche Ergebnisse anstreben. Wir bem\u00fchen uns, ein inklusives und diverses Arbeitsumfeld zu schaffen, in dem sich sowohl Teams als auch einzelne Personen weiterentwickeln k\u00f6nnen.<\/p>\n<p>[\/vc_column_text][\/vc_column][vc_column width=&#8221;1\/4&#8243;][vc_column_text css=&#8221;.vc_custom_1706713512374{margin-top: -7px !important;}&#8221; css_animation=&#8221;right-to-left&#8221;]<\/p>\n<div class=\"title-h5\" style=\"margin-bottom: 25px; text-align: center;\"><span style=\"color: #b3110d;\">Verantwortung und Wertsch\u00f6pfung<\/span><\/div>\n<p>[\/vc_column_text][vc_column_text]<\/p>\n<p style=\"text-align: center;\">Da uns Ihr Erfolg am Herzen liegt, sind wir bestrebt, einen Mehrwert f\u00fcr Ihr Unternehmen zu erzielen. Wenn Sie p\u00fcnktliche, personalisierte und einheitliche sprachtechnologische L\u00f6sungen ben\u00f6tigen, k\u00f6nnen Sie sich auf uns verlassen.<\/p>\n<p>[\/vc_column_text][\/vc_column][\/vc_row][vc_row css=&#8221;.vc_custom_1511178027038{margin-bottom: 0px !important;}&#8221;][vc_column]<div class=\"clearboth\"><\/div><style>#thegem-divider-69e0dc2266e65 {margin-top: 60px !important;}<\/style><div id=\"thegem-divider-69e0dc2266e65\" class=\"gem-divider  \" style=\"\" ><\/div>[\/vc_column][\/vc_row]<\/p>\n<\/div>","protected":false},"excerpt":{"rendered":"<p>[vc_row full_width=&#8221;stretch_row_content&#8221; gap=&#8221;15&#8243; css=&#8221;.vc_custom_1765283118706{margin-bottom: 0px !important;padding-bottom: 0px !important;padding-left: 35px !important;background-image: url(https:\/\/skrivanek.pl\/wp-content\/uploads\/2025\/12\/Website-Background-scaled.jpg?id=147839) !important;background-position: center !important;background-repeat: no-repeat !important;background-size: cover !important;}&#8221;][vc_column css=&#8221;.vc_custom_1764149026182{background-color: #FFFFFF00&#8230;<\/p>\n","protected":false},"author":1,"featured_media":0,"parent":0,"menu_order":0,"comment_status":"closed","ping_status":"closed","template":"","meta":{"footnotes":"","_wp_rev_ctl_limit":""},"class_list":["post-3095","page","type-page","status-publish"],"yoast_head":"<!-- This site is optimized with the Yoast SEO plugin v27.2 - https:\/\/yoast.com\/product\/yoast-seo-wordpress\/ -->\n<title>\u00dcber uns | Skrivanek \u00dcbersetzungsagentur<\/title>\n<meta name=\"description\" content=\"Fach\u00fcbersetzungen und Dolmetschen stehen im Mittelpunkt der T\u00e4tigkeit von Skrivanek.\" \/>\n<meta name=\"robots\" content=\"index, follow, max-snippet:-1, max-image-preview:large, max-video-preview:-1\" \/>\n<link rel=\"canonical\" href=\"https:\/\/skrivanek.pl\/de\/uber-uns\/\" \/>\n<meta property=\"og:locale\" content=\"de_DE\" \/>\n<meta property=\"og:type\" content=\"article\" \/>\n<meta property=\"og:title\" content=\"\u00dcber uns | Skrivanek \u00dcbersetzungsagentur\" \/>\n<meta property=\"og:description\" content=\"Fach\u00fcbersetzungen und Dolmetschen stehen im Mittelpunkt der T\u00e4tigkeit von Skrivanek.\" \/>\n<meta property=\"og:url\" content=\"https:\/\/skrivanek.pl\/de\/uber-uns\/\" \/>\n<meta property=\"og:site_name\" content=\"Skrivanek - agencja t\u0142umacze\u0144\" \/>\n<meta property=\"article:publisher\" content=\"https:\/\/www.facebook.com\/SkrivanekPolska\" \/>\n<meta property=\"article:modified_time\" content=\"2026-02-13T15:04:48+00:00\" \/>\n<meta property=\"og:image\" content=\"https:\/\/skrivanek.pl\/wp-content\/uploads\/2019\/11\/google-plus-2.jpg\" \/>\n\t<meta property=\"og:image:width\" content=\"426\" \/>\n\t<meta property=\"og:image:height\" content=\"240\" \/>\n\t<meta property=\"og:image:type\" content=\"image\/jpeg\" \/>\n<meta name=\"twitter:card\" content=\"summary_large_image\" \/>\n<meta name=\"twitter:label1\" content=\"Gesch\u00e4tzte Lesezeit\" \/>\n\t<meta name=\"twitter:data1\" content=\"5\u00a0Minuten\" \/>\n<script type=\"application\/ld+json\" class=\"yoast-schema-graph\">{\"@context\":\"https:\/\/schema.org\",\"@graph\":[{\"@type\":\"WebPage\",\"@id\":\"https:\/\/skrivanek.pl\/de\/uber-uns\/\",\"url\":\"https:\/\/skrivanek.pl\/de\/uber-uns\/\",\"name\":\"\u00dcber uns | Skrivanek \u00dcbersetzungsagentur\",\"isPartOf\":{\"@id\":\"https:\/\/skrivanek.pl\/#website\"},\"datePublished\":\"2017-09-08T10:37:11+00:00\",\"dateModified\":\"2026-02-13T15:04:48+00:00\",\"description\":\"Fach\u00fcbersetzungen und Dolmetschen stehen im Mittelpunkt der T\u00e4tigkeit von Skrivanek.\",\"breadcrumb\":{\"@id\":\"https:\/\/skrivanek.pl\/de\/uber-uns\/#breadcrumb\"},\"inLanguage\":\"de\",\"potentialAction\":[{\"@type\":\"ReadAction\",\"target\":[\"https:\/\/skrivanek.pl\/de\/uber-uns\/\"]}]},{\"@type\":\"BreadcrumbList\",\"@id\":\"https:\/\/skrivanek.pl\/de\/uber-uns\/#breadcrumb\",\"itemListElement\":[{\"@type\":\"ListItem\",\"position\":1,\"name\":\"Strona g\u0142\u00f3wna\",\"item\":\"https:\/\/skrivanek.pl\/de\/\"},{\"@type\":\"ListItem\",\"position\":2,\"name\":\"\u00dcBER UNS\"}]},{\"@type\":\"WebSite\",\"@id\":\"https:\/\/skrivanek.pl\/#website\",\"url\":\"https:\/\/skrivanek.pl\/\",\"name\":\"Skrivanek - agencja t\u0142umacze\u0144\",\"description\":\"Skrivanek - t\u0142umaczenia\",\"publisher\":{\"@id\":\"https:\/\/skrivanek.pl\/#organization\"},\"potentialAction\":[{\"@type\":\"SearchAction\",\"target\":{\"@type\":\"EntryPoint\",\"urlTemplate\":\"https:\/\/skrivanek.pl\/?s={search_term_string}\"},\"query-input\":{\"@type\":\"PropertyValueSpecification\",\"valueRequired\":true,\"valueName\":\"search_term_string\"}}],\"inLanguage\":\"de\"},{\"@type\":\"Organization\",\"@id\":\"https:\/\/skrivanek.pl\/#organization\",\"name\":\"Skrivanek agencja t\u0142umacze\u0144 i szko\u0142a j\u0119zykowa\",\"url\":\"https:\/\/skrivanek.pl\/\",\"logo\":{\"@type\":\"ImageObject\",\"inLanguage\":\"de\",\"@id\":\"https:\/\/skrivanek.pl\/#\/schema\/logo\/image\/\",\"url\":\"https:\/\/skrivanek.pl\/wp-content\/uploads\/2020\/12\/logo-skrivanek-black.png\",\"contentUrl\":\"https:\/\/skrivanek.pl\/wp-content\/uploads\/2020\/12\/logo-skrivanek-black.png\",\"width\":441,\"height\":116,\"caption\":\"Skrivanek agencja t\u0142umacze\u0144 i szko\u0142a j\u0119zykowa\"},\"image\":{\"@id\":\"https:\/\/skrivanek.pl\/#\/schema\/logo\/image\/\"},\"sameAs\":[\"https:\/\/www.facebook.com\/SkrivanekPolska\",\"https:\/\/www.instagram.com\/skrivanek_official\/\",\"https:\/\/www.linkedin.com\/company\/skrivanek-poland\/\",\"https:\/\/www.youtube.com\/c\/SkrivanekPl\/\"]}]}<\/script>\n<!-- \/ Yoast SEO plugin. -->","yoast_head_json":{"title":"\u00dcber uns | Skrivanek \u00dcbersetzungsagentur","description":"Fach\u00fcbersetzungen und Dolmetschen stehen im Mittelpunkt der T\u00e4tigkeit von Skrivanek.","robots":{"index":"index","follow":"follow","max-snippet":"max-snippet:-1","max-image-preview":"max-image-preview:large","max-video-preview":"max-video-preview:-1"},"canonical":"https:\/\/skrivanek.pl\/de\/uber-uns\/","og_locale":"de_DE","og_type":"article","og_title":"\u00dcber uns | Skrivanek \u00dcbersetzungsagentur","og_description":"Fach\u00fcbersetzungen und Dolmetschen stehen im Mittelpunkt der T\u00e4tigkeit von Skrivanek.","og_url":"https:\/\/skrivanek.pl\/de\/uber-uns\/","og_site_name":"Skrivanek - agencja t\u0142umacze\u0144","article_publisher":"https:\/\/www.facebook.com\/SkrivanekPolska","article_modified_time":"2026-02-13T15:04:48+00:00","og_image":[{"width":426,"height":240,"url":"https:\/\/skrivanek.pl\/wp-content\/uploads\/2019\/11\/google-plus-2.jpg","type":"image\/jpeg"}],"twitter_card":"summary_large_image","twitter_misc":{"Gesch\u00e4tzte Lesezeit":"5\u00a0Minuten"},"schema":{"@context":"https:\/\/schema.org","@graph":[{"@type":"WebPage","@id":"https:\/\/skrivanek.pl\/de\/uber-uns\/","url":"https:\/\/skrivanek.pl\/de\/uber-uns\/","name":"\u00dcber uns | Skrivanek \u00dcbersetzungsagentur","isPartOf":{"@id":"https:\/\/skrivanek.pl\/#website"},"datePublished":"2017-09-08T10:37:11+00:00","dateModified":"2026-02-13T15:04:48+00:00","description":"Fach\u00fcbersetzungen und Dolmetschen stehen im Mittelpunkt der T\u00e4tigkeit von Skrivanek.","breadcrumb":{"@id":"https:\/\/skrivanek.pl\/de\/uber-uns\/#breadcrumb"},"inLanguage":"de","potentialAction":[{"@type":"ReadAction","target":["https:\/\/skrivanek.pl\/de\/uber-uns\/"]}]},{"@type":"BreadcrumbList","@id":"https:\/\/skrivanek.pl\/de\/uber-uns\/#breadcrumb","itemListElement":[{"@type":"ListItem","position":1,"name":"Strona g\u0142\u00f3wna","item":"https:\/\/skrivanek.pl\/de\/"},{"@type":"ListItem","position":2,"name":"\u00dcBER UNS"}]},{"@type":"WebSite","@id":"https:\/\/skrivanek.pl\/#website","url":"https:\/\/skrivanek.pl\/","name":"Skrivanek - agencja t\u0142umacze\u0144","description":"Skrivanek - t\u0142umaczenia","publisher":{"@id":"https:\/\/skrivanek.pl\/#organization"},"potentialAction":[{"@type":"SearchAction","target":{"@type":"EntryPoint","urlTemplate":"https:\/\/skrivanek.pl\/?s={search_term_string}"},"query-input":{"@type":"PropertyValueSpecification","valueRequired":true,"valueName":"search_term_string"}}],"inLanguage":"de"},{"@type":"Organization","@id":"https:\/\/skrivanek.pl\/#organization","name":"Skrivanek agencja t\u0142umacze\u0144 i szko\u0142a j\u0119zykowa","url":"https:\/\/skrivanek.pl\/","logo":{"@type":"ImageObject","inLanguage":"de","@id":"https:\/\/skrivanek.pl\/#\/schema\/logo\/image\/","url":"https:\/\/skrivanek.pl\/wp-content\/uploads\/2020\/12\/logo-skrivanek-black.png","contentUrl":"https:\/\/skrivanek.pl\/wp-content\/uploads\/2020\/12\/logo-skrivanek-black.png","width":441,"height":116,"caption":"Skrivanek agencja t\u0142umacze\u0144 i szko\u0142a j\u0119zykowa"},"image":{"@id":"https:\/\/skrivanek.pl\/#\/schema\/logo\/image\/"},"sameAs":["https:\/\/www.facebook.com\/SkrivanekPolska","https:\/\/www.instagram.com\/skrivanek_official\/","https:\/\/www.linkedin.com\/company\/skrivanek-poland\/","https:\/\/www.youtube.com\/c\/SkrivanekPl\/"]}]}},"_links":{"self":[{"href":"https:\/\/skrivanek.pl\/de\/wp-json\/wp\/v2\/pages\/3095","targetHints":{"allow":["GET"]}}],"collection":[{"href":"https:\/\/skrivanek.pl\/de\/wp-json\/wp\/v2\/pages"}],"about":[{"href":"https:\/\/skrivanek.pl\/de\/wp-json\/wp\/v2\/types\/page"}],"author":[{"embeddable":true,"href":"https:\/\/skrivanek.pl\/de\/wp-json\/wp\/v2\/users\/1"}],"replies":[{"embeddable":true,"href":"https:\/\/skrivanek.pl\/de\/wp-json\/wp\/v2\/comments?post=3095"}],"version-history":[{"count":3,"href":"https:\/\/skrivanek.pl\/de\/wp-json\/wp\/v2\/pages\/3095\/revisions"}],"predecessor-version":[{"id":150691,"href":"https:\/\/skrivanek.pl\/de\/wp-json\/wp\/v2\/pages\/3095\/revisions\/150691"}],"wp:attachment":[{"href":"https:\/\/skrivanek.pl\/de\/wp-json\/wp\/v2\/media?parent=3095"}],"curies":[{"name":"wp","href":"https:\/\/api.w.org\/{rel}","templated":true}]}}