{"id":3091,"date":"2017-09-08T12:20:24","date_gmt":"2017-09-08T10:20:24","guid":{"rendered":"https:\/\/fast.skrivanek.pl\/?page_id=3091\/"},"modified":"2026-02-13T16:13:42","modified_gmt":"2026-02-13T15:13:42","slug":"iso-270012013","status":"publish","type":"page","link":"https:\/\/skrivanek.pl\/de\/uber-uns\/normen\/iso-270012013\/","title":{"rendered":"ISO 27001:2022"},"content":{"rendered":"<div class=\"wpb-content-wrapper\"><p>[vc_row][vc_column]<div class=\"clearboth\"><\/div><style>#thegem-divider-69dabf6ead6a5 {margin-top: 100px !important;}<\/style><div id=\"thegem-divider-69dabf6ead6a5\" class=\"gem-divider  \" style=\"\" ><\/div>[\/vc_column][\/vc_row][vc_row css=&#8221;.vc_custom_1602755674326{margin-top: 50px !important;}&#8221;][vc_column][vc_column_text css=&#8221;&#8221;]<\/p>\n<h1><span style=\"color: #ff6440;\"><strong>ISO 27001:2022<\/strong><\/span><\/h1>\n<p>[\/vc_column_text][\/vc_column][\/vc_row][vc_row full_width=&#8221;true&#8221;][vc_column][vc_row_inner equal_height=&#8221;yes&#8221;][vc_column_inner width=&#8221;2\/3&#8243; css=&#8221;.vc_custom_1505731085554{margin-right: 10px !important;margin-left: 10px !important;border-top-width: 1px !important;border-right-width: 1px !important;border-bottom-width: 1px !important;border-left-width: 1px !important;border-left-color: #b5b5b5 !important;border-left-style: dashed !important;border-right-color: #b5b5b5 !important;border-right-style: dashed !important;border-top-color: #b5b5b5 !important;border-top-style: dashed !important;border-bottom-color: #b5b5b5 !important;border-bottom-style: dashed !important;border-radius: 10px !important;}&#8221;][vc_column_text]<\/p>\n<div class=\"catDesc\">\n<p><span lang=\"DE\">Wir freuen uns, dass wir im Oktober 2012 die Zertifizierung gem\u00e4\u00df der Norm <strong>ISO 27001 <\/strong>durchgef\u00fchrt haben. Sie best\u00e4tigt uns ein korrektes Informationssicherheitsmanagement. Jeden Tag arbeiten wir mit Dokumenten und Informationen, die oft als Verschlusssachen eingestuft werden. Wir wollen, dass sich unsere Mitarbeiter der gro\u00dfen Verantwortung bewusst sind \u2013 vor allem, wenn sie \u00dcbersetzungen f\u00fcr unsere Kunden erstellen. Der neue Standard erlaubt uns, noch effektiver f\u00fcr Ihre Sicherheit zu sorgen und neue Verfahren und Normen einf\u00fchren.<\/span><\/p>\n<p><span lang=\"DE\">Die Norm <strong>ISO 27001<\/strong> wurde in Polen im Jahr 2007 eingef\u00fchrt. Es handelt sich um eine Spezifikation der Managementsysteme f\u00fcr Informationssicherheit im Unternehmen. Die Einhaltung dieser Spezifikation wird in Audits \u00fcberpr\u00fcft, auf deren Basis Bescheinigungen ausgestellt werden. <strong>ISO 27001 <\/strong>unterscheidet elf Bereiche, die entsprechenden Kontrollen unterworfen werden sollten. Unter anderem handelt es sich um: Sicherheitspolitik, Human Resources Security, Zutrittskontrolle, System- und Netzwerk-Management, Incident-Management sowie die Entwicklung und Wartung von Informationssystemen. Dazu geh\u00f6rt auch die entsprechende Planungspolitik und Betriebsf\u00fchrung des Unternehmens samt Anwendung Kontrolle und Optimierung.<\/span><\/p>\n<p><span lang=\"DE\">Insgesamt l\u00e4sst sich feststellen, dass jedes Unternehmen mit der zertifizierten Normkonformit\u00e4t <strong>ISO 27001 <\/strong>unter Beweis gestellt hat, dass es sich um die Sicherheit von Informationen und vertraulichen Kundendaten k\u00fcmmert und damit ein vertrauensw\u00fcrdiger Gesch\u00e4ftspartner ist.<\/span><\/p>\n<p><span lang=\"DE\">Wir freuen uns sehr, dass wir unseren Kunden dieses Zertifikat pr\u00e4sentieren k\u00f6nnen.<script type=\"application\/ld+json\">\r\n{\r\n  \"@context\": \"https:\/\/schema.org\/\",\r\n  \"@type\": \"Product\",\r\n  \"name\": \"ISO 27001:2013\",\r\n  \"description\": \"Wir freuen uns, dass wir im Oktober 2012 die Zertifizierung gem\u00e4\u00df der Norm ISO 27001 durchgef\u00fchrt haben. Sie best\u00e4tigt uns ein korrektes Informationssicherheitsmanagement. Jeden Tag arbeiten wir mit Dokumenten und Informationen, die oft als Verschlusssachen eingestuft werden. Wir wollen, dass sich unsere Mitarbeiter der gro\u00dfen Verantwortung bewusst sind \u2013 vor allem, wenn sie \u00dcbersetzungen f\u00fcr unsere Kunden erstellen. Der neue Standard erlaubt uns, noch effektiver f\u00fcr Ihre Sicherheit zu sorgen und neue Verfahren und Normen einf\u00fchren.\",\r\n  \"aggregateRating\": {\r\n    \"@type\": \"AggregateRating\",\r\n    \"ratingValue\": \"4.9\",\r\n    \"ratingCount\": \"422\"\r\n  }\r\n}\r\n<\/script><\/span><\/p>\n<\/div>\n<p>[\/vc_column_text][\/vc_column_inner][vc_column_inner width=&#8221;1\/3&#8243; css=&#8221;.vc_custom_1505731089849{margin-right: 10px !important;margin-left: 10px !important;border-top-width: 1px !important;border-right-width: 1px !important;border-bottom-width: 1px !important;border-left-width: 1px !important;border-left-color: #b5b5b5 !important;border-left-style: dashed !important;border-right-color: #b5b5b5 !important;border-right-style: dashed !important;border-top-color: #b5b5b5 !important;border-top-style: dashed !important;border-bottom-color: #b5b5b5 !important;border-bottom-style: dashed !important;border-radius: 10px !important;}&#8221;][vc_single_image image=&#8221;139072&#8243; img_size=&#8221;large&#8221; alignment=&#8221;center&#8221; css=&#8221;&#8221;][\/vc_column_inner][\/vc_row_inner][\/vc_column][\/vc_row][vc_row][vc_column]<div class=\"clearboth\"><\/div><style>#thegem-divider-69dabf6eb5add {margin-top: 100px !important;}<\/style><div id=\"thegem-divider-69dabf6eb5add\" class=\"gem-divider  \" style=\"\" ><\/div>[\/vc_column][\/vc_row]<\/p>\n<\/div>","protected":false},"excerpt":{"rendered":"<p>[vc_row][vc_column][\/vc_column][\/vc_row][vc_row css=&#8221;.vc_custom_1602755674326{margin-top: 50px !important;}&#8221;][vc_column][vc_column_text css=&#8221;&#8221;] ISO 27001:2022 [\/vc_column_text][\/vc_column][\/vc_row][vc_row full_width=&#8221;true&#8221;][vc_column][vc_row_inner equal_height=&#8221;yes&#8221;][vc_column_inner width=&#8221;2\/3&#8243; css=&#8221;.vc_custom_1505731085554{margin-right: 10px !important;margin-left: 10px !important;border-top-width: 1px !important;border-right-width: 1px !important;border-bottom-width:&#8230;<\/p>\n","protected":false},"author":1,"featured_media":0,"parent":3122,"menu_order":0,"comment_status":"closed","ping_status":"closed","template":"","meta":{"footnotes":"","_wp_rev_ctl_limit":""},"class_list":["post-3091","page","type-page","status-publish"],"yoast_head":"<!-- This site is optimized with the Yoast SEO plugin v27.2 - https:\/\/yoast.com\/product\/yoast-seo-wordpress\/ -->\n<title>ISO 27001 | Skrivanek \u00dcbersetzungsagentur<\/title>\n<meta name=\"description\" content=\"ISO 27001 wurde in Polen im 2007 eingef\u00fchrt. ISO 27001 unterscheidet elf Bereiche, die entsprechenden Kontrollen unterworfen werden sollten.\" \/>\n<meta name=\"robots\" content=\"index, follow, max-snippet:-1, max-image-preview:large, max-video-preview:-1\" \/>\n<link rel=\"canonical\" href=\"https:\/\/skrivanek.pl\/de\/uber-uns\/normen\/iso-270012013\/\" \/>\n<meta property=\"og:locale\" content=\"de_DE\" \/>\n<meta property=\"og:type\" content=\"article\" \/>\n<meta property=\"og:title\" content=\"ISO 27001 | Skrivanek \u00dcbersetzungsagentur\" \/>\n<meta property=\"og:description\" content=\"ISO 27001 wurde in Polen im 2007 eingef\u00fchrt. ISO 27001 unterscheidet elf Bereiche, die entsprechenden Kontrollen unterworfen werden sollten.\" \/>\n<meta property=\"og:url\" content=\"https:\/\/skrivanek.pl\/de\/uber-uns\/normen\/iso-270012013\/\" \/>\n<meta property=\"og:site_name\" content=\"Skrivanek - agencja t\u0142umacze\u0144\" \/>\n<meta property=\"article:publisher\" content=\"https:\/\/www.facebook.com\/SkrivanekPolska\" \/>\n<meta property=\"article:modified_time\" content=\"2026-02-13T15:13:42+00:00\" \/>\n<meta property=\"og:image\" content=\"https:\/\/skrivanek.pl\/wp-content\/uploads\/2019\/11\/google-plus-2.jpg\" \/>\n\t<meta property=\"og:image:width\" content=\"426\" \/>\n\t<meta property=\"og:image:height\" content=\"240\" \/>\n\t<meta property=\"og:image:type\" content=\"image\/jpeg\" \/>\n<meta name=\"twitter:card\" content=\"summary_large_image\" \/>\n<meta name=\"twitter:label1\" content=\"Gesch\u00e4tzte Lesezeit\" \/>\n\t<meta name=\"twitter:data1\" content=\"2\u00a0Minuten\" \/>\n<script type=\"application\/ld+json\" class=\"yoast-schema-graph\">{\"@context\":\"https:\/\/schema.org\",\"@graph\":[{\"@type\":\"WebPage\",\"@id\":\"https:\/\/skrivanek.pl\/de\/uber-uns\/normen\/iso-270012013\/\",\"url\":\"https:\/\/skrivanek.pl\/de\/uber-uns\/normen\/iso-270012013\/\",\"name\":\"ISO 27001 | Skrivanek \u00dcbersetzungsagentur\",\"isPartOf\":{\"@id\":\"https:\/\/skrivanek.pl\/#website\"},\"datePublished\":\"2017-09-08T10:20:24+00:00\",\"dateModified\":\"2026-02-13T15:13:42+00:00\",\"description\":\"ISO 27001 wurde in Polen im 2007 eingef\u00fchrt. ISO 27001 unterscheidet elf Bereiche, die entsprechenden Kontrollen unterworfen werden sollten.\",\"breadcrumb\":{\"@id\":\"https:\/\/skrivanek.pl\/de\/uber-uns\/normen\/iso-270012013\/#breadcrumb\"},\"inLanguage\":\"de\",\"potentialAction\":[{\"@type\":\"ReadAction\",\"target\":[\"https:\/\/skrivanek.pl\/de\/uber-uns\/normen\/iso-270012013\/\"]}]},{\"@type\":\"BreadcrumbList\",\"@id\":\"https:\/\/skrivanek.pl\/de\/uber-uns\/normen\/iso-270012013\/#breadcrumb\",\"itemListElement\":[{\"@type\":\"ListItem\",\"position\":1,\"name\":\"Strona g\u0142\u00f3wna\",\"item\":\"https:\/\/skrivanek.pl\/de\/\"},{\"@type\":\"ListItem\",\"position\":2,\"name\":\"\u00dcBER UNS\",\"item\":\"https:\/\/skrivanek.pl\/de\/uber-uns\/\"},{\"@type\":\"ListItem\",\"position\":3,\"name\":\"NORMEN\",\"item\":\"https:\/\/skrivanek.pl\/de\/uber-uns\/normen\/\"},{\"@type\":\"ListItem\",\"position\":4,\"name\":\"ISO 27001:2022\"}]},{\"@type\":\"WebSite\",\"@id\":\"https:\/\/skrivanek.pl\/#website\",\"url\":\"https:\/\/skrivanek.pl\/\",\"name\":\"Skrivanek - agencja t\u0142umacze\u0144\",\"description\":\"Skrivanek - t\u0142umaczenia\",\"publisher\":{\"@id\":\"https:\/\/skrivanek.pl\/#organization\"},\"potentialAction\":[{\"@type\":\"SearchAction\",\"target\":{\"@type\":\"EntryPoint\",\"urlTemplate\":\"https:\/\/skrivanek.pl\/?s={search_term_string}\"},\"query-input\":{\"@type\":\"PropertyValueSpecification\",\"valueRequired\":true,\"valueName\":\"search_term_string\"}}],\"inLanguage\":\"de\"},{\"@type\":\"Organization\",\"@id\":\"https:\/\/skrivanek.pl\/#organization\",\"name\":\"Skrivanek agencja t\u0142umacze\u0144 i szko\u0142a j\u0119zykowa\",\"url\":\"https:\/\/skrivanek.pl\/\",\"logo\":{\"@type\":\"ImageObject\",\"inLanguage\":\"de\",\"@id\":\"https:\/\/skrivanek.pl\/#\/schema\/logo\/image\/\",\"url\":\"https:\/\/skrivanek.pl\/wp-content\/uploads\/2020\/12\/logo-skrivanek-black.png\",\"contentUrl\":\"https:\/\/skrivanek.pl\/wp-content\/uploads\/2020\/12\/logo-skrivanek-black.png\",\"width\":441,\"height\":116,\"caption\":\"Skrivanek agencja t\u0142umacze\u0144 i szko\u0142a j\u0119zykowa\"},\"image\":{\"@id\":\"https:\/\/skrivanek.pl\/#\/schema\/logo\/image\/\"},\"sameAs\":[\"https:\/\/www.facebook.com\/SkrivanekPolska\",\"https:\/\/www.instagram.com\/skrivanek_official\/\",\"https:\/\/www.linkedin.com\/company\/skrivanek-poland\/\",\"https:\/\/www.youtube.com\/c\/SkrivanekPl\/\"]}]}<\/script>\n<!-- \/ Yoast SEO plugin. -->","yoast_head_json":{"title":"ISO 27001 | Skrivanek \u00dcbersetzungsagentur","description":"ISO 27001 wurde in Polen im 2007 eingef\u00fchrt. ISO 27001 unterscheidet elf Bereiche, die entsprechenden Kontrollen unterworfen werden sollten.","robots":{"index":"index","follow":"follow","max-snippet":"max-snippet:-1","max-image-preview":"max-image-preview:large","max-video-preview":"max-video-preview:-1"},"canonical":"https:\/\/skrivanek.pl\/de\/uber-uns\/normen\/iso-270012013\/","og_locale":"de_DE","og_type":"article","og_title":"ISO 27001 | Skrivanek \u00dcbersetzungsagentur","og_description":"ISO 27001 wurde in Polen im 2007 eingef\u00fchrt. ISO 27001 unterscheidet elf Bereiche, die entsprechenden Kontrollen unterworfen werden sollten.","og_url":"https:\/\/skrivanek.pl\/de\/uber-uns\/normen\/iso-270012013\/","og_site_name":"Skrivanek - agencja t\u0142umacze\u0144","article_publisher":"https:\/\/www.facebook.com\/SkrivanekPolska","article_modified_time":"2026-02-13T15:13:42+00:00","og_image":[{"width":426,"height":240,"url":"https:\/\/skrivanek.pl\/wp-content\/uploads\/2019\/11\/google-plus-2.jpg","type":"image\/jpeg"}],"twitter_card":"summary_large_image","twitter_misc":{"Gesch\u00e4tzte Lesezeit":"2\u00a0Minuten"},"schema":{"@context":"https:\/\/schema.org","@graph":[{"@type":"WebPage","@id":"https:\/\/skrivanek.pl\/de\/uber-uns\/normen\/iso-270012013\/","url":"https:\/\/skrivanek.pl\/de\/uber-uns\/normen\/iso-270012013\/","name":"ISO 27001 | Skrivanek \u00dcbersetzungsagentur","isPartOf":{"@id":"https:\/\/skrivanek.pl\/#website"},"datePublished":"2017-09-08T10:20:24+00:00","dateModified":"2026-02-13T15:13:42+00:00","description":"ISO 27001 wurde in Polen im 2007 eingef\u00fchrt. ISO 27001 unterscheidet elf Bereiche, die entsprechenden Kontrollen unterworfen werden sollten.","breadcrumb":{"@id":"https:\/\/skrivanek.pl\/de\/uber-uns\/normen\/iso-270012013\/#breadcrumb"},"inLanguage":"de","potentialAction":[{"@type":"ReadAction","target":["https:\/\/skrivanek.pl\/de\/uber-uns\/normen\/iso-270012013\/"]}]},{"@type":"BreadcrumbList","@id":"https:\/\/skrivanek.pl\/de\/uber-uns\/normen\/iso-270012013\/#breadcrumb","itemListElement":[{"@type":"ListItem","position":1,"name":"Strona g\u0142\u00f3wna","item":"https:\/\/skrivanek.pl\/de\/"},{"@type":"ListItem","position":2,"name":"\u00dcBER UNS","item":"https:\/\/skrivanek.pl\/de\/uber-uns\/"},{"@type":"ListItem","position":3,"name":"NORMEN","item":"https:\/\/skrivanek.pl\/de\/uber-uns\/normen\/"},{"@type":"ListItem","position":4,"name":"ISO 27001:2022"}]},{"@type":"WebSite","@id":"https:\/\/skrivanek.pl\/#website","url":"https:\/\/skrivanek.pl\/","name":"Skrivanek - agencja t\u0142umacze\u0144","description":"Skrivanek - t\u0142umaczenia","publisher":{"@id":"https:\/\/skrivanek.pl\/#organization"},"potentialAction":[{"@type":"SearchAction","target":{"@type":"EntryPoint","urlTemplate":"https:\/\/skrivanek.pl\/?s={search_term_string}"},"query-input":{"@type":"PropertyValueSpecification","valueRequired":true,"valueName":"search_term_string"}}],"inLanguage":"de"},{"@type":"Organization","@id":"https:\/\/skrivanek.pl\/#organization","name":"Skrivanek agencja t\u0142umacze\u0144 i szko\u0142a j\u0119zykowa","url":"https:\/\/skrivanek.pl\/","logo":{"@type":"ImageObject","inLanguage":"de","@id":"https:\/\/skrivanek.pl\/#\/schema\/logo\/image\/","url":"https:\/\/skrivanek.pl\/wp-content\/uploads\/2020\/12\/logo-skrivanek-black.png","contentUrl":"https:\/\/skrivanek.pl\/wp-content\/uploads\/2020\/12\/logo-skrivanek-black.png","width":441,"height":116,"caption":"Skrivanek agencja t\u0142umacze\u0144 i szko\u0142a j\u0119zykowa"},"image":{"@id":"https:\/\/skrivanek.pl\/#\/schema\/logo\/image\/"},"sameAs":["https:\/\/www.facebook.com\/SkrivanekPolska","https:\/\/www.instagram.com\/skrivanek_official\/","https:\/\/www.linkedin.com\/company\/skrivanek-poland\/","https:\/\/www.youtube.com\/c\/SkrivanekPl\/"]}]}},"_links":{"self":[{"href":"https:\/\/skrivanek.pl\/de\/wp-json\/wp\/v2\/pages\/3091","targetHints":{"allow":["GET"]}}],"collection":[{"href":"https:\/\/skrivanek.pl\/de\/wp-json\/wp\/v2\/pages"}],"about":[{"href":"https:\/\/skrivanek.pl\/de\/wp-json\/wp\/v2\/types\/page"}],"author":[{"embeddable":true,"href":"https:\/\/skrivanek.pl\/de\/wp-json\/wp\/v2\/users\/1"}],"replies":[{"embeddable":true,"href":"https:\/\/skrivanek.pl\/de\/wp-json\/wp\/v2\/comments?post=3091"}],"version-history":[{"count":3,"href":"https:\/\/skrivanek.pl\/de\/wp-json\/wp\/v2\/pages\/3091\/revisions"}],"predecessor-version":[{"id":150699,"href":"https:\/\/skrivanek.pl\/de\/wp-json\/wp\/v2\/pages\/3091\/revisions\/150699"}],"up":[{"embeddable":true,"href":"https:\/\/skrivanek.pl\/de\/wp-json\/wp\/v2\/pages\/3122"}],"wp:attachment":[{"href":"https:\/\/skrivanek.pl\/de\/wp-json\/wp\/v2\/media?parent=3091"}],"curies":[{"name":"wp","href":"https:\/\/api.w.org\/{rel}","templated":true}]}}