{"id":3086,"date":"2017-09-08T12:13:55","date_gmt":"2017-09-08T10:13:55","guid":{"rendered":"https:\/\/fast.skrivanek.pl\/?page_id=3086\/"},"modified":"2026-02-13T16:13:08","modified_gmt":"2026-02-13T15:13:08","slug":"iso-140012004","status":"publish","type":"page","link":"https:\/\/skrivanek.pl\/de\/uber-uns\/normen\/iso-140012004\/","title":{"rendered":"ISO 14001:2015"},"content":{"rendered":"<div class=\"wpb-content-wrapper\"><p>[vc_row][vc_column]<div class=\"clearboth\"><\/div><style>#thegem-divider-69e468c52568d {margin-top: 100px !important;}<\/style><div id=\"thegem-divider-69e468c52568d\" class=\"gem-divider  \" style=\"\" ><\/div>[\/vc_column][\/vc_row][vc_row css=&#8221;.vc_custom_1602755674326{margin-top: 50px !important;}&#8221;][vc_column][vc_column_text css=&#8221;&#8221;]<\/p>\n<h1><span style=\"color: #ff6440;\"><strong>ISO 14001:2015<\/strong><\/span><\/h1>\n<p>[\/vc_column_text][\/vc_column][\/vc_row][vc_row full_width=&#8221;true&#8221;][vc_column][vc_row_inner equal_height=&#8221;yes&#8221;][vc_column_inner width=&#8221;2\/3&#8243; css=&#8221;.vc_custom_1505731066520{margin-right: 10px !important;margin-left: 10px !important;border-top-width: 1px !important;border-right-width: 1px !important;border-bottom-width: 1px !important;border-left-width: 1px !important;border-left-color: #b5b5b5 !important;border-left-style: dashed !important;border-right-color: #b5b5b5 !important;border-right-style: dashed !important;border-top-color: #b5b5b5 !important;border-top-style: dashed !important;border-bottom-color: #b5b5b5 !important;border-bottom-style: dashed !important;border-radius: 10px !important;}&#8221;][vc_column_text]Im November 2011 haben wir ein Zertifikat erhalten, das best\u00e4tigt, dass unser Unternehmen die Anforderungen der Norm <strong>ISO\u00a014001:2015 <\/strong>erf\u00fcllt. Obwohl diese Norm nicht unmittelbar mit unserem Kerngesch\u00e4ft \u00dcbersetzen und Sprachkurse verbunden ist, haben wir uns entschlossen, sie zu implementieren. Grund daf\u00fcr ist zum einen die Sorge um die Umwelt, zum anderen der gro\u00dfe Einfluss auf die Kommunikation und den Workflow. Worum handelt es sich also bei diesem Standard?<\/p>\n<p>Die Standards aus der Normenfamilie <strong>ISO\u00a014000<\/strong> beziehen sich auf Aspekte des Umweltmanagements. Unternehmen und Organisationen, die an einer Kontrolle ihrer Umweltauswirkungen interessiert sind, bieten sie praktische Werkzeuge, um die Umweltleistung zu verbessern und damit Emissionen zu minimieren. Die Normen <strong>ISO\u00a014001:2015<\/strong> und <strong>ISO\u00a014004:2015<\/strong> konzentrieren sich auf Umweltmanagementsysteme, w\u00e4hrend sich andere Normen aus der gleichen Familie auf Umweltaspekte wie die Lebenszyklusanalyse, Kommunikation und Audits beziehen.<\/p>\n<p><strong>ISO\u00a014001:2015<\/strong> legt die Kriterien f\u00fcr ein Umweltmanagementsystem fest, deren Erf\u00fcllung zertifiziert werden kann. Sie ist nicht mit harten Umweltleistungskriterien gleichzusetzen, sondern umrei\u00dft einen Rahmen, nach dem ein Unternehmen oder eine Organisation handeln sollte, um ein wirksames Umweltmanagementsystem zu implementieren. Die Norm kann von jeder Organisation eingef\u00fchrt werden, unabh\u00e4ngig von ihrem T\u00e4tigkeitsbereich. Die Implementierung der Norm <strong>ISO\u00a014001:2015<\/strong> garantiert dem Management des Unternehmens, den Mitarbeitern und den externen Gesellschaftern, dass die Umwelteinfl\u00fcsse der Organisation gemessen und minimiert werden.<script type=\"application\/ld+json\">\r\n{\r\n  \"@context\": \"https:\/\/schema.org\/\",\r\n  \"@type\": \"Product\",\r\n  \"name\": \"ISO 14001:2015\",\r\n  \"description\": \"Die Standards aus der Normenfamilie ISO 14000 beziehen sich auf Aspekte des Umweltmanagements. Unternehmen und Organisationen, die an einer Kontrolle ihrer Umweltauswirkungen interessiert sind, bieten sie praktische Werkzeuge, um die Umweltleistung zu verbessern und damit Emissionen zu minimieren. Die Normen ISO 14001:2015 und ISO 14004:2015 konzentrieren sich auf Umweltmanagementsysteme, w\u00e4hrend sich andere Normen aus der gleichen Familie auf Umweltaspekte wie die Lebenszyklusanalyse, Kommunikation und Audits beziehen.\",\r\n  \"aggregateRating\": {\r\n    \"@type\": \"AggregateRating\",\r\n    \"ratingValue\": \"4.9\",\r\n    \"ratingCount\": \"422\"\r\n  }\r\n}\r\n<\/script><\/p>\n<p><strong><span lang=\"DE\">Unbestreitbare Vorteile dieser Norm sind:<\/span><\/strong>[\/vc_column_text]<div class=\"gem-list gem-list-type-double-arrow gem-list-color-5\" ><ul>\n<li>Reduzierung der Abfallwirtschaftskosten<\/li>\n<li>Einsparungen beim Energie- und Materialverbrauch<\/li>\n<li>Niedrigere Vertriebskosten<\/li>\n<li>ein besseres Image der Organisation in der Verwaltung, beim Kunden und in der Gesellschaft.<\/li>\n<\/ul>\n<\/div>[\/vc_column_inner][vc_column_inner width=&#8221;1\/3&#8243; css=&#8221;.vc_custom_1505731070651{margin-right: 10px !important;margin-left: 10px !important;border-top-width: 1px !important;border-right-width: 1px !important;border-bottom-width: 1px !important;border-left-width: 1px !important;border-left-color: #b5b5b5 !important;border-left-style: dashed !important;border-right-color: #b5b5b5 !important;border-right-style: dashed !important;border-top-color: #b5b5b5 !important;border-top-style: dashed !important;border-bottom-color: #b5b5b5 !important;border-bottom-style: dashed !important;border-radius: 10px !important;}&#8221;][vc_single_image image=&#8221;139064&#8243; img_size=&#8221;large&#8221; alignment=&#8221;center&#8221; css=&#8221;&#8221;][\/vc_column_inner][\/vc_row_inner][\/vc_column][\/vc_row][vc_row][vc_column]<div class=\"clearboth\"><\/div><style>#thegem-divider-69e468c52e1e3 {margin-top: 100px !important;}<\/style><div id=\"thegem-divider-69e468c52e1e3\" class=\"gem-divider  \" style=\"\" ><\/div>[\/vc_column][\/vc_row]<\/p>\n<\/div>","protected":false},"excerpt":{"rendered":"<p>[vc_row][vc_column][\/vc_column][\/vc_row][vc_row css=&#8221;.vc_custom_1602755674326{margin-top: 50px !important;}&#8221;][vc_column][vc_column_text css=&#8221;&#8221;] ISO 14001:2015 [\/vc_column_text][\/vc_column][\/vc_row][vc_row full_width=&#8221;true&#8221;][vc_column][vc_row_inner equal_height=&#8221;yes&#8221;][vc_column_inner width=&#8221;2\/3&#8243; css=&#8221;.vc_custom_1505731066520{margin-right: 10px !important;margin-left: 10px !important;border-top-width: 1px !important;border-right-width: 1px !important;border-bottom-width:&#8230;<\/p>\n","protected":false},"author":1,"featured_media":0,"parent":3122,"menu_order":0,"comment_status":"closed","ping_status":"closed","template":"","meta":{"footnotes":"","_wp_rev_ctl_limit":""},"class_list":["post-3086","page","type-page","status-publish"],"yoast_head":"<!-- This site is optimized with the Yoast SEO plugin v27.2 - https:\/\/yoast.com\/product\/yoast-seo-wordpress\/ -->\n<title>ISO 14001 | Skrivanek \u00dcbersetzungsagentur<\/title>\n<meta name=\"description\" content=\"Ein bewusstes Umweltmanagement liegt uns besonders am Herzen. Alle unsere Mitarbeiter sind bem\u00fcht, umweltfreundlich zu leben.\" \/>\n<meta name=\"robots\" content=\"index, follow, max-snippet:-1, max-image-preview:large, max-video-preview:-1\" \/>\n<link rel=\"canonical\" href=\"https:\/\/skrivanek.pl\/de\/uber-uns\/normen\/iso-140012004\/\" \/>\n<meta property=\"og:locale\" content=\"de_DE\" \/>\n<meta property=\"og:type\" content=\"article\" \/>\n<meta property=\"og:title\" content=\"ISO 14001 | Skrivanek \u00dcbersetzungsagentur\" \/>\n<meta property=\"og:description\" content=\"Ein bewusstes Umweltmanagement liegt uns besonders am Herzen. Alle unsere Mitarbeiter sind bem\u00fcht, umweltfreundlich zu leben.\" \/>\n<meta property=\"og:url\" content=\"https:\/\/skrivanek.pl\/de\/uber-uns\/normen\/iso-140012004\/\" \/>\n<meta property=\"og:site_name\" content=\"Skrivanek - agencja t\u0142umacze\u0144\" \/>\n<meta property=\"article:publisher\" content=\"https:\/\/www.facebook.com\/SkrivanekPolska\" \/>\n<meta property=\"article:modified_time\" content=\"2026-02-13T15:13:08+00:00\" \/>\n<meta property=\"og:image\" content=\"https:\/\/skrivanek.pl\/wp-content\/uploads\/2019\/11\/google-plus-2.jpg\" \/>\n\t<meta property=\"og:image:width\" content=\"426\" \/>\n\t<meta property=\"og:image:height\" content=\"240\" \/>\n\t<meta property=\"og:image:type\" content=\"image\/jpeg\" \/>\n<meta name=\"twitter:card\" content=\"summary_large_image\" \/>\n<meta name=\"twitter:label1\" content=\"Gesch\u00e4tzte Lesezeit\" \/>\n\t<meta name=\"twitter:data1\" content=\"3\u00a0Minuten\" \/>\n<script type=\"application\/ld+json\" class=\"yoast-schema-graph\">{\"@context\":\"https:\/\/schema.org\",\"@graph\":[{\"@type\":\"WebPage\",\"@id\":\"https:\/\/skrivanek.pl\/de\/uber-uns\/normen\/iso-140012004\/\",\"url\":\"https:\/\/skrivanek.pl\/de\/uber-uns\/normen\/iso-140012004\/\",\"name\":\"ISO 14001 | Skrivanek \u00dcbersetzungsagentur\",\"isPartOf\":{\"@id\":\"https:\/\/skrivanek.pl\/#website\"},\"datePublished\":\"2017-09-08T10:13:55+00:00\",\"dateModified\":\"2026-02-13T15:13:08+00:00\",\"description\":\"Ein bewusstes Umweltmanagement liegt uns besonders am Herzen. Alle unsere Mitarbeiter sind bem\u00fcht, umweltfreundlich zu leben.\",\"breadcrumb\":{\"@id\":\"https:\/\/skrivanek.pl\/de\/uber-uns\/normen\/iso-140012004\/#breadcrumb\"},\"inLanguage\":\"de\",\"potentialAction\":[{\"@type\":\"ReadAction\",\"target\":[\"https:\/\/skrivanek.pl\/de\/uber-uns\/normen\/iso-140012004\/\"]}]},{\"@type\":\"BreadcrumbList\",\"@id\":\"https:\/\/skrivanek.pl\/de\/uber-uns\/normen\/iso-140012004\/#breadcrumb\",\"itemListElement\":[{\"@type\":\"ListItem\",\"position\":1,\"name\":\"Strona g\u0142\u00f3wna\",\"item\":\"https:\/\/skrivanek.pl\/de\/\"},{\"@type\":\"ListItem\",\"position\":2,\"name\":\"\u00dcBER UNS\",\"item\":\"https:\/\/skrivanek.pl\/de\/uber-uns\/\"},{\"@type\":\"ListItem\",\"position\":3,\"name\":\"NORMEN\",\"item\":\"https:\/\/skrivanek.pl\/de\/uber-uns\/normen\/\"},{\"@type\":\"ListItem\",\"position\":4,\"name\":\"ISO 14001:2015\"}]},{\"@type\":\"WebSite\",\"@id\":\"https:\/\/skrivanek.pl\/#website\",\"url\":\"https:\/\/skrivanek.pl\/\",\"name\":\"Skrivanek - agencja t\u0142umacze\u0144\",\"description\":\"Skrivanek - t\u0142umaczenia\",\"publisher\":{\"@id\":\"https:\/\/skrivanek.pl\/#organization\"},\"potentialAction\":[{\"@type\":\"SearchAction\",\"target\":{\"@type\":\"EntryPoint\",\"urlTemplate\":\"https:\/\/skrivanek.pl\/?s={search_term_string}\"},\"query-input\":{\"@type\":\"PropertyValueSpecification\",\"valueRequired\":true,\"valueName\":\"search_term_string\"}}],\"inLanguage\":\"de\"},{\"@type\":\"Organization\",\"@id\":\"https:\/\/skrivanek.pl\/#organization\",\"name\":\"Skrivanek agencja t\u0142umacze\u0144 i szko\u0142a j\u0119zykowa\",\"url\":\"https:\/\/skrivanek.pl\/\",\"logo\":{\"@type\":\"ImageObject\",\"inLanguage\":\"de\",\"@id\":\"https:\/\/skrivanek.pl\/#\/schema\/logo\/image\/\",\"url\":\"https:\/\/skrivanek.pl\/wp-content\/uploads\/2020\/12\/logo-skrivanek-black.png\",\"contentUrl\":\"https:\/\/skrivanek.pl\/wp-content\/uploads\/2020\/12\/logo-skrivanek-black.png\",\"width\":441,\"height\":116,\"caption\":\"Skrivanek agencja t\u0142umacze\u0144 i szko\u0142a j\u0119zykowa\"},\"image\":{\"@id\":\"https:\/\/skrivanek.pl\/#\/schema\/logo\/image\/\"},\"sameAs\":[\"https:\/\/www.facebook.com\/SkrivanekPolska\",\"https:\/\/www.instagram.com\/skrivanek_official\/\",\"https:\/\/www.linkedin.com\/company\/skrivanek-poland\/\",\"https:\/\/www.youtube.com\/c\/SkrivanekPl\/\"]}]}<\/script>\n<!-- \/ Yoast SEO plugin. -->","yoast_head_json":{"title":"ISO 14001 | Skrivanek \u00dcbersetzungsagentur","description":"Ein bewusstes Umweltmanagement liegt uns besonders am Herzen. Alle unsere Mitarbeiter sind bem\u00fcht, umweltfreundlich zu leben.","robots":{"index":"index","follow":"follow","max-snippet":"max-snippet:-1","max-image-preview":"max-image-preview:large","max-video-preview":"max-video-preview:-1"},"canonical":"https:\/\/skrivanek.pl\/de\/uber-uns\/normen\/iso-140012004\/","og_locale":"de_DE","og_type":"article","og_title":"ISO 14001 | Skrivanek \u00dcbersetzungsagentur","og_description":"Ein bewusstes Umweltmanagement liegt uns besonders am Herzen. Alle unsere Mitarbeiter sind bem\u00fcht, umweltfreundlich zu leben.","og_url":"https:\/\/skrivanek.pl\/de\/uber-uns\/normen\/iso-140012004\/","og_site_name":"Skrivanek - agencja t\u0142umacze\u0144","article_publisher":"https:\/\/www.facebook.com\/SkrivanekPolska","article_modified_time":"2026-02-13T15:13:08+00:00","og_image":[{"width":426,"height":240,"url":"https:\/\/skrivanek.pl\/wp-content\/uploads\/2019\/11\/google-plus-2.jpg","type":"image\/jpeg"}],"twitter_card":"summary_large_image","twitter_misc":{"Gesch\u00e4tzte Lesezeit":"3\u00a0Minuten"},"schema":{"@context":"https:\/\/schema.org","@graph":[{"@type":"WebPage","@id":"https:\/\/skrivanek.pl\/de\/uber-uns\/normen\/iso-140012004\/","url":"https:\/\/skrivanek.pl\/de\/uber-uns\/normen\/iso-140012004\/","name":"ISO 14001 | Skrivanek \u00dcbersetzungsagentur","isPartOf":{"@id":"https:\/\/skrivanek.pl\/#website"},"datePublished":"2017-09-08T10:13:55+00:00","dateModified":"2026-02-13T15:13:08+00:00","description":"Ein bewusstes Umweltmanagement liegt uns besonders am Herzen. Alle unsere Mitarbeiter sind bem\u00fcht, umweltfreundlich zu leben.","breadcrumb":{"@id":"https:\/\/skrivanek.pl\/de\/uber-uns\/normen\/iso-140012004\/#breadcrumb"},"inLanguage":"de","potentialAction":[{"@type":"ReadAction","target":["https:\/\/skrivanek.pl\/de\/uber-uns\/normen\/iso-140012004\/"]}]},{"@type":"BreadcrumbList","@id":"https:\/\/skrivanek.pl\/de\/uber-uns\/normen\/iso-140012004\/#breadcrumb","itemListElement":[{"@type":"ListItem","position":1,"name":"Strona g\u0142\u00f3wna","item":"https:\/\/skrivanek.pl\/de\/"},{"@type":"ListItem","position":2,"name":"\u00dcBER UNS","item":"https:\/\/skrivanek.pl\/de\/uber-uns\/"},{"@type":"ListItem","position":3,"name":"NORMEN","item":"https:\/\/skrivanek.pl\/de\/uber-uns\/normen\/"},{"@type":"ListItem","position":4,"name":"ISO 14001:2015"}]},{"@type":"WebSite","@id":"https:\/\/skrivanek.pl\/#website","url":"https:\/\/skrivanek.pl\/","name":"Skrivanek - agencja t\u0142umacze\u0144","description":"Skrivanek - t\u0142umaczenia","publisher":{"@id":"https:\/\/skrivanek.pl\/#organization"},"potentialAction":[{"@type":"SearchAction","target":{"@type":"EntryPoint","urlTemplate":"https:\/\/skrivanek.pl\/?s={search_term_string}"},"query-input":{"@type":"PropertyValueSpecification","valueRequired":true,"valueName":"search_term_string"}}],"inLanguage":"de"},{"@type":"Organization","@id":"https:\/\/skrivanek.pl\/#organization","name":"Skrivanek agencja t\u0142umacze\u0144 i szko\u0142a j\u0119zykowa","url":"https:\/\/skrivanek.pl\/","logo":{"@type":"ImageObject","inLanguage":"de","@id":"https:\/\/skrivanek.pl\/#\/schema\/logo\/image\/","url":"https:\/\/skrivanek.pl\/wp-content\/uploads\/2020\/12\/logo-skrivanek-black.png","contentUrl":"https:\/\/skrivanek.pl\/wp-content\/uploads\/2020\/12\/logo-skrivanek-black.png","width":441,"height":116,"caption":"Skrivanek agencja t\u0142umacze\u0144 i szko\u0142a j\u0119zykowa"},"image":{"@id":"https:\/\/skrivanek.pl\/#\/schema\/logo\/image\/"},"sameAs":["https:\/\/www.facebook.com\/SkrivanekPolska","https:\/\/www.instagram.com\/skrivanek_official\/","https:\/\/www.linkedin.com\/company\/skrivanek-poland\/","https:\/\/www.youtube.com\/c\/SkrivanekPl\/"]}]}},"_links":{"self":[{"href":"https:\/\/skrivanek.pl\/de\/wp-json\/wp\/v2\/pages\/3086","targetHints":{"allow":["GET"]}}],"collection":[{"href":"https:\/\/skrivanek.pl\/de\/wp-json\/wp\/v2\/pages"}],"about":[{"href":"https:\/\/skrivanek.pl\/de\/wp-json\/wp\/v2\/types\/page"}],"author":[{"embeddable":true,"href":"https:\/\/skrivanek.pl\/de\/wp-json\/wp\/v2\/users\/1"}],"replies":[{"embeddable":true,"href":"https:\/\/skrivanek.pl\/de\/wp-json\/wp\/v2\/comments?post=3086"}],"version-history":[{"count":3,"href":"https:\/\/skrivanek.pl\/de\/wp-json\/wp\/v2\/pages\/3086\/revisions"}],"predecessor-version":[{"id":150697,"href":"https:\/\/skrivanek.pl\/de\/wp-json\/wp\/v2\/pages\/3086\/revisions\/150697"}],"up":[{"embeddable":true,"href":"https:\/\/skrivanek.pl\/de\/wp-json\/wp\/v2\/pages\/3122"}],"wp:attachment":[{"href":"https:\/\/skrivanek.pl\/de\/wp-json\/wp\/v2\/media?parent=3086"}],"curies":[{"name":"wp","href":"https:\/\/api.w.org\/{rel}","templated":true}]}}