{"id":133229,"date":"2024-05-14T14:24:02","date_gmt":"2024-05-14T12:24:02","guid":{"rendered":"https:\/\/skrivanek.pl\/linguistcraft\/"},"modified":"2026-02-13T16:18:14","modified_gmt":"2026-02-13T15:18:14","slug":"linguistcraft","status":"publish","type":"page","link":"https:\/\/skrivanek.pl\/de\/linguistcraft\/","title":{"rendered":"LinguistCraft"},"content":{"rendered":"<div class=\"wpb-content-wrapper\"><p>[vc_row full_width=&#8221;stretch_row_content&#8221; gap=&#8221;15&#8243; css=&#8221;.vc_custom_1765283118706{margin-bottom: 0px !important;padding-bottom: 0px !important;padding-left: 35px !important;background-image: url(https:\/\/skrivanek.pl\/wp-content\/uploads\/2025\/12\/Website-Background-scaled.jpg?id=147839) !important;background-position: center !important;background-repeat: no-repeat !important;background-size: cover !important;}&#8221;][vc_column css=&#8221;.vc_custom_1764149026182{background-color: #FFFFFF00 !important;}&#8221;]<div class=\"clearboth\"><\/div><style>#thegem-divider-69d22b7c439a2 {margin-top: 80px !important;}<\/style><div id=\"thegem-divider-69d22b7c439a2\" class=\"gem-divider  \" style=\"\" ><\/div>[vc_row_inner][vc_column_inner width=&#8221;1\/2&#8243;]<div class=\"thegem-te-heading thegem-custom-69d22b7c43aaa2804\" ><h1 id=\"thegem-heading-69d22b7c43a7e\" class=\"thegem-heading thegem-custom-heading-69d22b7c43a7b3590\" style=\"text-align: left;\" ><span class=\"colored\" style=\"color: #FFFFFF;\">LinguistCraft<\/span><\/h1><style type=\"text\/css\">#thegem-heading-69d22b7c43a7e {margin: 0;}#thegem-heading-69d22b7c43a7e {font-size: 80px;}#thegem-heading-69d22b7c43a7e {line-height: 100px;}#thegem-heading-69d22b7c43a7e, #thegem-heading-69d22b7c43a7e .light {text-transform: none;}@media screen and (max-width: 1023px) and (min-width: 768px) {#thegem-heading-69d22b7c43a7e {font-size: 40px;}}@media screen and (max-width: 1023px) and (min-width: 768px) {#thegem-heading-69d22b7c43a7e {line-height: 50px;}}@media screen and (max-width: 767px) {#thegem-heading-69d22b7c43a7e {font-size: 40px;}}@media screen and (max-width: 767px) {#thegem-heading-69d22b7c43a7e {line-height: 50px;}}#thegem-heading-69d22b7c43a7e a:hover, #thegem-heading-69d22b7c43a7e a:hover span.colored {color: var(--thegem-to-menu-level1-color-hover, #00BCD4) !important;}<\/style><\/div><style>@media screen and (max-width: 1023px) {.thegem-heading.thegem-custom-heading-69d22b7c43a7b3590{display: block!important;}}@media screen and (max-width: 767px) {.thegem-heading.thegem-custom-heading-69d22b7c43a7b3590{display: block!important;}}@media screen and (max-width: 1023px) {.thegem-heading.thegem-custom-heading-69d22b7c43a7b3590{position: relative !important;}}@media screen and (max-width: 767px) {.thegem-heading.thegem-custom-heading-69d22b7c43a7b3590{position: relative !important;}}<\/style><div class=\"clearboth\"><\/div><style>#thegem-divider-69d22b7c43ae8 {margin-top: 50px !important;}<\/style><div id=\"thegem-divider-69d22b7c43ae8\" class=\"gem-divider  \" style=\"\" ><\/div>[vc_column_text css=&#8221;&#8221;]<\/p>\n<div class=\"styled-subtitle\"><span style=\"color: #ffffff;\">Gezielte Auswahl von Anbietern f\u00fcr Projekte mit dem LinguistCraft-System <\/span><\/div>\n<p>[\/vc_column_text]<div class=\"clearboth\"><\/div><style>#thegem-divider-69d22b7c43b0b {margin-top: 100px !important;}<\/style><div id=\"thegem-divider-69d22b7c43b0b\" class=\"gem-divider  \" style=\"\" ><\/div><style type=\"text\/css\">.thegem-button-69d22b7c43b953567 .gem-button {font-size: 25px;padding-left: 45px;padding-right: 45px;}.thegem-button-69d22b7c43b953567 .gem-button-text {font-size: 25px;padding-left: 45px;padding-right: 45px;}@media (max-width: 767px) {.thegem-button-69d22b7c43b953567 .gem-button {padding-left: 25px;padding-right: 25px;}}.thegem-button-69d22b7c43b953567 .gem-button svg {fill: #4E172E;}.thegem-button-69d22b7c43b953567 .gem-button:hover svg {fill: #FF643B;}<\/style><div class=\"gem-button-container gem-button-position-left thegem-button-69d22b7c43b953567    \"  ><a title=\"Kontakt\" class=\"gem-button gem-button-size-large gem-button-style-flat gem-button-text-weight-normal gem-button-icon-position-right gem-button-no-uppercase  gem-button-tablet-size-medium gem-button-mobile-size-medium\" data-ll-effect=\"drop-right-without-wrap\" style=\"border-radius: 100px;background-color: #FF643B;color: #4E172E;\" onmouseleave=\"this.style.backgroundColor='#FF643B';this.style.color='#4E172E';\" onmouseenter=\"this.style.backgroundColor='#FAF6F1';this.style.color='#FF643B';\" href=\"https:\/\/skrivanek.pl\/de\/kontakt\/\" target=\"_self\">Kontakt<i class=\"gem-print-icon gem-icon-pack-elegant \">&#xe03e;<\/i><\/a><\/div> [vc_single_image image=&#8221;149665&#8243; img_size=&#8221;full&#8221; css=&#8221;&#8221;]<div class=\"clearboth\"><\/div><style>#thegem-divider-69d22b7c43bf3 {margin-top: 50px !important;}<\/style><div id=\"thegem-divider-69d22b7c43bf3\" class=\"gem-divider  \" style=\"\" ><\/div>[\/vc_column_inner][vc_column_inner width=&#8221;1\/2&#8243;][vc_single_image image=&#8221;147808&#8243; img_size=&#8221;full&#8221; alignment=&#8221;center&#8221; style=&#8221;vc_box_rounded&#8221; css=&#8221;&#8221;][\/vc_column_inner][\/vc_row_inner][\/vc_column][\/vc_row][vc_row][vc_column]<div class=\"clearboth\"><\/div><style>#thegem-divider-69d22b7c43c1a {margin-top: 30px !important;}<\/style><div id=\"thegem-divider-69d22b7c43c1a\" class=\"gem-divider  \" style=\"\" ><\/div>[\/vc_column][\/vc_row][vc_row full_width=&#8221;true&#8221;][vc_column width=&#8221;2\/3&#8243; margin_b=&#8221;false&#8221;][vc_column_text]Bei Skrivanek stellen wir Ihre Zufriedenheit \u00fcber die Zusammenarbeit mit uns an erste Stelle und sorgen daf\u00fcr, dass jedes Ihrer Projekte von A bis Z professionell abgewickelt wird. Aus diesem Grund ist der Prozess der Auswahl von Anbietern und Projekten speziell auf Ihre Bed\u00fcrfnisse abgestimmt.<\/p>\n<p>Wenn Sie mit uns zusammenarbeiten, befinden sich Ihre Projekte dank unserer hochmodernen Anpassungsalgorithmen in den H\u00e4nden der bestgeeigneten Sprachspezialisten. Wir ber\u00fccksichtigen dabei mehrere Faktoren, wie z.\u00a0B. das Fachgebiet, die Qualit\u00e4t der gelieferten \u00dcbersetzungen, P\u00fcnktlichkeit, Verf\u00fcgbarkeit, Reaktionszeit, Produktivit\u00e4t und Flexibilit\u00e4t, damit die jeweilige Aufgabe an den am besten daf\u00fcr geeigneten Linguisten vergeben wird.<\/p>\n<p>Anschlie\u00dfend bekommen Sie ein Endprodukt, das Ihre Erwartungen nicht nur erf\u00fcllt, sondern sogar \u00fcbertrifft.<\/p>\n<p>Unser umfassendes Feedbacksystem mit der Einbindung von Bewertungen von Korrektoren, Pr\u00fcfern, Projektmanagern, Qualit\u00e4tskontrolleuren und Sprachberatern motiviert uns und unsere Anbieter, ihr Handwerk kontinuierlich zu verbessern und damit eine immer h\u00f6here Dienstleistungsqualit\u00e4t zu erzielen.<\/p>\n<p>Wir m\u00f6chten sicherstellen, dass sich Ihre Projekte immer in den H\u00e4nden der Besten befinden. Deshalb haben wir die Kategorien \u201ebevorzugt\u201d und \u201eausgeschlossen\u201d eingef\u00fchrt, mit denen wir unsere Linguisten bezeichnen. So wird gew\u00e4hrleistet, dass Ihre Auftr\u00e4ge nur von denjenigen Anbietern ausgef\u00fchrt werden, die die Anforderungen Ihrer Projekte durchgehend erf\u00fcllen. Damit werden Anbieter ausgeschlossen, die sich in der Vergangenheit nicht an Ihre Vorgaben gehalten haben. Das spart Ihnen nicht nur Zeit, sondern stellt auch sicher, dass unsere Zusammenarbeit reibungslos verl\u00e4uft.[\/vc_column_text][\/vc_column][vc_column width=&#8221;1\/3&#8243;][vc_single_image image=&#8221;133211&#8243; img_size=&#8221;full&#8221;][\/vc_column][\/vc_row][vc_row][vc_column]<div class=\"clearboth\"><\/div><style>#thegem-divider-69d22b7c43c38 {margin-top: 20px !important;}#thegem-divider-69d22b7c43c38 {margin-bottom: 20px !important;}<\/style><div id=\"thegem-divider-69d22b7c43c38\" class=\"gem-divider  \" style=\"\" ><\/div>[\/vc_column][\/vc_row][vc_row][vc_column width=&#8221;1\/2&#8243;][vc_column_text]<strong>Was bedeutet das konkret f\u00fcr Sie?<\/strong>[\/vc_column_text]<div class=\"gem-list gem-list-type-plus gem-list-color-10\" ><ul>\n<li>Gezielt f\u00fcr Ihr Projekt ausgew\u00e4hlte Anbieter hinsichtlich Ihrer Vorgaben, Termine, Besonderheiten, Dateiformate usw.<\/li>\n<li>Garantie eines stabilen Anbieterteams, auch wenn sich der Auftraggeber beim Kunden oder der Projektmanager von Skrivanek \u00e4ndert.<\/li>\n<li>Kein Risiko, dass Projekte von Anbietern realisiert werden, die sich zuvor nicht an die Anforderungen eines Projekts gehalten haben.<\/li>\n<\/ul>\n<\/div>[\/vc_column][vc_column width=&#8221;1\/2&#8243;][vc_column_text]<strong>Was bedeutet das f\u00fcr unsere Sprachspezialisten?<\/strong><\/p>\n<p><strong>\u00a0<\/strong>[\/vc_column_text]<div class=\"gem-list gem-list-type-plus gem-list-color-10\" ><ul>\n<li>Als bevorzugter \u00dcbersetzer haben sie Vorrang bei Projekten f\u00fcr Stammkunden.<\/li>\n<li>Sie werden bei der Entscheidung \u00fcber die Vergabe von Projekten f\u00fcr andere Kunden vorrangig behandelt.<\/li>\n<li>Sie profitieren von einer langfristigen und zufriedenstellenden Zusammenarbeit.<\/li>\n<\/ul>\n<\/div>[\/vc_column][\/vc_row][vc_row][vc_column]<div class=\"clearboth\"><\/div><style>#thegem-divider-69d22b7c43cd7 {margin-top: 20px !important;}#thegem-divider-69d22b7c43cd7 {margin-bottom: 20px !important;}<\/style><div id=\"thegem-divider-69d22b7c43cd7\" class=\"gem-divider  \" style=\"\" ><\/div>[\/vc_column][\/vc_row][vc_row][vc_column][vc_column_text]Nehmen Sie gerne unsere Dienstleistungen in Anspruch. Mit dem LinguistCraft-System und unserem erfahrenen Team k\u00f6nnen Sie sicher sein, dass Ihre Projekte mit h\u00f6chster Qualit\u00e4t realisiert werden. Wenden Sie sich an uns, um Details unserer Zusammenarbeit zu besprechen.[\/vc_column_text][\/vc_column][\/vc_row]<\/p>\n<\/div>","protected":false},"excerpt":{"rendered":"<p>[vc_row full_width=&#8221;stretch_row_content&#8221; gap=&#8221;15&#8243; css=&#8221;.vc_custom_1765283118706{margin-bottom: 0px !important;padding-bottom: 0px !important;padding-left: 35px !important;background-image: url(https:\/\/skrivanek.pl\/wp-content\/uploads\/2025\/12\/Website-Background-scaled.jpg?id=147839) !important;background-position: center !important;background-repeat: no-repeat !important;background-size: cover !important;}&#8221;][vc_column css=&#8221;.vc_custom_1764149026182{background-color: #FFFFFF00&#8230;<\/p>\n","protected":false},"author":1,"featured_media":0,"parent":0,"menu_order":0,"comment_status":"closed","ping_status":"closed","template":"","meta":{"footnotes":"","_wp_rev_ctl_limit":""},"class_list":["post-133229","page","type-page","status-publish"],"yoast_head":"<!-- This site is optimized with the Yoast SEO plugin v27.2 - https:\/\/yoast.com\/product\/yoast-seo-wordpress\/ -->\n<title>Linguistcraft \u2013 Innovative Sprachl\u00f6sungen | Skrivanek \u00dcbersetzungsb\u00fcro<\/title>\n<meta name=\"description\" content=\"LinguistCraft ist ein fortschrittliches System zur Zuordnung von Linguisten zu Projekten, das h\u00f6chste \u00dcbersetzungsqualit\u00e4t und perfekte Anpassung an Ihre Bed\u00fcrfnisse garantiert.\" \/>\n<meta name=\"robots\" content=\"index, follow, max-snippet:-1, max-image-preview:large, max-video-preview:-1\" \/>\n<link rel=\"canonical\" href=\"https:\/\/skrivanek.pl\/de\/linguistcraft\/\" \/>\n<meta property=\"og:locale\" content=\"de_DE\" \/>\n<meta property=\"og:type\" content=\"article\" \/>\n<meta property=\"og:title\" content=\"Linguistcraft \u2013 Innovative Sprachl\u00f6sungen | Skrivanek \u00dcbersetzungsb\u00fcro\" \/>\n<meta property=\"og:description\" content=\"LinguistCraft ist ein fortschrittliches System zur Zuordnung von Linguisten zu Projekten, das h\u00f6chste \u00dcbersetzungsqualit\u00e4t und perfekte Anpassung an Ihre Bed\u00fcrfnisse garantiert.\" \/>\n<meta property=\"og:url\" content=\"https:\/\/skrivanek.pl\/de\/linguistcraft\/\" \/>\n<meta property=\"og:site_name\" content=\"Skrivanek - agencja t\u0142umacze\u0144\" \/>\n<meta property=\"article:publisher\" content=\"https:\/\/www.facebook.com\/SkrivanekPolska\" \/>\n<meta property=\"article:modified_time\" content=\"2026-02-13T15:18:14+00:00\" \/>\n<meta property=\"og:image\" content=\"https:\/\/skrivanek.pl\/wp-content\/uploads\/2019\/11\/google-plus-2.jpg\" \/>\n\t<meta property=\"og:image:width\" content=\"426\" \/>\n\t<meta property=\"og:image:height\" content=\"240\" \/>\n\t<meta property=\"og:image:type\" content=\"image\/jpeg\" \/>\n<meta name=\"twitter:card\" content=\"summary_large_image\" \/>\n<meta name=\"twitter:label1\" content=\"Gesch\u00e4tzte Lesezeit\" \/>\n\t<meta name=\"twitter:data1\" content=\"4\u00a0Minuten\" \/>\n<script type=\"application\/ld+json\" class=\"yoast-schema-graph\">{\"@context\":\"https:\/\/schema.org\",\"@graph\":[{\"@type\":\"WebPage\",\"@id\":\"https:\/\/skrivanek.pl\/de\/linguistcraft\/\",\"url\":\"https:\/\/skrivanek.pl\/de\/linguistcraft\/\",\"name\":\"Linguistcraft \u2013 Innovative Sprachl\u00f6sungen | Skrivanek \u00dcbersetzungsb\u00fcro\",\"isPartOf\":{\"@id\":\"https:\/\/skrivanek.pl\/#website\"},\"datePublished\":\"2024-05-14T12:24:02+00:00\",\"dateModified\":\"2026-02-13T15:18:14+00:00\",\"description\":\"LinguistCraft ist ein fortschrittliches System zur Zuordnung von Linguisten zu Projekten, das h\u00f6chste \u00dcbersetzungsqualit\u00e4t und perfekte Anpassung an Ihre Bed\u00fcrfnisse garantiert.\",\"breadcrumb\":{\"@id\":\"https:\/\/skrivanek.pl\/de\/linguistcraft\/#breadcrumb\"},\"inLanguage\":\"de\",\"potentialAction\":[{\"@type\":\"ReadAction\",\"target\":[\"https:\/\/skrivanek.pl\/de\/linguistcraft\/\"]}]},{\"@type\":\"BreadcrumbList\",\"@id\":\"https:\/\/skrivanek.pl\/de\/linguistcraft\/#breadcrumb\",\"itemListElement\":[{\"@type\":\"ListItem\",\"position\":1,\"name\":\"Strona g\u0142\u00f3wna\",\"item\":\"https:\/\/skrivanek.pl\/de\/\"},{\"@type\":\"ListItem\",\"position\":2,\"name\":\"LinguistCraft\"}]},{\"@type\":\"WebSite\",\"@id\":\"https:\/\/skrivanek.pl\/#website\",\"url\":\"https:\/\/skrivanek.pl\/\",\"name\":\"Skrivanek - agencja t\u0142umacze\u0144\",\"description\":\"Skrivanek - t\u0142umaczenia\",\"publisher\":{\"@id\":\"https:\/\/skrivanek.pl\/#organization\"},\"potentialAction\":[{\"@type\":\"SearchAction\",\"target\":{\"@type\":\"EntryPoint\",\"urlTemplate\":\"https:\/\/skrivanek.pl\/?s={search_term_string}\"},\"query-input\":{\"@type\":\"PropertyValueSpecification\",\"valueRequired\":true,\"valueName\":\"search_term_string\"}}],\"inLanguage\":\"de\"},{\"@type\":\"Organization\",\"@id\":\"https:\/\/skrivanek.pl\/#organization\",\"name\":\"Skrivanek agencja t\u0142umacze\u0144 i szko\u0142a j\u0119zykowa\",\"url\":\"https:\/\/skrivanek.pl\/\",\"logo\":{\"@type\":\"ImageObject\",\"inLanguage\":\"de\",\"@id\":\"https:\/\/skrivanek.pl\/#\/schema\/logo\/image\/\",\"url\":\"https:\/\/skrivanek.pl\/wp-content\/uploads\/2020\/12\/logo-skrivanek-black.png\",\"contentUrl\":\"https:\/\/skrivanek.pl\/wp-content\/uploads\/2020\/12\/logo-skrivanek-black.png\",\"width\":441,\"height\":116,\"caption\":\"Skrivanek agencja t\u0142umacze\u0144 i szko\u0142a j\u0119zykowa\"},\"image\":{\"@id\":\"https:\/\/skrivanek.pl\/#\/schema\/logo\/image\/\"},\"sameAs\":[\"https:\/\/www.facebook.com\/SkrivanekPolska\",\"https:\/\/www.instagram.com\/skrivanek_official\/\",\"https:\/\/www.linkedin.com\/company\/skrivanek-poland\/\",\"https:\/\/www.youtube.com\/c\/SkrivanekPl\/\"]}]}<\/script>\n<!-- \/ Yoast SEO plugin. -->","yoast_head_json":{"title":"Linguistcraft \u2013 Innovative Sprachl\u00f6sungen | Skrivanek \u00dcbersetzungsb\u00fcro","description":"LinguistCraft ist ein fortschrittliches System zur Zuordnung von Linguisten zu Projekten, das h\u00f6chste \u00dcbersetzungsqualit\u00e4t und perfekte Anpassung an Ihre Bed\u00fcrfnisse garantiert.","robots":{"index":"index","follow":"follow","max-snippet":"max-snippet:-1","max-image-preview":"max-image-preview:large","max-video-preview":"max-video-preview:-1"},"canonical":"https:\/\/skrivanek.pl\/de\/linguistcraft\/","og_locale":"de_DE","og_type":"article","og_title":"Linguistcraft \u2013 Innovative Sprachl\u00f6sungen | Skrivanek \u00dcbersetzungsb\u00fcro","og_description":"LinguistCraft ist ein fortschrittliches System zur Zuordnung von Linguisten zu Projekten, das h\u00f6chste \u00dcbersetzungsqualit\u00e4t und perfekte Anpassung an Ihre Bed\u00fcrfnisse garantiert.","og_url":"https:\/\/skrivanek.pl\/de\/linguistcraft\/","og_site_name":"Skrivanek - agencja t\u0142umacze\u0144","article_publisher":"https:\/\/www.facebook.com\/SkrivanekPolska","article_modified_time":"2026-02-13T15:18:14+00:00","og_image":[{"width":426,"height":240,"url":"https:\/\/skrivanek.pl\/wp-content\/uploads\/2019\/11\/google-plus-2.jpg","type":"image\/jpeg"}],"twitter_card":"summary_large_image","twitter_misc":{"Gesch\u00e4tzte Lesezeit":"4\u00a0Minuten"},"schema":{"@context":"https:\/\/schema.org","@graph":[{"@type":"WebPage","@id":"https:\/\/skrivanek.pl\/de\/linguistcraft\/","url":"https:\/\/skrivanek.pl\/de\/linguistcraft\/","name":"Linguistcraft \u2013 Innovative Sprachl\u00f6sungen | Skrivanek \u00dcbersetzungsb\u00fcro","isPartOf":{"@id":"https:\/\/skrivanek.pl\/#website"},"datePublished":"2024-05-14T12:24:02+00:00","dateModified":"2026-02-13T15:18:14+00:00","description":"LinguistCraft ist ein fortschrittliches System zur Zuordnung von Linguisten zu Projekten, das h\u00f6chste \u00dcbersetzungsqualit\u00e4t und perfekte Anpassung an Ihre Bed\u00fcrfnisse garantiert.","breadcrumb":{"@id":"https:\/\/skrivanek.pl\/de\/linguistcraft\/#breadcrumb"},"inLanguage":"de","potentialAction":[{"@type":"ReadAction","target":["https:\/\/skrivanek.pl\/de\/linguistcraft\/"]}]},{"@type":"BreadcrumbList","@id":"https:\/\/skrivanek.pl\/de\/linguistcraft\/#breadcrumb","itemListElement":[{"@type":"ListItem","position":1,"name":"Strona g\u0142\u00f3wna","item":"https:\/\/skrivanek.pl\/de\/"},{"@type":"ListItem","position":2,"name":"LinguistCraft"}]},{"@type":"WebSite","@id":"https:\/\/skrivanek.pl\/#website","url":"https:\/\/skrivanek.pl\/","name":"Skrivanek - agencja t\u0142umacze\u0144","description":"Skrivanek - t\u0142umaczenia","publisher":{"@id":"https:\/\/skrivanek.pl\/#organization"},"potentialAction":[{"@type":"SearchAction","target":{"@type":"EntryPoint","urlTemplate":"https:\/\/skrivanek.pl\/?s={search_term_string}"},"query-input":{"@type":"PropertyValueSpecification","valueRequired":true,"valueName":"search_term_string"}}],"inLanguage":"de"},{"@type":"Organization","@id":"https:\/\/skrivanek.pl\/#organization","name":"Skrivanek agencja t\u0142umacze\u0144 i szko\u0142a j\u0119zykowa","url":"https:\/\/skrivanek.pl\/","logo":{"@type":"ImageObject","inLanguage":"de","@id":"https:\/\/skrivanek.pl\/#\/schema\/logo\/image\/","url":"https:\/\/skrivanek.pl\/wp-content\/uploads\/2020\/12\/logo-skrivanek-black.png","contentUrl":"https:\/\/skrivanek.pl\/wp-content\/uploads\/2020\/12\/logo-skrivanek-black.png","width":441,"height":116,"caption":"Skrivanek agencja t\u0142umacze\u0144 i szko\u0142a j\u0119zykowa"},"image":{"@id":"https:\/\/skrivanek.pl\/#\/schema\/logo\/image\/"},"sameAs":["https:\/\/www.facebook.com\/SkrivanekPolska","https:\/\/www.instagram.com\/skrivanek_official\/","https:\/\/www.linkedin.com\/company\/skrivanek-poland\/","https:\/\/www.youtube.com\/c\/SkrivanekPl\/"]}]}},"_links":{"self":[{"href":"https:\/\/skrivanek.pl\/de\/wp-json\/wp\/v2\/pages\/133229","targetHints":{"allow":["GET"]}}],"collection":[{"href":"https:\/\/skrivanek.pl\/de\/wp-json\/wp\/v2\/pages"}],"about":[{"href":"https:\/\/skrivanek.pl\/de\/wp-json\/wp\/v2\/types\/page"}],"author":[{"embeddable":true,"href":"https:\/\/skrivanek.pl\/de\/wp-json\/wp\/v2\/users\/1"}],"replies":[{"embeddable":true,"href":"https:\/\/skrivanek.pl\/de\/wp-json\/wp\/v2\/comments?post=133229"}],"version-history":[{"count":3,"href":"https:\/\/skrivanek.pl\/de\/wp-json\/wp\/v2\/pages\/133229\/revisions"}],"predecessor-version":[{"id":150704,"href":"https:\/\/skrivanek.pl\/de\/wp-json\/wp\/v2\/pages\/133229\/revisions\/150704"}],"wp:attachment":[{"href":"https:\/\/skrivanek.pl\/de\/wp-json\/wp\/v2\/media?parent=133229"}],"curies":[{"name":"wp","href":"https:\/\/api.w.org\/{rel}","templated":true}]}}